{"id":5719,"date":"2023-06-24T19:17:27","date_gmt":"2023-06-24T19:17:27","guid":{"rendered":"https:\/\/istoc.eu\/?post_type=product&#038;p=5719"},"modified":"2023-06-24T19:21:44","modified_gmt":"2023-06-24T19:21:44","slug":"vienkartines-nitrilines-pirstines-be-pudros-juoda-spalva","status":"publish","type":"product","link":"https:\/\/istoc.eu\/en\/shop\/visos_prekes\/vienkartines-nitrilines-pirstines-be-pudros-juoda-spalva\/","title":{"rendered":"Vienkartin\u0117s nitrilin\u0117s pir\u0161tin\u0117s be pudros, JUODA spalva"},"content":{"rendered":"\t\t<div data-elementor-type=\"product-post\" data-elementor-id=\"5719\" class=\"elementor elementor-5719\">\n\t\t\t\t\t\t<section class=\"elementor-section elementor-top-section elementor-element elementor-element-52a9c6cb elementor-section-boxed elementor-section-height-default elementor-section-height-default\" data-id=\"52a9c6cb\" data-element_type=\"section\" data-e-type=\"section\">\n\t\t\t\t\t\t<div class=\"elementor-container elementor-column-gap-default\">\n\t\t\t\t\t<div class=\"elementor-column elementor-col-100 elementor-top-column elementor-element elementor-element-15a47b81\" data-id=\"15a47b81\" data-element_type=\"column\" data-e-type=\"column\">\n\t\t\t<div class=\"elementor-widget-wrap elementor-element-populated\">\n\t\t\t\t\t\t<div class=\"elementor-element elementor-element-12f50a3e elementor-widget__width-inherit elementor-widget elementor-widget-text-editor\" data-id=\"12f50a3e\" data-element_type=\"widget\" data-e-type=\"widget\" data-settings=\"{&quot;_animation&quot;:&quot;none&quot;}\" data-widget_type=\"text-editor.default\">\n\t\t\t\t<div class=\"elementor-widget-container\">\n\t\t\t\t\t\t\t\t\t&nbsp;\r\n<div style=\"background: #fff; padding: 10px;\">\r\n<table style=\"height: 5px; max-width: fit-content; border: solid 1px; margin: 5px; border-collapse: collapse;\" width=\"1258\">\r\n<tbody>\r\n<tr>\r\n<th style=\"text-align: left; border: solid 1px;\">Prek\u0117s ID<\/th>\r\n<td style=\"border: solid 1px;\">11007-13<\/td>\r\n<\/tr>\r\n<tr>\r\n<th style=\"text-align: left; border: solid 1px;\">Pakuot\u0117<\/th>\r\n<td style=\"border: solid 1px;\">100 vnt<\/td>\r\n<\/tr>\r\n<tr>\r\n<th style=\"text-align: left; border: solid 1px;\">Pakuo\u010di\u0173 d\u0117\u017e\u0117je<\/th>\r\n<td style=\"border: solid 1px;\">10<\/td>\r\n<\/tr>\r\n<tr>\r\n<th style=\"text-align: left; border: solid 1px;\">Savyb\u0117s<\/th>\r\n<td style=\"border: solid 1px;\">Be p\u016bdros<\/td>\r\n<\/tr>\r\n<tr>\r\n<th style=\"text-align: left; border: solid 1px;\">Dydis<\/th>\r\n<td style=\"border: solid 1px;\">XS, S, M, L, XL<\/td>\r\n<\/tr>\r\n<tr>\r\n<th style=\"text-align: left; border: solid 1px;\">Spalva<\/th>\r\n<td style=\"border: solid 1px;\">M\u0117lyna<\/td>\r\n<\/tr>\r\n<\/tbody>\r\n<\/table>\r\n<h2>U\u017esakymo forma<\/h2>\r\n<div style=\"padding: 5px;\"><div class=\"wpforms-container wpforms-render-modern\" id=\"wpforms-5655\"><form id=\"wpforms-form-5655\" class=\"wpforms-validate wpforms-form wpforms-ajax-form\" data-formid=\"5655\" method=\"post\" enctype=\"multipart\/form-data\" action=\"\/en\/wp-json\/wp\/v2\/product\/5719\" data-token=\"30e3ff43cec9062708b40e1791c2d603\" data-token-time=\"1777437924\"><noscript class=\"wpforms-error-noscript\">Please enable JavaScript in your browser to complete this form.<\/noscript><div id=\"wpforms-error-noscript\" style=\"display: none;\">Please enable JavaScript in your browser to complete this form.<\/div><div class=\"wpforms-field-container\"><div id=\"wpforms-5655-field_0-container\" class=\"wpforms-field wpforms-field-name\" data-field-id=\"0\"><label class=\"wpforms-field-label\" for=\"wpforms-5655-field_0\">Vardas <span class=\"wpforms-required-label\" aria-hidden=\"true\">*<\/span><\/label><input type=\"text\" id=\"wpforms-5655-field_0\" class=\"wpforms-field-large wpforms-field-required\" name=\"wpforms[fields][0]\" aria-errormessage=\"wpforms-5655-field_0-error\" required><\/div><div id=\"wpforms-5655-field_1-container\" class=\"wpforms-field wpforms-field-email\" data-field-id=\"1\"><fieldset><legend class=\"wpforms-field-label\">El. Pa\u0161tas <span class=\"wpforms-required-label\" aria-hidden=\"true\">*<\/span><\/legend><div class=\"wpforms-field-row wpforms-field-large\"><div class=\"wpforms-field-row-block wpforms-one-half wpforms-first\"><input type=\"email\" id=\"wpforms-5655-field_1\" class=\"wpforms-field-required wpforms-field-email-primary\" name=\"wpforms[fields][1][primary]\" spellcheck=\"false\" aria-errormessage=\"wpforms-5655-field_1-error\" required><label for=\"wpforms-5655-field_1\" class=\"wpforms-field-sublabel after\">Email<\/label><\/div><div class=\"wpforms-field-row-block wpforms-one-half\"><input type=\"email\" id=\"wpforms-5655-field_1-secondary\" class=\"wpforms-field-email-secondary wpforms-field-required\" data-rule-confirm=\"#wpforms-5655-field_1\" name=\"wpforms[fields][1][secondary]\" spellcheck=\"false\" aria-errormessage=\"wpforms-5655-field_1-secondary-error\" required><label for=\"wpforms-5655-field_1-secondary\" class=\"wpforms-field-sublabel after\">Confirm Email<\/label><\/div><\/div><\/fieldset><\/div><div id=\"wpforms-5655-field_3-container\" class=\"wpforms-field wpforms-field-number\" data-field-id=\"3\"><label class=\"wpforms-field-label\" for=\"wpforms-5655-field_3\">Prekes kodas <span class=\"wpforms-required-label\" aria-hidden=\"true\">*<\/span><\/label><input type=\"number\" id=\"wpforms-5655-field_3\" class=\"wpforms-field-small wpforms-field-required\" name=\"wpforms[fields][3]\" step=\"any\" aria-errormessage=\"wpforms-5655-field_3-error\" required><\/div><div id=\"wpforms-5655-field_2-container\" class=\"wpforms-field wpforms-field-textarea\" data-field-id=\"2\"><label class=\"wpforms-field-label\" for=\"wpforms-5655-field_2\">Prane\u0161imas<\/label><textarea id=\"wpforms-5655-field_2\" class=\"wpforms-field-medium wpforms-limit-words-enabled\" data-form-id=\"5655\" data-field-id=\"2\" data-text-limit=\"100\" name=\"wpforms[fields][2]\" aria-errormessage=\"wpforms-5655-field_2-error\" ><\/textarea><\/div><\/div><!-- .wpforms-field-container --><div class=\"wpforms-submit-container\" ><input type=\"hidden\" name=\"wpforms[id]\" value=\"5655\"><input type=\"hidden\" name=\"page_title\" value=\"\"><input type=\"hidden\" name=\"page_url\" value=\"https:\/\/istoc.eu\/en\/wp-json\/wp\/v2\/product\/5719\"><input type=\"hidden\" name=\"url_referer\" value=\"\"><button type=\"submit\" name=\"wpforms[submit]\" id=\"wpforms-submit-5655\" class=\"wpforms-submit\" data-alt-text=\"Siun\u010diama...\" data-submit-text=\"Si\u0173sti\" aria-live=\"assertive\" value=\"wpforms-submit\">Si\u0173sti<\/button><img decoding=\"async\" src=\"https:\/\/istoc.eu\/wp-content\/plugins\/wpforms-lite\/assets\/images\/submit-spin.svg\" class=\"wpforms-submit-spinner\" style=\"display: none;\" width=\"26\" height=\"26\" alt=\"Loading\"><\/div><\/form><\/div>  <!-- .wpforms-container --><\/div>\r\n<\/div>\t\t\t\t\t\t\t\t<\/div>\n\t\t\t\t<\/div>\n\t\t\t\t\t<\/div>\n\t\t<\/div>\n\t\t\t\t\t<\/div>\n\t\t<\/section>\n\t\t\t\t<\/div>\n\t\t","protected":false},"excerpt":{"rendered":"<p>Vienkartin\u0117s nitrilin\u0117s pir\u0161tin\u0117s pagamintos i\u0161 100% nitrilo. Be latekso. Pir\u0161tin\u0117s nesukelia alergijos, tod\u0117l tinka jautriai odai. Neturi pudros ar kit\u0173 alergen\u0173, tod\u0117l nesausina odos. Tinka naudoti maisto pramon\u0117je, medicinos srityje, gamybos, prekybos sektoriuose, gro\u017eios salonuose ir kitose veiklos srityse. Pagamintos su kokyb\u0117s CE \u017eenklu ir atitinka kokyb\u0117s serifikavimo standartus EN 420, EN 374, EN 455-1, -2, -3, -4, ISO 9001:2008<\/p>","protected":false},"featured_media":5720,"template":"","meta":{"_uag_custom_page_level_css":"","site-sidebar-layout":"default","site-content-layout":"default","ast-site-content-layout":"default","site-content-style":"default","site-sidebar-style":"default","ast-global-header-display":"","ast-banner-title-visibility":"","ast-main-header-display":"","ast-hfb-above-header-display":"","ast-hfb-below-header-display":"","ast-hfb-mobile-header-display":"","site-post-title":"","ast-breadcrumbs-content":"","ast-featured-img":"","footer-sml-layout":"","ast-disable-related-posts":"","theme-transparent-header-meta":"default","adv-header-id-meta":"","stick-header-meta":"default","header-above-stick-meta":"","header-main-stick-meta":"","header-below-stick-meta":"","astra-migrate-meta-layouts":"default","ast-page-background-enabled":"default","ast-page-background-meta":{"desktop":{"background-color":"","background-image":"","background-repeat":"repeat","background-position":"center center","background-size":"auto","background-attachment":"scroll","background-type":"","background-media":"","overlay-type":"","overlay-color":"","overlay-opacity":"","overlay-gradient":""},"tablet":{"background-color":"","background-image":"","background-repeat":"repeat","background-position":"center center","background-size":"auto","background-attachment":"scroll","background-type":"","background-media":"","overlay-type":"","overlay-color":"","overlay-opacity":"","overlay-gradient":""},"mobile":{"background-color":"","background-image":"","background-repeat":"repeat","background-position":"center center","background-size":"auto","background-attachment":"scroll","background-type":"","background-media":"","overlay-type":"","overlay-color":"","overlay-opacity":"","overlay-gradient":""}},"ast-content-background-meta":{"desktop":{"background-color":"var(--ast-global-color-5)","background-image":"","background-repeat":"repeat","background-position":"center center","background-size":"auto","background-attachment":"scroll","background-type":"","background-media":"","overlay-type":"","overlay-color":"","overlay-opacity":"","overlay-gradient":""},"tablet":{"background-color":"var(--ast-global-color-5)","background-image":"","background-repeat":"repeat","background-position":"center center","background-size":"auto","background-attachment":"scroll","background-type":"","background-media":"","overlay-type":"","overlay-color":"","overlay-opacity":"","overlay-gradient":""},"mobile":{"background-color":"var(--ast-global-color-5)","background-image":"","background-repeat":"repeat","background-position":"center center","background-size":"auto","background-attachment":"scroll","background-type":"","background-media":"","overlay-type":"","overlay-color":"","overlay-opacity":"","overlay-gradient":""}}},"product_brand":[],"product_cat":[35,15],"product_tag":[50,49],"class_list":{"0":"post-5719","1":"product","2":"type-product","3":"status-publish","4":"has-post-thumbnail","6":"product_cat-higienos_prekes","7":"product_cat-visos_prekes","8":"product_tag-pirstines","9":"product_tag-vienkartines-pirstines","10":"desktop-align-center","11":"tablet-align-center","12":"mobile-align-center","13":"ast-product-gallery-layout-horizontal","14":"ast-product-gallery-with-no-image","15":"ast-product-tabs-layout-horizontal","16":"ast-qv-on-image","18":"first","19":"instock","20":"shipping-taxable","21":"product-type-simple"},"yoast_head":"<!-- This site is optimized with the Yoast SEO Premium plugin v20.11 (Yoast SEO v27.5) - https:\/\/yoast.com\/product\/yoast-seo-premium-wordpress\/ -->\n<title>Vienkartin\u0117s nitrilin\u0117s pir\u0161tin\u0117s be pudros, JUODA spalva - ISTOC | Eko pakuot\u0117<\/title>\n<meta name=\"robots\" content=\"noindex, follow\" \/>\n<meta property=\"og:locale\" content=\"en_GB\" \/>\n<meta property=\"og:type\" content=\"article\" \/>\n<meta property=\"og:title\" content=\"Vienkartin\u0117s nitrilin\u0117s pir\u0161tin\u0117s be pudros, JUODA spalva\" \/>\n<meta property=\"og:description\" content=\"Vienkartin\u0117s nitrilin\u0117s pir\u0161tin\u0117s pagamintos i\u0161 100% nitrilo. Be latekso. Pir\u0161tin\u0117s nesukelia alergijos, tod\u0117l tinka jautriai odai. Neturi pudros ar kit\u0173 alergen\u0173, tod\u0117l nesausina odos. Tinka naudoti maisto pramon\u0117je, medicinos srityje, gamybos, prekybos sektoriuose, gro\u017eios salonuose ir kitose veiklos srityse. Pagamintos su kokyb\u0117s CE \u017eenklu ir atitinka kokyb\u0117s serifikavimo standartus EN 420, EN 374, EN 455-1, -2, -3, -4, ISO 9001:2008\" \/>\n<meta property=\"og:url\" content=\"https:\/\/istoc.eu\/en\/shop\/visos_prekes\/vienkartines-nitrilines-pirstines-be-pudros-juoda-spalva\/\" \/>\n<meta property=\"og:site_name\" content=\"ISTOC | Eko pakuot\u0117\" \/>\n<meta property=\"article:modified_time\" content=\"2023-06-24T19:21:44+00:00\" \/>\n<meta property=\"og:image\" content=\"https:\/\/istoc.eu\/wp-content\/uploads\/2023\/06\/juodos-pirstines.jpg\" \/>\n\t<meta property=\"og:image:width\" content=\"400\" \/>\n\t<meta property=\"og:image:height\" content=\"400\" \/>\n\t<meta property=\"og:image:type\" content=\"image\/jpeg\" \/>\n<meta name=\"twitter:card\" content=\"summary_large_image\" \/>\n<meta name=\"twitter:label1\" content=\"Estimated reading time\" \/>\n\t<meta name=\"twitter:data1\" content=\"1 minute\" \/>\n<script type=\"application\/ld+json\" class=\"yoast-schema-graph\">{\"@context\":\"https:\\\/\\\/schema.org\",\"@graph\":[{\"@type\":\"WebPage\",\"@id\":\"https:\\\/\\\/istoc.eu\\\/shop\\\/visos_prekes\\\/vienkartines-nitrilines-pirstines-be-pudros-juoda-spalva\\\/\",\"url\":\"https:\\\/\\\/istoc.eu\\\/shop\\\/visos_prekes\\\/vienkartines-nitrilines-pirstines-be-pudros-juoda-spalva\\\/\",\"name\":\"Vienkartin\u0117s nitrilin\u0117s pir\u0161tin\u0117s be pudros, JUODA spalva - ISTOC | Eko pakuot\u0117\",\"isPartOf\":{\"@id\":\"https:\\\/\\\/istoc.eu\\\/#website\"},\"primaryImageOfPage\":{\"@id\":\"https:\\\/\\\/istoc.eu\\\/shop\\\/visos_prekes\\\/vienkartines-nitrilines-pirstines-be-pudros-juoda-spalva\\\/#primaryimage\"},\"image\":{\"@id\":\"https:\\\/\\\/istoc.eu\\\/shop\\\/visos_prekes\\\/vienkartines-nitrilines-pirstines-be-pudros-juoda-spalva\\\/#primaryimage\"},\"thumbnailUrl\":\"https:\\\/\\\/i0.wp.com\\\/istoc.eu\\\/wp-content\\\/uploads\\\/2023\\\/06\\\/juodos-pirstines.jpg?fit=400%2C400&ssl=1\",\"datePublished\":\"2023-06-24T19:17:27+00:00\",\"dateModified\":\"2023-06-24T19:21:44+00:00\",\"breadcrumb\":{\"@id\":\"https:\\\/\\\/istoc.eu\\\/shop\\\/visos_prekes\\\/vienkartines-nitrilines-pirstines-be-pudros-juoda-spalva\\\/#breadcrumb\"},\"inLanguage\":\"en-GB\",\"potentialAction\":[{\"@type\":\"ReadAction\",\"target\":[\"https:\\\/\\\/istoc.eu\\\/shop\\\/visos_prekes\\\/vienkartines-nitrilines-pirstines-be-pudros-juoda-spalva\\\/\"]}]},{\"@type\":\"ImageObject\",\"inLanguage\":\"en-GB\",\"@id\":\"https:\\\/\\\/istoc.eu\\\/shop\\\/visos_prekes\\\/vienkartines-nitrilines-pirstines-be-pudros-juoda-spalva\\\/#primaryimage\",\"url\":\"https:\\\/\\\/i0.wp.com\\\/istoc.eu\\\/wp-content\\\/uploads\\\/2023\\\/06\\\/juodos-pirstines.jpg?fit=400%2C400&ssl=1\",\"contentUrl\":\"https:\\\/\\\/i0.wp.com\\\/istoc.eu\\\/wp-content\\\/uploads\\\/2023\\\/06\\\/juodos-pirstines.jpg?fit=400%2C400&ssl=1\",\"width\":400,\"height\":400,\"caption\":\"Juodos vienkartin\u0117s nitrilin\u0117s pir\u0161tin\u0117s\"},{\"@type\":\"BreadcrumbList\",\"@id\":\"https:\\\/\\\/istoc.eu\\\/shop\\\/visos_prekes\\\/vienkartines-nitrilines-pirstines-be-pudros-juoda-spalva\\\/#breadcrumb\",\"itemListElement\":[{\"@type\":\"ListItem\",\"position\":1,\"name\":\"Home\",\"item\":\"https:\\\/\\\/istoc.eu\\\/\"},{\"@type\":\"ListItem\",\"position\":2,\"name\":\"Shop\",\"item\":\"https:\\\/\\\/istoc.eu\\\/shop\\\/\"},{\"@type\":\"ListItem\",\"position\":3,\"name\":\"Vienkartin\u0117s nitrilin\u0117s pir\u0161tin\u0117s be pudros, JUODA spalva\"}]},{\"@type\":\"WebSite\",\"@id\":\"https:\\\/\\\/istoc.eu\\\/#website\",\"url\":\"https:\\\/\\\/istoc.eu\\\/\",\"name\":\"ISTOC | Eko pakuot\u0117\",\"description\":\"\",\"publisher\":{\"@id\":\"https:\\\/\\\/istoc.eu\\\/#organization\"},\"potentialAction\":[{\"@type\":\"SearchAction\",\"target\":{\"@type\":\"EntryPoint\",\"urlTemplate\":\"https:\\\/\\\/istoc.eu\\\/?s={search_term_string}\"},\"query-input\":{\"@type\":\"PropertyValueSpecification\",\"valueRequired\":true,\"valueName\":\"search_term_string\"}}],\"inLanguage\":\"en-GB\"},{\"@type\":\"Organization\",\"@id\":\"https:\\\/\\\/istoc.eu\\\/#organization\",\"name\":\"ISTOC | Eko pakuot\u0117\",\"url\":\"https:\\\/\\\/istoc.eu\\\/\",\"logo\":{\"@type\":\"ImageObject\",\"inLanguage\":\"en-GB\",\"@id\":\"https:\\\/\\\/istoc.eu\\\/#\\\/schema\\\/logo\\\/image\\\/\",\"url\":\"https:\\\/\\\/i0.wp.com\\\/istoc.eu\\\/wp-content\\\/uploads\\\/2025\\\/01\\\/cropped-istoc-logo.png?fit=1078%2C441&ssl=1\",\"contentUrl\":\"https:\\\/\\\/i0.wp.com\\\/istoc.eu\\\/wp-content\\\/uploads\\\/2025\\\/01\\\/cropped-istoc-logo.png?fit=1078%2C441&ssl=1\",\"width\":1078,\"height\":441,\"caption\":\"ISTOC | Eko pakuot\u0117\"},\"image\":{\"@id\":\"https:\\\/\\\/istoc.eu\\\/#\\\/schema\\\/logo\\\/image\\\/\"}}]}<\/script>\n<!-- \/ Yoast SEO Premium plugin. -->","yoast_head_json":{"title":"Vienkartin\u0117s nitrilin\u0117s pir\u0161tin\u0117s be pudros, JUODA spalva - ISTOC | Eko pakuot\u0117","robots":{"index":"noindex","follow":"follow"},"og_locale":"en_GB","og_type":"article","og_title":"Vienkartin\u0117s nitrilin\u0117s pir\u0161tin\u0117s be pudros, JUODA spalva","og_description":"Vienkartin\u0117s nitrilin\u0117s pir\u0161tin\u0117s pagamintos i\u0161 100% nitrilo. Be latekso. Pir\u0161tin\u0117s nesukelia alergijos, tod\u0117l tinka jautriai odai. Neturi pudros ar kit\u0173 alergen\u0173, tod\u0117l nesausina odos. Tinka naudoti maisto pramon\u0117je, medicinos srityje, gamybos, prekybos sektoriuose, gro\u017eios salonuose ir kitose veiklos srityse. Pagamintos su kokyb\u0117s CE \u017eenklu ir atitinka kokyb\u0117s serifikavimo standartus EN 420, EN 374, EN 455-1, -2, -3, -4, ISO 9001:2008","og_url":"https:\/\/istoc.eu\/en\/shop\/visos_prekes\/vienkartines-nitrilines-pirstines-be-pudros-juoda-spalva\/","og_site_name":"ISTOC | Eko pakuot\u0117","article_modified_time":"2023-06-24T19:21:44+00:00","og_image":[{"width":400,"height":400,"url":"https:\/\/istoc.eu\/wp-content\/uploads\/2023\/06\/juodos-pirstines.jpg","type":"image\/jpeg"}],"twitter_card":"summary_large_image","twitter_misc":{"Estimated reading time":"1 minute"},"schema":{"@context":"https:\/\/schema.org","@graph":[{"@type":"WebPage","@id":"https:\/\/istoc.eu\/shop\/visos_prekes\/vienkartines-nitrilines-pirstines-be-pudros-juoda-spalva\/","url":"https:\/\/istoc.eu\/shop\/visos_prekes\/vienkartines-nitrilines-pirstines-be-pudros-juoda-spalva\/","name":"Vienkartin\u0117s nitrilin\u0117s pir\u0161tin\u0117s be pudros, JUODA spalva - ISTOC | Eko pakuot\u0117","isPartOf":{"@id":"https:\/\/istoc.eu\/#website"},"primaryImageOfPage":{"@id":"https:\/\/istoc.eu\/shop\/visos_prekes\/vienkartines-nitrilines-pirstines-be-pudros-juoda-spalva\/#primaryimage"},"image":{"@id":"https:\/\/istoc.eu\/shop\/visos_prekes\/vienkartines-nitrilines-pirstines-be-pudros-juoda-spalva\/#primaryimage"},"thumbnailUrl":"https:\/\/i0.wp.com\/istoc.eu\/wp-content\/uploads\/2023\/06\/juodos-pirstines.jpg?fit=400%2C400&ssl=1","datePublished":"2023-06-24T19:17:27+00:00","dateModified":"2023-06-24T19:21:44+00:00","breadcrumb":{"@id":"https:\/\/istoc.eu\/shop\/visos_prekes\/vienkartines-nitrilines-pirstines-be-pudros-juoda-spalva\/#breadcrumb"},"inLanguage":"en-GB","potentialAction":[{"@type":"ReadAction","target":["https:\/\/istoc.eu\/shop\/visos_prekes\/vienkartines-nitrilines-pirstines-be-pudros-juoda-spalva\/"]}]},{"@type":"ImageObject","inLanguage":"en-GB","@id":"https:\/\/istoc.eu\/shop\/visos_prekes\/vienkartines-nitrilines-pirstines-be-pudros-juoda-spalva\/#primaryimage","url":"https:\/\/i0.wp.com\/istoc.eu\/wp-content\/uploads\/2023\/06\/juodos-pirstines.jpg?fit=400%2C400&ssl=1","contentUrl":"https:\/\/i0.wp.com\/istoc.eu\/wp-content\/uploads\/2023\/06\/juodos-pirstines.jpg?fit=400%2C400&ssl=1","width":400,"height":400,"caption":"Juodos vienkartin\u0117s nitrilin\u0117s pir\u0161tin\u0117s"},{"@type":"BreadcrumbList","@id":"https:\/\/istoc.eu\/shop\/visos_prekes\/vienkartines-nitrilines-pirstines-be-pudros-juoda-spalva\/#breadcrumb","itemListElement":[{"@type":"ListItem","position":1,"name":"Home","item":"https:\/\/istoc.eu\/"},{"@type":"ListItem","position":2,"name":"Shop","item":"https:\/\/istoc.eu\/shop\/"},{"@type":"ListItem","position":3,"name":"Vienkartin\u0117s nitrilin\u0117s pir\u0161tin\u0117s be pudros, JUODA spalva"}]},{"@type":"WebSite","@id":"https:\/\/istoc.eu\/#website","url":"https:\/\/istoc.eu\/","name":"ISTOC | Eko pakuot\u0117","description":"","publisher":{"@id":"https:\/\/istoc.eu\/#organization"},"potentialAction":[{"@type":"SearchAction","target":{"@type":"EntryPoint","urlTemplate":"https:\/\/istoc.eu\/?s={search_term_string}"},"query-input":{"@type":"PropertyValueSpecification","valueRequired":true,"valueName":"search_term_string"}}],"inLanguage":"en-GB"},{"@type":"Organization","@id":"https:\/\/istoc.eu\/#organization","name":"ISTOC | Eko pakuot\u0117","url":"https:\/\/istoc.eu\/","logo":{"@type":"ImageObject","inLanguage":"en-GB","@id":"https:\/\/istoc.eu\/#\/schema\/logo\/image\/","url":"https:\/\/i0.wp.com\/istoc.eu\/wp-content\/uploads\/2025\/01\/cropped-istoc-logo.png?fit=1078%2C441&ssl=1","contentUrl":"https:\/\/i0.wp.com\/istoc.eu\/wp-content\/uploads\/2025\/01\/cropped-istoc-logo.png?fit=1078%2C441&ssl=1","width":1078,"height":441,"caption":"ISTOC | Eko pakuot\u0117"},"image":{"@id":"https:\/\/istoc.eu\/#\/schema\/logo\/image\/"}}]}},"uagb_featured_image_src":{"full":["https:\/\/i0.wp.com\/istoc.eu\/wp-content\/uploads\/2023\/06\/juodos-pirstines.jpg?fit=400%2C400&ssl=1",400,400,false],"thumbnail":["https:\/\/i0.wp.com\/istoc.eu\/wp-content\/uploads\/2023\/06\/juodos-pirstines.jpg?resize=150%2C150&ssl=1",150,150,true],"medium":["https:\/\/i0.wp.com\/istoc.eu\/wp-content\/uploads\/2023\/06\/juodos-pirstines.jpg?fit=300%2C300&ssl=1",300,300,true],"medium_large":["https:\/\/i0.wp.com\/istoc.eu\/wp-content\/uploads\/2023\/06\/juodos-pirstines.jpg?fit=400%2C400&ssl=1",400,400,true],"large":["https:\/\/i0.wp.com\/istoc.eu\/wp-content\/uploads\/2023\/06\/juodos-pirstines.jpg?fit=400%2C400&ssl=1",400,400,true],"1536x1536":["https:\/\/i0.wp.com\/istoc.eu\/wp-content\/uploads\/2023\/06\/juodos-pirstines.jpg?fit=400%2C400&ssl=1",400,400,true],"2048x2048":["https:\/\/i0.wp.com\/istoc.eu\/wp-content\/uploads\/2023\/06\/juodos-pirstines.jpg?fit=400%2C400&ssl=1",400,400,true],"trp-custom-language-flag":["https:\/\/i0.wp.com\/istoc.eu\/wp-content\/uploads\/2023\/06\/juodos-pirstines.jpg?fit=12%2C12&ssl=1",12,12,true],"mailpoet_newsletter_max":["https:\/\/i0.wp.com\/istoc.eu\/wp-content\/uploads\/2023\/06\/juodos-pirstines.jpg?fit=400%2C400&ssl=1",400,400,true],"woocommerce_thumbnail":["https:\/\/i0.wp.com\/istoc.eu\/wp-content\/uploads\/2023\/06\/juodos-pirstines.jpg?resize=300%2C300&ssl=1",300,300,true],"woocommerce_single":["https:\/\/i0.wp.com\/istoc.eu\/wp-content\/uploads\/2023\/06\/juodos-pirstines.jpg?fit=400%2C400&ssl=1",400,400,true],"woocommerce_gallery_thumbnail":["https:\/\/i0.wp.com\/istoc.eu\/wp-content\/uploads\/2023\/06\/juodos-pirstines.jpg?resize=100%2C100&ssl=1",100,100,true]},"uagb_author_info":{"display_name":"admin","author_link":"https:\/\/istoc.eu\/en\/author\/"},"uagb_comment_info":0,"uagb_excerpt":"Vienkartin\u0117s nitrilin\u0117s pir\u0161tin\u0117s pagamintos i\u0161 100% nitrilo. Be latekso. Pir\u0161tin\u0117s nesukelia alergijos, tod\u0117l tinka jautriai odai. Neturi pudros ar kit\u0173 alergen\u0173, tod\u0117l nesausina odos. Tinka naudoti maisto pramon\u0117je, medicinos srityje, gamybos, prekybos sektoriuose, gro\u017eios salonuose ir kitose veiklos srityse. Pagamintos su kokyb\u0117s CE \u017eenklu ir atitinka kokyb\u0117s serifikavimo standartus EN 420, EN 374, EN 455-1,&hellip;","jetpack-related-posts":[],"jetpack_sharing_enabled":true,"_links":{"self":[{"href":"https:\/\/istoc.eu\/en\/wp-json\/wp\/v2\/product\/5719","targetHints":{"allow":["GET"]}}],"collection":[{"href":"https:\/\/istoc.eu\/en\/wp-json\/wp\/v2\/product"}],"about":[{"href":"https:\/\/istoc.eu\/en\/wp-json\/wp\/v2\/types\/product"}],"version-history":[{"count":5,"href":"https:\/\/istoc.eu\/en\/wp-json\/wp\/v2\/product\/5719\/revisions"}],"predecessor-version":[{"id":6244,"href":"https:\/\/istoc.eu\/en\/wp-json\/wp\/v2\/product\/5719\/revisions\/6244"}],"wp:featuredmedia":[{"embeddable":true,"href":"https:\/\/istoc.eu\/en\/wp-json\/wp\/v2\/media\/5720"}],"wp:attachment":[{"href":"https:\/\/istoc.eu\/en\/wp-json\/wp\/v2\/media?parent=5719"}],"wp:term":[{"taxonomy":"product_brand","embeddable":true,"href":"https:\/\/istoc.eu\/en\/wp-json\/wp\/v2\/product_brand?post=5719"},{"taxonomy":"product_cat","embeddable":true,"href":"https:\/\/istoc.eu\/en\/wp-json\/wp\/v2\/product_cat?post=5719"},{"taxonomy":"product_tag","embeddable":true,"href":"https:\/\/istoc.eu\/en\/wp-json\/wp\/v2\/product_tag?post=5719"}],"curies":[{"name":"wp","href":"https:\/\/api.w.org\/{rel}","templated":true}]}}