{"id":5732,"date":"2023-06-24T19:51:16","date_gmt":"2023-06-24T19:51:16","guid":{"rendered":"https:\/\/istoc.eu\/?post_type=product&#038;p=5732"},"modified":"2024-02-10T17:53:56","modified_gmt":"2024-02-10T17:53:56","slug":"riebalams-atsparus-popierius-45gr-40x60cm-10kg","status":"publish","type":"product","link":"https:\/\/istoc.eu\/en\/shop\/visos_prekes\/riebalams-atsparus-popierius-45gr-40x60cm-10kg\/","title":{"rendered":"Riebalams atsparus pakavimo popierius: Auk\u0161\u010diausios kokyb\u0117s pasirinkimas"},"content":{"rendered":"\t\t<div data-elementor-type=\"product-post\" data-elementor-id=\"5732\" class=\"elementor elementor-5732\">\n\t\t\t\t\t\t<section class=\"elementor-section elementor-top-section elementor-element elementor-element-6870a2b9 elementor-section-boxed elementor-section-height-default elementor-section-height-default\" data-id=\"6870a2b9\" data-element_type=\"section\" data-e-type=\"section\">\n\t\t\t\t\t\t<div class=\"elementor-container elementor-column-gap-default\">\n\t\t\t\t\t<div class=\"elementor-column elementor-col-100 elementor-top-column elementor-element elementor-element-1742c730\" data-id=\"1742c730\" data-element_type=\"column\" data-e-type=\"column\">\n\t\t\t<div class=\"elementor-widget-wrap elementor-element-populated\">\n\t\t\t\t\t\t<div class=\"elementor-element elementor-element-7c60feea elementor-widget elementor-widget-text-editor\" data-id=\"7c60feea\" data-element_type=\"widget\" data-e-type=\"widget\" data-widget_type=\"text-editor.default\">\n\t\t\t\t<div class=\"elementor-widget-container\">\n\t\t\t\t\t\t\t\t\t&nbsp;\r\n\r\n&nbsp;\r\n<table style=\"height: 5px; max-width: fit-content; border: solid 1px; margin: 5px; border-collapse: collapse;\" width=\"1258\">\r\n<tbody>\r\n<tr>\r\n<th style=\"text-align: left; border: solid 1px;\">Prek\u0117s ID<\/th>\r\n<td style=\"border: solid 1px;\">30045<\/td>\r\n<\/tr>\r\n<tr>\r\n<th style=\"text-align: left; border: solid 1px;\">Prek\u0117<\/th>\r\n<td style=\"border: solid 1px;\">Riebalams atsparus popierius 45gsm<\/td>\r\n<\/tr>\r\n<tr>\r\n<th style=\"text-align: left; border: solid 1px;\">Storis<\/th>\r\n<td style=\"border: solid 1px;\">45gsm<\/td>\r\n<\/tr>\r\n<tr>\r\n<th style=\"text-align: left; border: solid 1px;\">Spalva<\/th>\r\n<td style=\"border: solid 1px;\">Balta<\/td>\r\n<\/tr>\r\n<tr>\r\n<th style=\"text-align: left; border: solid 1px;\">Formatas<\/th>\r\n<td style=\"border: solid 1px;\">40x60cm<\/td>\r\n<\/tr>\r\n<tr>\r\n<th style=\"text-align: left; border: solid 1px;\">Pakuot\u0117<\/th>\r\n<td style=\"border: solid 1px;\">10kg<\/td>\r\n<\/tr>\r\n<tr>\r\n<th style=\"text-align: left; border: solid 1px;\">Kontaktas su maistu<\/th>\r\n<td style=\"border: solid 1px;\">Taip<\/td>\r\n<\/tr>\r\n<\/tbody>\r\n<\/table>\r\n<h2>U\u017esakymo forma<\/h2>\r\n<div class=\"wpforms-container wpforms-render-modern\" id=\"wpforms-5655\"><form id=\"wpforms-form-5655\" class=\"wpforms-validate wpforms-form wpforms-ajax-form\" data-formid=\"5655\" method=\"post\" enctype=\"multipart\/form-data\" action=\"\/en\/wp-json\/wp\/v2\/product\/5732\" data-token=\"30e3ff43cec9062708b40e1791c2d603\" data-token-time=\"1777438499\"><noscript class=\"wpforms-error-noscript\">Please enable JavaScript in your browser to complete this form.<\/noscript><div id=\"wpforms-error-noscript\" style=\"display: none;\">Please enable JavaScript in your browser to complete this form.<\/div><div class=\"wpforms-field-container\"><div id=\"wpforms-5655-field_0-container\" class=\"wpforms-field wpforms-field-name\" data-field-id=\"0\"><label class=\"wpforms-field-label\" for=\"wpforms-5655-field_0\">Vardas <span class=\"wpforms-required-label\" aria-hidden=\"true\">*<\/span><\/label><input type=\"text\" id=\"wpforms-5655-field_0\" class=\"wpforms-field-large wpforms-field-required\" name=\"wpforms[fields][0]\" aria-errormessage=\"wpforms-5655-field_0-error\" required><\/div><div id=\"wpforms-5655-field_1-container\" class=\"wpforms-field wpforms-field-email\" data-field-id=\"1\"><fieldset><legend class=\"wpforms-field-label\">El. Pa\u0161tas <span class=\"wpforms-required-label\" aria-hidden=\"true\">*<\/span><\/legend><div class=\"wpforms-field-row wpforms-field-large\"><div class=\"wpforms-field-row-block wpforms-one-half wpforms-first\"><input type=\"email\" id=\"wpforms-5655-field_1\" class=\"wpforms-field-required wpforms-field-email-primary\" name=\"wpforms[fields][1][primary]\" spellcheck=\"false\" aria-errormessage=\"wpforms-5655-field_1-error\" required><label for=\"wpforms-5655-field_1\" class=\"wpforms-field-sublabel after\">Email<\/label><\/div><div class=\"wpforms-field-row-block wpforms-one-half\"><input type=\"email\" id=\"wpforms-5655-field_1-secondary\" class=\"wpforms-field-email-secondary wpforms-field-required\" data-rule-confirm=\"#wpforms-5655-field_1\" name=\"wpforms[fields][1][secondary]\" spellcheck=\"false\" aria-errormessage=\"wpforms-5655-field_1-secondary-error\" required><label for=\"wpforms-5655-field_1-secondary\" class=\"wpforms-field-sublabel after\">Confirm Email<\/label><\/div><\/div><\/fieldset><\/div><div id=\"wpforms-5655-field_3-container\" class=\"wpforms-field wpforms-field-number\" data-field-id=\"3\"><label class=\"wpforms-field-label\" for=\"wpforms-5655-field_3\">Prekes kodas <span class=\"wpforms-required-label\" aria-hidden=\"true\">*<\/span><\/label><input type=\"number\" id=\"wpforms-5655-field_3\" class=\"wpforms-field-small wpforms-field-required\" name=\"wpforms[fields][3]\" step=\"any\" aria-errormessage=\"wpforms-5655-field_3-error\" required><\/div><div id=\"wpforms-5655-field_2-container\" class=\"wpforms-field wpforms-field-textarea\" data-field-id=\"2\"><label class=\"wpforms-field-label\" for=\"wpforms-5655-field_2\">Prane\u0161imas<\/label><textarea id=\"wpforms-5655-field_2\" class=\"wpforms-field-medium wpforms-limit-words-enabled\" data-form-id=\"5655\" data-field-id=\"2\" data-text-limit=\"100\" name=\"wpforms[fields][2]\" aria-errormessage=\"wpforms-5655-field_2-error\" ><\/textarea><\/div><\/div><!-- .wpforms-field-container --><div class=\"wpforms-submit-container\" ><input type=\"hidden\" name=\"wpforms[id]\" value=\"5655\"><input type=\"hidden\" name=\"page_title\" value=\"\"><input type=\"hidden\" name=\"page_url\" value=\"https:\/\/istoc.eu\/en\/wp-json\/wp\/v2\/product\/5732\"><input type=\"hidden\" name=\"url_referer\" value=\"\"><button type=\"submit\" name=\"wpforms[submit]\" id=\"wpforms-submit-5655\" class=\"wpforms-submit\" data-alt-text=\"Siun\u010diama...\" data-submit-text=\"Si\u0173sti\" aria-live=\"assertive\" value=\"wpforms-submit\">Si\u0173sti<\/button><img decoding=\"async\" src=\"https:\/\/istoc.eu\/wp-content\/plugins\/wpforms-lite\/assets\/images\/submit-spin.svg\" class=\"wpforms-submit-spinner\" style=\"display: none;\" width=\"26\" height=\"26\" alt=\"Loading\"><\/div><\/form><\/div>  <!-- .wpforms-container -->\t\t\t\t\t\t\t\t<\/div>\n\t\t\t\t<\/div>\n\t\t\t\t\t<\/div>\n\t\t<\/div>\n\t\t\t\t\t<\/div>\n\t\t<\/section>\n\t\t\t\t<\/div>\n\t\t","protected":false},"excerpt":{"rendered":"<p>Riebalams atsparus pakavimo popierius yra nepakei\u010diamas produktas tiek maisto pramon\u0117je, tiek kasdien\u0117je virtuv\u0117je. Tai puikus pergamentinio popieriaus ir kepimo popieriaus pakaitalas, kuris garantuoja maisto produkt\u0173 \u0161vie\u017eum\u0105 ir i\u0161laiko j\u0173 skonines savybes.<\/p>\n<p>\u0160is pakavimo popierius, pasi\u017eymintis atsparumu riebalams, taip pat gali b\u016bti naudojamas kaip kepimo popierius, tinkantis naudojimui tiek \u012fprastose, tiek mikrobang\u0173 krosnel\u0117se iki 180\u00b0C temperat\u016bros. M\u016bs\u0173 pakavimo popierius yra puikus pasirinkimas \u012fvairiems poreikiams &#8211; nuo greito maisto iki \u0161vie\u017eios m\u0117sos, \u017euvies, ir pieno produkt\u0173 pakavimo. Jis suteikia papildom\u0105 apsaugos lyg\u012f, yra patogus naudoti ir ekonomi\u0161kas.<\/p>\n<p>Tod\u0117l, riebalams atsparus popierius yra b\u016btinas maisto pakavimo popierius, pergamentinis popierius ir kepimo popierius viename, suteikiantis lankstum\u0105 ir patikimum\u0105 \u012fvairiose maisto ruo\u0161os ir pakavimo situacijose.<\/p>","protected":false},"featured_media":5733,"template":"","meta":{"_uag_custom_page_level_css":"","site-sidebar-layout":"default","site-content-layout":"default","ast-site-content-layout":"default","site-content-style":"default","site-sidebar-style":"default","ast-global-header-display":"","ast-banner-title-visibility":"","ast-main-header-display":"","ast-hfb-above-header-display":"","ast-hfb-below-header-display":"","ast-hfb-mobile-header-display":"","site-post-title":"","ast-breadcrumbs-content":"","ast-featured-img":"","footer-sml-layout":"","ast-disable-related-posts":"","theme-transparent-header-meta":"default","adv-header-id-meta":"","stick-header-meta":"default","header-above-stick-meta":"","header-main-stick-meta":"","header-below-stick-meta":"","astra-migrate-meta-layouts":"set","ast-page-background-enabled":"default","ast-page-background-meta":{"desktop":{"background-color":"","background-image":"","background-repeat":"repeat","background-position":"center center","background-size":"auto","background-attachment":"scroll","background-type":"","background-media":"","overlay-type":"","overlay-color":"","overlay-opacity":"","overlay-gradient":""},"tablet":{"background-color":"","background-image":"","background-repeat":"repeat","background-position":"center center","background-size":"auto","background-attachment":"scroll","background-type":"","background-media":"","overlay-type":"","overlay-color":"","overlay-opacity":"","overlay-gradient":""},"mobile":{"background-color":"","background-image":"","background-repeat":"repeat","background-position":"center center","background-size":"auto","background-attachment":"scroll","background-type":"","background-media":"","overlay-type":"","overlay-color":"","overlay-opacity":"","overlay-gradient":""}},"ast-content-background-meta":{"desktop":{"background-color":"var(--ast-global-color-5)","background-image":"","background-repeat":"repeat","background-position":"center center","background-size":"auto","background-attachment":"scroll","background-type":"","background-media":"","overlay-type":"","overlay-color":"","overlay-opacity":"","overlay-gradient":""},"tablet":{"background-color":"var(--ast-global-color-5)","background-image":"","background-repeat":"repeat","background-position":"center center","background-size":"auto","background-attachment":"scroll","background-type":"","background-media":"","overlay-type":"","overlay-color":"","overlay-opacity":"","overlay-gradient":""},"mobile":{"background-color":"var(--ast-global-color-5)","background-image":"","background-repeat":"repeat","background-position":"center center","background-size":"auto","background-attachment":"scroll","background-type":"","background-media":"","overlay-type":"","overlay-color":"","overlay-opacity":"","overlay-gradient":""}}},"product_brand":[],"product_cat":[24,36,15],"product_tag":[51,53,52],"class_list":{"0":"post-5732","1":"product","2":"type-product","3":"status-publish","4":"has-post-thumbnail","6":"product_cat-ekologiskos_pakuotes","7":"product_cat-pakavimo_popierius","8":"product_cat-visos_prekes","9":"product_tag-pakavimo-popierius","10":"product_tag-popierius","11":"product_tag-riebalams-atsparus","12":"desktop-align-center","13":"tablet-align-center","14":"mobile-align-center","15":"ast-product-gallery-layout-horizontal","16":"ast-product-gallery-with-no-image","17":"ast-product-tabs-layout-horizontal","18":"ast-qv-on-image","20":"first","21":"instock","22":"shipping-taxable","23":"product-type-simple"},"yoast_head":"<!-- This site is optimized with the Yoast SEO Premium plugin v20.11 (Yoast SEO v27.5) - https:\/\/yoast.com\/product\/yoast-seo-premium-wordpress\/ -->\n<title>Riebalams atsparus pakavimo popierius: Kokyb\u0117s garantas - ISTOC | Eko pakuot\u0117<\/title>\n<meta name=\"description\" content=\"Auk\u0161tos kokyb\u0117s riebalams atsparus pakavimo popierius - idealus kepimo popieriaus pakaitalas maisto pakavimui. Tinka \u012fvairiems maisto produktams.\" \/>\n<meta name=\"robots\" content=\"index, follow, max-snippet:-1, max-image-preview:large, max-video-preview:-1\" \/>\n<link rel=\"canonical\" href=\"https:\/\/istoc.eu\/en\/shop\/visos_prekes\/riebalams-atsparus-popierius-45gr-40x60cm-10kg\/\" \/>\n<meta property=\"og:locale\" content=\"en_GB\" \/>\n<meta property=\"og:type\" content=\"article\" \/>\n<meta property=\"og:title\" content=\"Riebalams atsparus pakavimo popierius: Auk\u0161\u010diausios kokyb\u0117s pasirinkimas\" \/>\n<meta property=\"og:description\" content=\"Auk\u0161tos kokyb\u0117s riebalams atsparus pakavimo popierius - idealus kepimo popieriaus pakaitalas maisto pakavimui. Tinka \u012fvairiems maisto produktams.\" \/>\n<meta property=\"og:url\" content=\"https:\/\/istoc.eu\/en\/shop\/visos_prekes\/riebalams-atsparus-popierius-45gr-40x60cm-10kg\/\" \/>\n<meta property=\"og:site_name\" content=\"ISTOC | Eko pakuot\u0117\" \/>\n<meta property=\"article:modified_time\" content=\"2024-02-10T17:53:56+00:00\" \/>\n<meta property=\"og:image\" content=\"https:\/\/istoc.eu\/wp-content\/uploads\/2023\/06\/pakavimo-popierius.jpg\" \/>\n\t<meta property=\"og:image:width\" content=\"400\" \/>\n\t<meta property=\"og:image:height\" content=\"400\" \/>\n\t<meta property=\"og:image:type\" content=\"image\/jpeg\" \/>\n<meta name=\"twitter:card\" content=\"summary_large_image\" \/>\n<meta name=\"twitter:label1\" content=\"Estimated reading time\" \/>\n\t<meta name=\"twitter:data1\" content=\"1 minute\" \/>\n<script type=\"application\/ld+json\" class=\"yoast-schema-graph\">{\"@context\":\"https:\\\/\\\/schema.org\",\"@graph\":[{\"@type\":\"WebPage\",\"@id\":\"https:\\\/\\\/istoc.eu\\\/shop\\\/visos_prekes\\\/riebalams-atsparus-popierius-45gr-40x60cm-10kg\\\/\",\"url\":\"https:\\\/\\\/istoc.eu\\\/shop\\\/visos_prekes\\\/riebalams-atsparus-popierius-45gr-40x60cm-10kg\\\/\",\"name\":\"Riebalams atsparus pakavimo popierius: Kokyb\u0117s garantas - ISTOC | Eko pakuot\u0117\",\"isPartOf\":{\"@id\":\"https:\\\/\\\/istoc.eu\\\/#website\"},\"primaryImageOfPage\":{\"@id\":\"https:\\\/\\\/istoc.eu\\\/shop\\\/visos_prekes\\\/riebalams-atsparus-popierius-45gr-40x60cm-10kg\\\/#primaryimage\"},\"image\":{\"@id\":\"https:\\\/\\\/istoc.eu\\\/shop\\\/visos_prekes\\\/riebalams-atsparus-popierius-45gr-40x60cm-10kg\\\/#primaryimage\"},\"thumbnailUrl\":\"https:\\\/\\\/i0.wp.com\\\/istoc.eu\\\/wp-content\\\/uploads\\\/2023\\\/06\\\/pakavimo-popierius.jpg?fit=400%2C400&ssl=1\",\"datePublished\":\"2023-06-24T19:51:16+00:00\",\"dateModified\":\"2024-02-10T17:53:56+00:00\",\"description\":\"Auk\u0161tos kokyb\u0117s riebalams atsparus pakavimo popierius - idealus kepimo popieriaus pakaitalas maisto pakavimui. Tinka \u012fvairiems maisto produktams.\",\"breadcrumb\":{\"@id\":\"https:\\\/\\\/istoc.eu\\\/shop\\\/visos_prekes\\\/riebalams-atsparus-popierius-45gr-40x60cm-10kg\\\/#breadcrumb\"},\"inLanguage\":\"en-GB\",\"potentialAction\":[{\"@type\":\"ReadAction\",\"target\":[\"https:\\\/\\\/istoc.eu\\\/shop\\\/visos_prekes\\\/riebalams-atsparus-popierius-45gr-40x60cm-10kg\\\/\"]}]},{\"@type\":\"ImageObject\",\"inLanguage\":\"en-GB\",\"@id\":\"https:\\\/\\\/istoc.eu\\\/shop\\\/visos_prekes\\\/riebalams-atsparus-popierius-45gr-40x60cm-10kg\\\/#primaryimage\",\"url\":\"https:\\\/\\\/i0.wp.com\\\/istoc.eu\\\/wp-content\\\/uploads\\\/2023\\\/06\\\/pakavimo-popierius.jpg?fit=400%2C400&ssl=1\",\"contentUrl\":\"https:\\\/\\\/i0.wp.com\\\/istoc.eu\\\/wp-content\\\/uploads\\\/2023\\\/06\\\/pakavimo-popierius.jpg?fit=400%2C400&ssl=1\",\"width\":400,\"height\":400,\"caption\":\"Pakavimo popierius, riebalams atsparus popierius\"},{\"@type\":\"BreadcrumbList\",\"@id\":\"https:\\\/\\\/istoc.eu\\\/shop\\\/visos_prekes\\\/riebalams-atsparus-popierius-45gr-40x60cm-10kg\\\/#breadcrumb\",\"itemListElement\":[{\"@type\":\"ListItem\",\"position\":1,\"name\":\"Home\",\"item\":\"https:\\\/\\\/istoc.eu\\\/\"},{\"@type\":\"ListItem\",\"position\":2,\"name\":\"Shop\",\"item\":\"https:\\\/\\\/istoc.eu\\\/shop\\\/\"},{\"@type\":\"ListItem\",\"position\":3,\"name\":\"Riebalams atsparus pakavimo popierius: Auk\u0161\u010diausios kokyb\u0117s pasirinkimas\"}]},{\"@type\":\"WebSite\",\"@id\":\"https:\\\/\\\/istoc.eu\\\/#website\",\"url\":\"https:\\\/\\\/istoc.eu\\\/\",\"name\":\"ISTOC | Eko pakuot\u0117\",\"description\":\"\",\"publisher\":{\"@id\":\"https:\\\/\\\/istoc.eu\\\/#organization\"},\"potentialAction\":[{\"@type\":\"SearchAction\",\"target\":{\"@type\":\"EntryPoint\",\"urlTemplate\":\"https:\\\/\\\/istoc.eu\\\/?s={search_term_string}\"},\"query-input\":{\"@type\":\"PropertyValueSpecification\",\"valueRequired\":true,\"valueName\":\"search_term_string\"}}],\"inLanguage\":\"en-GB\"},{\"@type\":\"Organization\",\"@id\":\"https:\\\/\\\/istoc.eu\\\/#organization\",\"name\":\"ISTOC | Eko pakuot\u0117\",\"url\":\"https:\\\/\\\/istoc.eu\\\/\",\"logo\":{\"@type\":\"ImageObject\",\"inLanguage\":\"en-GB\",\"@id\":\"https:\\\/\\\/istoc.eu\\\/#\\\/schema\\\/logo\\\/image\\\/\",\"url\":\"https:\\\/\\\/i0.wp.com\\\/istoc.eu\\\/wp-content\\\/uploads\\\/2025\\\/01\\\/cropped-istoc-logo.png?fit=1078%2C441&ssl=1\",\"contentUrl\":\"https:\\\/\\\/i0.wp.com\\\/istoc.eu\\\/wp-content\\\/uploads\\\/2025\\\/01\\\/cropped-istoc-logo.png?fit=1078%2C441&ssl=1\",\"width\":1078,\"height\":441,\"caption\":\"ISTOC | Eko pakuot\u0117\"},\"image\":{\"@id\":\"https:\\\/\\\/istoc.eu\\\/#\\\/schema\\\/logo\\\/image\\\/\"}}]}<\/script>\n<!-- \/ Yoast SEO Premium plugin. -->","yoast_head_json":{"title":"Riebalams atsparus pakavimo popierius: Kokyb\u0117s garantas - ISTOC | Eko pakuot\u0117","description":"Auk\u0161tos kokyb\u0117s riebalams atsparus pakavimo popierius - idealus kepimo popieriaus pakaitalas maisto pakavimui. Tinka \u012fvairiems maisto produktams.","robots":{"index":"index","follow":"follow","max-snippet":"max-snippet:-1","max-image-preview":"max-image-preview:large","max-video-preview":"max-video-preview:-1"},"canonical":"https:\/\/istoc.eu\/en\/shop\/visos_prekes\/riebalams-atsparus-popierius-45gr-40x60cm-10kg\/","og_locale":"en_GB","og_type":"article","og_title":"Riebalams atsparus pakavimo popierius: Auk\u0161\u010diausios kokyb\u0117s pasirinkimas","og_description":"Auk\u0161tos kokyb\u0117s riebalams atsparus pakavimo popierius - idealus kepimo popieriaus pakaitalas maisto pakavimui. Tinka \u012fvairiems maisto produktams.","og_url":"https:\/\/istoc.eu\/en\/shop\/visos_prekes\/riebalams-atsparus-popierius-45gr-40x60cm-10kg\/","og_site_name":"ISTOC | Eko pakuot\u0117","article_modified_time":"2024-02-10T17:53:56+00:00","og_image":[{"width":400,"height":400,"url":"https:\/\/istoc.eu\/wp-content\/uploads\/2023\/06\/pakavimo-popierius.jpg","type":"image\/jpeg"}],"twitter_card":"summary_large_image","twitter_misc":{"Estimated reading time":"1 minute"},"schema":{"@context":"https:\/\/schema.org","@graph":[{"@type":"WebPage","@id":"https:\/\/istoc.eu\/shop\/visos_prekes\/riebalams-atsparus-popierius-45gr-40x60cm-10kg\/","url":"https:\/\/istoc.eu\/shop\/visos_prekes\/riebalams-atsparus-popierius-45gr-40x60cm-10kg\/","name":"Riebalams atsparus pakavimo popierius: Kokyb\u0117s garantas - ISTOC | Eko pakuot\u0117","isPartOf":{"@id":"https:\/\/istoc.eu\/#website"},"primaryImageOfPage":{"@id":"https:\/\/istoc.eu\/shop\/visos_prekes\/riebalams-atsparus-popierius-45gr-40x60cm-10kg\/#primaryimage"},"image":{"@id":"https:\/\/istoc.eu\/shop\/visos_prekes\/riebalams-atsparus-popierius-45gr-40x60cm-10kg\/#primaryimage"},"thumbnailUrl":"https:\/\/i0.wp.com\/istoc.eu\/wp-content\/uploads\/2023\/06\/pakavimo-popierius.jpg?fit=400%2C400&ssl=1","datePublished":"2023-06-24T19:51:16+00:00","dateModified":"2024-02-10T17:53:56+00:00","description":"Auk\u0161tos kokyb\u0117s riebalams atsparus pakavimo popierius - idealus kepimo popieriaus pakaitalas maisto pakavimui. Tinka \u012fvairiems maisto produktams.","breadcrumb":{"@id":"https:\/\/istoc.eu\/shop\/visos_prekes\/riebalams-atsparus-popierius-45gr-40x60cm-10kg\/#breadcrumb"},"inLanguage":"en-GB","potentialAction":[{"@type":"ReadAction","target":["https:\/\/istoc.eu\/shop\/visos_prekes\/riebalams-atsparus-popierius-45gr-40x60cm-10kg\/"]}]},{"@type":"ImageObject","inLanguage":"en-GB","@id":"https:\/\/istoc.eu\/shop\/visos_prekes\/riebalams-atsparus-popierius-45gr-40x60cm-10kg\/#primaryimage","url":"https:\/\/i0.wp.com\/istoc.eu\/wp-content\/uploads\/2023\/06\/pakavimo-popierius.jpg?fit=400%2C400&ssl=1","contentUrl":"https:\/\/i0.wp.com\/istoc.eu\/wp-content\/uploads\/2023\/06\/pakavimo-popierius.jpg?fit=400%2C400&ssl=1","width":400,"height":400,"caption":"Pakavimo popierius, riebalams atsparus popierius"},{"@type":"BreadcrumbList","@id":"https:\/\/istoc.eu\/shop\/visos_prekes\/riebalams-atsparus-popierius-45gr-40x60cm-10kg\/#breadcrumb","itemListElement":[{"@type":"ListItem","position":1,"name":"Home","item":"https:\/\/istoc.eu\/"},{"@type":"ListItem","position":2,"name":"Shop","item":"https:\/\/istoc.eu\/shop\/"},{"@type":"ListItem","position":3,"name":"Riebalams atsparus pakavimo popierius: Auk\u0161\u010diausios kokyb\u0117s pasirinkimas"}]},{"@type":"WebSite","@id":"https:\/\/istoc.eu\/#website","url":"https:\/\/istoc.eu\/","name":"ISTOC | Eko pakuot\u0117","description":"","publisher":{"@id":"https:\/\/istoc.eu\/#organization"},"potentialAction":[{"@type":"SearchAction","target":{"@type":"EntryPoint","urlTemplate":"https:\/\/istoc.eu\/?s={search_term_string}"},"query-input":{"@type":"PropertyValueSpecification","valueRequired":true,"valueName":"search_term_string"}}],"inLanguage":"en-GB"},{"@type":"Organization","@id":"https:\/\/istoc.eu\/#organization","name":"ISTOC | Eko pakuot\u0117","url":"https:\/\/istoc.eu\/","logo":{"@type":"ImageObject","inLanguage":"en-GB","@id":"https:\/\/istoc.eu\/#\/schema\/logo\/image\/","url":"https:\/\/i0.wp.com\/istoc.eu\/wp-content\/uploads\/2025\/01\/cropped-istoc-logo.png?fit=1078%2C441&ssl=1","contentUrl":"https:\/\/i0.wp.com\/istoc.eu\/wp-content\/uploads\/2025\/01\/cropped-istoc-logo.png?fit=1078%2C441&ssl=1","width":1078,"height":441,"caption":"ISTOC | Eko pakuot\u0117"},"image":{"@id":"https:\/\/istoc.eu\/#\/schema\/logo\/image\/"}}]}},"uagb_featured_image_src":{"full":["https:\/\/i0.wp.com\/istoc.eu\/wp-content\/uploads\/2023\/06\/pakavimo-popierius.jpg?fit=400%2C400&ssl=1",400,400,false],"thumbnail":["https:\/\/i0.wp.com\/istoc.eu\/wp-content\/uploads\/2023\/06\/pakavimo-popierius.jpg?resize=150%2C150&ssl=1",150,150,true],"medium":["https:\/\/i0.wp.com\/istoc.eu\/wp-content\/uploads\/2023\/06\/pakavimo-popierius.jpg?fit=300%2C300&ssl=1",300,300,true],"medium_large":["https:\/\/i0.wp.com\/istoc.eu\/wp-content\/uploads\/2023\/06\/pakavimo-popierius.jpg?fit=400%2C400&ssl=1",400,400,true],"large":["https:\/\/i0.wp.com\/istoc.eu\/wp-content\/uploads\/2023\/06\/pakavimo-popierius.jpg?fit=400%2C400&ssl=1",400,400,true],"1536x1536":["https:\/\/i0.wp.com\/istoc.eu\/wp-content\/uploads\/2023\/06\/pakavimo-popierius.jpg?fit=400%2C400&ssl=1",400,400,true],"2048x2048":["https:\/\/i0.wp.com\/istoc.eu\/wp-content\/uploads\/2023\/06\/pakavimo-popierius.jpg?fit=400%2C400&ssl=1",400,400,true],"trp-custom-language-flag":["https:\/\/i0.wp.com\/istoc.eu\/wp-content\/uploads\/2023\/06\/pakavimo-popierius.jpg?fit=12%2C12&ssl=1",12,12,true],"mailpoet_newsletter_max":["https:\/\/i0.wp.com\/istoc.eu\/wp-content\/uploads\/2023\/06\/pakavimo-popierius.jpg?fit=400%2C400&ssl=1",400,400,true],"woocommerce_thumbnail":["https:\/\/i0.wp.com\/istoc.eu\/wp-content\/uploads\/2023\/06\/pakavimo-popierius.jpg?resize=300%2C300&ssl=1",300,300,true],"woocommerce_single":["https:\/\/i0.wp.com\/istoc.eu\/wp-content\/uploads\/2023\/06\/pakavimo-popierius.jpg?fit=400%2C400&ssl=1",400,400,true],"woocommerce_gallery_thumbnail":["https:\/\/i0.wp.com\/istoc.eu\/wp-content\/uploads\/2023\/06\/pakavimo-popierius.jpg?resize=100%2C100&ssl=1",100,100,true]},"uagb_author_info":{"display_name":"admin","author_link":"https:\/\/istoc.eu\/en\/author\/"},"uagb_comment_info":0,"uagb_excerpt":"Riebalams atsparus pakavimo popierius yra nepakei\u010diamas produktas tiek maisto pramon\u0117je, tiek kasdien\u0117je virtuv\u0117je. Tai puikus pergamentinio popieriaus ir kepimo popieriaus pakaitalas, kuris garantuoja maisto produkt\u0173 \u0161vie\u017eum\u0105 ir i\u0161laiko j\u0173 skonines savybes. \u0160is pakavimo popierius, pasi\u017eymintis atsparumu riebalams, taip pat gali b\u016bti naudojamas kaip kepimo popierius, tinkantis naudojimui tiek \u012fprastose, tiek mikrobang\u0173 krosnel\u0117se iki 180\u00b0C temperat\u016bros.&hellip;","jetpack-related-posts":[],"jetpack_sharing_enabled":true,"_links":{"self":[{"href":"https:\/\/istoc.eu\/en\/wp-json\/wp\/v2\/product\/5732","targetHints":{"allow":["GET"]}}],"collection":[{"href":"https:\/\/istoc.eu\/en\/wp-json\/wp\/v2\/product"}],"about":[{"href":"https:\/\/istoc.eu\/en\/wp-json\/wp\/v2\/types\/product"}],"version-history":[{"count":9,"href":"https:\/\/istoc.eu\/en\/wp-json\/wp\/v2\/product\/5732\/revisions"}],"predecessor-version":[{"id":6264,"href":"https:\/\/istoc.eu\/en\/wp-json\/wp\/v2\/product\/5732\/revisions\/6264"}],"wp:featuredmedia":[{"embeddable":true,"href":"https:\/\/istoc.eu\/en\/wp-json\/wp\/v2\/media\/5733"}],"wp:attachment":[{"href":"https:\/\/istoc.eu\/en\/wp-json\/wp\/v2\/media?parent=5732"}],"wp:term":[{"taxonomy":"product_brand","embeddable":true,"href":"https:\/\/istoc.eu\/en\/wp-json\/wp\/v2\/product_brand?post=5732"},{"taxonomy":"product_cat","embeddable":true,"href":"https:\/\/istoc.eu\/en\/wp-json\/wp\/v2\/product_cat?post=5732"},{"taxonomy":"product_tag","embeddable":true,"href":"https:\/\/istoc.eu\/en\/wp-json\/wp\/v2\/product_tag?post=5732"}],"curies":[{"name":"wp","href":"https:\/\/api.w.org\/{rel}","templated":true}]}}