{"id":5938,"date":"2023-06-27T18:42:00","date_gmt":"2023-06-27T18:42:00","guid":{"rendered":"https:\/\/istoc.eu\/?post_type=product&#038;p=5938"},"modified":"2025-08-06T15:11:46","modified_gmt":"2025-08-06T15:11:46","slug":"rudas-kepimo-popierius-39gr-10x60cm500lapu","status":"publish","type":"product","link":"https:\/\/istoc.eu\/en\/shop\/visos_prekes\/rudas-kepimo-popierius-39gr-10x60cm500lapu\/","title":{"rendered":"Kepimo popierius NATURE39 10x60cm(500lap\u0173)"},"content":{"rendered":"<p>Kepimo popierius &#8211; kepimas profesionaliu lygiu ar tiesiog m\u0117gavimasis skaniais patiekalais namuose.<\/p>\n<table style=\"height: 5px; max-width: fit-content; border: solid 1px; margin: 5px; border-collapse: collapse;\" width=\"1258\">\n<tbody>\n<tr>\n<th style=\"text-align: left; border: solid 1px;\">Prek\u0117s ID<\/th>\n<td style=\"border: solid 1px;\">30077<\/td>\n<\/tr>\n<tr>\n<th style=\"text-align: left; border: solid 1px;\">Prek\u0117<\/th>\n<td style=\"border: solid 1px;\">Rudas kepimo popierius<\/td>\n<\/tr>\n<tr>\n<th style=\"text-align: left; border: solid 1px;\">Storis<\/th>\n<td style=\"border: solid 1px;\">39gr<\/td>\n<\/tr>\n<tr>\n<th style=\"text-align: left; border: solid 1px;\">Spalva<\/th>\n<td style=\"border: solid 1px;\">Ruda<\/td>\n<\/tr>\n<tr>\n<th style=\"text-align: left; border: solid 1px;\">Formatas<\/th>\n<td style=\"border: solid 1px;\">10x60cm<\/td>\n<\/tr>\n<tr>\n<th style=\"text-align: left; border: solid 1px;\">Pakuot\u0117<\/th>\n<td style=\"border: solid 1px;\">500 lap\u0173<\/td>\n<\/tr>\n<tr>\n<th style=\"text-align: left; border: solid 1px;\">Kontaktas su maistu<\/th>\n<td style=\"border: solid 1px;\">Taip<\/td>\n<\/tr>\n<\/tbody>\n<\/table>\n<h2>U\u017esakymo forma<\/h2>\n<div class=\"wpforms-container wpforms-render-modern\" id=\"wpforms-5655\"><form id=\"wpforms-form-5655\" class=\"wpforms-validate wpforms-form wpforms-ajax-form\" data-formid=\"5655\" method=\"post\" enctype=\"multipart\/form-data\" action=\"\/en\/wp-json\/wp\/v2\/product\/5938\" data-token=\"30e3ff43cec9062708b40e1791c2d603\" data-token-time=\"1777434944\"><noscript class=\"wpforms-error-noscript\">Please enable JavaScript in your browser to complete this form.<\/noscript><div id=\"wpforms-error-noscript\" style=\"display: none;\">Please enable JavaScript in your browser to complete this form.<\/div><div class=\"wpforms-field-container\"><div id=\"wpforms-5655-field_0-container\" class=\"wpforms-field wpforms-field-name\" data-field-id=\"0\"><label class=\"wpforms-field-label\" for=\"wpforms-5655-field_0\">Vardas <span class=\"wpforms-required-label\" aria-hidden=\"true\">*<\/span><\/label><input type=\"text\" id=\"wpforms-5655-field_0\" class=\"wpforms-field-large wpforms-field-required\" name=\"wpforms[fields][0]\" aria-errormessage=\"wpforms-5655-field_0-error\" required><\/div><div id=\"wpforms-5655-field_1-container\" class=\"wpforms-field wpforms-field-email\" data-field-id=\"1\"><fieldset><legend class=\"wpforms-field-label\">El. Pa\u0161tas <span class=\"wpforms-required-label\" aria-hidden=\"true\">*<\/span><\/legend><div class=\"wpforms-field-row wpforms-field-large\"><div class=\"wpforms-field-row-block wpforms-one-half wpforms-first\"><input type=\"email\" id=\"wpforms-5655-field_1\" class=\"wpforms-field-required wpforms-field-email-primary\" name=\"wpforms[fields][1][primary]\" spellcheck=\"false\" aria-errormessage=\"wpforms-5655-field_1-error\" required><label for=\"wpforms-5655-field_1\" class=\"wpforms-field-sublabel after\">Email<\/label><\/div><div class=\"wpforms-field-row-block wpforms-one-half\"><input type=\"email\" id=\"wpforms-5655-field_1-secondary\" class=\"wpforms-field-email-secondary wpforms-field-required\" data-rule-confirm=\"#wpforms-5655-field_1\" name=\"wpforms[fields][1][secondary]\" spellcheck=\"false\" aria-errormessage=\"wpforms-5655-field_1-secondary-error\" required><label for=\"wpforms-5655-field_1-secondary\" class=\"wpforms-field-sublabel after\">Confirm Email<\/label><\/div><\/div><\/fieldset><\/div><div id=\"wpforms-5655-field_3-container\" class=\"wpforms-field wpforms-field-number\" data-field-id=\"3\"><label class=\"wpforms-field-label\" for=\"wpforms-5655-field_3\">Prekes kodas <span class=\"wpforms-required-label\" aria-hidden=\"true\">*<\/span><\/label><input type=\"number\" id=\"wpforms-5655-field_3\" class=\"wpforms-field-small wpforms-field-required\" name=\"wpforms[fields][3]\" step=\"any\" aria-errormessage=\"wpforms-5655-field_3-error\" required><\/div><div id=\"wpforms-5655-field_2-container\" class=\"wpforms-field wpforms-field-textarea\" data-field-id=\"2\"><label class=\"wpforms-field-label\" for=\"wpforms-5655-field_2\">Prane\u0161imas<\/label><textarea id=\"wpforms-5655-field_2\" class=\"wpforms-field-medium wpforms-limit-words-enabled\" data-form-id=\"5655\" data-field-id=\"2\" data-text-limit=\"100\" name=\"wpforms[fields][2]\" aria-errormessage=\"wpforms-5655-field_2-error\" ><\/textarea><\/div><\/div><!-- .wpforms-field-container --><div class=\"wpforms-submit-container\" ><input type=\"hidden\" name=\"wpforms[id]\" value=\"5655\"><input type=\"hidden\" name=\"page_title\" value=\"\"><input type=\"hidden\" name=\"page_url\" value=\"https:\/\/istoc.eu\/en\/wp-json\/wp\/v2\/product\/5938\"><input type=\"hidden\" name=\"url_referer\" value=\"\"><button type=\"submit\" name=\"wpforms[submit]\" id=\"wpforms-submit-5655\" class=\"wpforms-submit\" data-alt-text=\"Siun\u010diama...\" data-submit-text=\"Si\u0173sti\" aria-live=\"assertive\" value=\"wpforms-submit\">Si\u0173sti<\/button><img decoding=\"async\" src=\"https:\/\/istoc.eu\/wp-content\/plugins\/wpforms-lite\/assets\/images\/submit-spin.svg\" class=\"wpforms-submit-spinner\" style=\"display: none;\" width=\"26\" height=\"26\" alt=\"Loading\"><\/div><\/form><\/div>  <!-- .wpforms-container -->\n","protected":false},"excerpt":{"rendered":"<p>Supa\u017eindiname Jus su b\u016btina kiekvienos modernios virtuv\u0117s dalimi \u2013 rudu kepimo popieriumi, Prek\u0117s ID 30077. \u0160is kepimo popierius yra nepakei\u010diamas tiek profesionalams, tiek m\u0117g\u0117jams virtuv\u0117se. Pasirinkus 39 gr\/m\u00b2 storio auk\u0161tos kokyb\u0117s rud\u0105 kepimo popieri\u0173, turint\u012f unikal\u0173 10&#215;60 cm format\u0105 ir patogi\u0105 500 lap\u0173 pakuot\u0119, u\u017etikrinsite, kad produktas ilgai tarnaus J\u016bs\u0173 virtuv\u0117je.<\/p>\n<p>Pagamintas i\u0161 saugios ir patikimos med\u017eiagos, \u0161is rudas kepimo popierius garantuoja tiesiogin\u012f kontakt\u0105 su maistu, suteikdamas galimyb\u0119 ruo\u0161ti sveikesnius ir skanesnius patiekalus. Naudodami \u0161\u012f popieri\u0173, galite b\u016bti tikri, kad J\u016bs\u0173 kepti patiekalai neprilips prie \u0161io popieriaus, i\u0161liks \u0161vie\u017eiai skan\u016bs ir nepriekai\u0161tingos i\u0161vaizdos.<\/p>\n<p><span style=\"font-size: 1.7em; font-weight: bold;\">Pagrindiniai balto kepimo popieriaus privalumai:<\/span><\/p>\n<ul>\n<li>Higieni\u0161kumas ir saugumas: patvirtintas tiesioginiam kontaktui su maistu;<\/li>\n<li>Auk\u0161ta kokyb\u0117: 39gr\/m\u00b2 storis u\u017etikrina patikim\u0105 naudojim\u0105 ir ilgaam\u017ei\u0161kum\u0105;<\/li>\n<li>Universalumas: tinka \u012fvairi\u0173 patiekal\u0173 kepimui;<\/li>\n<li>Patogumas: 500 lap\u0173 pakuot\u0117 leid\u017eia ilgai naudotis produktu be papildomo pirkimo b\u016btinyb\u0117s;<\/li>\n<li>Funkcionalumas: puikiai tinka naudoti kaip kepimo kilim\u0117lio pakaital\u0105.<\/li>\n<\/ul>","protected":false},"featured_media":6083,"template":"","meta":{"_uag_custom_page_level_css":"","site-sidebar-layout":"default","site-content-layout":"default","ast-site-content-layout":"default","site-content-style":"default","site-sidebar-style":"default","ast-global-header-display":"","ast-banner-title-visibility":"","ast-main-header-display":"","ast-hfb-above-header-display":"","ast-hfb-below-header-display":"","ast-hfb-mobile-header-display":"","site-post-title":"","ast-breadcrumbs-content":"","ast-featured-img":"","footer-sml-layout":"","ast-disable-related-posts":"","theme-transparent-header-meta":"default","adv-header-id-meta":"","stick-header-meta":"default","header-above-stick-meta":"","header-main-stick-meta":"","header-below-stick-meta":"","astra-migrate-meta-layouts":"set","ast-page-background-enabled":"default","ast-page-background-meta":{"desktop":{"background-color":"","background-image":"","background-repeat":"repeat","background-position":"center center","background-size":"auto","background-attachment":"scroll","background-type":"","background-media":"","overlay-type":"","overlay-color":"","overlay-opacity":"","overlay-gradient":""},"tablet":{"background-color":"","background-image":"","background-repeat":"repeat","background-position":"center center","background-size":"auto","background-attachment":"scroll","background-type":"","background-media":"","overlay-type":"","overlay-color":"","overlay-opacity":"","overlay-gradient":""},"mobile":{"background-color":"","background-image":"","background-repeat":"repeat","background-position":"center center","background-size":"auto","background-attachment":"scroll","background-type":"","background-media":"","overlay-type":"","overlay-color":"","overlay-opacity":"","overlay-gradient":""}},"ast-content-background-meta":{"desktop":{"background-color":"var(--ast-global-color-5)","background-image":"","background-repeat":"repeat","background-position":"center center","background-size":"auto","background-attachment":"scroll","background-type":"","background-media":"","overlay-type":"","overlay-color":"","overlay-opacity":"","overlay-gradient":""},"tablet":{"background-color":"var(--ast-global-color-5)","background-image":"","background-repeat":"repeat","background-position":"center center","background-size":"auto","background-attachment":"scroll","background-type":"","background-media":"","overlay-type":"","overlay-color":"","overlay-opacity":"","overlay-gradient":""},"mobile":{"background-color":"var(--ast-global-color-5)","background-image":"","background-repeat":"repeat","background-position":"center center","background-size":"auto","background-attachment":"scroll","background-type":"","background-media":"","overlay-type":"","overlay-color":"","overlay-opacity":"","overlay-gradient":""}}},"product_brand":[],"product_cat":[56,55,15],"product_tag":[51,53,52],"class_list":{"0":"post-5938","1":"product","2":"type-product","3":"status-publish","4":"has-post-thumbnail","6":"product_cat-ispardavimas","7":"product_cat-kepimo-popierius","8":"product_cat-visos_prekes","9":"product_tag-pakavimo-popierius","10":"product_tag-popierius","11":"product_tag-riebalams-atsparus","12":"desktop-align-center","13":"tablet-align-center","14":"mobile-align-center","15":"ast-product-gallery-layout-horizontal","16":"ast-product-gallery-with-no-image","17":"ast-product-tabs-layout-horizontal","18":"ast-qv-on-image","20":"first","21":"instock","22":"sale","23":"shipping-taxable","24":"purchasable","25":"product-type-simple"},"yoast_head":"<!-- This site is optimized with the Yoast SEO Premium plugin v20.11 (Yoast SEO v27.5) - https:\/\/yoast.com\/product\/yoast-seo-premium-wordpress\/ -->\n<title>Kepimo popierius NATURE39 10x60cm(500lap\u0173) - ISTOC | Eko pakuot\u0117<\/title>\n<meta name=\"description\" content=\"Auk\u0161tos kokyb\u0117s baltas kepimo popierius ir kilim\u0117lis, idealus duonai, desertams, picoms ir kitiems patiekalams, 39gr\/m\u00b2, 500 lap\u0173.\" \/>\n<meta name=\"robots\" content=\"index, follow, max-snippet:-1, max-image-preview:large, max-video-preview:-1\" \/>\n<link rel=\"canonical\" href=\"https:\/\/istoc.eu\/en\/shop\/visos_prekes\/rudas-kepimo-popierius-39gr-10x60cm500lapu\/\" \/>\n<meta property=\"og:locale\" content=\"en_GB\" \/>\n<meta property=\"og:type\" content=\"article\" \/>\n<meta property=\"og:title\" content=\"Kepimo popierius NATURE39 10x60cm(500lap\u0173)\" \/>\n<meta property=\"og:description\" content=\"Auk\u0161tos kokyb\u0117s baltas kepimo popierius ir kilim\u0117lis, idealus duonai, desertams, picoms ir kitiems patiekalams, 39gr\/m\u00b2, 500 lap\u0173.\" \/>\n<meta property=\"og:url\" content=\"https:\/\/istoc.eu\/en\/shop\/visos_prekes\/rudas-kepimo-popierius-39gr-10x60cm500lapu\/\" \/>\n<meta property=\"og:site_name\" content=\"ISTOC | Eko pakuot\u0117\" \/>\n<meta property=\"article:modified_time\" content=\"2025-08-06T15:11:46+00:00\" \/>\n<meta property=\"og:image\" content=\"https:\/\/istoc.eu\/wp-content\/uploads\/2023\/09\/kepimo-popierius.jpg\" \/>\n\t<meta property=\"og:image:width\" content=\"1463\" \/>\n\t<meta property=\"og:image:height\" content=\"1034\" \/>\n\t<meta property=\"og:image:type\" content=\"image\/jpeg\" \/>\n<meta name=\"twitter:card\" content=\"summary_large_image\" \/>\n<meta name=\"twitter:label1\" content=\"Estimated reading time\" \/>\n\t<meta name=\"twitter:data1\" content=\"1 minute\" \/>\n<script type=\"application\/ld+json\" class=\"yoast-schema-graph\">{\"@context\":\"https:\\\/\\\/schema.org\",\"@graph\":[{\"@type\":\"WebPage\",\"@id\":\"https:\\\/\\\/istoc.eu\\\/shop\\\/visos_prekes\\\/rudas-kepimo-popierius-39gr-10x60cm500lapu\\\/\",\"url\":\"https:\\\/\\\/istoc.eu\\\/shop\\\/visos_prekes\\\/rudas-kepimo-popierius-39gr-10x60cm500lapu\\\/\",\"name\":\"Kepimo popierius NATURE39 10x60cm(500lap\u0173) - ISTOC | Eko pakuot\u0117\",\"isPartOf\":{\"@id\":\"https:\\\/\\\/istoc.eu\\\/#website\"},\"primaryImageOfPage\":{\"@id\":\"https:\\\/\\\/istoc.eu\\\/shop\\\/visos_prekes\\\/rudas-kepimo-popierius-39gr-10x60cm500lapu\\\/#primaryimage\"},\"image\":{\"@id\":\"https:\\\/\\\/istoc.eu\\\/shop\\\/visos_prekes\\\/rudas-kepimo-popierius-39gr-10x60cm500lapu\\\/#primaryimage\"},\"thumbnailUrl\":\"https:\\\/\\\/i0.wp.com\\\/istoc.eu\\\/wp-content\\\/uploads\\\/2023\\\/09\\\/kepimo-popierius.jpg?fit=1463%2C1034&ssl=1\",\"datePublished\":\"2023-06-27T18:42:00+00:00\",\"dateModified\":\"2025-08-06T15:11:46+00:00\",\"description\":\"Auk\u0161tos kokyb\u0117s baltas kepimo popierius ir kilim\u0117lis, idealus duonai, desertams, picoms ir kitiems patiekalams, 39gr\\\/m\u00b2, 500 lap\u0173.\",\"breadcrumb\":{\"@id\":\"https:\\\/\\\/istoc.eu\\\/shop\\\/visos_prekes\\\/rudas-kepimo-popierius-39gr-10x60cm500lapu\\\/#breadcrumb\"},\"inLanguage\":\"en-GB\",\"potentialAction\":[{\"@type\":\"ReadAction\",\"target\":[\"https:\\\/\\\/istoc.eu\\\/shop\\\/visos_prekes\\\/rudas-kepimo-popierius-39gr-10x60cm500lapu\\\/\"]}]},{\"@type\":\"ImageObject\",\"inLanguage\":\"en-GB\",\"@id\":\"https:\\\/\\\/istoc.eu\\\/shop\\\/visos_prekes\\\/rudas-kepimo-popierius-39gr-10x60cm500lapu\\\/#primaryimage\",\"url\":\"https:\\\/\\\/i0.wp.com\\\/istoc.eu\\\/wp-content\\\/uploads\\\/2023\\\/09\\\/kepimo-popierius.jpg?fit=1463%2C1034&ssl=1\",\"contentUrl\":\"https:\\\/\\\/i0.wp.com\\\/istoc.eu\\\/wp-content\\\/uploads\\\/2023\\\/09\\\/kepimo-popierius.jpg?fit=1463%2C1034&ssl=1\",\"width\":1463,\"height\":1034,\"caption\":\"kepimo popierius\"},{\"@type\":\"BreadcrumbList\",\"@id\":\"https:\\\/\\\/istoc.eu\\\/shop\\\/visos_prekes\\\/rudas-kepimo-popierius-39gr-10x60cm500lapu\\\/#breadcrumb\",\"itemListElement\":[{\"@type\":\"ListItem\",\"position\":1,\"name\":\"Home\",\"item\":\"https:\\\/\\\/istoc.eu\\\/\"},{\"@type\":\"ListItem\",\"position\":2,\"name\":\"Shop\",\"item\":\"https:\\\/\\\/istoc.eu\\\/shop\\\/\"},{\"@type\":\"ListItem\",\"position\":3,\"name\":\"Kepimo popierius NATURE39 10x60cm(500lap\u0173)\"}]},{\"@type\":\"WebSite\",\"@id\":\"https:\\\/\\\/istoc.eu\\\/#website\",\"url\":\"https:\\\/\\\/istoc.eu\\\/\",\"name\":\"ISTOC | Eko pakuot\u0117\",\"description\":\"\",\"publisher\":{\"@id\":\"https:\\\/\\\/istoc.eu\\\/#organization\"},\"potentialAction\":[{\"@type\":\"SearchAction\",\"target\":{\"@type\":\"EntryPoint\",\"urlTemplate\":\"https:\\\/\\\/istoc.eu\\\/?s={search_term_string}\"},\"query-input\":{\"@type\":\"PropertyValueSpecification\",\"valueRequired\":true,\"valueName\":\"search_term_string\"}}],\"inLanguage\":\"en-GB\"},{\"@type\":\"Organization\",\"@id\":\"https:\\\/\\\/istoc.eu\\\/#organization\",\"name\":\"ISTOC | Eko pakuot\u0117\",\"url\":\"https:\\\/\\\/istoc.eu\\\/\",\"logo\":{\"@type\":\"ImageObject\",\"inLanguage\":\"en-GB\",\"@id\":\"https:\\\/\\\/istoc.eu\\\/#\\\/schema\\\/logo\\\/image\\\/\",\"url\":\"https:\\\/\\\/i0.wp.com\\\/istoc.eu\\\/wp-content\\\/uploads\\\/2025\\\/01\\\/cropped-istoc-logo.png?fit=1078%2C441&ssl=1\",\"contentUrl\":\"https:\\\/\\\/i0.wp.com\\\/istoc.eu\\\/wp-content\\\/uploads\\\/2025\\\/01\\\/cropped-istoc-logo.png?fit=1078%2C441&ssl=1\",\"width\":1078,\"height\":441,\"caption\":\"ISTOC | Eko pakuot\u0117\"},\"image\":{\"@id\":\"https:\\\/\\\/istoc.eu\\\/#\\\/schema\\\/logo\\\/image\\\/\"}}]}<\/script>\n<!-- \/ Yoast SEO Premium plugin. -->","yoast_head_json":{"title":"Kepimo popierius NATURE39 10x60cm(500lap\u0173) - ISTOC | Eko pakuot\u0117","description":"Auk\u0161tos kokyb\u0117s baltas kepimo popierius ir kilim\u0117lis, idealus duonai, desertams, picoms ir kitiems patiekalams, 39gr\/m\u00b2, 500 lap\u0173.","robots":{"index":"index","follow":"follow","max-snippet":"max-snippet:-1","max-image-preview":"max-image-preview:large","max-video-preview":"max-video-preview:-1"},"canonical":"https:\/\/istoc.eu\/en\/shop\/visos_prekes\/rudas-kepimo-popierius-39gr-10x60cm500lapu\/","og_locale":"en_GB","og_type":"article","og_title":"Kepimo popierius NATURE39 10x60cm(500lap\u0173)","og_description":"Auk\u0161tos kokyb\u0117s baltas kepimo popierius ir kilim\u0117lis, idealus duonai, desertams, picoms ir kitiems patiekalams, 39gr\/m\u00b2, 500 lap\u0173.","og_url":"https:\/\/istoc.eu\/en\/shop\/visos_prekes\/rudas-kepimo-popierius-39gr-10x60cm500lapu\/","og_site_name":"ISTOC | Eko pakuot\u0117","article_modified_time":"2025-08-06T15:11:46+00:00","og_image":[{"width":1463,"height":1034,"url":"https:\/\/istoc.eu\/wp-content\/uploads\/2023\/09\/kepimo-popierius.jpg","type":"image\/jpeg"}],"twitter_card":"summary_large_image","twitter_misc":{"Estimated reading time":"1 minute"},"schema":{"@context":"https:\/\/schema.org","@graph":[{"@type":"WebPage","@id":"https:\/\/istoc.eu\/shop\/visos_prekes\/rudas-kepimo-popierius-39gr-10x60cm500lapu\/","url":"https:\/\/istoc.eu\/shop\/visos_prekes\/rudas-kepimo-popierius-39gr-10x60cm500lapu\/","name":"Kepimo popierius NATURE39 10x60cm(500lap\u0173) - ISTOC | Eko pakuot\u0117","isPartOf":{"@id":"https:\/\/istoc.eu\/#website"},"primaryImageOfPage":{"@id":"https:\/\/istoc.eu\/shop\/visos_prekes\/rudas-kepimo-popierius-39gr-10x60cm500lapu\/#primaryimage"},"image":{"@id":"https:\/\/istoc.eu\/shop\/visos_prekes\/rudas-kepimo-popierius-39gr-10x60cm500lapu\/#primaryimage"},"thumbnailUrl":"https:\/\/i0.wp.com\/istoc.eu\/wp-content\/uploads\/2023\/09\/kepimo-popierius.jpg?fit=1463%2C1034&ssl=1","datePublished":"2023-06-27T18:42:00+00:00","dateModified":"2025-08-06T15:11:46+00:00","description":"Auk\u0161tos kokyb\u0117s baltas kepimo popierius ir kilim\u0117lis, idealus duonai, desertams, picoms ir kitiems patiekalams, 39gr\/m\u00b2, 500 lap\u0173.","breadcrumb":{"@id":"https:\/\/istoc.eu\/shop\/visos_prekes\/rudas-kepimo-popierius-39gr-10x60cm500lapu\/#breadcrumb"},"inLanguage":"en-GB","potentialAction":[{"@type":"ReadAction","target":["https:\/\/istoc.eu\/shop\/visos_prekes\/rudas-kepimo-popierius-39gr-10x60cm500lapu\/"]}]},{"@type":"ImageObject","inLanguage":"en-GB","@id":"https:\/\/istoc.eu\/shop\/visos_prekes\/rudas-kepimo-popierius-39gr-10x60cm500lapu\/#primaryimage","url":"https:\/\/i0.wp.com\/istoc.eu\/wp-content\/uploads\/2023\/09\/kepimo-popierius.jpg?fit=1463%2C1034&ssl=1","contentUrl":"https:\/\/i0.wp.com\/istoc.eu\/wp-content\/uploads\/2023\/09\/kepimo-popierius.jpg?fit=1463%2C1034&ssl=1","width":1463,"height":1034,"caption":"kepimo popierius"},{"@type":"BreadcrumbList","@id":"https:\/\/istoc.eu\/shop\/visos_prekes\/rudas-kepimo-popierius-39gr-10x60cm500lapu\/#breadcrumb","itemListElement":[{"@type":"ListItem","position":1,"name":"Home","item":"https:\/\/istoc.eu\/"},{"@type":"ListItem","position":2,"name":"Shop","item":"https:\/\/istoc.eu\/shop\/"},{"@type":"ListItem","position":3,"name":"Kepimo popierius NATURE39 10x60cm(500lap\u0173)"}]},{"@type":"WebSite","@id":"https:\/\/istoc.eu\/#website","url":"https:\/\/istoc.eu\/","name":"ISTOC | Eko pakuot\u0117","description":"","publisher":{"@id":"https:\/\/istoc.eu\/#organization"},"potentialAction":[{"@type":"SearchAction","target":{"@type":"EntryPoint","urlTemplate":"https:\/\/istoc.eu\/?s={search_term_string}"},"query-input":{"@type":"PropertyValueSpecification","valueRequired":true,"valueName":"search_term_string"}}],"inLanguage":"en-GB"},{"@type":"Organization","@id":"https:\/\/istoc.eu\/#organization","name":"ISTOC | Eko pakuot\u0117","url":"https:\/\/istoc.eu\/","logo":{"@type":"ImageObject","inLanguage":"en-GB","@id":"https:\/\/istoc.eu\/#\/schema\/logo\/image\/","url":"https:\/\/i0.wp.com\/istoc.eu\/wp-content\/uploads\/2025\/01\/cropped-istoc-logo.png?fit=1078%2C441&ssl=1","contentUrl":"https:\/\/i0.wp.com\/istoc.eu\/wp-content\/uploads\/2025\/01\/cropped-istoc-logo.png?fit=1078%2C441&ssl=1","width":1078,"height":441,"caption":"ISTOC | Eko pakuot\u0117"},"image":{"@id":"https:\/\/istoc.eu\/#\/schema\/logo\/image\/"}}]}},"uagb_featured_image_src":{"full":["https:\/\/i0.wp.com\/istoc.eu\/wp-content\/uploads\/2023\/09\/kepimo-popierius.jpg?fit=1463%2C1034&ssl=1",1463,1034,false],"thumbnail":["https:\/\/i0.wp.com\/istoc.eu\/wp-content\/uploads\/2023\/09\/kepimo-popierius.jpg?resize=150%2C150&ssl=1",150,150,true],"medium":["https:\/\/i0.wp.com\/istoc.eu\/wp-content\/uploads\/2023\/09\/kepimo-popierius.jpg?fit=300%2C212&ssl=1",300,212,true],"medium_large":["https:\/\/i0.wp.com\/istoc.eu\/wp-content\/uploads\/2023\/09\/kepimo-popierius.jpg?fit=768%2C543&ssl=1",768,543,true],"large":["https:\/\/i0.wp.com\/istoc.eu\/wp-content\/uploads\/2023\/09\/kepimo-popierius.jpg?fit=1024%2C724&ssl=1",1024,724,true],"1536x1536":["https:\/\/i0.wp.com\/istoc.eu\/wp-content\/uploads\/2023\/09\/kepimo-popierius.jpg?fit=1463%2C1034&ssl=1",1463,1034,true],"2048x2048":["https:\/\/i0.wp.com\/istoc.eu\/wp-content\/uploads\/2023\/09\/kepimo-popierius.jpg?fit=1463%2C1034&ssl=1",1463,1034,true],"trp-custom-language-flag":["https:\/\/i0.wp.com\/istoc.eu\/wp-content\/uploads\/2023\/09\/kepimo-popierius.jpg?fit=18%2C12&ssl=1",18,12,true],"mailpoet_newsletter_max":["https:\/\/i0.wp.com\/istoc.eu\/wp-content\/uploads\/2023\/09\/kepimo-popierius.jpg?fit=1320%2C933&ssl=1",1320,933,true],"woocommerce_thumbnail":["https:\/\/i0.wp.com\/istoc.eu\/wp-content\/uploads\/2023\/09\/kepimo-popierius.jpg?resize=300%2C300&ssl=1",300,300,true],"woocommerce_single":["https:\/\/i0.wp.com\/istoc.eu\/wp-content\/uploads\/2023\/09\/kepimo-popierius.jpg?fit=600%2C424&ssl=1",600,424,true],"woocommerce_gallery_thumbnail":["https:\/\/i0.wp.com\/istoc.eu\/wp-content\/uploads\/2023\/09\/kepimo-popierius.jpg?resize=100%2C100&ssl=1",100,100,true]},"uagb_author_info":{"display_name":"admin","author_link":"https:\/\/istoc.eu\/en\/author\/"},"uagb_comment_info":0,"uagb_excerpt":"Supa\u017eindiname Jus su b\u016btina kiekvienos modernios virtuv\u0117s dalimi \u2013 rudu kepimo popieriumi, Prek\u0117s ID 30077. \u0160is kepimo popierius yra nepakei\u010diamas tiek profesionalams, tiek m\u0117g\u0117jams virtuv\u0117se. Pasirinkus 39 gr\/m\u00b2 storio auk\u0161tos kokyb\u0117s rud\u0105 kepimo popieri\u0173, turint\u012f unikal\u0173 10x60 cm format\u0105 ir patogi\u0105 500 lap\u0173 pakuot\u0119, u\u017etikrinsite, kad produktas ilgai tarnaus J\u016bs\u0173 virtuv\u0117je. Pagamintas i\u0161 saugios ir&hellip;","jetpack-related-posts":[],"jetpack_sharing_enabled":true,"_links":{"self":[{"href":"https:\/\/istoc.eu\/en\/wp-json\/wp\/v2\/product\/5938","targetHints":{"allow":["GET"]}}],"collection":[{"href":"https:\/\/istoc.eu\/en\/wp-json\/wp\/v2\/product"}],"about":[{"href":"https:\/\/istoc.eu\/en\/wp-json\/wp\/v2\/types\/product"}],"version-history":[{"count":4,"href":"https:\/\/istoc.eu\/en\/wp-json\/wp\/v2\/product\/5938\/revisions"}],"predecessor-version":[{"id":6488,"href":"https:\/\/istoc.eu\/en\/wp-json\/wp\/v2\/product\/5938\/revisions\/6488"}],"wp:featuredmedia":[{"embeddable":true,"href":"https:\/\/istoc.eu\/en\/wp-json\/wp\/v2\/media\/6083"}],"wp:attachment":[{"href":"https:\/\/istoc.eu\/en\/wp-json\/wp\/v2\/media?parent=5938"}],"wp:term":[{"taxonomy":"product_brand","embeddable":true,"href":"https:\/\/istoc.eu\/en\/wp-json\/wp\/v2\/product_brand?post=5938"},{"taxonomy":"product_cat","embeddable":true,"href":"https:\/\/istoc.eu\/en\/wp-json\/wp\/v2\/product_cat?post=5938"},{"taxonomy":"product_tag","embeddable":true,"href":"https:\/\/istoc.eu\/en\/wp-json\/wp\/v2\/product_tag?post=5938"}],"curies":[{"name":"wp","href":"https:\/\/api.w.org\/{rel}","templated":true}]}}