{"id":6047,"date":"2023-08-09T14:50:41","date_gmt":"2023-08-09T14:50:41","guid":{"rendered":"https:\/\/istoc.eu\/?post_type=product&#038;p=6047"},"modified":"2025-06-19T13:45:57","modified_gmt":"2025-06-19T13:45:57","slug":"baltas-pakavimo-popierius-pizza-30gr-30x30cm500lapu","status":"publish","type":"product","link":"https:\/\/istoc.eu\/en\/shop\/visos_prekes\/baltas-pakavimo-popierius-pizza-30gr-30x30cm500lapu\/","title":{"rendered":"Pergamentinis popierius baltas 30gr PIZZA 30x30cm(1000lap\u0173)"},"content":{"rendered":"<p>Pergamentinis baltas popierius: atsparus vandeniui ir riebalams, specialiai sukurtas pertiesimui \u012f pic\u0173 d\u0117\u017ees ar suvynioti m\u0117sainius, pannini sumu\u0161tinius, kebabus ir kt.. D\u0117l savo fizini\u0173 savybi\u0173 (spalvos, plonumo, eleganti\u0161kumo) popierius ypa\u010d patogus naudojimui, lengva su juo vynioti produktus. Aplinkai draugi\u0161kas, i\u0161laiko maist\u0105 \u0161vie\u017ei\u0105.<\/p>\n<div style=\"background: #fff; padding: 10px;\">\n<table style=\"height: 5px; max-width: fit-content; border: solid 1px; margin: 5px; border-collapse: collapse;\" width=\"1258\">\n<tbody>\n<tr>\n<th style=\"text-align: left; border: solid 1px;\">Prek\u0117s ID<\/th>\n<td style=\"border: solid 1px;\">35003<\/td>\n<\/tr>\n<tr>\n<th style=\"text-align: left; border: solid 1px;\">Matmenys<\/th>\n<td style=\"border: solid 1px;\">30x30cm<\/td>\n<\/tr>\n<tr>\n<th style=\"text-align: left; border: solid 1px;\">Spalva<\/th>\n<td style=\"border: solid 1px;\">Balta<\/td>\n<\/tr>\n<tr>\n<th style=\"text-align: left; border: solid 1px;\">Storis<\/th>\n<td style=\"border: solid 1px;\">30gr<\/td>\n<\/tr>\n<tr>\n<th style=\"text-align: left; border: solid 1px;\">Kiekis<\/th>\n<td style=\"border: solid 1px;\">1000vnt<\/td>\n<\/tr>\n<\/tbody>\n<\/table>\n<h2><\/h2>\n<h2>Pergamentinis baltas 30gr popierius \u2013 turime \u012fvairi\u0173 dyd\u017ei\u0173:<\/h2>\n<ul>\n<li>Didelis formatas (<strong>39&#215;60 cm, 5 kg<\/strong>) \u2013 puikiai tinka stambesniems maisto produktams ar didesniems kiekiams pakuoti. <a href=\"https:\/\/istoc.eu\/shop\/visos_prekes\/baltas-pakavimo-popierius-waxed-55-58gr-37x185cm125kg\/\">Raskite \u010dia<\/a>.<\/li>\n<li>Vidutinis formatas (<strong>30&#215;39 cm, 5 kg<\/strong>) \u2013 optimalus pasirinkimas kasdieniam maisto pakavimui. <a href=\"https:\/\/istoc.eu\/shop\/visos_prekes\/baltas-pakavimo-popierius-waxed-55-58gr-37x50cm-125kg\/\">Raskite \u010dia<\/a>.<\/li>\n<li>Ma\u017eas formatas (30&#215;25<strong> cm, 5 kg<\/strong>) \u2013 idealus ma\u017eesniems kiekams, tokiems kaip u\u017ekand\u017eiai ar ma\u017eos porcijos. <a href=\"https:\/\/istoc.eu\/shop\/visos_prekes\/baltas-pakavimo-popierius-waxed-55-58gr-1875x125cm-125kg\/\">Raskite \u010dia<\/a>.<\/li>\n<\/ul>\n<h2>U\u017esakymo forma<\/h2>\n<div style=\"padding: 5px;\"><div class=\"wpforms-container wpforms-render-modern\" id=\"wpforms-5655\"><form id=\"wpforms-form-5655\" class=\"wpforms-validate wpforms-form wpforms-ajax-form\" data-formid=\"5655\" method=\"post\" enctype=\"multipart\/form-data\" action=\"\/en\/wp-json\/wp\/v2\/product\/6047\" data-token=\"30e3ff43cec9062708b40e1791c2d603\" data-token-time=\"1777438150\"><noscript class=\"wpforms-error-noscript\">Please enable JavaScript in your browser to complete this form.<\/noscript><div id=\"wpforms-error-noscript\" style=\"display: none;\">Please enable JavaScript in your browser to complete this form.<\/div><div class=\"wpforms-field-container\"><div id=\"wpforms-5655-field_0-container\" class=\"wpforms-field wpforms-field-name\" data-field-id=\"0\"><label class=\"wpforms-field-label\" for=\"wpforms-5655-field_0\">Vardas <span class=\"wpforms-required-label\" aria-hidden=\"true\">*<\/span><\/label><input type=\"text\" id=\"wpforms-5655-field_0\" class=\"wpforms-field-large wpforms-field-required\" name=\"wpforms[fields][0]\" aria-errormessage=\"wpforms-5655-field_0-error\" required><\/div><div id=\"wpforms-5655-field_1-container\" class=\"wpforms-field wpforms-field-email\" data-field-id=\"1\"><fieldset><legend class=\"wpforms-field-label\">El. Pa\u0161tas <span class=\"wpforms-required-label\" aria-hidden=\"true\">*<\/span><\/legend><div class=\"wpforms-field-row wpforms-field-large\"><div class=\"wpforms-field-row-block wpforms-one-half wpforms-first\"><input type=\"email\" id=\"wpforms-5655-field_1\" class=\"wpforms-field-required wpforms-field-email-primary\" name=\"wpforms[fields][1][primary]\" spellcheck=\"false\" aria-errormessage=\"wpforms-5655-field_1-error\" required><label for=\"wpforms-5655-field_1\" class=\"wpforms-field-sublabel after\">Email<\/label><\/div><div class=\"wpforms-field-row-block wpforms-one-half\"><input type=\"email\" id=\"wpforms-5655-field_1-secondary\" class=\"wpforms-field-email-secondary wpforms-field-required\" data-rule-confirm=\"#wpforms-5655-field_1\" name=\"wpforms[fields][1][secondary]\" spellcheck=\"false\" aria-errormessage=\"wpforms-5655-field_1-secondary-error\" required><label for=\"wpforms-5655-field_1-secondary\" class=\"wpforms-field-sublabel after\">Confirm Email<\/label><\/div><\/div><\/fieldset><\/div><div id=\"wpforms-5655-field_3-container\" class=\"wpforms-field wpforms-field-number\" data-field-id=\"3\"><label class=\"wpforms-field-label\" for=\"wpforms-5655-field_3\">Prekes kodas <span class=\"wpforms-required-label\" aria-hidden=\"true\">*<\/span><\/label><input type=\"number\" id=\"wpforms-5655-field_3\" class=\"wpforms-field-small wpforms-field-required\" name=\"wpforms[fields][3]\" step=\"any\" aria-errormessage=\"wpforms-5655-field_3-error\" required><\/div><div id=\"wpforms-5655-field_2-container\" class=\"wpforms-field wpforms-field-textarea\" data-field-id=\"2\"><label class=\"wpforms-field-label\" for=\"wpforms-5655-field_2\">Prane\u0161imas<\/label><textarea id=\"wpforms-5655-field_2\" class=\"wpforms-field-medium wpforms-limit-words-enabled\" data-form-id=\"5655\" data-field-id=\"2\" data-text-limit=\"100\" name=\"wpforms[fields][2]\" aria-errormessage=\"wpforms-5655-field_2-error\" ><\/textarea><\/div><\/div><!-- .wpforms-field-container --><div class=\"wpforms-submit-container\" ><input type=\"hidden\" name=\"wpforms[id]\" value=\"5655\"><input type=\"hidden\" name=\"page_title\" value=\"\"><input type=\"hidden\" name=\"page_url\" value=\"https:\/\/istoc.eu\/en\/wp-json\/wp\/v2\/product\/6047\"><input type=\"hidden\" name=\"url_referer\" value=\"\"><button type=\"submit\" name=\"wpforms[submit]\" id=\"wpforms-submit-5655\" class=\"wpforms-submit\" data-alt-text=\"Siun\u010diama...\" data-submit-text=\"Si\u0173sti\" aria-live=\"assertive\" value=\"wpforms-submit\">Si\u0173sti<\/button><img decoding=\"async\" src=\"https:\/\/istoc.eu\/wp-content\/plugins\/wpforms-lite\/assets\/images\/submit-spin.svg\" class=\"wpforms-submit-spinner\" style=\"display: none;\" width=\"26\" height=\"26\" alt=\"Loading\"><\/div><\/form><\/div>  <!-- .wpforms-container --><\/div>\n<\/div>\n","protected":false},"excerpt":{"rendered":"<p>Prisistatome &#8211; inovatyvus vandeniui ir riebalams atsparus baltas pergamentinis popierius, sukurtas J\u016bs\u0173 maisto pakavimo poreikiams. \u0160is auk\u0161tos kokyb\u0117s <strong>pakavimo popierius<\/strong>, specialiai skirtas m\u0117sos, s\u016brio, \u017euvies, m\u0117saini\u0173, pannini sumu\u0161tini\u0173, de\u0161raini\u0173, kebab\u0173 ir kit\u0173 maisto produkt\u0173 vyniojimui,\u00a0 u\u017etikrina, kad J\u016bs\u0173 maistas i\u0161liks \u0161vie\u017eias ilgesn\u012f laik\u0105. Idealiai tinka pertiesti \u012f sausainini\u0173, pic\u0173 ir kitas d\u0117\u017eutes, kur yra riebal\u0173 perteklius, susidaro kondensatas ir reikalaujama estetikos<\/p>\n<p><strong>Maisto pakavimo popierius<\/strong>\u00a0yra itin draugi\u0161kas aplinkai, pasi\u017eymintis puikiomis saugojimo savyb\u0117mis. Ne tik i\u0161laiko suvyniot\u0105 maist\u0105 \u0161vie\u017ei\u0105, bet ir neleid\u017eia jam i\u0161d\u017ei\u016bti, pabr\u0117\u017edamas m\u016bs\u0173 \u012fsipareigojim\u0105 tiek J\u016bs\u0173 maisto kokybei, tiek aplinkosaugai.<\/p>\n<p>Galima individuali spauda, individual\u016bs lapo dyd\u017eiai<\/p>","protected":false},"featured_media":6481,"template":"","meta":{"_uag_custom_page_level_css":"","site-sidebar-layout":"default","site-content-layout":"default","ast-site-content-layout":"default","site-content-style":"default","site-sidebar-style":"default","ast-global-header-display":"","ast-banner-title-visibility":"","ast-main-header-display":"","ast-hfb-above-header-display":"","ast-hfb-below-header-display":"","ast-hfb-mobile-header-display":"","site-post-title":"","ast-breadcrumbs-content":"","ast-featured-img":"","footer-sml-layout":"","ast-disable-related-posts":"","theme-transparent-header-meta":"default","adv-header-id-meta":"","stick-header-meta":"default","header-above-stick-meta":"","header-main-stick-meta":"","header-below-stick-meta":"","astra-migrate-meta-layouts":"set","ast-page-background-enabled":"default","ast-page-background-meta":{"desktop":{"background-color":"","background-image":"","background-repeat":"repeat","background-position":"center center","background-size":"auto","background-attachment":"scroll","background-type":"","background-media":"","overlay-type":"","overlay-color":"","overlay-opacity":"","overlay-gradient":""},"tablet":{"background-color":"","background-image":"","background-repeat":"repeat","background-position":"center center","background-size":"auto","background-attachment":"scroll","background-type":"","background-media":"","overlay-type":"","overlay-color":"","overlay-opacity":"","overlay-gradient":""},"mobile":{"background-color":"","background-image":"","background-repeat":"repeat","background-position":"center center","background-size":"auto","background-attachment":"scroll","background-type":"","background-media":"","overlay-type":"","overlay-color":"","overlay-opacity":"","overlay-gradient":""}},"ast-content-background-meta":{"desktop":{"background-color":"var(--ast-global-color-5)","background-image":"","background-repeat":"repeat","background-position":"center center","background-size":"auto","background-attachment":"scroll","background-type":"","background-media":"","overlay-type":"","overlay-color":"","overlay-opacity":"","overlay-gradient":""},"tablet":{"background-color":"var(--ast-global-color-5)","background-image":"","background-repeat":"repeat","background-position":"center center","background-size":"auto","background-attachment":"scroll","background-type":"","background-media":"","overlay-type":"","overlay-color":"","overlay-opacity":"","overlay-gradient":""},"mobile":{"background-color":"var(--ast-global-color-5)","background-image":"","background-repeat":"repeat","background-position":"center center","background-size":"auto","background-attachment":"scroll","background-type":"","background-media":"","overlay-type":"","overlay-color":"","overlay-opacity":"","overlay-gradient":""}}},"product_brand":[],"product_cat":[36,15],"product_tag":[41,42,38,39,40],"class_list":{"0":"post-6047","1":"product","2":"type-product","3":"status-publish","4":"has-post-thumbnail","6":"product_cat-pakavimo_popierius","7":"product_cat-visos_prekes","8":"product_tag-pakavimo-plevele","9":"product_tag-strech-juosta","10":"product_tag-stretch","11":"product_tag-stretch-film","12":"product_tag-stretch-plevele","13":"desktop-align-center","14":"tablet-align-center","15":"mobile-align-center","16":"ast-product-gallery-layout-horizontal","17":"ast-product-gallery-with-no-image","18":"ast-product-tabs-layout-horizontal","19":"ast-qv-on-image","21":"first","22":"instock","23":"shipping-taxable","24":"product-type-simple"},"yoast_head":"<!-- This site is optimized with the Yoast SEO Premium plugin v20.11 (Yoast SEO v27.5) - https:\/\/yoast.com\/product\/yoast-seo-premium-wordpress\/ -->\n<title>Ekologi\u0161kas pergamentinis baltas pakavimo popierius: Maisto pakavimas - ISTOC | Eko pakuot\u0117<\/title>\n<meta name=\"description\" content=\"Aplinkai draugi\u0161kas pergamentinis pakavimo popierius, skirtas maisto \u0161vie\u017eumui i\u0161laikyti. Idealus m\u0117sai, s\u016briui, \u017euviai. Atsparus vandeniui ir riebalams.\" \/>\n<meta name=\"robots\" content=\"index, follow, max-snippet:-1, max-image-preview:large, max-video-preview:-1\" \/>\n<link rel=\"canonical\" href=\"https:\/\/istoc.eu\/en\/shop\/visos_prekes\/baltas-pakavimo-popierius-pizza-30gr-30x30cm500lapu\/\" \/>\n<meta property=\"og:locale\" content=\"en_GB\" \/>\n<meta property=\"og:type\" content=\"article\" \/>\n<meta property=\"og:title\" content=\"Pergamentinis popierius baltas 30gr PIZZA 30x30cm(1000lap\u0173)\" \/>\n<meta property=\"og:description\" content=\"Aplinkai draugi\u0161kas pergamentinis pakavimo popierius, skirtas maisto \u0161vie\u017eumui i\u0161laikyti. Idealus m\u0117sai, s\u016briui, \u017euviai. Atsparus vandeniui ir riebalams.\" \/>\n<meta property=\"og:url\" content=\"https:\/\/istoc.eu\/en\/shop\/visos_prekes\/baltas-pakavimo-popierius-pizza-30gr-30x30cm500lapu\/\" \/>\n<meta property=\"og:site_name\" content=\"ISTOC | Eko pakuot\u0117\" \/>\n<meta property=\"article:modified_time\" content=\"2025-06-19T13:45:57+00:00\" \/>\n<meta property=\"og:image\" content=\"https:\/\/istoc.eu\/wp-content\/uploads\/2023\/08\/pergamentas-30gr-30x30cm1000.jpg\" \/>\n\t<meta property=\"og:image:width\" content=\"1526\" \/>\n\t<meta property=\"og:image:height\" content=\"1248\" \/>\n\t<meta property=\"og:image:type\" content=\"image\/jpeg\" \/>\n<meta name=\"twitter:card\" content=\"summary_large_image\" \/>\n<meta name=\"twitter:label1\" content=\"Estimated reading time\" \/>\n\t<meta name=\"twitter:data1\" content=\"1 minute\" \/>\n<script type=\"application\/ld+json\" class=\"yoast-schema-graph\">{\"@context\":\"https:\\\/\\\/schema.org\",\"@graph\":[{\"@type\":\"WebPage\",\"@id\":\"https:\\\/\\\/istoc.eu\\\/shop\\\/visos_prekes\\\/baltas-pakavimo-popierius-pizza-30gr-30x30cm500lapu\\\/\",\"url\":\"https:\\\/\\\/istoc.eu\\\/shop\\\/visos_prekes\\\/baltas-pakavimo-popierius-pizza-30gr-30x30cm500lapu\\\/\",\"name\":\"Ekologi\u0161kas pergamentinis baltas pakavimo popierius: Maisto pakavimas - ISTOC | Eko pakuot\u0117\",\"isPartOf\":{\"@id\":\"https:\\\/\\\/istoc.eu\\\/#website\"},\"primaryImageOfPage\":{\"@id\":\"https:\\\/\\\/istoc.eu\\\/shop\\\/visos_prekes\\\/baltas-pakavimo-popierius-pizza-30gr-30x30cm500lapu\\\/#primaryimage\"},\"image\":{\"@id\":\"https:\\\/\\\/istoc.eu\\\/shop\\\/visos_prekes\\\/baltas-pakavimo-popierius-pizza-30gr-30x30cm500lapu\\\/#primaryimage\"},\"thumbnailUrl\":\"https:\\\/\\\/i0.wp.com\\\/istoc.eu\\\/wp-content\\\/uploads\\\/2023\\\/08\\\/pergamentas-30gr-30x30cm1000.jpg?fit=1526%2C1248&ssl=1\",\"datePublished\":\"2023-08-09T14:50:41+00:00\",\"dateModified\":\"2025-06-19T13:45:57+00:00\",\"description\":\"Aplinkai draugi\u0161kas pergamentinis pakavimo popierius, skirtas maisto \u0161vie\u017eumui i\u0161laikyti. Idealus m\u0117sai, s\u016briui, \u017euviai. Atsparus vandeniui ir riebalams.\",\"breadcrumb\":{\"@id\":\"https:\\\/\\\/istoc.eu\\\/shop\\\/visos_prekes\\\/baltas-pakavimo-popierius-pizza-30gr-30x30cm500lapu\\\/#breadcrumb\"},\"inLanguage\":\"en-GB\",\"potentialAction\":[{\"@type\":\"ReadAction\",\"target\":[\"https:\\\/\\\/istoc.eu\\\/shop\\\/visos_prekes\\\/baltas-pakavimo-popierius-pizza-30gr-30x30cm500lapu\\\/\"]}]},{\"@type\":\"ImageObject\",\"inLanguage\":\"en-GB\",\"@id\":\"https:\\\/\\\/istoc.eu\\\/shop\\\/visos_prekes\\\/baltas-pakavimo-popierius-pizza-30gr-30x30cm500lapu\\\/#primaryimage\",\"url\":\"https:\\\/\\\/i0.wp.com\\\/istoc.eu\\\/wp-content\\\/uploads\\\/2023\\\/08\\\/pergamentas-30gr-30x30cm1000.jpg?fit=1526%2C1248&ssl=1\",\"contentUrl\":\"https:\\\/\\\/i0.wp.com\\\/istoc.eu\\\/wp-content\\\/uploads\\\/2023\\\/08\\\/pergamentas-30gr-30x30cm1000.jpg?fit=1526%2C1248&ssl=1\",\"width\":1526,\"height\":1248},{\"@type\":\"BreadcrumbList\",\"@id\":\"https:\\\/\\\/istoc.eu\\\/shop\\\/visos_prekes\\\/baltas-pakavimo-popierius-pizza-30gr-30x30cm500lapu\\\/#breadcrumb\",\"itemListElement\":[{\"@type\":\"ListItem\",\"position\":1,\"name\":\"Home\",\"item\":\"https:\\\/\\\/istoc.eu\\\/\"},{\"@type\":\"ListItem\",\"position\":2,\"name\":\"Shop\",\"item\":\"https:\\\/\\\/istoc.eu\\\/shop\\\/\"},{\"@type\":\"ListItem\",\"position\":3,\"name\":\"Pergamentinis popierius baltas 30gr PIZZA 30x30cm(1000lap\u0173)\"}]},{\"@type\":\"WebSite\",\"@id\":\"https:\\\/\\\/istoc.eu\\\/#website\",\"url\":\"https:\\\/\\\/istoc.eu\\\/\",\"name\":\"ISTOC | Eko pakuot\u0117\",\"description\":\"\",\"publisher\":{\"@id\":\"https:\\\/\\\/istoc.eu\\\/#organization\"},\"potentialAction\":[{\"@type\":\"SearchAction\",\"target\":{\"@type\":\"EntryPoint\",\"urlTemplate\":\"https:\\\/\\\/istoc.eu\\\/?s={search_term_string}\"},\"query-input\":{\"@type\":\"PropertyValueSpecification\",\"valueRequired\":true,\"valueName\":\"search_term_string\"}}],\"inLanguage\":\"en-GB\"},{\"@type\":\"Organization\",\"@id\":\"https:\\\/\\\/istoc.eu\\\/#organization\",\"name\":\"ISTOC | Eko pakuot\u0117\",\"url\":\"https:\\\/\\\/istoc.eu\\\/\",\"logo\":{\"@type\":\"ImageObject\",\"inLanguage\":\"en-GB\",\"@id\":\"https:\\\/\\\/istoc.eu\\\/#\\\/schema\\\/logo\\\/image\\\/\",\"url\":\"https:\\\/\\\/i0.wp.com\\\/istoc.eu\\\/wp-content\\\/uploads\\\/2025\\\/01\\\/cropped-istoc-logo.png?fit=1078%2C441&ssl=1\",\"contentUrl\":\"https:\\\/\\\/i0.wp.com\\\/istoc.eu\\\/wp-content\\\/uploads\\\/2025\\\/01\\\/cropped-istoc-logo.png?fit=1078%2C441&ssl=1\",\"width\":1078,\"height\":441,\"caption\":\"ISTOC | Eko pakuot\u0117\"},\"image\":{\"@id\":\"https:\\\/\\\/istoc.eu\\\/#\\\/schema\\\/logo\\\/image\\\/\"}}]}<\/script>\n<!-- \/ Yoast SEO Premium plugin. -->","yoast_head_json":{"title":"Ekologi\u0161kas pergamentinis baltas pakavimo popierius: Maisto pakavimas - ISTOC | Eko pakuot\u0117","description":"Aplinkai draugi\u0161kas pergamentinis pakavimo popierius, skirtas maisto \u0161vie\u017eumui i\u0161laikyti. Idealus m\u0117sai, s\u016briui, \u017euviai. Atsparus vandeniui ir riebalams.","robots":{"index":"index","follow":"follow","max-snippet":"max-snippet:-1","max-image-preview":"max-image-preview:large","max-video-preview":"max-video-preview:-1"},"canonical":"https:\/\/istoc.eu\/en\/shop\/visos_prekes\/baltas-pakavimo-popierius-pizza-30gr-30x30cm500lapu\/","og_locale":"en_GB","og_type":"article","og_title":"Pergamentinis popierius baltas 30gr PIZZA 30x30cm(1000lap\u0173)","og_description":"Aplinkai draugi\u0161kas pergamentinis pakavimo popierius, skirtas maisto \u0161vie\u017eumui i\u0161laikyti. Idealus m\u0117sai, s\u016briui, \u017euviai. Atsparus vandeniui ir riebalams.","og_url":"https:\/\/istoc.eu\/en\/shop\/visos_prekes\/baltas-pakavimo-popierius-pizza-30gr-30x30cm500lapu\/","og_site_name":"ISTOC | Eko pakuot\u0117","article_modified_time":"2025-06-19T13:45:57+00:00","og_image":[{"width":1526,"height":1248,"url":"https:\/\/istoc.eu\/wp-content\/uploads\/2023\/08\/pergamentas-30gr-30x30cm1000.jpg","type":"image\/jpeg"}],"twitter_card":"summary_large_image","twitter_misc":{"Estimated reading time":"1 minute"},"schema":{"@context":"https:\/\/schema.org","@graph":[{"@type":"WebPage","@id":"https:\/\/istoc.eu\/shop\/visos_prekes\/baltas-pakavimo-popierius-pizza-30gr-30x30cm500lapu\/","url":"https:\/\/istoc.eu\/shop\/visos_prekes\/baltas-pakavimo-popierius-pizza-30gr-30x30cm500lapu\/","name":"Ekologi\u0161kas pergamentinis baltas pakavimo popierius: Maisto pakavimas - ISTOC | Eko pakuot\u0117","isPartOf":{"@id":"https:\/\/istoc.eu\/#website"},"primaryImageOfPage":{"@id":"https:\/\/istoc.eu\/shop\/visos_prekes\/baltas-pakavimo-popierius-pizza-30gr-30x30cm500lapu\/#primaryimage"},"image":{"@id":"https:\/\/istoc.eu\/shop\/visos_prekes\/baltas-pakavimo-popierius-pizza-30gr-30x30cm500lapu\/#primaryimage"},"thumbnailUrl":"https:\/\/i0.wp.com\/istoc.eu\/wp-content\/uploads\/2023\/08\/pergamentas-30gr-30x30cm1000.jpg?fit=1526%2C1248&ssl=1","datePublished":"2023-08-09T14:50:41+00:00","dateModified":"2025-06-19T13:45:57+00:00","description":"Aplinkai draugi\u0161kas pergamentinis pakavimo popierius, skirtas maisto \u0161vie\u017eumui i\u0161laikyti. Idealus m\u0117sai, s\u016briui, \u017euviai. Atsparus vandeniui ir riebalams.","breadcrumb":{"@id":"https:\/\/istoc.eu\/shop\/visos_prekes\/baltas-pakavimo-popierius-pizza-30gr-30x30cm500lapu\/#breadcrumb"},"inLanguage":"en-GB","potentialAction":[{"@type":"ReadAction","target":["https:\/\/istoc.eu\/shop\/visos_prekes\/baltas-pakavimo-popierius-pizza-30gr-30x30cm500lapu\/"]}]},{"@type":"ImageObject","inLanguage":"en-GB","@id":"https:\/\/istoc.eu\/shop\/visos_prekes\/baltas-pakavimo-popierius-pizza-30gr-30x30cm500lapu\/#primaryimage","url":"https:\/\/i0.wp.com\/istoc.eu\/wp-content\/uploads\/2023\/08\/pergamentas-30gr-30x30cm1000.jpg?fit=1526%2C1248&ssl=1","contentUrl":"https:\/\/i0.wp.com\/istoc.eu\/wp-content\/uploads\/2023\/08\/pergamentas-30gr-30x30cm1000.jpg?fit=1526%2C1248&ssl=1","width":1526,"height":1248},{"@type":"BreadcrumbList","@id":"https:\/\/istoc.eu\/shop\/visos_prekes\/baltas-pakavimo-popierius-pizza-30gr-30x30cm500lapu\/#breadcrumb","itemListElement":[{"@type":"ListItem","position":1,"name":"Home","item":"https:\/\/istoc.eu\/"},{"@type":"ListItem","position":2,"name":"Shop","item":"https:\/\/istoc.eu\/shop\/"},{"@type":"ListItem","position":3,"name":"Pergamentinis popierius baltas 30gr PIZZA 30x30cm(1000lap\u0173)"}]},{"@type":"WebSite","@id":"https:\/\/istoc.eu\/#website","url":"https:\/\/istoc.eu\/","name":"ISTOC | Eko pakuot\u0117","description":"","publisher":{"@id":"https:\/\/istoc.eu\/#organization"},"potentialAction":[{"@type":"SearchAction","target":{"@type":"EntryPoint","urlTemplate":"https:\/\/istoc.eu\/?s={search_term_string}"},"query-input":{"@type":"PropertyValueSpecification","valueRequired":true,"valueName":"search_term_string"}}],"inLanguage":"en-GB"},{"@type":"Organization","@id":"https:\/\/istoc.eu\/#organization","name":"ISTOC | Eko pakuot\u0117","url":"https:\/\/istoc.eu\/","logo":{"@type":"ImageObject","inLanguage":"en-GB","@id":"https:\/\/istoc.eu\/#\/schema\/logo\/image\/","url":"https:\/\/i0.wp.com\/istoc.eu\/wp-content\/uploads\/2025\/01\/cropped-istoc-logo.png?fit=1078%2C441&ssl=1","contentUrl":"https:\/\/i0.wp.com\/istoc.eu\/wp-content\/uploads\/2025\/01\/cropped-istoc-logo.png?fit=1078%2C441&ssl=1","width":1078,"height":441,"caption":"ISTOC | Eko pakuot\u0117"},"image":{"@id":"https:\/\/istoc.eu\/#\/schema\/logo\/image\/"}}]}},"uagb_featured_image_src":{"full":["https:\/\/i0.wp.com\/istoc.eu\/wp-content\/uploads\/2023\/08\/pergamentas-30gr-30x30cm1000.jpg?fit=1526%2C1248&ssl=1",1526,1248,false],"thumbnail":["https:\/\/i0.wp.com\/istoc.eu\/wp-content\/uploads\/2023\/08\/pergamentas-30gr-30x30cm1000.jpg?resize=150%2C150&ssl=1",150,150,true],"medium":["https:\/\/i0.wp.com\/istoc.eu\/wp-content\/uploads\/2023\/08\/pergamentas-30gr-30x30cm1000.jpg?fit=300%2C245&ssl=1",300,245,true],"medium_large":["https:\/\/i0.wp.com\/istoc.eu\/wp-content\/uploads\/2023\/08\/pergamentas-30gr-30x30cm1000.jpg?fit=768%2C628&ssl=1",768,628,true],"large":["https:\/\/i0.wp.com\/istoc.eu\/wp-content\/uploads\/2023\/08\/pergamentas-30gr-30x30cm1000.jpg?fit=1024%2C837&ssl=1",1024,837,true],"1536x1536":["https:\/\/i0.wp.com\/istoc.eu\/wp-content\/uploads\/2023\/08\/pergamentas-30gr-30x30cm1000.jpg?fit=1526%2C1248&ssl=1",1526,1248,true],"2048x2048":["https:\/\/i0.wp.com\/istoc.eu\/wp-content\/uploads\/2023\/08\/pergamentas-30gr-30x30cm1000.jpg?fit=1526%2C1248&ssl=1",1526,1248,true],"trp-custom-language-flag":["https:\/\/i0.wp.com\/istoc.eu\/wp-content\/uploads\/2023\/08\/pergamentas-30gr-30x30cm1000.jpg?fit=15%2C12&ssl=1",15,12,true],"mailpoet_newsletter_max":["https:\/\/i0.wp.com\/istoc.eu\/wp-content\/uploads\/2023\/08\/pergamentas-30gr-30x30cm1000.jpg?fit=1320%2C1080&ssl=1",1320,1080,true],"woocommerce_thumbnail":["https:\/\/i0.wp.com\/istoc.eu\/wp-content\/uploads\/2023\/08\/pergamentas-30gr-30x30cm1000.jpg?resize=300%2C300&ssl=1",300,300,true],"woocommerce_single":["https:\/\/i0.wp.com\/istoc.eu\/wp-content\/uploads\/2023\/08\/pergamentas-30gr-30x30cm1000.jpg?fit=600%2C491&ssl=1",600,491,true],"woocommerce_gallery_thumbnail":["https:\/\/i0.wp.com\/istoc.eu\/wp-content\/uploads\/2023\/08\/pergamentas-30gr-30x30cm1000.jpg?resize=100%2C100&ssl=1",100,100,true]},"uagb_author_info":{"display_name":"admin","author_link":"https:\/\/istoc.eu\/en\/author\/"},"uagb_comment_info":0,"uagb_excerpt":"Prisistatome - inovatyvus vandeniui ir riebalams atsparus baltas pergamentinis popierius, sukurtas J\u016bs\u0173 maisto pakavimo poreikiams. \u0160is auk\u0161tos kokyb\u0117s pakavimo popierius, specialiai skirtas m\u0117sos, s\u016brio, \u017euvies, m\u0117saini\u0173, pannini sumu\u0161tini\u0173, de\u0161raini\u0173, kebab\u0173 ir kit\u0173 maisto produkt\u0173 vyniojimui,\u00a0 u\u017etikrina, kad J\u016bs\u0173 maistas i\u0161liks \u0161vie\u017eias ilgesn\u012f laik\u0105. Idealiai tinka pertiesti \u012f sausainini\u0173, pic\u0173 ir kitas d\u0117\u017eutes, kur yra riebal\u0173&hellip;","jetpack-related-posts":[],"jetpack_sharing_enabled":true,"_links":{"self":[{"href":"https:\/\/istoc.eu\/en\/wp-json\/wp\/v2\/product\/6047","targetHints":{"allow":["GET"]}}],"collection":[{"href":"https:\/\/istoc.eu\/en\/wp-json\/wp\/v2\/product"}],"about":[{"href":"https:\/\/istoc.eu\/en\/wp-json\/wp\/v2\/types\/product"}],"version-history":[{"count":8,"href":"https:\/\/istoc.eu\/en\/wp-json\/wp\/v2\/product\/6047\/revisions"}],"predecessor-version":[{"id":6482,"href":"https:\/\/istoc.eu\/en\/wp-json\/wp\/v2\/product\/6047\/revisions\/6482"}],"wp:featuredmedia":[{"embeddable":true,"href":"https:\/\/istoc.eu\/en\/wp-json\/wp\/v2\/media\/6481"}],"wp:attachment":[{"href":"https:\/\/istoc.eu\/en\/wp-json\/wp\/v2\/media?parent=6047"}],"wp:term":[{"taxonomy":"product_brand","embeddable":true,"href":"https:\/\/istoc.eu\/en\/wp-json\/wp\/v2\/product_brand?post=6047"},{"taxonomy":"product_cat","embeddable":true,"href":"https:\/\/istoc.eu\/en\/wp-json\/wp\/v2\/product_cat?post=6047"},{"taxonomy":"product_tag","embeddable":true,"href":"https:\/\/istoc.eu\/en\/wp-json\/wp\/v2\/product_tag?post=6047"}],"curies":[{"name":"wp","href":"https:\/\/api.w.org\/{rel}","templated":true}]}}