{"id":6067,"date":"2023-09-12T07:30:49","date_gmt":"2023-09-12T07:30:49","guid":{"rendered":"https:\/\/istoc.eu\/?post_type=product&#038;p=6067"},"modified":"2024-02-10T18:51:32","modified_gmt":"2024-02-10T18:51:32","slug":"vienkartines-gofruotos-kepureles-balta-100vnt","status":"publish","type":"product","link":"https:\/\/istoc.eu\/en\/shop\/visos_prekes\/vienkartines-gofruotos-kepureles-balta-100vnt\/","title":{"rendered":"Vienkartin\u0117s gofruotos kepur\u0117l\u0117s, balta (100VNT)"},"content":{"rendered":"<p>Unikalios gofruotos vienkartin\u0117s kepur\u0117l\u0117s i\u0161 polipropileno, tinka maisto pramon\u0117je, medicinoje, laboratorijose. U\u017etikrina higien\u0105 ir komfort\u0105.<\/p>\n<div style=\"background: #fff; padding: 10px;\">\n<ul>\n<li style=\"list-style-type: none;\">\n<ul>\n<li>Pakuot\u0117je 100vnt.<\/li>\n<li>Pagaminta su CE kokyb\u0117s \u017eenklu<\/li>\n<li>Pagaminta i\u0161 polipropileno<\/li>\n<li>\u0160\u012f produkt\u0105 galima pritaikyti maisto pramon\u0117je, medicinoje, laboratorijose ir kitose vietose, kur reikalinga apsauga nuo plauk\u0173<\/li>\n<li>Nesukelia alergijos, nes neturi latekso ar stiklo pluo\u0161to<\/li>\n<li>\u0160i med\u017eiaga leid\u017eia orui praeiti, tod\u0117l odai nekyla prakaitavimo problema, ir ji lengvai kv\u0117puoja.<\/li>\n<\/ul>\n<p>&nbsp;<\/li>\n<li style=\"list-style-type: none;\"><a href=\"https:\/\/istoc.eu\/shop\/visos_prekes\/vienkartines-gofruotos-kepureles-melyna-100vnt\/\">M\u0117lynos kepur\u0117l\u0117s<\/a><br \/>\n<h2>U\u017esakymo forma<\/h2>\n<p>Prek\u0117s kodas: <strong>11033<\/strong><\/p>\n<div style=\"padding: 5px;\"><div class=\"wpforms-container wpforms-render-modern\" id=\"wpforms-5655\"><form id=\"wpforms-form-5655\" class=\"wpforms-validate wpforms-form wpforms-ajax-form\" data-formid=\"5655\" method=\"post\" enctype=\"multipart\/form-data\" action=\"\/en\/wp-json\/wp\/v2\/product\/6067\" data-token=\"30e3ff43cec9062708b40e1791c2d603\" data-token-time=\"1777438475\"><noscript class=\"wpforms-error-noscript\">Please enable JavaScript in your browser to complete this form.<\/noscript><div id=\"wpforms-error-noscript\" style=\"display: none;\">Please enable JavaScript in your browser to complete this form.<\/div><div class=\"wpforms-field-container\"><div id=\"wpforms-5655-field_0-container\" class=\"wpforms-field wpforms-field-name\" data-field-id=\"0\"><label class=\"wpforms-field-label\" for=\"wpforms-5655-field_0\">Vardas <span class=\"wpforms-required-label\" aria-hidden=\"true\">*<\/span><\/label><input type=\"text\" id=\"wpforms-5655-field_0\" class=\"wpforms-field-large wpforms-field-required\" name=\"wpforms[fields][0]\" aria-errormessage=\"wpforms-5655-field_0-error\" required><\/div><div id=\"wpforms-5655-field_1-container\" class=\"wpforms-field wpforms-field-email\" data-field-id=\"1\"><fieldset><legend class=\"wpforms-field-label\">El. Pa\u0161tas <span class=\"wpforms-required-label\" aria-hidden=\"true\">*<\/span><\/legend><div class=\"wpforms-field-row wpforms-field-large\"><div class=\"wpforms-field-row-block wpforms-one-half wpforms-first\"><input type=\"email\" id=\"wpforms-5655-field_1\" class=\"wpforms-field-required wpforms-field-email-primary\" name=\"wpforms[fields][1][primary]\" spellcheck=\"false\" aria-errormessage=\"wpforms-5655-field_1-error\" required><label for=\"wpforms-5655-field_1\" class=\"wpforms-field-sublabel after\">Email<\/label><\/div><div class=\"wpforms-field-row-block wpforms-one-half\"><input type=\"email\" id=\"wpforms-5655-field_1-secondary\" class=\"wpforms-field-email-secondary wpforms-field-required\" data-rule-confirm=\"#wpforms-5655-field_1\" name=\"wpforms[fields][1][secondary]\" spellcheck=\"false\" aria-errormessage=\"wpforms-5655-field_1-secondary-error\" required><label for=\"wpforms-5655-field_1-secondary\" class=\"wpforms-field-sublabel after\">Confirm Email<\/label><\/div><\/div><\/fieldset><\/div><div id=\"wpforms-5655-field_3-container\" class=\"wpforms-field wpforms-field-number\" data-field-id=\"3\"><label class=\"wpforms-field-label\" for=\"wpforms-5655-field_3\">Prekes kodas <span class=\"wpforms-required-label\" aria-hidden=\"true\">*<\/span><\/label><input type=\"number\" id=\"wpforms-5655-field_3\" class=\"wpforms-field-small wpforms-field-required\" name=\"wpforms[fields][3]\" step=\"any\" aria-errormessage=\"wpforms-5655-field_3-error\" required><\/div><div id=\"wpforms-5655-field_2-container\" class=\"wpforms-field wpforms-field-textarea\" data-field-id=\"2\"><label class=\"wpforms-field-label\" for=\"wpforms-5655-field_2\">Prane\u0161imas<\/label><textarea id=\"wpforms-5655-field_2\" class=\"wpforms-field-medium wpforms-limit-words-enabled\" data-form-id=\"5655\" data-field-id=\"2\" data-text-limit=\"100\" name=\"wpforms[fields][2]\" aria-errormessage=\"wpforms-5655-field_2-error\" ><\/textarea><\/div><\/div><!-- .wpforms-field-container --><div class=\"wpforms-submit-container\" ><input type=\"hidden\" name=\"wpforms[id]\" value=\"5655\"><input type=\"hidden\" name=\"page_title\" value=\"\"><input type=\"hidden\" name=\"page_url\" value=\"https:\/\/istoc.eu\/en\/wp-json\/wp\/v2\/product\/6067\"><input type=\"hidden\" name=\"url_referer\" value=\"\"><button type=\"submit\" name=\"wpforms[submit]\" id=\"wpforms-submit-5655\" class=\"wpforms-submit\" data-alt-text=\"Siun\u010diama...\" data-submit-text=\"Si\u0173sti\" aria-live=\"assertive\" value=\"wpforms-submit\">Si\u0173sti<\/button><img decoding=\"async\" src=\"https:\/\/istoc.eu\/wp-content\/plugins\/wpforms-lite\/assets\/images\/submit-spin.svg\" class=\"wpforms-submit-spinner\" style=\"display: none;\" width=\"26\" height=\"26\" alt=\"Loading\"><\/div><\/form><\/div>  <!-- .wpforms-container --><\/div>\n<\/li>\n<\/ul>\n<\/div>\n","protected":false},"excerpt":{"rendered":"<p>Pristatome unikalias gofruotas vir\u0117jo kepur\u0117les, kurios yra b\u016btinas atributas kiekvienoje profesionalioje virtuv\u0117je, maisto pramon\u0117s \u012fmon\u0117je, medicinos \u012fstaigose bei laboratorijose. \u0160ios vienkartin\u0117s kepur\u0117l\u0117s, pagamintos i\u0161 auk\u0161tos kokyb\u0117s polipropileno, garantuoja nepriekai\u0161ting\u0105 higien\u0105 ir apsaugo maist\u0105 nuo plauk\u0173 patekimo, u\u017etikrindamos saug\u0173 ir \u0161var\u0173 darbo aplink\u0105.<\/p>\n<p>D\u0117l dviej\u0173 lank\u0161\u010di\u0173 juost\u0173 \u0161ios kepur\u0117l\u0117s u\u017etikrina puik\u0173 prigludim\u0105 prie galvos, kartu suteikdamos komfort\u0105 ir apsaug\u0105 nuo galim\u0173 tr\u016bkim\u0173. Kiekvienoje pakuot\u0117je rasite 100 vienet\u0173, leid\u017eian\u010di\u0173 u\u017etikrinti ilgalaik\u012f naudojim\u0105 ir efektyvum\u0105.<\/p>\n<p>Gofruotos kepur\u0117l\u0117s yra pagamintos laikantis grie\u017et\u0173 CE kokyb\u0117s standart\u0173, tod\u0117l galite b\u016bti tikri d\u0117l j\u0173 patikimumo ir kokyb\u0117s. Be to, \u0161ios kepur\u0117l\u0117s yra visi\u0161kai nealergi\u0161kos, nes sud\u0117tyje neturi nei latekso, nei stiklo pluo\u0161to, u\u017etikrindamos maksimal\u0173 patogum\u0105 net ir ilgai d\u0117vint.<\/p>\n<p>Svarbiausia, \u0161i\u0173 kepur\u0117li\u0173 polipropileno med\u017eiaga leid\u017eia orui praeiti, tod\u0117l u\u017ekertamas kelias prakaitavimui ir u\u017etikrinama, kad oda gal\u0117t\u0173 lengvai kv\u0117puoti net pa\u010diomis intensyviausiomis darbo valandomis. Tai daro \u0161ias kepur\u0117les idealiu pasirinkimu bet kurioje situacijoje, kur higiena yra prioritetinis faktorius.<\/p>\n<p>Prek\u0117s kodas: <strong>11033<\/strong><\/p>","protected":false},"featured_media":6069,"template":"","meta":{"_uag_custom_page_level_css":"","site-sidebar-layout":"default","site-content-layout":"default","ast-site-content-layout":"default","site-content-style":"default","site-sidebar-style":"default","ast-global-header-display":"","ast-banner-title-visibility":"","ast-main-header-display":"","ast-hfb-above-header-display":"","ast-hfb-below-header-display":"","ast-hfb-mobile-header-display":"","site-post-title":"","ast-breadcrumbs-content":"","ast-featured-img":"","footer-sml-layout":"","ast-disable-related-posts":"","theme-transparent-header-meta":"default","adv-header-id-meta":"","stick-header-meta":"default","header-above-stick-meta":"","header-main-stick-meta":"","header-below-stick-meta":"","astra-migrate-meta-layouts":"set","ast-page-background-enabled":"default","ast-page-background-meta":{"desktop":{"background-color":"","background-image":"","background-repeat":"repeat","background-position":"center center","background-size":"auto","background-attachment":"scroll","background-type":"","background-media":"","overlay-type":"","overlay-color":"","overlay-opacity":"","overlay-gradient":""},"tablet":{"background-color":"","background-image":"","background-repeat":"repeat","background-position":"center center","background-size":"auto","background-attachment":"scroll","background-type":"","background-media":"","overlay-type":"","overlay-color":"","overlay-opacity":"","overlay-gradient":""},"mobile":{"background-color":"","background-image":"","background-repeat":"repeat","background-position":"center center","background-size":"auto","background-attachment":"scroll","background-type":"","background-media":"","overlay-type":"","overlay-color":"","overlay-opacity":"","overlay-gradient":""}},"ast-content-background-meta":{"desktop":{"background-color":"var(--ast-global-color-5)","background-image":"","background-repeat":"repeat","background-position":"center center","background-size":"auto","background-attachment":"scroll","background-type":"","background-media":"","overlay-type":"","overlay-color":"","overlay-opacity":"","overlay-gradient":""},"tablet":{"background-color":"var(--ast-global-color-5)","background-image":"","background-repeat":"repeat","background-position":"center center","background-size":"auto","background-attachment":"scroll","background-type":"","background-media":"","overlay-type":"","overlay-color":"","overlay-opacity":"","overlay-gradient":""},"mobile":{"background-color":"var(--ast-global-color-5)","background-image":"","background-repeat":"repeat","background-position":"center center","background-size":"auto","background-attachment":"scroll","background-type":"","background-media":"","overlay-type":"","overlay-color":"","overlay-opacity":"","overlay-gradient":""}}},"product_brand":[],"product_cat":[35,15],"product_tag":[41,42,38,39,40],"class_list":{"0":"post-6067","1":"product","2":"type-product","3":"status-publish","4":"has-post-thumbnail","6":"product_cat-higienos_prekes","7":"product_cat-visos_prekes","8":"product_tag-pakavimo-plevele","9":"product_tag-strech-juosta","10":"product_tag-stretch","11":"product_tag-stretch-film","12":"product_tag-stretch-plevele","13":"desktop-align-center","14":"tablet-align-center","15":"mobile-align-center","16":"ast-product-gallery-layout-horizontal","17":"ast-product-tabs-layout-horizontal","18":"ast-qv-on-image","20":"first","21":"instock","22":"shipping-taxable","23":"product-type-simple"},"yoast_head":"<!-- This site is optimized with the Yoast SEO Premium plugin v20.11 (Yoast SEO v27.5) - https:\/\/yoast.com\/product\/yoast-seo-premium-wordpress\/ -->\n<title>Vienkartin\u0117s gofruotos kepur\u0117l\u0117s, balta (100VNT) - ISTOC | Eko pakuot\u0117<\/title>\n<meta name=\"robots\" content=\"noindex, follow\" \/>\n<meta property=\"og:locale\" content=\"en_GB\" \/>\n<meta property=\"og:type\" content=\"article\" \/>\n<meta property=\"og:title\" content=\"Vienkartin\u0117s gofruotos kepur\u0117l\u0117s, balta (100VNT)\" \/>\n<meta property=\"og:description\" content=\"Pristatome unikalias gofruotas vir\u0117jo kepur\u0117les, kurios yra b\u016btinas atributas kiekvienoje profesionalioje virtuv\u0117je, maisto pramon\u0117s \u012fmon\u0117je, medicinos \u012fstaigose bei laboratorijose. \u0160ios vienkartin\u0117s kepur\u0117l\u0117s, pagamintos i\u0161 auk\u0161tos kokyb\u0117s polipropileno, garantuoja nepriekai\u0161ting\u0105 higien\u0105 ir apsaugo maist\u0105 nuo plauk\u0173 patekimo, u\u017etikrindamos saug\u0173 ir \u0161var\u0173 darbo aplink\u0105.  D\u0117l dviej\u0173 lank\u0161\u010di\u0173 juost\u0173 \u0161ios kepur\u0117l\u0117s u\u017etikrina puik\u0173 prigludim\u0105 prie galvos, kartu suteikdamos komfort\u0105 ir apsaug\u0105 nuo galim\u0173 tr\u016bkim\u0173. Kiekvienoje pakuot\u0117je rasite 100 vienet\u0173, leid\u017eian\u010di\u0173 u\u017etikrinti ilgalaik\u012f naudojim\u0105 ir efektyvum\u0105.  Gofruotos kepur\u0117l\u0117s yra pagamintos laikantis grie\u017et\u0173 CE kokyb\u0117s standart\u0173, tod\u0117l galite b\u016bti tikri d\u0117l j\u0173 patikimumo ir kokyb\u0117s. Be to, \u0161ios kepur\u0117l\u0117s yra visi\u0161kai nealergi\u0161kos, nes sud\u0117tyje neturi nei latekso, nei stiklo pluo\u0161to, u\u017etikrindamos maksimal\u0173 patogum\u0105 net ir ilgai d\u0117vint.  Svarbiausia, \u0161i\u0173 kepur\u0117li\u0173 polipropileno med\u017eiaga leid\u017eia orui praeiti, tod\u0117l u\u017ekertamas kelias prakaitavimui ir u\u017etikrinama, kad oda gal\u0117t\u0173 lengvai kv\u0117puoti net pa\u010diomis intensyviausiomis darbo valandomis. Tai daro \u0161ias kepur\u0117les idealiu pasirinkimu bet kurioje situacijoje, kur higiena yra prioritetinis faktorius.  Prek\u0117s kodas: 11033\" \/>\n<meta property=\"og:url\" content=\"https:\/\/istoc.eu\/en\/shop\/visos_prekes\/vienkartines-gofruotos-kepureles-balta-100vnt\/\" \/>\n<meta property=\"og:site_name\" content=\"ISTOC | Eko pakuot\u0117\" \/>\n<meta property=\"article:modified_time\" content=\"2024-02-10T18:51:32+00:00\" \/>\n<meta property=\"og:image\" content=\"https:\/\/istoc.eu\/wp-content\/uploads\/2023\/09\/gofruotos-kepureles-baltos.webp\" \/>\n\t<meta property=\"og:image:width\" content=\"1000\" \/>\n\t<meta property=\"og:image:height\" content=\"1000\" \/>\n\t<meta property=\"og:image:type\" content=\"image\/webp\" \/>\n<meta name=\"twitter:card\" content=\"summary_large_image\" \/>\n<meta name=\"twitter:label1\" content=\"Estimated reading time\" \/>\n\t<meta name=\"twitter:data1\" content=\"1 minute\" \/>\n<script type=\"application\/ld+json\" class=\"yoast-schema-graph\">{\"@context\":\"https:\\\/\\\/schema.org\",\"@graph\":[{\"@type\":\"WebPage\",\"@id\":\"https:\\\/\\\/istoc.eu\\\/shop\\\/visos_prekes\\\/vienkartines-gofruotos-kepureles-balta-100vnt\\\/\",\"url\":\"https:\\\/\\\/istoc.eu\\\/shop\\\/visos_prekes\\\/vienkartines-gofruotos-kepureles-balta-100vnt\\\/\",\"name\":\"Vienkartin\u0117s gofruotos kepur\u0117l\u0117s, balta (100VNT) - ISTOC | Eko pakuot\u0117\",\"isPartOf\":{\"@id\":\"https:\\\/\\\/istoc.eu\\\/#website\"},\"primaryImageOfPage\":{\"@id\":\"https:\\\/\\\/istoc.eu\\\/shop\\\/visos_prekes\\\/vienkartines-gofruotos-kepureles-balta-100vnt\\\/#primaryimage\"},\"image\":{\"@id\":\"https:\\\/\\\/istoc.eu\\\/shop\\\/visos_prekes\\\/vienkartines-gofruotos-kepureles-balta-100vnt\\\/#primaryimage\"},\"thumbnailUrl\":\"https:\\\/\\\/i0.wp.com\\\/istoc.eu\\\/wp-content\\\/uploads\\\/2023\\\/09\\\/gofruotos-kepureles-baltos.webp?fit=1000%2C1000&ssl=1\",\"datePublished\":\"2023-09-12T07:30:49+00:00\",\"dateModified\":\"2024-02-10T18:51:32+00:00\",\"breadcrumb\":{\"@id\":\"https:\\\/\\\/istoc.eu\\\/shop\\\/visos_prekes\\\/vienkartines-gofruotos-kepureles-balta-100vnt\\\/#breadcrumb\"},\"inLanguage\":\"en-GB\",\"potentialAction\":[{\"@type\":\"ReadAction\",\"target\":[\"https:\\\/\\\/istoc.eu\\\/shop\\\/visos_prekes\\\/vienkartines-gofruotos-kepureles-balta-100vnt\\\/\"]}]},{\"@type\":\"ImageObject\",\"inLanguage\":\"en-GB\",\"@id\":\"https:\\\/\\\/istoc.eu\\\/shop\\\/visos_prekes\\\/vienkartines-gofruotos-kepureles-balta-100vnt\\\/#primaryimage\",\"url\":\"https:\\\/\\\/i0.wp.com\\\/istoc.eu\\\/wp-content\\\/uploads\\\/2023\\\/09\\\/gofruotos-kepureles-baltos.webp?fit=1000%2C1000&ssl=1\",\"contentUrl\":\"https:\\\/\\\/i0.wp.com\\\/istoc.eu\\\/wp-content\\\/uploads\\\/2023\\\/09\\\/gofruotos-kepureles-baltos.webp?fit=1000%2C1000&ssl=1\",\"width\":1000,\"height\":1000,\"caption\":\"gofruotos kepur\u0117l\u0117s baltos\"},{\"@type\":\"BreadcrumbList\",\"@id\":\"https:\\\/\\\/istoc.eu\\\/shop\\\/visos_prekes\\\/vienkartines-gofruotos-kepureles-balta-100vnt\\\/#breadcrumb\",\"itemListElement\":[{\"@type\":\"ListItem\",\"position\":1,\"name\":\"Home\",\"item\":\"https:\\\/\\\/istoc.eu\\\/\"},{\"@type\":\"ListItem\",\"position\":2,\"name\":\"Shop\",\"item\":\"https:\\\/\\\/istoc.eu\\\/shop\\\/\"},{\"@type\":\"ListItem\",\"position\":3,\"name\":\"Vienkartin\u0117s gofruotos kepur\u0117l\u0117s, balta (100VNT)\"}]},{\"@type\":\"WebSite\",\"@id\":\"https:\\\/\\\/istoc.eu\\\/#website\",\"url\":\"https:\\\/\\\/istoc.eu\\\/\",\"name\":\"ISTOC | Eko pakuot\u0117\",\"description\":\"\",\"publisher\":{\"@id\":\"https:\\\/\\\/istoc.eu\\\/#organization\"},\"potentialAction\":[{\"@type\":\"SearchAction\",\"target\":{\"@type\":\"EntryPoint\",\"urlTemplate\":\"https:\\\/\\\/istoc.eu\\\/?s={search_term_string}\"},\"query-input\":{\"@type\":\"PropertyValueSpecification\",\"valueRequired\":true,\"valueName\":\"search_term_string\"}}],\"inLanguage\":\"en-GB\"},{\"@type\":\"Organization\",\"@id\":\"https:\\\/\\\/istoc.eu\\\/#organization\",\"name\":\"ISTOC | Eko pakuot\u0117\",\"url\":\"https:\\\/\\\/istoc.eu\\\/\",\"logo\":{\"@type\":\"ImageObject\",\"inLanguage\":\"en-GB\",\"@id\":\"https:\\\/\\\/istoc.eu\\\/#\\\/schema\\\/logo\\\/image\\\/\",\"url\":\"https:\\\/\\\/i0.wp.com\\\/istoc.eu\\\/wp-content\\\/uploads\\\/2025\\\/01\\\/cropped-istoc-logo.png?fit=1078%2C441&ssl=1\",\"contentUrl\":\"https:\\\/\\\/i0.wp.com\\\/istoc.eu\\\/wp-content\\\/uploads\\\/2025\\\/01\\\/cropped-istoc-logo.png?fit=1078%2C441&ssl=1\",\"width\":1078,\"height\":441,\"caption\":\"ISTOC | Eko pakuot\u0117\"},\"image\":{\"@id\":\"https:\\\/\\\/istoc.eu\\\/#\\\/schema\\\/logo\\\/image\\\/\"}}]}<\/script>\n<!-- \/ Yoast SEO Premium plugin. -->","yoast_head_json":{"title":"Vienkartin\u0117s gofruotos kepur\u0117l\u0117s, balta (100VNT) - ISTOC | Eko pakuot\u0117","robots":{"index":"noindex","follow":"follow"},"og_locale":"en_GB","og_type":"article","og_title":"Vienkartin\u0117s gofruotos kepur\u0117l\u0117s, balta (100VNT)","og_description":"Pristatome unikalias gofruotas vir\u0117jo kepur\u0117les, kurios yra b\u016btinas atributas kiekvienoje profesionalioje virtuv\u0117je, maisto pramon\u0117s \u012fmon\u0117je, medicinos \u012fstaigose bei laboratorijose. \u0160ios vienkartin\u0117s kepur\u0117l\u0117s, pagamintos i\u0161 auk\u0161tos kokyb\u0117s polipropileno, garantuoja nepriekai\u0161ting\u0105 higien\u0105 ir apsaugo maist\u0105 nuo plauk\u0173 patekimo, u\u017etikrindamos saug\u0173 ir \u0161var\u0173 darbo aplink\u0105.  D\u0117l dviej\u0173 lank\u0161\u010di\u0173 juost\u0173 \u0161ios kepur\u0117l\u0117s u\u017etikrina puik\u0173 prigludim\u0105 prie galvos, kartu suteikdamos komfort\u0105 ir apsaug\u0105 nuo galim\u0173 tr\u016bkim\u0173. Kiekvienoje pakuot\u0117je rasite 100 vienet\u0173, leid\u017eian\u010di\u0173 u\u017etikrinti ilgalaik\u012f naudojim\u0105 ir efektyvum\u0105.  Gofruotos kepur\u0117l\u0117s yra pagamintos laikantis grie\u017et\u0173 CE kokyb\u0117s standart\u0173, tod\u0117l galite b\u016bti tikri d\u0117l j\u0173 patikimumo ir kokyb\u0117s. Be to, \u0161ios kepur\u0117l\u0117s yra visi\u0161kai nealergi\u0161kos, nes sud\u0117tyje neturi nei latekso, nei stiklo pluo\u0161to, u\u017etikrindamos maksimal\u0173 patogum\u0105 net ir ilgai d\u0117vint.  Svarbiausia, \u0161i\u0173 kepur\u0117li\u0173 polipropileno med\u017eiaga leid\u017eia orui praeiti, tod\u0117l u\u017ekertamas kelias prakaitavimui ir u\u017etikrinama, kad oda gal\u0117t\u0173 lengvai kv\u0117puoti net pa\u010diomis intensyviausiomis darbo valandomis. Tai daro \u0161ias kepur\u0117les idealiu pasirinkimu bet kurioje situacijoje, kur higiena yra prioritetinis faktorius.  Prek\u0117s kodas: 11033","og_url":"https:\/\/istoc.eu\/en\/shop\/visos_prekes\/vienkartines-gofruotos-kepureles-balta-100vnt\/","og_site_name":"ISTOC | Eko pakuot\u0117","article_modified_time":"2024-02-10T18:51:32+00:00","og_image":[{"width":1000,"height":1000,"url":"https:\/\/istoc.eu\/wp-content\/uploads\/2023\/09\/gofruotos-kepureles-baltos.webp","type":"image\/webp"}],"twitter_card":"summary_large_image","twitter_misc":{"Estimated reading time":"1 minute"},"schema":{"@context":"https:\/\/schema.org","@graph":[{"@type":"WebPage","@id":"https:\/\/istoc.eu\/shop\/visos_prekes\/vienkartines-gofruotos-kepureles-balta-100vnt\/","url":"https:\/\/istoc.eu\/shop\/visos_prekes\/vienkartines-gofruotos-kepureles-balta-100vnt\/","name":"Vienkartin\u0117s gofruotos kepur\u0117l\u0117s, balta (100VNT) - ISTOC | Eko pakuot\u0117","isPartOf":{"@id":"https:\/\/istoc.eu\/#website"},"primaryImageOfPage":{"@id":"https:\/\/istoc.eu\/shop\/visos_prekes\/vienkartines-gofruotos-kepureles-balta-100vnt\/#primaryimage"},"image":{"@id":"https:\/\/istoc.eu\/shop\/visos_prekes\/vienkartines-gofruotos-kepureles-balta-100vnt\/#primaryimage"},"thumbnailUrl":"https:\/\/i0.wp.com\/istoc.eu\/wp-content\/uploads\/2023\/09\/gofruotos-kepureles-baltos.webp?fit=1000%2C1000&ssl=1","datePublished":"2023-09-12T07:30:49+00:00","dateModified":"2024-02-10T18:51:32+00:00","breadcrumb":{"@id":"https:\/\/istoc.eu\/shop\/visos_prekes\/vienkartines-gofruotos-kepureles-balta-100vnt\/#breadcrumb"},"inLanguage":"en-GB","potentialAction":[{"@type":"ReadAction","target":["https:\/\/istoc.eu\/shop\/visos_prekes\/vienkartines-gofruotos-kepureles-balta-100vnt\/"]}]},{"@type":"ImageObject","inLanguage":"en-GB","@id":"https:\/\/istoc.eu\/shop\/visos_prekes\/vienkartines-gofruotos-kepureles-balta-100vnt\/#primaryimage","url":"https:\/\/i0.wp.com\/istoc.eu\/wp-content\/uploads\/2023\/09\/gofruotos-kepureles-baltos.webp?fit=1000%2C1000&ssl=1","contentUrl":"https:\/\/i0.wp.com\/istoc.eu\/wp-content\/uploads\/2023\/09\/gofruotos-kepureles-baltos.webp?fit=1000%2C1000&ssl=1","width":1000,"height":1000,"caption":"gofruotos kepur\u0117l\u0117s baltos"},{"@type":"BreadcrumbList","@id":"https:\/\/istoc.eu\/shop\/visos_prekes\/vienkartines-gofruotos-kepureles-balta-100vnt\/#breadcrumb","itemListElement":[{"@type":"ListItem","position":1,"name":"Home","item":"https:\/\/istoc.eu\/"},{"@type":"ListItem","position":2,"name":"Shop","item":"https:\/\/istoc.eu\/shop\/"},{"@type":"ListItem","position":3,"name":"Vienkartin\u0117s gofruotos kepur\u0117l\u0117s, balta (100VNT)"}]},{"@type":"WebSite","@id":"https:\/\/istoc.eu\/#website","url":"https:\/\/istoc.eu\/","name":"ISTOC | Eko pakuot\u0117","description":"","publisher":{"@id":"https:\/\/istoc.eu\/#organization"},"potentialAction":[{"@type":"SearchAction","target":{"@type":"EntryPoint","urlTemplate":"https:\/\/istoc.eu\/?s={search_term_string}"},"query-input":{"@type":"PropertyValueSpecification","valueRequired":true,"valueName":"search_term_string"}}],"inLanguage":"en-GB"},{"@type":"Organization","@id":"https:\/\/istoc.eu\/#organization","name":"ISTOC | Eko pakuot\u0117","url":"https:\/\/istoc.eu\/","logo":{"@type":"ImageObject","inLanguage":"en-GB","@id":"https:\/\/istoc.eu\/#\/schema\/logo\/image\/","url":"https:\/\/i0.wp.com\/istoc.eu\/wp-content\/uploads\/2025\/01\/cropped-istoc-logo.png?fit=1078%2C441&ssl=1","contentUrl":"https:\/\/i0.wp.com\/istoc.eu\/wp-content\/uploads\/2025\/01\/cropped-istoc-logo.png?fit=1078%2C441&ssl=1","width":1078,"height":441,"caption":"ISTOC | Eko pakuot\u0117"},"image":{"@id":"https:\/\/istoc.eu\/#\/schema\/logo\/image\/"}}]}},"uagb_featured_image_src":{"full":["https:\/\/i0.wp.com\/istoc.eu\/wp-content\/uploads\/2023\/09\/gofruotos-kepureles-baltos.webp?fit=1000%2C1000&ssl=1",1000,1000,false],"thumbnail":["https:\/\/i0.wp.com\/istoc.eu\/wp-content\/uploads\/2023\/09\/gofruotos-kepureles-baltos.webp?resize=150%2C150&ssl=1",150,150,true],"medium":["https:\/\/i0.wp.com\/istoc.eu\/wp-content\/uploads\/2023\/09\/gofruotos-kepureles-baltos.webp?fit=300%2C300&ssl=1",300,300,true],"medium_large":["https:\/\/i0.wp.com\/istoc.eu\/wp-content\/uploads\/2023\/09\/gofruotos-kepureles-baltos.webp?fit=768%2C768&ssl=1",768,768,true],"large":["https:\/\/i0.wp.com\/istoc.eu\/wp-content\/uploads\/2023\/09\/gofruotos-kepureles-baltos.webp?fit=1000%2C1000&ssl=1",1000,1000,true],"1536x1536":["https:\/\/i0.wp.com\/istoc.eu\/wp-content\/uploads\/2023\/09\/gofruotos-kepureles-baltos.webp?fit=1000%2C1000&ssl=1",1000,1000,true],"2048x2048":["https:\/\/i0.wp.com\/istoc.eu\/wp-content\/uploads\/2023\/09\/gofruotos-kepureles-baltos.webp?fit=1000%2C1000&ssl=1",1000,1000,true],"trp-custom-language-flag":["https:\/\/i0.wp.com\/istoc.eu\/wp-content\/uploads\/2023\/09\/gofruotos-kepureles-baltos.webp?fit=12%2C12&ssl=1",12,12,true],"mailpoet_newsletter_max":["https:\/\/i0.wp.com\/istoc.eu\/wp-content\/uploads\/2023\/09\/gofruotos-kepureles-baltos.webp?fit=1000%2C1000&ssl=1",1000,1000,true],"woocommerce_thumbnail":["https:\/\/i0.wp.com\/istoc.eu\/wp-content\/uploads\/2023\/09\/gofruotos-kepureles-baltos.webp?resize=300%2C300&ssl=1",300,300,true],"woocommerce_single":["https:\/\/i0.wp.com\/istoc.eu\/wp-content\/uploads\/2023\/09\/gofruotos-kepureles-baltos.webp?fit=600%2C600&ssl=1",600,600,true],"woocommerce_gallery_thumbnail":["https:\/\/i0.wp.com\/istoc.eu\/wp-content\/uploads\/2023\/09\/gofruotos-kepureles-baltos.webp?resize=100%2C100&ssl=1",100,100,true]},"uagb_author_info":{"display_name":"admin","author_link":"https:\/\/istoc.eu\/en\/author\/"},"uagb_comment_info":0,"uagb_excerpt":"Pristatome unikalias gofruotas vir\u0117jo kepur\u0117les, kurios yra b\u016btinas atributas kiekvienoje profesionalioje virtuv\u0117je, maisto pramon\u0117s \u012fmon\u0117je, medicinos \u012fstaigose bei laboratorijose. \u0160ios vienkartin\u0117s kepur\u0117l\u0117s, pagamintos i\u0161 auk\u0161tos kokyb\u0117s polipropileno, garantuoja nepriekai\u0161ting\u0105 higien\u0105 ir apsaugo maist\u0105 nuo plauk\u0173 patekimo, u\u017etikrindamos saug\u0173 ir \u0161var\u0173 darbo aplink\u0105. D\u0117l dviej\u0173 lank\u0161\u010di\u0173 juost\u0173 \u0161ios kepur\u0117l\u0117s u\u017etikrina puik\u0173 prigludim\u0105 prie galvos, kartu suteikdamos&hellip;","jetpack-related-posts":[],"jetpack_sharing_enabled":true,"_links":{"self":[{"href":"https:\/\/istoc.eu\/en\/wp-json\/wp\/v2\/product\/6067","targetHints":{"allow":["GET"]}}],"collection":[{"href":"https:\/\/istoc.eu\/en\/wp-json\/wp\/v2\/product"}],"about":[{"href":"https:\/\/istoc.eu\/en\/wp-json\/wp\/v2\/types\/product"}],"version-history":[{"count":4,"href":"https:\/\/istoc.eu\/en\/wp-json\/wp\/v2\/product\/6067\/revisions"}],"predecessor-version":[{"id":6274,"href":"https:\/\/istoc.eu\/en\/wp-json\/wp\/v2\/product\/6067\/revisions\/6274"}],"wp:featuredmedia":[{"embeddable":true,"href":"https:\/\/istoc.eu\/en\/wp-json\/wp\/v2\/media\/6069"}],"wp:attachment":[{"href":"https:\/\/istoc.eu\/en\/wp-json\/wp\/v2\/media?parent=6067"}],"wp:term":[{"taxonomy":"product_brand","embeddable":true,"href":"https:\/\/istoc.eu\/en\/wp-json\/wp\/v2\/product_brand?post=6067"},{"taxonomy":"product_cat","embeddable":true,"href":"https:\/\/istoc.eu\/en\/wp-json\/wp\/v2\/product_cat?post=6067"},{"taxonomy":"product_tag","embeddable":true,"href":"https:\/\/istoc.eu\/en\/wp-json\/wp\/v2\/product_tag?post=6067"}],"curies":[{"name":"wp","href":"https:\/\/api.w.org\/{rel}","templated":true}]}}