{"id":6111,"date":"2023-09-12T08:15:44","date_gmt":"2023-09-12T08:15:44","guid":{"rendered":"https:\/\/istoc.eu\/?post_type=product&#038;p=6111"},"modified":"2025-06-13T15:01:09","modified_gmt":"2025-06-13T15:01:09","slug":"silikonizuotas-kepimo-popierius-40cm-x-200m-6vnt","status":"publish","type":"product","link":"https:\/\/istoc.eu\/en\/shop\/visos_prekes\/silikonizuotas-kepimo-popierius-40cm-x-200m-6vnt\/","title":{"rendered":"Silikoninis dvipusis kepimo popierius: Nepriekai\u0161tinga kepimo patirtis"},"content":{"rendered":"<p>Dvipusis silikoninis kepimo popierius:<\/p>\n<div style=\"background: #fff; padding: 10px;\">\n<ul>\n<li>Formatas: <strong>39 GSM<\/strong><\/li>\n<li>Dydis: <strong>40cm x 200m<\/strong><\/li>\n<li>Pakuot\u0117je: <strong>6vnt<\/strong><\/li>\n<li>Spalva: <strong>Baltas<\/strong><\/li>\n<\/ul>\n<ul>\n<li><a href=\"https:\/\/istoc.eu\/shop\/visos_prekes\/silikonizuotas-kepimo-popierius-40cm-x-200m-6vnt\/\">Silikonizuotas Kepimo Popierius 40cm x 200m (6vnt)<\/a><\/li>\n<li><a href=\"https:\/\/istoc.eu\/shop\/visos_prekes\/silikonizuotas-kepimo-popierius-57cm-x-200m-6vnt\/\">Silikonizuotas Kepimo Popierius 57cm x 200m (6vnt)<\/a><\/li>\n<\/ul>\n<h2>U\u017esakymo forma<\/h2>\n<p>Prek\u0117s kodas: <strong>30022<\/strong><\/p>\n<div style=\"padding: 5px;\"><div class=\"wpforms-container wpforms-render-modern\" id=\"wpforms-5655\"><form id=\"wpforms-form-5655\" class=\"wpforms-validate wpforms-form wpforms-ajax-form\" data-formid=\"5655\" method=\"post\" enctype=\"multipart\/form-data\" action=\"\/en\/wp-json\/wp\/v2\/product\/6111\" data-token=\"30e3ff43cec9062708b40e1791c2d603\" data-token-time=\"1777437442\"><noscript class=\"wpforms-error-noscript\">Please enable JavaScript in your browser to complete this form.<\/noscript><div id=\"wpforms-error-noscript\" style=\"display: none;\">Please enable JavaScript in your browser to complete this form.<\/div><div class=\"wpforms-field-container\"><div id=\"wpforms-5655-field_0-container\" class=\"wpforms-field wpforms-field-name\" data-field-id=\"0\"><label class=\"wpforms-field-label\" for=\"wpforms-5655-field_0\">Vardas <span class=\"wpforms-required-label\" aria-hidden=\"true\">*<\/span><\/label><input type=\"text\" id=\"wpforms-5655-field_0\" class=\"wpforms-field-large wpforms-field-required\" name=\"wpforms[fields][0]\" aria-errormessage=\"wpforms-5655-field_0-error\" required><\/div><div id=\"wpforms-5655-field_1-container\" class=\"wpforms-field wpforms-field-email\" data-field-id=\"1\"><fieldset><legend class=\"wpforms-field-label\">El. Pa\u0161tas <span class=\"wpforms-required-label\" aria-hidden=\"true\">*<\/span><\/legend><div class=\"wpforms-field-row wpforms-field-large\"><div class=\"wpforms-field-row-block wpforms-one-half wpforms-first\"><input type=\"email\" id=\"wpforms-5655-field_1\" class=\"wpforms-field-required wpforms-field-email-primary\" name=\"wpforms[fields][1][primary]\" spellcheck=\"false\" aria-errormessage=\"wpforms-5655-field_1-error\" required><label for=\"wpforms-5655-field_1\" class=\"wpforms-field-sublabel after\">Email<\/label><\/div><div class=\"wpforms-field-row-block wpforms-one-half\"><input type=\"email\" id=\"wpforms-5655-field_1-secondary\" class=\"wpforms-field-email-secondary wpforms-field-required\" data-rule-confirm=\"#wpforms-5655-field_1\" name=\"wpforms[fields][1][secondary]\" spellcheck=\"false\" aria-errormessage=\"wpforms-5655-field_1-secondary-error\" required><label for=\"wpforms-5655-field_1-secondary\" class=\"wpforms-field-sublabel after\">Confirm Email<\/label><\/div><\/div><\/fieldset><\/div><div id=\"wpforms-5655-field_3-container\" class=\"wpforms-field wpforms-field-number\" data-field-id=\"3\"><label class=\"wpforms-field-label\" for=\"wpforms-5655-field_3\">Prekes kodas <span class=\"wpforms-required-label\" aria-hidden=\"true\">*<\/span><\/label><input type=\"number\" id=\"wpforms-5655-field_3\" class=\"wpforms-field-small wpforms-field-required\" name=\"wpforms[fields][3]\" step=\"any\" aria-errormessage=\"wpforms-5655-field_3-error\" required><\/div><div id=\"wpforms-5655-field_2-container\" class=\"wpforms-field wpforms-field-textarea\" data-field-id=\"2\"><label class=\"wpforms-field-label\" for=\"wpforms-5655-field_2\">Prane\u0161imas<\/label><textarea id=\"wpforms-5655-field_2\" class=\"wpforms-field-medium wpforms-limit-words-enabled\" data-form-id=\"5655\" data-field-id=\"2\" data-text-limit=\"100\" name=\"wpforms[fields][2]\" aria-errormessage=\"wpforms-5655-field_2-error\" ><\/textarea><\/div><\/div><!-- .wpforms-field-container --><div class=\"wpforms-submit-container\" ><input type=\"hidden\" name=\"wpforms[id]\" value=\"5655\"><input type=\"hidden\" name=\"page_title\" value=\"\"><input type=\"hidden\" name=\"page_url\" value=\"https:\/\/istoc.eu\/en\/wp-json\/wp\/v2\/product\/6111\"><input type=\"hidden\" name=\"url_referer\" value=\"\"><button type=\"submit\" name=\"wpforms[submit]\" id=\"wpforms-submit-5655\" class=\"wpforms-submit\" data-alt-text=\"Siun\u010diama...\" data-submit-text=\"Si\u0173sti\" aria-live=\"assertive\" value=\"wpforms-submit\">Si\u0173sti<\/button><img decoding=\"async\" src=\"https:\/\/istoc.eu\/wp-content\/plugins\/wpforms-lite\/assets\/images\/submit-spin.svg\" class=\"wpforms-submit-spinner\" style=\"display: none;\" width=\"26\" height=\"26\" alt=\"Loading\"><\/div><\/form><\/div>  <!-- .wpforms-container --><\/div>\n<\/div>\n","protected":false},"excerpt":{"rendered":"<p>Auk\u0161\u010diausios kokyb\u0117s silikoninis dvipusis kepimo popierius, kuris yra sukurtas tam, kad atitikt\u0173 ir net vir\u0161yt\u0173 J\u016bs\u0173 l\u016bkes\u010dius kepimo procese. Su 39 GSM storio formatu ir i\u0161matavimais 40cm x 200m, \u0161is baltas kepimo popierius, pakuot\u0117je si\u016blomas po 6 vienetus, yra nepakei\u010diamas \u012frankis tiek nam\u0173 virtuv\u0117se, tiek profesionaliose kepyklose.<\/p>\n<p>Pagamintas i\u0161 auk\u0161tos kokyb\u0117s, abiejose pus\u0117se silikonizuotos celiulioz\u0117s, \u201eCLASSIC40\u201c kepimo popierius pasi\u017eymi i\u0161skirtiniu atsparumu auk\u0161tai orkait\u0117s temperat\u016brai. Tai ne tik suteikia Jums galimyb\u0119 saugiai kepti \u012fvairius patiekalus, bet ir u\u017etikrina, kad J\u016bs\u0173 kepini\u0173 i\u0161vaizda bei skonis bus tobuli, nes popierius apsaugo nuo nepageidaujamo i\u0161degimo ar spalvos pasikeitimo.<\/p>\n<p>\u0160is specializuotas kepimo popierius yra sukurtas b\u016bti naudojamas kelis kartus, priklausomai nuo kepamo produkto, suteikiant ne tik ekonomi\u0161kum\u0105, bet ir aplinkos tausojim\u0105. Be to, \u201eCLASSIC40\u201c silikoninis kepimo popierius atitinka visus nustatytus saugos standartus, taikomus kontaktui su maistu, u\u017etikrindamas, kad J\u016bs\u0173 virtuv\u0117je naudojami tik saug\u016bs ir patikimi \u012frankiai.<\/p>\n<p>Naudodami \u201eCLASSIC40\u201c silikonin\u012f dvipus\u012f kepimo popieri\u0173, galite b\u016bti tikri, kad J\u016bs\u0173 kepimo procesas bus ne tik efektyvesnis, bet ir malonesnis. Jo universalumas leid\u017eia j\u012f pritaikyti \u012fvairiems kepimo projektams, nuo duonos ir pyrag\u0173 iki m\u0117sos ir \u017euvies patiekal\u0173, garantuojant puik\u0173 rezultat\u0105 kiekvien\u0105 kart\u0105.<\/p>\n<p>Prek\u0117s kodas: <b>30022<\/b><\/p>","protected":false},"featured_media":6109,"template":"","meta":{"_uag_custom_page_level_css":"","site-sidebar-layout":"default","site-content-layout":"default","ast-site-content-layout":"default","site-content-style":"default","site-sidebar-style":"default","ast-global-header-display":"","ast-banner-title-visibility":"","ast-main-header-display":"","ast-hfb-above-header-display":"","ast-hfb-below-header-display":"","ast-hfb-mobile-header-display":"","site-post-title":"","ast-breadcrumbs-content":"","ast-featured-img":"","footer-sml-layout":"","ast-disable-related-posts":"","theme-transparent-header-meta":"default","adv-header-id-meta":"","stick-header-meta":"default","header-above-stick-meta":"","header-main-stick-meta":"","header-below-stick-meta":"","astra-migrate-meta-layouts":"set","ast-page-background-enabled":"default","ast-page-background-meta":{"desktop":{"background-color":"","background-image":"","background-repeat":"repeat","background-position":"center center","background-size":"auto","background-attachment":"scroll","background-type":"","background-media":"","overlay-type":"","overlay-color":"","overlay-opacity":"","overlay-gradient":""},"tablet":{"background-color":"","background-image":"","background-repeat":"repeat","background-position":"center center","background-size":"auto","background-attachment":"scroll","background-type":"","background-media":"","overlay-type":"","overlay-color":"","overlay-opacity":"","overlay-gradient":""},"mobile":{"background-color":"","background-image":"","background-repeat":"repeat","background-position":"center center","background-size":"auto","background-attachment":"scroll","background-type":"","background-media":"","overlay-type":"","overlay-color":"","overlay-opacity":"","overlay-gradient":""}},"ast-content-background-meta":{"desktop":{"background-color":"var(--ast-global-color-5)","background-image":"","background-repeat":"repeat","background-position":"center center","background-size":"auto","background-attachment":"scroll","background-type":"","background-media":"","overlay-type":"","overlay-color":"","overlay-opacity":"","overlay-gradient":""},"tablet":{"background-color":"var(--ast-global-color-5)","background-image":"","background-repeat":"repeat","background-position":"center center","background-size":"auto","background-attachment":"scroll","background-type":"","background-media":"","overlay-type":"","overlay-color":"","overlay-opacity":"","overlay-gradient":""},"mobile":{"background-color":"var(--ast-global-color-5)","background-image":"","background-repeat":"repeat","background-position":"center center","background-size":"auto","background-attachment":"scroll","background-type":"","background-media":"","overlay-type":"","overlay-color":"","overlay-opacity":"","overlay-gradient":""}}},"product_brand":[],"product_cat":[55,15],"product_tag":[],"class_list":{"0":"post-6111","1":"product","2":"type-product","3":"status-publish","4":"has-post-thumbnail","6":"product_cat-kepimo-popierius","7":"product_cat-visos_prekes","8":"desktop-align-center","9":"tablet-align-center","10":"mobile-align-center","11":"ast-product-gallery-layout-horizontal","12":"ast-product-gallery-with-no-image","13":"ast-product-tabs-layout-horizontal","14":"ast-qv-on-image","16":"first","17":"instock","18":"shipping-taxable","19":"product-type-simple"},"yoast_head":"<!-- This site is optimized with the Yoast SEO Premium plugin v20.11 (Yoast SEO v27.5) - https:\/\/yoast.com\/product\/yoast-seo-premium-wordpress\/ -->\n<title>Silikoninis dvipusis kepimo popierius: Nepriekai\u0161tinga patirtis - ISTOC | Eko pakuot\u0117<\/title>\n<meta name=\"description\" content=\"Auk\u0161\u010diausios kokyb\u0117s \u201eCLASSIC40\u201c silikoninis dvipusis kepimo popierius, 40cm x 200m, 6vnt pakuot\u0117je, atsparus auk\u0161tai temperat\u016brai.\" \/>\n<meta name=\"robots\" content=\"index, follow, max-snippet:-1, max-image-preview:large, max-video-preview:-1\" \/>\n<link rel=\"canonical\" href=\"https:\/\/istoc.eu\/en\/shop\/visos_prekes\/silikonizuotas-kepimo-popierius-40cm-x-200m-6vnt\/\" \/>\n<meta property=\"og:locale\" content=\"en_GB\" \/>\n<meta property=\"og:type\" content=\"article\" \/>\n<meta property=\"og:title\" content=\"Silikoninis dvipusis kepimo popierius: Nepriekai\u0161tinga kepimo patirtis\" \/>\n<meta property=\"og:description\" content=\"Auk\u0161\u010diausios kokyb\u0117s \u201eCLASSIC40\u201c silikoninis dvipusis kepimo popierius, 40cm x 200m, 6vnt pakuot\u0117je, atsparus auk\u0161tai temperat\u016brai.\" \/>\n<meta property=\"og:url\" content=\"https:\/\/istoc.eu\/en\/shop\/visos_prekes\/silikonizuotas-kepimo-popierius-40cm-x-200m-6vnt\/\" \/>\n<meta property=\"og:site_name\" content=\"ISTOC | Eko pakuot\u0117\" \/>\n<meta property=\"article:modified_time\" content=\"2025-06-13T15:01:09+00:00\" \/>\n<meta property=\"og:image\" content=\"https:\/\/istoc.eu\/wp-content\/uploads\/2023\/09\/silikonizuotas-baltas-kepimo-popierius.jpg\" \/>\n\t<meta property=\"og:image:width\" content=\"680\" \/>\n\t<meta property=\"og:image:height\" content=\"680\" \/>\n\t<meta property=\"og:image:type\" content=\"image\/jpeg\" \/>\n<meta name=\"twitter:card\" content=\"summary_large_image\" \/>\n<meta name=\"twitter:label1\" content=\"Estimated reading time\" \/>\n\t<meta name=\"twitter:data1\" content=\"1 minute\" \/>\n<script type=\"application\/ld+json\" class=\"yoast-schema-graph\">{\"@context\":\"https:\\\/\\\/schema.org\",\"@graph\":[{\"@type\":\"WebPage\",\"@id\":\"https:\\\/\\\/istoc.eu\\\/shop\\\/visos_prekes\\\/silikonizuotas-kepimo-popierius-40cm-x-200m-6vnt\\\/\",\"url\":\"https:\\\/\\\/istoc.eu\\\/shop\\\/visos_prekes\\\/silikonizuotas-kepimo-popierius-40cm-x-200m-6vnt\\\/\",\"name\":\"Silikoninis dvipusis kepimo popierius: Nepriekai\u0161tinga patirtis - ISTOC | Eko pakuot\u0117\",\"isPartOf\":{\"@id\":\"https:\\\/\\\/istoc.eu\\\/#website\"},\"primaryImageOfPage\":{\"@id\":\"https:\\\/\\\/istoc.eu\\\/shop\\\/visos_prekes\\\/silikonizuotas-kepimo-popierius-40cm-x-200m-6vnt\\\/#primaryimage\"},\"image\":{\"@id\":\"https:\\\/\\\/istoc.eu\\\/shop\\\/visos_prekes\\\/silikonizuotas-kepimo-popierius-40cm-x-200m-6vnt\\\/#primaryimage\"},\"thumbnailUrl\":\"https:\\\/\\\/i0.wp.com\\\/istoc.eu\\\/wp-content\\\/uploads\\\/2023\\\/09\\\/silikonizuotas-baltas-kepimo-popierius.jpg?fit=680%2C680&ssl=1\",\"datePublished\":\"2023-09-12T08:15:44+00:00\",\"dateModified\":\"2025-06-13T15:01:09+00:00\",\"description\":\"Auk\u0161\u010diausios kokyb\u0117s \u201eCLASSIC40\u201c silikoninis dvipusis kepimo popierius, 40cm x 200m, 6vnt pakuot\u0117je, atsparus auk\u0161tai temperat\u016brai.\",\"breadcrumb\":{\"@id\":\"https:\\\/\\\/istoc.eu\\\/shop\\\/visos_prekes\\\/silikonizuotas-kepimo-popierius-40cm-x-200m-6vnt\\\/#breadcrumb\"},\"inLanguage\":\"en-GB\",\"potentialAction\":[{\"@type\":\"ReadAction\",\"target\":[\"https:\\\/\\\/istoc.eu\\\/shop\\\/visos_prekes\\\/silikonizuotas-kepimo-popierius-40cm-x-200m-6vnt\\\/\"]}]},{\"@type\":\"ImageObject\",\"inLanguage\":\"en-GB\",\"@id\":\"https:\\\/\\\/istoc.eu\\\/shop\\\/visos_prekes\\\/silikonizuotas-kepimo-popierius-40cm-x-200m-6vnt\\\/#primaryimage\",\"url\":\"https:\\\/\\\/i0.wp.com\\\/istoc.eu\\\/wp-content\\\/uploads\\\/2023\\\/09\\\/silikonizuotas-baltas-kepimo-popierius.jpg?fit=680%2C680&ssl=1\",\"contentUrl\":\"https:\\\/\\\/i0.wp.com\\\/istoc.eu\\\/wp-content\\\/uploads\\\/2023\\\/09\\\/silikonizuotas-baltas-kepimo-popierius.jpg?fit=680%2C680&ssl=1\",\"width\":680,\"height\":680,\"caption\":\"silikonizuotas baltas kepimo popierius\"},{\"@type\":\"BreadcrumbList\",\"@id\":\"https:\\\/\\\/istoc.eu\\\/shop\\\/visos_prekes\\\/silikonizuotas-kepimo-popierius-40cm-x-200m-6vnt\\\/#breadcrumb\",\"itemListElement\":[{\"@type\":\"ListItem\",\"position\":1,\"name\":\"Home\",\"item\":\"https:\\\/\\\/istoc.eu\\\/\"},{\"@type\":\"ListItem\",\"position\":2,\"name\":\"Shop\",\"item\":\"https:\\\/\\\/istoc.eu\\\/shop\\\/\"},{\"@type\":\"ListItem\",\"position\":3,\"name\":\"Silikoninis dvipusis kepimo popierius: Nepriekai\u0161tinga kepimo patirtis\"}]},{\"@type\":\"WebSite\",\"@id\":\"https:\\\/\\\/istoc.eu\\\/#website\",\"url\":\"https:\\\/\\\/istoc.eu\\\/\",\"name\":\"ISTOC | Eko pakuot\u0117\",\"description\":\"\",\"publisher\":{\"@id\":\"https:\\\/\\\/istoc.eu\\\/#organization\"},\"potentialAction\":[{\"@type\":\"SearchAction\",\"target\":{\"@type\":\"EntryPoint\",\"urlTemplate\":\"https:\\\/\\\/istoc.eu\\\/?s={search_term_string}\"},\"query-input\":{\"@type\":\"PropertyValueSpecification\",\"valueRequired\":true,\"valueName\":\"search_term_string\"}}],\"inLanguage\":\"en-GB\"},{\"@type\":\"Organization\",\"@id\":\"https:\\\/\\\/istoc.eu\\\/#organization\",\"name\":\"ISTOC | Eko pakuot\u0117\",\"url\":\"https:\\\/\\\/istoc.eu\\\/\",\"logo\":{\"@type\":\"ImageObject\",\"inLanguage\":\"en-GB\",\"@id\":\"https:\\\/\\\/istoc.eu\\\/#\\\/schema\\\/logo\\\/image\\\/\",\"url\":\"https:\\\/\\\/i0.wp.com\\\/istoc.eu\\\/wp-content\\\/uploads\\\/2025\\\/01\\\/cropped-istoc-logo.png?fit=1078%2C441&ssl=1\",\"contentUrl\":\"https:\\\/\\\/i0.wp.com\\\/istoc.eu\\\/wp-content\\\/uploads\\\/2025\\\/01\\\/cropped-istoc-logo.png?fit=1078%2C441&ssl=1\",\"width\":1078,\"height\":441,\"caption\":\"ISTOC | Eko pakuot\u0117\"},\"image\":{\"@id\":\"https:\\\/\\\/istoc.eu\\\/#\\\/schema\\\/logo\\\/image\\\/\"}}]}<\/script>\n<!-- \/ Yoast SEO Premium plugin. -->","yoast_head_json":{"title":"Silikoninis dvipusis kepimo popierius: Nepriekai\u0161tinga patirtis - ISTOC | Eko pakuot\u0117","description":"Auk\u0161\u010diausios kokyb\u0117s \u201eCLASSIC40\u201c silikoninis dvipusis kepimo popierius, 40cm x 200m, 6vnt pakuot\u0117je, atsparus auk\u0161tai temperat\u016brai.","robots":{"index":"index","follow":"follow","max-snippet":"max-snippet:-1","max-image-preview":"max-image-preview:large","max-video-preview":"max-video-preview:-1"},"canonical":"https:\/\/istoc.eu\/en\/shop\/visos_prekes\/silikonizuotas-kepimo-popierius-40cm-x-200m-6vnt\/","og_locale":"en_GB","og_type":"article","og_title":"Silikoninis dvipusis kepimo popierius: Nepriekai\u0161tinga kepimo patirtis","og_description":"Auk\u0161\u010diausios kokyb\u0117s \u201eCLASSIC40\u201c silikoninis dvipusis kepimo popierius, 40cm x 200m, 6vnt pakuot\u0117je, atsparus auk\u0161tai temperat\u016brai.","og_url":"https:\/\/istoc.eu\/en\/shop\/visos_prekes\/silikonizuotas-kepimo-popierius-40cm-x-200m-6vnt\/","og_site_name":"ISTOC | Eko pakuot\u0117","article_modified_time":"2025-06-13T15:01:09+00:00","og_image":[{"width":680,"height":680,"url":"https:\/\/istoc.eu\/wp-content\/uploads\/2023\/09\/silikonizuotas-baltas-kepimo-popierius.jpg","type":"image\/jpeg"}],"twitter_card":"summary_large_image","twitter_misc":{"Estimated reading time":"1 minute"},"schema":{"@context":"https:\/\/schema.org","@graph":[{"@type":"WebPage","@id":"https:\/\/istoc.eu\/shop\/visos_prekes\/silikonizuotas-kepimo-popierius-40cm-x-200m-6vnt\/","url":"https:\/\/istoc.eu\/shop\/visos_prekes\/silikonizuotas-kepimo-popierius-40cm-x-200m-6vnt\/","name":"Silikoninis dvipusis kepimo popierius: Nepriekai\u0161tinga patirtis - ISTOC | Eko pakuot\u0117","isPartOf":{"@id":"https:\/\/istoc.eu\/#website"},"primaryImageOfPage":{"@id":"https:\/\/istoc.eu\/shop\/visos_prekes\/silikonizuotas-kepimo-popierius-40cm-x-200m-6vnt\/#primaryimage"},"image":{"@id":"https:\/\/istoc.eu\/shop\/visos_prekes\/silikonizuotas-kepimo-popierius-40cm-x-200m-6vnt\/#primaryimage"},"thumbnailUrl":"https:\/\/i0.wp.com\/istoc.eu\/wp-content\/uploads\/2023\/09\/silikonizuotas-baltas-kepimo-popierius.jpg?fit=680%2C680&ssl=1","datePublished":"2023-09-12T08:15:44+00:00","dateModified":"2025-06-13T15:01:09+00:00","description":"Auk\u0161\u010diausios kokyb\u0117s \u201eCLASSIC40\u201c silikoninis dvipusis kepimo popierius, 40cm x 200m, 6vnt pakuot\u0117je, atsparus auk\u0161tai temperat\u016brai.","breadcrumb":{"@id":"https:\/\/istoc.eu\/shop\/visos_prekes\/silikonizuotas-kepimo-popierius-40cm-x-200m-6vnt\/#breadcrumb"},"inLanguage":"en-GB","potentialAction":[{"@type":"ReadAction","target":["https:\/\/istoc.eu\/shop\/visos_prekes\/silikonizuotas-kepimo-popierius-40cm-x-200m-6vnt\/"]}]},{"@type":"ImageObject","inLanguage":"en-GB","@id":"https:\/\/istoc.eu\/shop\/visos_prekes\/silikonizuotas-kepimo-popierius-40cm-x-200m-6vnt\/#primaryimage","url":"https:\/\/i0.wp.com\/istoc.eu\/wp-content\/uploads\/2023\/09\/silikonizuotas-baltas-kepimo-popierius.jpg?fit=680%2C680&ssl=1","contentUrl":"https:\/\/i0.wp.com\/istoc.eu\/wp-content\/uploads\/2023\/09\/silikonizuotas-baltas-kepimo-popierius.jpg?fit=680%2C680&ssl=1","width":680,"height":680,"caption":"silikonizuotas baltas kepimo popierius"},{"@type":"BreadcrumbList","@id":"https:\/\/istoc.eu\/shop\/visos_prekes\/silikonizuotas-kepimo-popierius-40cm-x-200m-6vnt\/#breadcrumb","itemListElement":[{"@type":"ListItem","position":1,"name":"Home","item":"https:\/\/istoc.eu\/"},{"@type":"ListItem","position":2,"name":"Shop","item":"https:\/\/istoc.eu\/shop\/"},{"@type":"ListItem","position":3,"name":"Silikoninis dvipusis kepimo popierius: Nepriekai\u0161tinga kepimo patirtis"}]},{"@type":"WebSite","@id":"https:\/\/istoc.eu\/#website","url":"https:\/\/istoc.eu\/","name":"ISTOC | Eko pakuot\u0117","description":"","publisher":{"@id":"https:\/\/istoc.eu\/#organization"},"potentialAction":[{"@type":"SearchAction","target":{"@type":"EntryPoint","urlTemplate":"https:\/\/istoc.eu\/?s={search_term_string}"},"query-input":{"@type":"PropertyValueSpecification","valueRequired":true,"valueName":"search_term_string"}}],"inLanguage":"en-GB"},{"@type":"Organization","@id":"https:\/\/istoc.eu\/#organization","name":"ISTOC | Eko pakuot\u0117","url":"https:\/\/istoc.eu\/","logo":{"@type":"ImageObject","inLanguage":"en-GB","@id":"https:\/\/istoc.eu\/#\/schema\/logo\/image\/","url":"https:\/\/i0.wp.com\/istoc.eu\/wp-content\/uploads\/2025\/01\/cropped-istoc-logo.png?fit=1078%2C441&ssl=1","contentUrl":"https:\/\/i0.wp.com\/istoc.eu\/wp-content\/uploads\/2025\/01\/cropped-istoc-logo.png?fit=1078%2C441&ssl=1","width":1078,"height":441,"caption":"ISTOC | Eko pakuot\u0117"},"image":{"@id":"https:\/\/istoc.eu\/#\/schema\/logo\/image\/"}}]}},"uagb_featured_image_src":{"full":["https:\/\/i0.wp.com\/istoc.eu\/wp-content\/uploads\/2023\/09\/silikonizuotas-baltas-kepimo-popierius.jpg?fit=680%2C680&ssl=1",680,680,false],"thumbnail":["https:\/\/i0.wp.com\/istoc.eu\/wp-content\/uploads\/2023\/09\/silikonizuotas-baltas-kepimo-popierius.jpg?resize=150%2C150&ssl=1",150,150,true],"medium":["https:\/\/i0.wp.com\/istoc.eu\/wp-content\/uploads\/2023\/09\/silikonizuotas-baltas-kepimo-popierius.jpg?fit=300%2C300&ssl=1",300,300,true],"medium_large":["https:\/\/i0.wp.com\/istoc.eu\/wp-content\/uploads\/2023\/09\/silikonizuotas-baltas-kepimo-popierius.jpg?fit=680%2C680&ssl=1",680,680,true],"large":["https:\/\/i0.wp.com\/istoc.eu\/wp-content\/uploads\/2023\/09\/silikonizuotas-baltas-kepimo-popierius.jpg?fit=680%2C680&ssl=1",680,680,true],"1536x1536":["https:\/\/i0.wp.com\/istoc.eu\/wp-content\/uploads\/2023\/09\/silikonizuotas-baltas-kepimo-popierius.jpg?fit=680%2C680&ssl=1",680,680,true],"2048x2048":["https:\/\/i0.wp.com\/istoc.eu\/wp-content\/uploads\/2023\/09\/silikonizuotas-baltas-kepimo-popierius.jpg?fit=680%2C680&ssl=1",680,680,true],"trp-custom-language-flag":["https:\/\/i0.wp.com\/istoc.eu\/wp-content\/uploads\/2023\/09\/silikonizuotas-baltas-kepimo-popierius.jpg?fit=12%2C12&ssl=1",12,12,true],"mailpoet_newsletter_max":["https:\/\/i0.wp.com\/istoc.eu\/wp-content\/uploads\/2023\/09\/silikonizuotas-baltas-kepimo-popierius.jpg?fit=680%2C680&ssl=1",680,680,true],"woocommerce_thumbnail":["https:\/\/i0.wp.com\/istoc.eu\/wp-content\/uploads\/2023\/09\/silikonizuotas-baltas-kepimo-popierius.jpg?resize=300%2C300&ssl=1",300,300,true],"woocommerce_single":["https:\/\/i0.wp.com\/istoc.eu\/wp-content\/uploads\/2023\/09\/silikonizuotas-baltas-kepimo-popierius.jpg?fit=600%2C600&ssl=1",600,600,true],"woocommerce_gallery_thumbnail":["https:\/\/i0.wp.com\/istoc.eu\/wp-content\/uploads\/2023\/09\/silikonizuotas-baltas-kepimo-popierius.jpg?resize=100%2C100&ssl=1",100,100,true]},"uagb_author_info":{"display_name":"admin","author_link":"https:\/\/istoc.eu\/en\/author\/"},"uagb_comment_info":0,"uagb_excerpt":"Auk\u0161\u010diausios kokyb\u0117s silikoninis dvipusis kepimo popierius, kuris yra sukurtas tam, kad atitikt\u0173 ir net vir\u0161yt\u0173 J\u016bs\u0173 l\u016bkes\u010dius kepimo procese. Su 39 GSM storio formatu ir i\u0161matavimais 40cm x 200m, \u0161is baltas kepimo popierius, pakuot\u0117je si\u016blomas po 6 vienetus, yra nepakei\u010diamas \u012frankis tiek nam\u0173 virtuv\u0117se, tiek profesionaliose kepyklose. Pagamintas i\u0161 auk\u0161tos kokyb\u0117s, abiejose pus\u0117se silikonizuotos celiulioz\u0117s,&hellip;","jetpack-related-posts":[],"jetpack_sharing_enabled":true,"_links":{"self":[{"href":"https:\/\/istoc.eu\/en\/wp-json\/wp\/v2\/product\/6111","targetHints":{"allow":["GET"]}}],"collection":[{"href":"https:\/\/istoc.eu\/en\/wp-json\/wp\/v2\/product"}],"about":[{"href":"https:\/\/istoc.eu\/en\/wp-json\/wp\/v2\/types\/product"}],"version-history":[{"count":3,"href":"https:\/\/istoc.eu\/en\/wp-json\/wp\/v2\/product\/6111\/revisions"}],"predecessor-version":[{"id":6296,"href":"https:\/\/istoc.eu\/en\/wp-json\/wp\/v2\/product\/6111\/revisions\/6296"}],"wp:featuredmedia":[{"embeddable":true,"href":"https:\/\/istoc.eu\/en\/wp-json\/wp\/v2\/media\/6109"}],"wp:attachment":[{"href":"https:\/\/istoc.eu\/en\/wp-json\/wp\/v2\/media?parent=6111"}],"wp:term":[{"taxonomy":"product_brand","embeddable":true,"href":"https:\/\/istoc.eu\/en\/wp-json\/wp\/v2\/product_brand?post=6111"},{"taxonomy":"product_cat","embeddable":true,"href":"https:\/\/istoc.eu\/en\/wp-json\/wp\/v2\/product_cat?post=6111"},{"taxonomy":"product_tag","embeddable":true,"href":"https:\/\/istoc.eu\/en\/wp-json\/wp\/v2\/product_tag?post=6111"}],"curies":[{"name":"wp","href":"https:\/\/api.w.org\/{rel}","templated":true}]}}