{"id":6133,"date":"2023-09-12T08:40:27","date_gmt":"2023-09-12T08:40:27","guid":{"rendered":"https:\/\/istoc.eu\/?post_type=product&#038;p=6133"},"modified":"2024-02-10T23:03:38","modified_gmt":"2024-02-10T23:03:38","slug":"maistine-pe-plevele-29cm-x-09kg-13mkr","status":"publish","type":"product","link":"https:\/\/istoc.eu\/en\/shop\/visos_prekes\/maistine-pe-plevele-29cm-x-09kg-13mkr\/","title":{"rendered":"Aliuminio folija maisto laikymui ir kepimui 29cm x 0,9kg \/ 13mkr"},"content":{"rendered":"<p>Patikima ir universali aliuminio folija: puikiai tinka tiek maisto saugojimui \u0161aldytuve, tiek kepimui. \u0160i folija pasi\u017eymi auk\u0161tu atsparumu temperat\u016brai ir u\u017etikrina optimal\u0173 maisto produkt\u0173 apsaugojim\u0105.<\/p>\n<div style=\"background: #fff; padding: 10px;\">\n<table style=\"height: 5px; max-width: fit-content; border: solid 1px; margin: 5px; border-collapse: collapse;\" width=\"1258\">\n<tbody>\n<tr>\n<th style=\"text-align: left; border: solid 1px;\">Prek\u0117s kodas<\/th>\n<td style=\"border: solid 1px;\">31011<\/td>\n<\/tr>\n<tr>\n<th style=\"text-align: left; border: solid 1px;\">Storis<\/th>\n<td style=\"border: solid 1px;\">13mkr<\/td>\n<\/tr>\n<tr>\n<th style=\"text-align: left; border: solid 1px;\">Dydis<\/th>\n<td style=\"border: solid 1px;\">54cm x 0,9kg \/ 13 mkr<\/td>\n<\/tr>\n<tr>\n<th style=\"text-align: left; border: solid 1px;\">Spalva<\/th>\n<td style=\"border: solid 1px;\">Abipus\u0117 blizgi<\/td>\n<\/tr>\n<tr>\n<th style=\"text-align: left; border: solid 1px;\">Pakuot\u0117je<\/th>\n<td style=\"border: solid 1px;\">6vnt<\/td>\n<\/tr>\n<tr>\n<th style=\"text-align: left; border: solid 1px;\">Temperat\u016bra<\/th>\n<td style=\"border: solid 1px;\">Nuo -40 iki +220<\/td>\n<\/tr>\n<\/tbody>\n<\/table>\n<p><a href=\"https:\/\/istoc.eu\/shop\/visos_prekes\/maistine-pe-plevele-29cm-x-300m-13mkr\/\">Aliuminio folija 29cm x 1,4kg \/ 13mkr<\/a><\/p>\n<h2>U\u017esakymo forma<\/h2>\n<div style=\"padding: 5px;\"><div class=\"wpforms-container wpforms-render-modern\" id=\"wpforms-5655\"><form id=\"wpforms-form-5655\" class=\"wpforms-validate wpforms-form wpforms-ajax-form\" data-formid=\"5655\" method=\"post\" enctype=\"multipart\/form-data\" action=\"\/en\/wp-json\/wp\/v2\/product\/6133\" data-token=\"30e3ff43cec9062708b40e1791c2d603\" data-token-time=\"1777438196\"><noscript class=\"wpforms-error-noscript\">Please enable JavaScript in your browser to complete this form.<\/noscript><div id=\"wpforms-error-noscript\" style=\"display: none;\">Please enable JavaScript in your browser to complete this form.<\/div><div class=\"wpforms-field-container\"><div id=\"wpforms-5655-field_0-container\" class=\"wpforms-field wpforms-field-name\" data-field-id=\"0\"><label class=\"wpforms-field-label\" for=\"wpforms-5655-field_0\">Vardas <span class=\"wpforms-required-label\" aria-hidden=\"true\">*<\/span><\/label><input type=\"text\" id=\"wpforms-5655-field_0\" class=\"wpforms-field-large wpforms-field-required\" name=\"wpforms[fields][0]\" aria-errormessage=\"wpforms-5655-field_0-error\" required><\/div><div id=\"wpforms-5655-field_1-container\" class=\"wpforms-field wpforms-field-email\" data-field-id=\"1\"><fieldset><legend class=\"wpforms-field-label\">El. Pa\u0161tas <span class=\"wpforms-required-label\" aria-hidden=\"true\">*<\/span><\/legend><div class=\"wpforms-field-row wpforms-field-large\"><div class=\"wpforms-field-row-block wpforms-one-half wpforms-first\"><input type=\"email\" id=\"wpforms-5655-field_1\" class=\"wpforms-field-required wpforms-field-email-primary\" name=\"wpforms[fields][1][primary]\" spellcheck=\"false\" aria-errormessage=\"wpforms-5655-field_1-error\" required><label for=\"wpforms-5655-field_1\" class=\"wpforms-field-sublabel after\">Email<\/label><\/div><div class=\"wpforms-field-row-block wpforms-one-half\"><input type=\"email\" id=\"wpforms-5655-field_1-secondary\" class=\"wpforms-field-email-secondary wpforms-field-required\" data-rule-confirm=\"#wpforms-5655-field_1\" name=\"wpforms[fields][1][secondary]\" spellcheck=\"false\" aria-errormessage=\"wpforms-5655-field_1-secondary-error\" required><label for=\"wpforms-5655-field_1-secondary\" class=\"wpforms-field-sublabel after\">Confirm Email<\/label><\/div><\/div><\/fieldset><\/div><div id=\"wpforms-5655-field_3-container\" class=\"wpforms-field wpforms-field-number\" data-field-id=\"3\"><label class=\"wpforms-field-label\" for=\"wpforms-5655-field_3\">Prekes kodas <span class=\"wpforms-required-label\" aria-hidden=\"true\">*<\/span><\/label><input type=\"number\" id=\"wpforms-5655-field_3\" class=\"wpforms-field-small wpforms-field-required\" name=\"wpforms[fields][3]\" step=\"any\" aria-errormessage=\"wpforms-5655-field_3-error\" required><\/div><div id=\"wpforms-5655-field_2-container\" class=\"wpforms-field wpforms-field-textarea\" data-field-id=\"2\"><label class=\"wpforms-field-label\" for=\"wpforms-5655-field_2\">Prane\u0161imas<\/label><textarea id=\"wpforms-5655-field_2\" class=\"wpforms-field-medium wpforms-limit-words-enabled\" data-form-id=\"5655\" data-field-id=\"2\" data-text-limit=\"100\" name=\"wpforms[fields][2]\" aria-errormessage=\"wpforms-5655-field_2-error\" ><\/textarea><\/div><\/div><!-- .wpforms-field-container --><div class=\"wpforms-submit-container\" ><input type=\"hidden\" name=\"wpforms[id]\" value=\"5655\"><input type=\"hidden\" name=\"page_title\" value=\"\"><input type=\"hidden\" name=\"page_url\" value=\"https:\/\/istoc.eu\/en\/wp-json\/wp\/v2\/product\/6133\"><input type=\"hidden\" name=\"url_referer\" value=\"\"><button type=\"submit\" name=\"wpforms[submit]\" id=\"wpforms-submit-5655\" class=\"wpforms-submit\" data-alt-text=\"Siun\u010diama...\" data-submit-text=\"Si\u0173sti\" aria-live=\"assertive\" value=\"wpforms-submit\">Si\u0173sti<\/button><img decoding=\"async\" src=\"https:\/\/istoc.eu\/wp-content\/plugins\/wpforms-lite\/assets\/images\/submit-spin.svg\" class=\"wpforms-submit-spinner\" style=\"display: none;\" width=\"26\" height=\"26\" alt=\"Loading\"><\/div><\/form><\/div>  <!-- .wpforms-container --><\/div>\n<\/div>\n","protected":false},"excerpt":{"rendered":"<p>Auk\u0161tos kokyb\u0117s aliuminio folija yra universalus pasirinkimas, kur\u012f galite naudoti maisto ruo\u0161imui ir saugojimui. Ji idealiai tinka maisto laikymui \u0161aldytuve ar \u0161aldiklyje, be to, galite naudoti gaminant maist\u0105. Aliuminio folija u\u017etikrina, kad j\u016bs\u0173 maistas bus saugiai u\u017edarytas nuo oro, \u0161viesos ir riebal\u0173, o tai yra ypatingai naudinga.<\/p>\n<p>Svarbiausia, atkreipkite d\u0117mes\u012f \u012f laikymo instrukcijas. \u0160i\u0105 kepimo folij\u0105 reikia laikyti sausai, \u0161varioje aplinkoje ir kambario temperat\u016broje. Folija maistui pat pasi\u017eymi pla\u010diu temperat\u016bros diapazonu, nuo -40 \u00b0C iki +220 \u00b0C, tod\u0117l j\u0105 galite naudoti \u012fvairiose virtuv\u0117s projektuose.<\/p>\n<ul>\n<li>Atspari kar\u0161\u010diui<\/li>\n<li>Puikiai tinka pakuot\u0117ms<\/li>\n<li>Neprilimanti prie produkt\u0173<\/li>\n<\/ul>","protected":false},"featured_media":6131,"template":"","meta":{"_uag_custom_page_level_css":"","site-sidebar-layout":"default","site-content-layout":"default","ast-site-content-layout":"default","site-content-style":"default","site-sidebar-style":"default","ast-global-header-display":"","ast-banner-title-visibility":"","ast-main-header-display":"","ast-hfb-above-header-display":"","ast-hfb-below-header-display":"","ast-hfb-mobile-header-display":"","site-post-title":"","ast-breadcrumbs-content":"","ast-featured-img":"","footer-sml-layout":"","ast-disable-related-posts":"","theme-transparent-header-meta":"default","adv-header-id-meta":"","stick-header-meta":"default","header-above-stick-meta":"","header-main-stick-meta":"","header-below-stick-meta":"","astra-migrate-meta-layouts":"set","ast-page-background-enabled":"default","ast-page-background-meta":{"desktop":{"background-color":"","background-image":"","background-repeat":"repeat","background-position":"center center","background-size":"auto","background-attachment":"scroll","background-type":"","background-media":"","overlay-type":"","overlay-color":"","overlay-opacity":"","overlay-gradient":""},"tablet":{"background-color":"","background-image":"","background-repeat":"repeat","background-position":"center center","background-size":"auto","background-attachment":"scroll","background-type":"","background-media":"","overlay-type":"","overlay-color":"","overlay-opacity":"","overlay-gradient":""},"mobile":{"background-color":"","background-image":"","background-repeat":"repeat","background-position":"center center","background-size":"auto","background-attachment":"scroll","background-type":"","background-media":"","overlay-type":"","overlay-color":"","overlay-opacity":"","overlay-gradient":""}},"ast-content-background-meta":{"desktop":{"background-color":"var(--ast-global-color-5)","background-image":"","background-repeat":"repeat","background-position":"center center","background-size":"auto","background-attachment":"scroll","background-type":"","background-media":"","overlay-type":"","overlay-color":"","overlay-opacity":"","overlay-gradient":""},"tablet":{"background-color":"var(--ast-global-color-5)","background-image":"","background-repeat":"repeat","background-position":"center center","background-size":"auto","background-attachment":"scroll","background-type":"","background-media":"","overlay-type":"","overlay-color":"","overlay-opacity":"","overlay-gradient":""},"mobile":{"background-color":"var(--ast-global-color-5)","background-image":"","background-repeat":"repeat","background-position":"center center","background-size":"auto","background-attachment":"scroll","background-type":"","background-media":"","overlay-type":"","overlay-color":"","overlay-opacity":"","overlay-gradient":""}}},"product_brand":[],"product_cat":[25,15],"product_tag":[],"class_list":{"0":"post-6133","1":"product","2":"type-product","3":"status-publish","4":"has-post-thumbnail","6":"product_cat-folija_plevele","7":"product_cat-visos_prekes","8":"desktop-align-center","9":"tablet-align-center","10":"mobile-align-center","11":"ast-product-gallery-layout-horizontal","12":"ast-product-gallery-with-no-image","13":"ast-product-tabs-layout-horizontal","14":"ast-qv-on-image","16":"first","17":"instock","18":"shipping-taxable","19":"product-type-simple"},"yoast_head":"<!-- This site is optimized with the Yoast SEO Premium plugin v20.11 (Yoast SEO v27.5) - https:\/\/yoast.com\/product\/yoast-seo-premium-wordpress\/ -->\n<title>Aliuminio folija maisto laikymui ir kepimui 29cm x 0,9kg \/ 13mkr - ISTOC | Eko pakuot\u0117<\/title>\n<meta name=\"robots\" content=\"noindex, follow\" \/>\n<meta property=\"og:locale\" content=\"en_GB\" \/>\n<meta property=\"og:type\" content=\"article\" \/>\n<meta property=\"og:title\" content=\"Aliuminio folija maisto laikymui ir kepimui 29cm x 0,9kg \/ 13mkr\" \/>\n<meta property=\"og:description\" content=\"Auk\u0161tos kokyb\u0117s aliuminio folija yra universalus pasirinkimas, kur\u012f galite naudoti maisto ruo\u0161imui ir saugojimui. Ji idealiai tinka maisto laikymui \u0161aldytuve ar \u0161aldiklyje, be to, galite naudoti gaminant maist\u0105. Aliuminio folija u\u017etikrina, kad j\u016bs\u0173 maistas bus saugiai u\u017edarytas nuo oro, \u0161viesos ir riebal\u0173, o tai yra ypatingai naudinga.  Svarbiausia, atkreipkite d\u0117mes\u012f \u012f laikymo instrukcijas. \u0160i\u0105 kepimo folij\u0105 reikia laikyti sausai, \u0161varioje aplinkoje ir kambario temperat\u016broje. Folija maistui pat pasi\u017eymi pla\u010diu temperat\u016bros diapazonu, nuo -40 \u00b0C iki +220 \u00b0C, tod\u0117l j\u0105 galite naudoti \u012fvairiose virtuv\u0117s projektuose.   Atspari kar\u0161\u010diui  Puikiai tinka pakuot\u0117ms  Neprilimanti prie produkt\u0173\" \/>\n<meta property=\"og:url\" content=\"https:\/\/istoc.eu\/en\/shop\/visos_prekes\/maistine-pe-plevele-29cm-x-09kg-13mkr\/\" \/>\n<meta property=\"og:site_name\" content=\"ISTOC | Eko pakuot\u0117\" \/>\n<meta property=\"article:modified_time\" content=\"2024-02-10T23:03:38+00:00\" \/>\n<meta property=\"og:image\" content=\"https:\/\/istoc.eu\/wp-content\/uploads\/2023\/09\/kepimo-folija.webp\" \/>\n\t<meta property=\"og:image:width\" content=\"800\" \/>\n\t<meta property=\"og:image:height\" content=\"800\" \/>\n\t<meta property=\"og:image:type\" content=\"image\/webp\" \/>\n<meta name=\"twitter:card\" content=\"summary_large_image\" \/>\n<meta name=\"twitter:label1\" content=\"Estimated reading time\" \/>\n\t<meta name=\"twitter:data1\" content=\"1 minute\" \/>\n<script type=\"application\/ld+json\" class=\"yoast-schema-graph\">{\"@context\":\"https:\\\/\\\/schema.org\",\"@graph\":[{\"@type\":\"WebPage\",\"@id\":\"https:\\\/\\\/istoc.eu\\\/shop\\\/visos_prekes\\\/maistine-pe-plevele-29cm-x-09kg-13mkr\\\/\",\"url\":\"https:\\\/\\\/istoc.eu\\\/shop\\\/visos_prekes\\\/maistine-pe-plevele-29cm-x-09kg-13mkr\\\/\",\"name\":\"Aliuminio folija maisto laikymui ir kepimui 29cm x 0,9kg \\\/ 13mkr - ISTOC | Eko pakuot\u0117\",\"isPartOf\":{\"@id\":\"https:\\\/\\\/istoc.eu\\\/#website\"},\"primaryImageOfPage\":{\"@id\":\"https:\\\/\\\/istoc.eu\\\/shop\\\/visos_prekes\\\/maistine-pe-plevele-29cm-x-09kg-13mkr\\\/#primaryimage\"},\"image\":{\"@id\":\"https:\\\/\\\/istoc.eu\\\/shop\\\/visos_prekes\\\/maistine-pe-plevele-29cm-x-09kg-13mkr\\\/#primaryimage\"},\"thumbnailUrl\":\"https:\\\/\\\/i0.wp.com\\\/istoc.eu\\\/wp-content\\\/uploads\\\/2023\\\/09\\\/kepimo-folija.webp?fit=800%2C800&ssl=1\",\"datePublished\":\"2023-09-12T08:40:27+00:00\",\"dateModified\":\"2024-02-10T23:03:38+00:00\",\"breadcrumb\":{\"@id\":\"https:\\\/\\\/istoc.eu\\\/shop\\\/visos_prekes\\\/maistine-pe-plevele-29cm-x-09kg-13mkr\\\/#breadcrumb\"},\"inLanguage\":\"en-GB\",\"potentialAction\":[{\"@type\":\"ReadAction\",\"target\":[\"https:\\\/\\\/istoc.eu\\\/shop\\\/visos_prekes\\\/maistine-pe-plevele-29cm-x-09kg-13mkr\\\/\"]}]},{\"@type\":\"ImageObject\",\"inLanguage\":\"en-GB\",\"@id\":\"https:\\\/\\\/istoc.eu\\\/shop\\\/visos_prekes\\\/maistine-pe-plevele-29cm-x-09kg-13mkr\\\/#primaryimage\",\"url\":\"https:\\\/\\\/i0.wp.com\\\/istoc.eu\\\/wp-content\\\/uploads\\\/2023\\\/09\\\/kepimo-folija.webp?fit=800%2C800&ssl=1\",\"contentUrl\":\"https:\\\/\\\/i0.wp.com\\\/istoc.eu\\\/wp-content\\\/uploads\\\/2023\\\/09\\\/kepimo-folija.webp?fit=800%2C800&ssl=1\",\"width\":800,\"height\":800,\"caption\":\"kepimo folija\"},{\"@type\":\"BreadcrumbList\",\"@id\":\"https:\\\/\\\/istoc.eu\\\/shop\\\/visos_prekes\\\/maistine-pe-plevele-29cm-x-09kg-13mkr\\\/#breadcrumb\",\"itemListElement\":[{\"@type\":\"ListItem\",\"position\":1,\"name\":\"Home\",\"item\":\"https:\\\/\\\/istoc.eu\\\/\"},{\"@type\":\"ListItem\",\"position\":2,\"name\":\"Shop\",\"item\":\"https:\\\/\\\/istoc.eu\\\/shop\\\/\"},{\"@type\":\"ListItem\",\"position\":3,\"name\":\"Aliuminio folija maisto laikymui ir kepimui 29cm x 0,9kg \\\/ 13mkr\"}]},{\"@type\":\"WebSite\",\"@id\":\"https:\\\/\\\/istoc.eu\\\/#website\",\"url\":\"https:\\\/\\\/istoc.eu\\\/\",\"name\":\"ISTOC | Eko pakuot\u0117\",\"description\":\"\",\"publisher\":{\"@id\":\"https:\\\/\\\/istoc.eu\\\/#organization\"},\"potentialAction\":[{\"@type\":\"SearchAction\",\"target\":{\"@type\":\"EntryPoint\",\"urlTemplate\":\"https:\\\/\\\/istoc.eu\\\/?s={search_term_string}\"},\"query-input\":{\"@type\":\"PropertyValueSpecification\",\"valueRequired\":true,\"valueName\":\"search_term_string\"}}],\"inLanguage\":\"en-GB\"},{\"@type\":\"Organization\",\"@id\":\"https:\\\/\\\/istoc.eu\\\/#organization\",\"name\":\"ISTOC | Eko pakuot\u0117\",\"url\":\"https:\\\/\\\/istoc.eu\\\/\",\"logo\":{\"@type\":\"ImageObject\",\"inLanguage\":\"en-GB\",\"@id\":\"https:\\\/\\\/istoc.eu\\\/#\\\/schema\\\/logo\\\/image\\\/\",\"url\":\"https:\\\/\\\/i0.wp.com\\\/istoc.eu\\\/wp-content\\\/uploads\\\/2025\\\/01\\\/cropped-istoc-logo.png?fit=1078%2C441&ssl=1\",\"contentUrl\":\"https:\\\/\\\/i0.wp.com\\\/istoc.eu\\\/wp-content\\\/uploads\\\/2025\\\/01\\\/cropped-istoc-logo.png?fit=1078%2C441&ssl=1\",\"width\":1078,\"height\":441,\"caption\":\"ISTOC | Eko pakuot\u0117\"},\"image\":{\"@id\":\"https:\\\/\\\/istoc.eu\\\/#\\\/schema\\\/logo\\\/image\\\/\"}}]}<\/script>\n<!-- \/ Yoast SEO Premium plugin. -->","yoast_head_json":{"title":"Aliuminio folija maisto laikymui ir kepimui 29cm x 0,9kg \/ 13mkr - ISTOC | Eko pakuot\u0117","robots":{"index":"noindex","follow":"follow"},"og_locale":"en_GB","og_type":"article","og_title":"Aliuminio folija maisto laikymui ir kepimui 29cm x 0,9kg \/ 13mkr","og_description":"Auk\u0161tos kokyb\u0117s aliuminio folija yra universalus pasirinkimas, kur\u012f galite naudoti maisto ruo\u0161imui ir saugojimui. Ji idealiai tinka maisto laikymui \u0161aldytuve ar \u0161aldiklyje, be to, galite naudoti gaminant maist\u0105. Aliuminio folija u\u017etikrina, kad j\u016bs\u0173 maistas bus saugiai u\u017edarytas nuo oro, \u0161viesos ir riebal\u0173, o tai yra ypatingai naudinga.  Svarbiausia, atkreipkite d\u0117mes\u012f \u012f laikymo instrukcijas. \u0160i\u0105 kepimo folij\u0105 reikia laikyti sausai, \u0161varioje aplinkoje ir kambario temperat\u016broje. Folija maistui pat pasi\u017eymi pla\u010diu temperat\u016bros diapazonu, nuo -40 \u00b0C iki +220 \u00b0C, tod\u0117l j\u0105 galite naudoti \u012fvairiose virtuv\u0117s projektuose.   Atspari kar\u0161\u010diui  Puikiai tinka pakuot\u0117ms  Neprilimanti prie produkt\u0173","og_url":"https:\/\/istoc.eu\/en\/shop\/visos_prekes\/maistine-pe-plevele-29cm-x-09kg-13mkr\/","og_site_name":"ISTOC | Eko pakuot\u0117","article_modified_time":"2024-02-10T23:03:38+00:00","og_image":[{"width":800,"height":800,"url":"https:\/\/istoc.eu\/wp-content\/uploads\/2023\/09\/kepimo-folija.webp","type":"image\/webp"}],"twitter_card":"summary_large_image","twitter_misc":{"Estimated reading time":"1 minute"},"schema":{"@context":"https:\/\/schema.org","@graph":[{"@type":"WebPage","@id":"https:\/\/istoc.eu\/shop\/visos_prekes\/maistine-pe-plevele-29cm-x-09kg-13mkr\/","url":"https:\/\/istoc.eu\/shop\/visos_prekes\/maistine-pe-plevele-29cm-x-09kg-13mkr\/","name":"Aliuminio folija maisto laikymui ir kepimui 29cm x 0,9kg \/ 13mkr - ISTOC | Eko pakuot\u0117","isPartOf":{"@id":"https:\/\/istoc.eu\/#website"},"primaryImageOfPage":{"@id":"https:\/\/istoc.eu\/shop\/visos_prekes\/maistine-pe-plevele-29cm-x-09kg-13mkr\/#primaryimage"},"image":{"@id":"https:\/\/istoc.eu\/shop\/visos_prekes\/maistine-pe-plevele-29cm-x-09kg-13mkr\/#primaryimage"},"thumbnailUrl":"https:\/\/i0.wp.com\/istoc.eu\/wp-content\/uploads\/2023\/09\/kepimo-folija.webp?fit=800%2C800&ssl=1","datePublished":"2023-09-12T08:40:27+00:00","dateModified":"2024-02-10T23:03:38+00:00","breadcrumb":{"@id":"https:\/\/istoc.eu\/shop\/visos_prekes\/maistine-pe-plevele-29cm-x-09kg-13mkr\/#breadcrumb"},"inLanguage":"en-GB","potentialAction":[{"@type":"ReadAction","target":["https:\/\/istoc.eu\/shop\/visos_prekes\/maistine-pe-plevele-29cm-x-09kg-13mkr\/"]}]},{"@type":"ImageObject","inLanguage":"en-GB","@id":"https:\/\/istoc.eu\/shop\/visos_prekes\/maistine-pe-plevele-29cm-x-09kg-13mkr\/#primaryimage","url":"https:\/\/i0.wp.com\/istoc.eu\/wp-content\/uploads\/2023\/09\/kepimo-folija.webp?fit=800%2C800&ssl=1","contentUrl":"https:\/\/i0.wp.com\/istoc.eu\/wp-content\/uploads\/2023\/09\/kepimo-folija.webp?fit=800%2C800&ssl=1","width":800,"height":800,"caption":"kepimo folija"},{"@type":"BreadcrumbList","@id":"https:\/\/istoc.eu\/shop\/visos_prekes\/maistine-pe-plevele-29cm-x-09kg-13mkr\/#breadcrumb","itemListElement":[{"@type":"ListItem","position":1,"name":"Home","item":"https:\/\/istoc.eu\/"},{"@type":"ListItem","position":2,"name":"Shop","item":"https:\/\/istoc.eu\/shop\/"},{"@type":"ListItem","position":3,"name":"Aliuminio folija maisto laikymui ir kepimui 29cm x 0,9kg \/ 13mkr"}]},{"@type":"WebSite","@id":"https:\/\/istoc.eu\/#website","url":"https:\/\/istoc.eu\/","name":"ISTOC | Eko pakuot\u0117","description":"","publisher":{"@id":"https:\/\/istoc.eu\/#organization"},"potentialAction":[{"@type":"SearchAction","target":{"@type":"EntryPoint","urlTemplate":"https:\/\/istoc.eu\/?s={search_term_string}"},"query-input":{"@type":"PropertyValueSpecification","valueRequired":true,"valueName":"search_term_string"}}],"inLanguage":"en-GB"},{"@type":"Organization","@id":"https:\/\/istoc.eu\/#organization","name":"ISTOC | Eko pakuot\u0117","url":"https:\/\/istoc.eu\/","logo":{"@type":"ImageObject","inLanguage":"en-GB","@id":"https:\/\/istoc.eu\/#\/schema\/logo\/image\/","url":"https:\/\/i0.wp.com\/istoc.eu\/wp-content\/uploads\/2025\/01\/cropped-istoc-logo.png?fit=1078%2C441&ssl=1","contentUrl":"https:\/\/i0.wp.com\/istoc.eu\/wp-content\/uploads\/2025\/01\/cropped-istoc-logo.png?fit=1078%2C441&ssl=1","width":1078,"height":441,"caption":"ISTOC | Eko pakuot\u0117"},"image":{"@id":"https:\/\/istoc.eu\/#\/schema\/logo\/image\/"}}]}},"uagb_featured_image_src":{"full":["https:\/\/i0.wp.com\/istoc.eu\/wp-content\/uploads\/2023\/09\/kepimo-folija.webp?fit=800%2C800&ssl=1",800,800,false],"thumbnail":["https:\/\/i0.wp.com\/istoc.eu\/wp-content\/uploads\/2023\/09\/kepimo-folija.webp?resize=150%2C150&ssl=1",150,150,true],"medium":["https:\/\/i0.wp.com\/istoc.eu\/wp-content\/uploads\/2023\/09\/kepimo-folija.webp?fit=300%2C300&ssl=1",300,300,true],"medium_large":["https:\/\/i0.wp.com\/istoc.eu\/wp-content\/uploads\/2023\/09\/kepimo-folija.webp?fit=768%2C768&ssl=1",768,768,true],"large":["https:\/\/i0.wp.com\/istoc.eu\/wp-content\/uploads\/2023\/09\/kepimo-folija.webp?fit=800%2C800&ssl=1",800,800,true],"1536x1536":["https:\/\/i0.wp.com\/istoc.eu\/wp-content\/uploads\/2023\/09\/kepimo-folija.webp?fit=800%2C800&ssl=1",800,800,true],"2048x2048":["https:\/\/i0.wp.com\/istoc.eu\/wp-content\/uploads\/2023\/09\/kepimo-folija.webp?fit=800%2C800&ssl=1",800,800,true],"trp-custom-language-flag":["https:\/\/i0.wp.com\/istoc.eu\/wp-content\/uploads\/2023\/09\/kepimo-folija.webp?fit=12%2C12&ssl=1",12,12,true],"mailpoet_newsletter_max":["https:\/\/i0.wp.com\/istoc.eu\/wp-content\/uploads\/2023\/09\/kepimo-folija.webp?fit=800%2C800&ssl=1",800,800,true],"woocommerce_thumbnail":["https:\/\/i0.wp.com\/istoc.eu\/wp-content\/uploads\/2023\/09\/kepimo-folija.webp?resize=300%2C300&ssl=1",300,300,true],"woocommerce_single":["https:\/\/i0.wp.com\/istoc.eu\/wp-content\/uploads\/2023\/09\/kepimo-folija.webp?fit=600%2C600&ssl=1",600,600,true],"woocommerce_gallery_thumbnail":["https:\/\/i0.wp.com\/istoc.eu\/wp-content\/uploads\/2023\/09\/kepimo-folija.webp?resize=100%2C100&ssl=1",100,100,true]},"uagb_author_info":{"display_name":"admin","author_link":"https:\/\/istoc.eu\/en\/author\/"},"uagb_comment_info":0,"uagb_excerpt":"Auk\u0161tos kokyb\u0117s aliuminio folija yra universalus pasirinkimas, kur\u012f galite naudoti maisto ruo\u0161imui ir saugojimui. Ji idealiai tinka maisto laikymui \u0161aldytuve ar \u0161aldiklyje, be to, galite naudoti gaminant maist\u0105. Aliuminio folija u\u017etikrina, kad j\u016bs\u0173 maistas bus saugiai u\u017edarytas nuo oro, \u0161viesos ir riebal\u0173, o tai yra ypatingai naudinga. Svarbiausia, atkreipkite d\u0117mes\u012f \u012f laikymo instrukcijas. \u0160i\u0105 kepimo&hellip;","jetpack-related-posts":[],"jetpack_sharing_enabled":true,"_links":{"self":[{"href":"https:\/\/istoc.eu\/en\/wp-json\/wp\/v2\/product\/6133","targetHints":{"allow":["GET"]}}],"collection":[{"href":"https:\/\/istoc.eu\/en\/wp-json\/wp\/v2\/product"}],"about":[{"href":"https:\/\/istoc.eu\/en\/wp-json\/wp\/v2\/types\/product"}],"version-history":[{"count":9,"href":"https:\/\/istoc.eu\/en\/wp-json\/wp\/v2\/product\/6133\/revisions"}],"predecessor-version":[{"id":6319,"href":"https:\/\/istoc.eu\/en\/wp-json\/wp\/v2\/product\/6133\/revisions\/6319"}],"wp:featuredmedia":[{"embeddable":true,"href":"https:\/\/istoc.eu\/en\/wp-json\/wp\/v2\/media\/6131"}],"wp:attachment":[{"href":"https:\/\/istoc.eu\/en\/wp-json\/wp\/v2\/media?parent=6133"}],"wp:term":[{"taxonomy":"product_brand","embeddable":true,"href":"https:\/\/istoc.eu\/en\/wp-json\/wp\/v2\/product_brand?post=6133"},{"taxonomy":"product_cat","embeddable":true,"href":"https:\/\/istoc.eu\/en\/wp-json\/wp\/v2\/product_cat?post=6133"},{"taxonomy":"product_tag","embeddable":true,"href":"https:\/\/istoc.eu\/en\/wp-json\/wp\/v2\/product_tag?post=6133"}],"curies":[{"name":"wp","href":"https:\/\/api.w.org\/{rel}","templated":true}]}}