{"id":6137,"date":"2023-09-12T08:43:59","date_gmt":"2023-09-12T08:43:59","guid":{"rendered":"https:\/\/istoc.eu\/?post_type=product&#038;p=6137"},"modified":"2024-06-22T09:41:41","modified_gmt":"2024-06-22T09:41:41","slug":"maistine-pe-plevele-44cm-x-300m-8mkr","status":"publish","type":"product","link":"https:\/\/istoc.eu\/en\/shop\/visos_prekes\/maistine-pe-plevele-44cm-x-300m-8mkr\/","title":{"rendered":"Maistin\u0117 PE pl\u0117vel\u0117 44cm x 300m\/8mkr"},"content":{"rendered":"<p>Optimali Maistin\u0117 PE pl\u0117vel\u0117 maisto produkt\u0173 pakavimui ir fasavimui, u\u017etikrinanti skaidri\u0105 apsaug\u0105.<\/p>\n<div style=\"background: #fff; padding: 10px;\">\n<table style=\"height: 5px; max-width: fit-content; border: solid 1px; margin: 5px; border-collapse: collapse;\" width=\"1258\">\n<tbody>\n<tr>\n<th style=\"text-align: left; border: solid 1px;\">Prek\u0117s kodas<\/th>\n<td style=\"border: solid 1px;\">31009<\/td>\n<\/tr>\n<tr>\n<th style=\"text-align: left; border: solid 1px;\">Prek\u0117s kilm\u0117s \u0161alis<\/th>\n<td style=\"border: solid 1px;\">EU<\/td>\n<\/tr>\n<tr>\n<th style=\"text-align: left; border: solid 1px;\">Prek\u0117s platintojas<\/th>\n<td style=\"border: solid 1px;\">UAB ISTOC<\/td>\n<\/tr>\n<tr>\n<th style=\"text-align: left; border: solid 1px;\">Prek\u0117<\/th>\n<td style=\"border: solid 1px;\">Maistin\u0117 LDPE pl\u0117vel\u0117<\/td>\n<\/tr>\n<tr>\n<th style=\"text-align: left; border: solid 1px;\">Pakuot\u0117je<\/th>\n<td style=\"border: solid 1px;\">4vnt<\/td>\n<\/tr>\n<\/tbody>\n<\/table>\n<p>&nbsp;<\/p>\n<h2>Maistin\u0117s PE pl\u0117vel\u0117s dyd\u017eiai:<\/h2>\n<ul>\n<li><a href=\"https:\/\/istoc.eu\/shop\/visos_prekes\/maistine-pe-plevele-44cm-x-300m-8mkr\/\">Maistin\u0117 PE pl\u0117vel\u0117 44cm x 300m (8mkr)<\/a><\/li>\n<li><a href=\"https:\/\/istoc.eu\/shop\/visos_prekes\/maistine-pe-plevele-29cm-x-150m-8mkr\/\">Maistin\u0117 PE pl\u0117vel\u0117 29cm x 150m (8mkr)<\/a><\/li>\n<li><a href=\"https:\/\/istoc.eu\/shop\/visos_prekes\/maistine-pe-plevele-29cm-x-300m-8mkr\/\">Maistin\u0117 PE pl\u0117vel\u0117 29cm x 300m (8mkr)<\/a><\/li>\n<\/ul>\n<h2>U\u017esakymo forma<\/h2>\n<div style=\"padding: 5px;\"><div class=\"wpforms-container wpforms-render-modern\" id=\"wpforms-5655\"><form id=\"wpforms-form-5655\" class=\"wpforms-validate wpforms-form wpforms-ajax-form\" data-formid=\"5655\" method=\"post\" enctype=\"multipart\/form-data\" action=\"\/en\/wp-json\/wp\/v2\/product\/6137\" data-token=\"30e3ff43cec9062708b40e1791c2d603\" data-token-time=\"1777438003\"><noscript class=\"wpforms-error-noscript\">Please enable JavaScript in your browser to complete this form.<\/noscript><div id=\"wpforms-error-noscript\" style=\"display: none;\">Please enable JavaScript in your browser to complete this form.<\/div><div class=\"wpforms-field-container\"><div id=\"wpforms-5655-field_0-container\" class=\"wpforms-field wpforms-field-name\" data-field-id=\"0\"><label class=\"wpforms-field-label\" for=\"wpforms-5655-field_0\">Vardas <span class=\"wpforms-required-label\" aria-hidden=\"true\">*<\/span><\/label><input type=\"text\" id=\"wpforms-5655-field_0\" class=\"wpforms-field-large wpforms-field-required\" name=\"wpforms[fields][0]\" aria-errormessage=\"wpforms-5655-field_0-error\" required><\/div><div id=\"wpforms-5655-field_1-container\" class=\"wpforms-field wpforms-field-email\" data-field-id=\"1\"><fieldset><legend class=\"wpforms-field-label\">El. Pa\u0161tas <span class=\"wpforms-required-label\" aria-hidden=\"true\">*<\/span><\/legend><div class=\"wpforms-field-row wpforms-field-large\"><div class=\"wpforms-field-row-block wpforms-one-half wpforms-first\"><input type=\"email\" id=\"wpforms-5655-field_1\" class=\"wpforms-field-required wpforms-field-email-primary\" name=\"wpforms[fields][1][primary]\" spellcheck=\"false\" aria-errormessage=\"wpforms-5655-field_1-error\" required><label for=\"wpforms-5655-field_1\" class=\"wpforms-field-sublabel after\">Email<\/label><\/div><div class=\"wpforms-field-row-block wpforms-one-half\"><input type=\"email\" id=\"wpforms-5655-field_1-secondary\" class=\"wpforms-field-email-secondary wpforms-field-required\" data-rule-confirm=\"#wpforms-5655-field_1\" name=\"wpforms[fields][1][secondary]\" spellcheck=\"false\" aria-errormessage=\"wpforms-5655-field_1-secondary-error\" required><label for=\"wpforms-5655-field_1-secondary\" class=\"wpforms-field-sublabel after\">Confirm Email<\/label><\/div><\/div><\/fieldset><\/div><div id=\"wpforms-5655-field_3-container\" class=\"wpforms-field wpforms-field-number\" data-field-id=\"3\"><label class=\"wpforms-field-label\" for=\"wpforms-5655-field_3\">Prekes kodas <span class=\"wpforms-required-label\" aria-hidden=\"true\">*<\/span><\/label><input type=\"number\" id=\"wpforms-5655-field_3\" class=\"wpforms-field-small wpforms-field-required\" name=\"wpforms[fields][3]\" step=\"any\" aria-errormessage=\"wpforms-5655-field_3-error\" required><\/div><div id=\"wpforms-5655-field_2-container\" class=\"wpforms-field wpforms-field-textarea\" data-field-id=\"2\"><label class=\"wpforms-field-label\" for=\"wpforms-5655-field_2\">Prane\u0161imas<\/label><textarea id=\"wpforms-5655-field_2\" class=\"wpforms-field-medium wpforms-limit-words-enabled\" data-form-id=\"5655\" data-field-id=\"2\" data-text-limit=\"100\" name=\"wpforms[fields][2]\" aria-errormessage=\"wpforms-5655-field_2-error\" ><\/textarea><\/div><\/div><!-- .wpforms-field-container --><div class=\"wpforms-submit-container\" ><input type=\"hidden\" name=\"wpforms[id]\" value=\"5655\"><input type=\"hidden\" name=\"page_title\" value=\"\"><input type=\"hidden\" name=\"page_url\" value=\"https:\/\/istoc.eu\/en\/wp-json\/wp\/v2\/product\/6137\"><input type=\"hidden\" name=\"url_referer\" value=\"\"><button type=\"submit\" name=\"wpforms[submit]\" id=\"wpforms-submit-5655\" class=\"wpforms-submit\" data-alt-text=\"Siun\u010diama...\" data-submit-text=\"Si\u0173sti\" aria-live=\"assertive\" value=\"wpforms-submit\">Si\u0173sti<\/button><img decoding=\"async\" src=\"https:\/\/istoc.eu\/wp-content\/plugins\/wpforms-lite\/assets\/images\/submit-spin.svg\" class=\"wpforms-submit-spinner\" style=\"display: none;\" width=\"26\" height=\"26\" alt=\"Loading\"><\/div><\/form><\/div>  <!-- .wpforms-container --><\/div>\n<\/div>\n","protected":false},"excerpt":{"rendered":"<p>Maistin\u0117 PE pl\u0117vel\u0117, skirta naudoti maisto pramon\u0117je trumpalaikiam maisto produkt\u0173 pakavimui bei u\u017edengimui, yra esminis \u012frankis u\u017etikrinant produkt\u0173 \u0161vie\u017eum\u0105.<\/p>\n<p>\u0160i skaidri ir elastinga PE pl\u0117vel\u0117 lengvai priglunda prie \u012fvairi\u0173 produkt\u0173, puikiai tinka apsaugoti maist\u0105 nuo i\u0161orini\u0173 dirgikli\u0173. Ji gali b\u016bti naudojama kaip pl\u0117vel\u0117 maisto pakavimui proceso metu, \u012fskaitant \u017euvies, dar\u017eovi\u0173, m\u0117sos, greito maisto, konditerijos ar u\u017ekand\u017ei\u0173 fasavimo pl\u0117vel\u0117, taip u\u017etikrinant apsaug\u0105 nuo d\u017eiuvimo iki 2 dien\u0173.<\/p>\n<p>Tinkamai naudojama \u0161i pl\u0117vel\u0117 padeda i\u0161laikyti maisto kokyb\u0119 ir prailgina jo galiojimo laik\u0105, suteikiant gamintojams ir vartotojams papildom\u0105 vert\u0119.<\/p>","protected":false},"featured_media":5544,"template":"","meta":{"_uag_custom_page_level_css":"","site-sidebar-layout":"default","site-content-layout":"default","ast-site-content-layout":"default","site-content-style":"default","site-sidebar-style":"default","ast-global-header-display":"","ast-banner-title-visibility":"","ast-main-header-display":"","ast-hfb-above-header-display":"","ast-hfb-below-header-display":"","ast-hfb-mobile-header-display":"","site-post-title":"","ast-breadcrumbs-content":"","ast-featured-img":"","footer-sml-layout":"","ast-disable-related-posts":"","theme-transparent-header-meta":"default","adv-header-id-meta":"","stick-header-meta":"default","header-above-stick-meta":"","header-main-stick-meta":"","header-below-stick-meta":"","astra-migrate-meta-layouts":"set","ast-page-background-enabled":"default","ast-page-background-meta":{"desktop":{"background-color":"","background-image":"","background-repeat":"repeat","background-position":"center center","background-size":"auto","background-attachment":"scroll","background-type":"","background-media":"","overlay-type":"","overlay-color":"","overlay-opacity":"","overlay-gradient":""},"tablet":{"background-color":"","background-image":"","background-repeat":"repeat","background-position":"center center","background-size":"auto","background-attachment":"scroll","background-type":"","background-media":"","overlay-type":"","overlay-color":"","overlay-opacity":"","overlay-gradient":""},"mobile":{"background-color":"","background-image":"","background-repeat":"repeat","background-position":"center center","background-size":"auto","background-attachment":"scroll","background-type":"","background-media":"","overlay-type":"","overlay-color":"","overlay-opacity":"","overlay-gradient":""}},"ast-content-background-meta":{"desktop":{"background-color":"var(--ast-global-color-5)","background-image":"","background-repeat":"repeat","background-position":"center center","background-size":"auto","background-attachment":"scroll","background-type":"","background-media":"","overlay-type":"","overlay-color":"","overlay-opacity":"","overlay-gradient":""},"tablet":{"background-color":"var(--ast-global-color-5)","background-image":"","background-repeat":"repeat","background-position":"center center","background-size":"auto","background-attachment":"scroll","background-type":"","background-media":"","overlay-type":"","overlay-color":"","overlay-opacity":"","overlay-gradient":""},"mobile":{"background-color":"var(--ast-global-color-5)","background-image":"","background-repeat":"repeat","background-position":"center center","background-size":"auto","background-attachment":"scroll","background-type":"","background-media":"","overlay-type":"","overlay-color":"","overlay-opacity":"","overlay-gradient":""}}},"product_brand":[],"product_cat":[25,15],"product_tag":[],"class_list":{"0":"post-6137","1":"product","2":"type-product","3":"status-publish","4":"has-post-thumbnail","6":"product_cat-folija_plevele","7":"product_cat-visos_prekes","8":"desktop-align-center","9":"tablet-align-center","10":"mobile-align-center","11":"ast-product-gallery-layout-horizontal","12":"ast-product-gallery-with-no-image","13":"ast-product-tabs-layout-horizontal","14":"ast-qv-on-image","16":"first","17":"instock","18":"shipping-taxable","19":"product-type-simple"},"yoast_head":"<!-- This site is optimized with the Yoast SEO Premium plugin v20.11 (Yoast SEO v27.5) - https:\/\/yoast.com\/product\/yoast-seo-premium-wordpress\/ -->\n<title>Maistin\u0117 PE pl\u0117vel\u0117 44cm x 300m\/8mkr - ISTOC | Eko pakuot\u0117<\/title>\n<meta name=\"description\" content=\"Maistin\u0117 PE pl\u0117vel\u0117 44cm x 300m\/8mkr \u2013 kokybi\u0161ka ir patvari, puikiai tinka maisto pakavimui, saugojimui ir ilgalaikiam \u0161vie\u017eumui i\u0161laikyti.\" \/>\n<meta name=\"robots\" content=\"noindex, follow\" \/>\n<meta property=\"og:locale\" content=\"en_GB\" \/>\n<meta property=\"og:type\" content=\"article\" \/>\n<meta property=\"og:title\" content=\"Maistin\u0117 PE pl\u0117vel\u0117 44cm x 300m\/8mkr\" \/>\n<meta property=\"og:description\" content=\"Maistin\u0117 PE pl\u0117vel\u0117 44cm x 300m\/8mkr \u2013 kokybi\u0161ka ir patvari, puikiai tinka maisto pakavimui, saugojimui ir ilgalaikiam \u0161vie\u017eumui i\u0161laikyti.\" \/>\n<meta property=\"og:url\" content=\"https:\/\/istoc.eu\/en\/shop\/visos_prekes\/maistine-pe-plevele-44cm-x-300m-8mkr\/\" \/>\n<meta property=\"og:site_name\" content=\"ISTOC | Eko pakuot\u0117\" \/>\n<meta property=\"article:modified_time\" content=\"2024-06-22T09:41:41+00:00\" \/>\n<meta property=\"og:image\" content=\"https:\/\/istoc.eu\/wp-content\/uploads\/2023\/06\/stretch-wrap.png\" \/>\n\t<meta property=\"og:image:width\" content=\"800\" \/>\n\t<meta property=\"og:image:height\" content=\"800\" \/>\n\t<meta property=\"og:image:type\" content=\"image\/png\" \/>\n<meta name=\"twitter:card\" content=\"summary_large_image\" \/>\n<meta name=\"twitter:label1\" content=\"Estimated reading time\" \/>\n\t<meta name=\"twitter:data1\" content=\"1 minute\" \/>\n<script type=\"application\/ld+json\" class=\"yoast-schema-graph\">{\"@context\":\"https:\\\/\\\/schema.org\",\"@graph\":[{\"@type\":\"WebPage\",\"@id\":\"https:\\\/\\\/istoc.eu\\\/shop\\\/visos_prekes\\\/maistine-pe-plevele-44cm-x-300m-8mkr\\\/\",\"url\":\"https:\\\/\\\/istoc.eu\\\/shop\\\/visos_prekes\\\/maistine-pe-plevele-44cm-x-300m-8mkr\\\/\",\"name\":\"Maistin\u0117 PE pl\u0117vel\u0117 44cm x 300m\\\/8mkr - ISTOC | Eko pakuot\u0117\",\"isPartOf\":{\"@id\":\"https:\\\/\\\/istoc.eu\\\/#website\"},\"primaryImageOfPage\":{\"@id\":\"https:\\\/\\\/istoc.eu\\\/shop\\\/visos_prekes\\\/maistine-pe-plevele-44cm-x-300m-8mkr\\\/#primaryimage\"},\"image\":{\"@id\":\"https:\\\/\\\/istoc.eu\\\/shop\\\/visos_prekes\\\/maistine-pe-plevele-44cm-x-300m-8mkr\\\/#primaryimage\"},\"thumbnailUrl\":\"https:\\\/\\\/i0.wp.com\\\/istoc.eu\\\/wp-content\\\/uploads\\\/2023\\\/06\\\/stretch-wrap.png?fit=800%2C800&ssl=1\",\"datePublished\":\"2023-09-12T08:43:59+00:00\",\"dateModified\":\"2024-06-22T09:41:41+00:00\",\"description\":\"Maistin\u0117 PE pl\u0117vel\u0117 44cm x 300m\\\/8mkr \u2013 kokybi\u0161ka ir patvari, puikiai tinka maisto pakavimui, saugojimui ir ilgalaikiam \u0161vie\u017eumui i\u0161laikyti.\",\"breadcrumb\":{\"@id\":\"https:\\\/\\\/istoc.eu\\\/shop\\\/visos_prekes\\\/maistine-pe-plevele-44cm-x-300m-8mkr\\\/#breadcrumb\"},\"inLanguage\":\"en-GB\",\"potentialAction\":[{\"@type\":\"ReadAction\",\"target\":[\"https:\\\/\\\/istoc.eu\\\/shop\\\/visos_prekes\\\/maistine-pe-plevele-44cm-x-300m-8mkr\\\/\"]}]},{\"@type\":\"ImageObject\",\"inLanguage\":\"en-GB\",\"@id\":\"https:\\\/\\\/istoc.eu\\\/shop\\\/visos_prekes\\\/maistine-pe-plevele-44cm-x-300m-8mkr\\\/#primaryimage\",\"url\":\"https:\\\/\\\/i0.wp.com\\\/istoc.eu\\\/wp-content\\\/uploads\\\/2023\\\/06\\\/stretch-wrap.png?fit=800%2C800&ssl=1\",\"contentUrl\":\"https:\\\/\\\/i0.wp.com\\\/istoc.eu\\\/wp-content\\\/uploads\\\/2023\\\/06\\\/stretch-wrap.png?fit=800%2C800&ssl=1\",\"width\":800,\"height\":800,\"caption\":\"stretch plevel\u0117\"},{\"@type\":\"BreadcrumbList\",\"@id\":\"https:\\\/\\\/istoc.eu\\\/shop\\\/visos_prekes\\\/maistine-pe-plevele-44cm-x-300m-8mkr\\\/#breadcrumb\",\"itemListElement\":[{\"@type\":\"ListItem\",\"position\":1,\"name\":\"Home\",\"item\":\"https:\\\/\\\/istoc.eu\\\/\"},{\"@type\":\"ListItem\",\"position\":2,\"name\":\"Shop\",\"item\":\"https:\\\/\\\/istoc.eu\\\/shop\\\/\"},{\"@type\":\"ListItem\",\"position\":3,\"name\":\"Maistin\u0117 PE pl\u0117vel\u0117 44cm x 300m\\\/8mkr\"}]},{\"@type\":\"WebSite\",\"@id\":\"https:\\\/\\\/istoc.eu\\\/#website\",\"url\":\"https:\\\/\\\/istoc.eu\\\/\",\"name\":\"ISTOC | Eko pakuot\u0117\",\"description\":\"\",\"publisher\":{\"@id\":\"https:\\\/\\\/istoc.eu\\\/#organization\"},\"potentialAction\":[{\"@type\":\"SearchAction\",\"target\":{\"@type\":\"EntryPoint\",\"urlTemplate\":\"https:\\\/\\\/istoc.eu\\\/?s={search_term_string}\"},\"query-input\":{\"@type\":\"PropertyValueSpecification\",\"valueRequired\":true,\"valueName\":\"search_term_string\"}}],\"inLanguage\":\"en-GB\"},{\"@type\":\"Organization\",\"@id\":\"https:\\\/\\\/istoc.eu\\\/#organization\",\"name\":\"ISTOC | Eko pakuot\u0117\",\"url\":\"https:\\\/\\\/istoc.eu\\\/\",\"logo\":{\"@type\":\"ImageObject\",\"inLanguage\":\"en-GB\",\"@id\":\"https:\\\/\\\/istoc.eu\\\/#\\\/schema\\\/logo\\\/image\\\/\",\"url\":\"https:\\\/\\\/i0.wp.com\\\/istoc.eu\\\/wp-content\\\/uploads\\\/2025\\\/01\\\/cropped-istoc-logo.png?fit=1078%2C441&ssl=1\",\"contentUrl\":\"https:\\\/\\\/i0.wp.com\\\/istoc.eu\\\/wp-content\\\/uploads\\\/2025\\\/01\\\/cropped-istoc-logo.png?fit=1078%2C441&ssl=1\",\"width\":1078,\"height\":441,\"caption\":\"ISTOC | Eko pakuot\u0117\"},\"image\":{\"@id\":\"https:\\\/\\\/istoc.eu\\\/#\\\/schema\\\/logo\\\/image\\\/\"}}]}<\/script>\n<!-- \/ Yoast SEO Premium plugin. -->","yoast_head_json":{"title":"Maistin\u0117 PE pl\u0117vel\u0117 44cm x 300m\/8mkr - ISTOC | Eko pakuot\u0117","description":"Maistin\u0117 PE pl\u0117vel\u0117 44cm x 300m\/8mkr \u2013 kokybi\u0161ka ir patvari, puikiai tinka maisto pakavimui, saugojimui ir ilgalaikiam \u0161vie\u017eumui i\u0161laikyti.","robots":{"index":"noindex","follow":"follow"},"og_locale":"en_GB","og_type":"article","og_title":"Maistin\u0117 PE pl\u0117vel\u0117 44cm x 300m\/8mkr","og_description":"Maistin\u0117 PE pl\u0117vel\u0117 44cm x 300m\/8mkr \u2013 kokybi\u0161ka ir patvari, puikiai tinka maisto pakavimui, saugojimui ir ilgalaikiam \u0161vie\u017eumui i\u0161laikyti.","og_url":"https:\/\/istoc.eu\/en\/shop\/visos_prekes\/maistine-pe-plevele-44cm-x-300m-8mkr\/","og_site_name":"ISTOC | Eko pakuot\u0117","article_modified_time":"2024-06-22T09:41:41+00:00","og_image":[{"width":800,"height":800,"url":"https:\/\/istoc.eu\/wp-content\/uploads\/2023\/06\/stretch-wrap.png","type":"image\/png"}],"twitter_card":"summary_large_image","twitter_misc":{"Estimated reading time":"1 minute"},"schema":{"@context":"https:\/\/schema.org","@graph":[{"@type":"WebPage","@id":"https:\/\/istoc.eu\/shop\/visos_prekes\/maistine-pe-plevele-44cm-x-300m-8mkr\/","url":"https:\/\/istoc.eu\/shop\/visos_prekes\/maistine-pe-plevele-44cm-x-300m-8mkr\/","name":"Maistin\u0117 PE pl\u0117vel\u0117 44cm x 300m\/8mkr - ISTOC | Eko pakuot\u0117","isPartOf":{"@id":"https:\/\/istoc.eu\/#website"},"primaryImageOfPage":{"@id":"https:\/\/istoc.eu\/shop\/visos_prekes\/maistine-pe-plevele-44cm-x-300m-8mkr\/#primaryimage"},"image":{"@id":"https:\/\/istoc.eu\/shop\/visos_prekes\/maistine-pe-plevele-44cm-x-300m-8mkr\/#primaryimage"},"thumbnailUrl":"https:\/\/i0.wp.com\/istoc.eu\/wp-content\/uploads\/2023\/06\/stretch-wrap.png?fit=800%2C800&ssl=1","datePublished":"2023-09-12T08:43:59+00:00","dateModified":"2024-06-22T09:41:41+00:00","description":"Maistin\u0117 PE pl\u0117vel\u0117 44cm x 300m\/8mkr \u2013 kokybi\u0161ka ir patvari, puikiai tinka maisto pakavimui, saugojimui ir ilgalaikiam \u0161vie\u017eumui i\u0161laikyti.","breadcrumb":{"@id":"https:\/\/istoc.eu\/shop\/visos_prekes\/maistine-pe-plevele-44cm-x-300m-8mkr\/#breadcrumb"},"inLanguage":"en-GB","potentialAction":[{"@type":"ReadAction","target":["https:\/\/istoc.eu\/shop\/visos_prekes\/maistine-pe-plevele-44cm-x-300m-8mkr\/"]}]},{"@type":"ImageObject","inLanguage":"en-GB","@id":"https:\/\/istoc.eu\/shop\/visos_prekes\/maistine-pe-plevele-44cm-x-300m-8mkr\/#primaryimage","url":"https:\/\/i0.wp.com\/istoc.eu\/wp-content\/uploads\/2023\/06\/stretch-wrap.png?fit=800%2C800&ssl=1","contentUrl":"https:\/\/i0.wp.com\/istoc.eu\/wp-content\/uploads\/2023\/06\/stretch-wrap.png?fit=800%2C800&ssl=1","width":800,"height":800,"caption":"stretch plevel\u0117"},{"@type":"BreadcrumbList","@id":"https:\/\/istoc.eu\/shop\/visos_prekes\/maistine-pe-plevele-44cm-x-300m-8mkr\/#breadcrumb","itemListElement":[{"@type":"ListItem","position":1,"name":"Home","item":"https:\/\/istoc.eu\/"},{"@type":"ListItem","position":2,"name":"Shop","item":"https:\/\/istoc.eu\/shop\/"},{"@type":"ListItem","position":3,"name":"Maistin\u0117 PE pl\u0117vel\u0117 44cm x 300m\/8mkr"}]},{"@type":"WebSite","@id":"https:\/\/istoc.eu\/#website","url":"https:\/\/istoc.eu\/","name":"ISTOC | Eko pakuot\u0117","description":"","publisher":{"@id":"https:\/\/istoc.eu\/#organization"},"potentialAction":[{"@type":"SearchAction","target":{"@type":"EntryPoint","urlTemplate":"https:\/\/istoc.eu\/?s={search_term_string}"},"query-input":{"@type":"PropertyValueSpecification","valueRequired":true,"valueName":"search_term_string"}}],"inLanguage":"en-GB"},{"@type":"Organization","@id":"https:\/\/istoc.eu\/#organization","name":"ISTOC | Eko pakuot\u0117","url":"https:\/\/istoc.eu\/","logo":{"@type":"ImageObject","inLanguage":"en-GB","@id":"https:\/\/istoc.eu\/#\/schema\/logo\/image\/","url":"https:\/\/i0.wp.com\/istoc.eu\/wp-content\/uploads\/2025\/01\/cropped-istoc-logo.png?fit=1078%2C441&ssl=1","contentUrl":"https:\/\/i0.wp.com\/istoc.eu\/wp-content\/uploads\/2025\/01\/cropped-istoc-logo.png?fit=1078%2C441&ssl=1","width":1078,"height":441,"caption":"ISTOC | Eko pakuot\u0117"},"image":{"@id":"https:\/\/istoc.eu\/#\/schema\/logo\/image\/"}}]}},"uagb_featured_image_src":{"full":["https:\/\/i0.wp.com\/istoc.eu\/wp-content\/uploads\/2023\/06\/stretch-wrap.png?fit=800%2C800&ssl=1",800,800,false],"thumbnail":["https:\/\/i0.wp.com\/istoc.eu\/wp-content\/uploads\/2023\/06\/stretch-wrap.png?resize=150%2C150&ssl=1",150,150,true],"medium":["https:\/\/i0.wp.com\/istoc.eu\/wp-content\/uploads\/2023\/06\/stretch-wrap.png?fit=300%2C300&ssl=1",300,300,true],"medium_large":["https:\/\/i0.wp.com\/istoc.eu\/wp-content\/uploads\/2023\/06\/stretch-wrap.png?fit=768%2C768&ssl=1",768,768,true],"large":["https:\/\/i0.wp.com\/istoc.eu\/wp-content\/uploads\/2023\/06\/stretch-wrap.png?fit=800%2C800&ssl=1",800,800,true],"1536x1536":["https:\/\/i0.wp.com\/istoc.eu\/wp-content\/uploads\/2023\/06\/stretch-wrap.png?fit=800%2C800&ssl=1",800,800,true],"2048x2048":["https:\/\/i0.wp.com\/istoc.eu\/wp-content\/uploads\/2023\/06\/stretch-wrap.png?fit=800%2C800&ssl=1",800,800,true],"trp-custom-language-flag":["https:\/\/i0.wp.com\/istoc.eu\/wp-content\/uploads\/2023\/06\/stretch-wrap.png?fit=12%2C12&ssl=1",12,12,true],"mailpoet_newsletter_max":["https:\/\/i0.wp.com\/istoc.eu\/wp-content\/uploads\/2023\/06\/stretch-wrap.png?fit=800%2C800&ssl=1",800,800,true],"woocommerce_thumbnail":["https:\/\/i0.wp.com\/istoc.eu\/wp-content\/uploads\/2023\/06\/stretch-wrap.png?resize=300%2C300&ssl=1",300,300,true],"woocommerce_single":["https:\/\/i0.wp.com\/istoc.eu\/wp-content\/uploads\/2023\/06\/stretch-wrap.png?fit=600%2C600&ssl=1",600,600,true],"woocommerce_gallery_thumbnail":["https:\/\/i0.wp.com\/istoc.eu\/wp-content\/uploads\/2023\/06\/stretch-wrap.png?resize=100%2C100&ssl=1",100,100,true]},"uagb_author_info":{"display_name":"admin","author_link":"https:\/\/istoc.eu\/en\/author\/"},"uagb_comment_info":0,"uagb_excerpt":"Maistin\u0117 PE pl\u0117vel\u0117, skirta naudoti maisto pramon\u0117je trumpalaikiam maisto produkt\u0173 pakavimui bei u\u017edengimui, yra esminis \u012frankis u\u017etikrinant produkt\u0173 \u0161vie\u017eum\u0105. \u0160i skaidri ir elastinga PE pl\u0117vel\u0117 lengvai priglunda prie \u012fvairi\u0173 produkt\u0173, puikiai tinka apsaugoti maist\u0105 nuo i\u0161orini\u0173 dirgikli\u0173. Ji gali b\u016bti naudojama kaip pl\u0117vel\u0117 maisto pakavimui proceso metu, \u012fskaitant \u017euvies, dar\u017eovi\u0173, m\u0117sos, greito maisto, konditerijos ar&hellip;","jetpack-related-posts":[],"jetpack_sharing_enabled":true,"_links":{"self":[{"href":"https:\/\/istoc.eu\/en\/wp-json\/wp\/v2\/product\/6137","targetHints":{"allow":["GET"]}}],"collection":[{"href":"https:\/\/istoc.eu\/en\/wp-json\/wp\/v2\/product"}],"about":[{"href":"https:\/\/istoc.eu\/en\/wp-json\/wp\/v2\/types\/product"}],"version-history":[{"count":2,"href":"https:\/\/istoc.eu\/en\/wp-json\/wp\/v2\/product\/6137\/revisions"}],"predecessor-version":[{"id":6305,"href":"https:\/\/istoc.eu\/en\/wp-json\/wp\/v2\/product\/6137\/revisions\/6305"}],"wp:featuredmedia":[{"embeddable":true,"href":"https:\/\/istoc.eu\/en\/wp-json\/wp\/v2\/media\/5544"}],"wp:attachment":[{"href":"https:\/\/istoc.eu\/en\/wp-json\/wp\/v2\/media?parent=6137"}],"wp:term":[{"taxonomy":"product_brand","embeddable":true,"href":"https:\/\/istoc.eu\/en\/wp-json\/wp\/v2\/product_brand?post=6137"},{"taxonomy":"product_cat","embeddable":true,"href":"https:\/\/istoc.eu\/en\/wp-json\/wp\/v2\/product_cat?post=6137"},{"taxonomy":"product_tag","embeddable":true,"href":"https:\/\/istoc.eu\/en\/wp-json\/wp\/v2\/product_tag?post=6137"}],"curies":[{"name":"wp","href":"https:\/\/api.w.org\/{rel}","templated":true}]}}