{"id":6165,"date":"2023-11-14T17:08:33","date_gmt":"2023-11-14T17:08:33","guid":{"rendered":"https:\/\/istoc.eu\/?post_type=product&#038;p=6165"},"modified":"2024-02-11T09:38:46","modified_gmt":"2024-02-11T09:38:46","slug":"popierinis-dangtelis-indeliui-500ml","status":"publish","type":"product","link":"https:\/\/istoc.eu\/en\/shop\/visos_prekes\/popierinis-dangtelis-indeliui-500ml\/","title":{"rendered":"Popierinis dangtelis indeliui 500ml"},"content":{"rendered":"<p>U\u017etikrinkite maisto \u0161vie\u017eum\u0105 ir sandarum\u0105 su m\u016bs\u0173 ekologi\u0161kais kraft popieriaus dangteliais \u2013 puikus pasirinkimas kiekvienam 500ml indeliui.<\/p>\n<div style=\"background: #fff; padding: 10px;\">\n<ul>\n<li>Prek\u0117s kodas: <strong>5938<\/strong><\/li>\n<li>Med\u017eiaga: <strong>Kraft popierius<\/strong><\/li>\n<li>Diametas: <strong>97mm<\/strong><\/li>\n<li>D\u0117\u017e\u0117je: <strong>10<\/strong><\/li>\n<li>Popieriaus storis GSM: <strong>300+18g<\/strong><\/li>\n<li>Sluoksni\u0173: <strong>40<\/strong><\/li>\n<\/ul>\n<p><strong>Palet\u0117s specifikacijos<\/strong>:<\/p>\n<ul>\n<li>Sluoksni\u0173 skai\u010dius palet\u0117je: <strong>4<\/strong><\/li>\n<li>D\u0117\u017ei\u0173 skai\u010dius palet\u0117je: <strong>16<\/strong><\/li>\n<li>Bendras skai\u010dius palet\u0117je: <strong>160<\/strong><\/li>\n<\/ul>\n<p><a href=\"https:\/\/istoc.eu\/shop\/visos_prekes\/popierinis-dangtelis-indeliui-750ml\/\">750ml popieriniai dangteliai<\/a><\/p>\n<h2>U\u017esakymo forma<\/h2>\n<p>Norint u\u017esisakyti \u0161i\u0105 prek\u0119, pra\u0161ome pildyti u\u017esakymo form\u0105, esan\u010di\u0105 puslapio apa\u010dioje<\/p>\n<div style=\"padding: 5px;\"><div class=\"wpforms-container wpforms-render-modern\" id=\"wpforms-5655\"><form id=\"wpforms-form-5655\" class=\"wpforms-validate wpforms-form wpforms-ajax-form\" data-formid=\"5655\" method=\"post\" enctype=\"multipart\/form-data\" action=\"\/en\/wp-json\/wp\/v2\/product\/6165\" data-token=\"30e3ff43cec9062708b40e1791c2d603\" data-token-time=\"1777441752\"><noscript class=\"wpforms-error-noscript\">Please enable JavaScript in your browser to complete this form.<\/noscript><div id=\"wpforms-error-noscript\" style=\"display: none;\">Please enable JavaScript in your browser to complete this form.<\/div><div class=\"wpforms-field-container\"><div id=\"wpforms-5655-field_0-container\" class=\"wpforms-field wpforms-field-name\" data-field-id=\"0\"><label class=\"wpforms-field-label\" for=\"wpforms-5655-field_0\">Vardas <span class=\"wpforms-required-label\" aria-hidden=\"true\">*<\/span><\/label><input type=\"text\" id=\"wpforms-5655-field_0\" class=\"wpforms-field-large wpforms-field-required\" name=\"wpforms[fields][0]\" aria-errormessage=\"wpforms-5655-field_0-error\" required><\/div><div id=\"wpforms-5655-field_1-container\" class=\"wpforms-field wpforms-field-email\" data-field-id=\"1\"><fieldset><legend class=\"wpforms-field-label\">El. Pa\u0161tas <span class=\"wpforms-required-label\" aria-hidden=\"true\">*<\/span><\/legend><div class=\"wpforms-field-row wpforms-field-large\"><div class=\"wpforms-field-row-block wpforms-one-half wpforms-first\"><input type=\"email\" id=\"wpforms-5655-field_1\" class=\"wpforms-field-required wpforms-field-email-primary\" name=\"wpforms[fields][1][primary]\" spellcheck=\"false\" aria-errormessage=\"wpforms-5655-field_1-error\" required><label for=\"wpforms-5655-field_1\" class=\"wpforms-field-sublabel after\">Email<\/label><\/div><div class=\"wpforms-field-row-block wpforms-one-half\"><input type=\"email\" id=\"wpforms-5655-field_1-secondary\" class=\"wpforms-field-email-secondary wpforms-field-required\" data-rule-confirm=\"#wpforms-5655-field_1\" name=\"wpforms[fields][1][secondary]\" spellcheck=\"false\" aria-errormessage=\"wpforms-5655-field_1-secondary-error\" required><label for=\"wpforms-5655-field_1-secondary\" class=\"wpforms-field-sublabel after\">Confirm Email<\/label><\/div><\/div><\/fieldset><\/div><div id=\"wpforms-5655-field_3-container\" class=\"wpforms-field wpforms-field-number\" data-field-id=\"3\"><label class=\"wpforms-field-label\" for=\"wpforms-5655-field_3\">Prekes kodas <span class=\"wpforms-required-label\" aria-hidden=\"true\">*<\/span><\/label><input type=\"number\" id=\"wpforms-5655-field_3\" class=\"wpforms-field-small wpforms-field-required\" name=\"wpforms[fields][3]\" step=\"any\" aria-errormessage=\"wpforms-5655-field_3-error\" required><\/div><div id=\"wpforms-5655-field_2-container\" class=\"wpforms-field wpforms-field-textarea\" data-field-id=\"2\"><label class=\"wpforms-field-label\" for=\"wpforms-5655-field_2\">Prane\u0161imas<\/label><textarea id=\"wpforms-5655-field_2\" class=\"wpforms-field-medium wpforms-limit-words-enabled\" data-form-id=\"5655\" data-field-id=\"2\" data-text-limit=\"100\" name=\"wpforms[fields][2]\" aria-errormessage=\"wpforms-5655-field_2-error\" ><\/textarea><\/div><\/div><!-- .wpforms-field-container --><div class=\"wpforms-submit-container\" ><input type=\"hidden\" name=\"wpforms[id]\" value=\"5655\"><input type=\"hidden\" name=\"page_title\" value=\"\"><input type=\"hidden\" name=\"page_url\" value=\"https:\/\/istoc.eu\/en\/wp-json\/wp\/v2\/product\/6165\"><input type=\"hidden\" name=\"url_referer\" value=\"\"><button type=\"submit\" name=\"wpforms[submit]\" id=\"wpforms-submit-5655\" class=\"wpforms-submit\" data-alt-text=\"Siun\u010diama...\" data-submit-text=\"Si\u0173sti\" aria-live=\"assertive\" value=\"wpforms-submit\">Si\u0173sti<\/button><img decoding=\"async\" src=\"https:\/\/istoc.eu\/wp-content\/plugins\/wpforms-lite\/assets\/images\/submit-spin.svg\" class=\"wpforms-submit-spinner\" style=\"display: none;\" width=\"26\" height=\"26\" alt=\"Loading\"><\/div><\/form><\/div>  <!-- .wpforms-container --><\/div>\n<\/div>\n","protected":false},"excerpt":{"rendered":"<p>Atraskite m\u016bs\u0173 apval\u0173 dangtel\u012f indeliui, pagamint\u0105 i\u0161 auk\u0161tos kokyb\u0117s ekologi\u0161ko kraft popieriaus, kuris yra idealus sprendimas u\u017etikrinti 500ml maisto indeli\u0173 sandarum\u0105.<\/p>\n<p>Su 116mm diametru \u0161ie dangteliai indeliams yra pritaikyti tam, kad idealiai tikt\u0173 ir u\u017etikrint\u0173 maisto \u0161vie\u017eum\u0105 bei saugum\u0105 transportuojant. J\u0173 300+18g popieriaus storis ir 20 sluoksni\u0173 strukt\u016bra rei\u0161kia, kad kiekvienas maisto indelio dangtelis yra nepaprastai patvarus ir draugi\u0161kas aplinkai.<\/p>\n<p>Specialiai sukurti tiek kar\u0161tiems, tiek \u0161altiems patiekalams, m\u016bs\u0173 dangteliai yra neatsiejama nam\u0173 virtuv\u0117s ar bet kurios maisto paslaug\u0173 \u012fstaigos dalis. Jie efektyviai apsaugo turin\u012f nuo i\u0161siliejimo, i\u0161laikydami maisto kokyb\u0119 ir skon\u012f. Tai b\u016btinas priedas, garantuojantis higieni\u0161kum\u0105 ir patogum\u0105.<\/p>","protected":false},"featured_media":6166,"template":"","meta":{"_uag_custom_page_level_css":"","site-sidebar-layout":"default","site-content-layout":"default","ast-site-content-layout":"default","site-content-style":"default","site-sidebar-style":"default","ast-global-header-display":"","ast-banner-title-visibility":"","ast-main-header-display":"","ast-hfb-above-header-display":"","ast-hfb-below-header-display":"","ast-hfb-mobile-header-display":"","site-post-title":"","ast-breadcrumbs-content":"","ast-featured-img":"","footer-sml-layout":"","ast-disable-related-posts":"","theme-transparent-header-meta":"default","adv-header-id-meta":"","stick-header-meta":"default","header-above-stick-meta":"","header-main-stick-meta":"","header-below-stick-meta":"","astra-migrate-meta-layouts":"set","ast-page-background-enabled":"default","ast-page-background-meta":{"desktop":{"background-color":"","background-image":"","background-repeat":"repeat","background-position":"center center","background-size":"auto","background-attachment":"scroll","background-type":"","background-media":"","overlay-type":"","overlay-color":"","overlay-opacity":"","overlay-gradient":""},"tablet":{"background-color":"","background-image":"","background-repeat":"repeat","background-position":"center center","background-size":"auto","background-attachment":"scroll","background-type":"","background-media":"","overlay-type":"","overlay-color":"","overlay-opacity":"","overlay-gradient":""},"mobile":{"background-color":"","background-image":"","background-repeat":"repeat","background-position":"center center","background-size":"auto","background-attachment":"scroll","background-type":"","background-media":"","overlay-type":"","overlay-color":"","overlay-opacity":"","overlay-gradient":""}},"ast-content-background-meta":{"desktop":{"background-color":"var(--ast-global-color-5)","background-image":"","background-repeat":"repeat","background-position":"center center","background-size":"auto","background-attachment":"scroll","background-type":"","background-media":"","overlay-type":"","overlay-color":"","overlay-opacity":"","overlay-gradient":""},"tablet":{"background-color":"var(--ast-global-color-5)","background-image":"","background-repeat":"repeat","background-position":"center center","background-size":"auto","background-attachment":"scroll","background-type":"","background-media":"","overlay-type":"","overlay-color":"","overlay-opacity":"","overlay-gradient":""},"mobile":{"background-color":"var(--ast-global-color-5)","background-image":"","background-repeat":"repeat","background-position":"center center","background-size":"auto","background-attachment":"scroll","background-type":"","background-media":"","overlay-type":"","overlay-color":"","overlay-opacity":"","overlay-gradient":""}}},"product_brand":[],"product_cat":[24,37,15],"product_tag":[],"class_list":{"0":"post-6165","1":"product","2":"type-product","3":"status-publish","4":"has-post-thumbnail","6":"product_cat-ekologiskos_pakuotes","7":"product_cat-vienkartiniai_indeliai","8":"product_cat-visos_prekes","9":"desktop-align-center","10":"tablet-align-center","11":"mobile-align-center","12":"ast-product-gallery-layout-horizontal","13":"ast-product-gallery-with-no-image","14":"ast-product-tabs-layout-horizontal","15":"ast-qv-on-image","17":"first","18":"instock","19":"shipping-taxable","20":"product-type-simple"},"yoast_head":"<!-- This site is optimized with the Yoast SEO Premium plugin v20.11 (Yoast SEO v27.5) - https:\/\/yoast.com\/product\/yoast-seo-premium-wordpress\/ -->\n<title>Popierinis dangtelis indeliui 500ml - ISTOC | Eko pakuot\u0117<\/title>\n<meta name=\"robots\" content=\"noindex, follow\" \/>\n<meta property=\"og:locale\" content=\"en_GB\" \/>\n<meta property=\"og:type\" content=\"article\" \/>\n<meta property=\"og:title\" content=\"Popierinis dangtelis indeliui 500ml\" \/>\n<meta property=\"og:description\" content=\"Atraskite m\u016bs\u0173 apval\u0173 dangtel\u012f indeliui, pagamint\u0105 i\u0161 auk\u0161tos kokyb\u0117s ekologi\u0161ko kraft popieriaus, kuris yra idealus sprendimas u\u017etikrinti 500ml maisto indeli\u0173 sandarum\u0105.  Su 116mm diametru \u0161ie dangteliai indeliams yra pritaikyti tam, kad idealiai tikt\u0173 ir u\u017etikrint\u0173 maisto \u0161vie\u017eum\u0105 bei saugum\u0105 transportuojant. J\u0173 300+18g popieriaus storis ir 20 sluoksni\u0173 strukt\u016bra rei\u0161kia, kad kiekvienas maisto indelio dangtelis yra nepaprastai patvarus ir draugi\u0161kas aplinkai.  Specialiai sukurti tiek kar\u0161tiems, tiek \u0161altiems patiekalams, m\u016bs\u0173 dangteliai yra neatsiejama nam\u0173 virtuv\u0117s ar bet kurios maisto paslaug\u0173 \u012fstaigos dalis. Jie efektyviai apsaugo turin\u012f nuo i\u0161siliejimo, i\u0161laikydami maisto kokyb\u0119 ir skon\u012f. Tai b\u016btinas priedas, garantuojantis higieni\u0161kum\u0105 ir patogum\u0105.\" \/>\n<meta property=\"og:url\" content=\"https:\/\/istoc.eu\/en\/shop\/visos_prekes\/popierinis-dangtelis-indeliui-500ml\/\" \/>\n<meta property=\"og:site_name\" content=\"ISTOC | Eko pakuot\u0117\" \/>\n<meta property=\"article:modified_time\" content=\"2024-02-11T09:38:46+00:00\" \/>\n<meta property=\"og:image\" content=\"https:\/\/istoc.eu\/wp-content\/uploads\/2023\/11\/eko-puodelio-dangtelis.webp\" \/>\n\t<meta property=\"og:image:width\" content=\"600\" \/>\n\t<meta property=\"og:image:height\" content=\"600\" \/>\n\t<meta property=\"og:image:type\" content=\"image\/webp\" \/>\n<meta name=\"twitter:card\" content=\"summary_large_image\" \/>\n<meta name=\"twitter:label1\" content=\"Estimated reading time\" \/>\n\t<meta name=\"twitter:data1\" content=\"1 minute\" \/>\n<script type=\"application\/ld+json\" class=\"yoast-schema-graph\">{\"@context\":\"https:\\\/\\\/schema.org\",\"@graph\":[{\"@type\":\"WebPage\",\"@id\":\"https:\\\/\\\/istoc.eu\\\/shop\\\/visos_prekes\\\/popierinis-dangtelis-indeliui-500ml\\\/\",\"url\":\"https:\\\/\\\/istoc.eu\\\/shop\\\/visos_prekes\\\/popierinis-dangtelis-indeliui-500ml\\\/\",\"name\":\"Popierinis dangtelis indeliui 500ml - ISTOC | Eko pakuot\u0117\",\"isPartOf\":{\"@id\":\"https:\\\/\\\/istoc.eu\\\/#website\"},\"primaryImageOfPage\":{\"@id\":\"https:\\\/\\\/istoc.eu\\\/shop\\\/visos_prekes\\\/popierinis-dangtelis-indeliui-500ml\\\/#primaryimage\"},\"image\":{\"@id\":\"https:\\\/\\\/istoc.eu\\\/shop\\\/visos_prekes\\\/popierinis-dangtelis-indeliui-500ml\\\/#primaryimage\"},\"thumbnailUrl\":\"https:\\\/\\\/i0.wp.com\\\/istoc.eu\\\/wp-content\\\/uploads\\\/2023\\\/11\\\/eko-puodelio-dangtelis.webp?fit=600%2C600&ssl=1\",\"datePublished\":\"2023-11-14T17:08:33+00:00\",\"dateModified\":\"2024-02-11T09:38:46+00:00\",\"breadcrumb\":{\"@id\":\"https:\\\/\\\/istoc.eu\\\/shop\\\/visos_prekes\\\/popierinis-dangtelis-indeliui-500ml\\\/#breadcrumb\"},\"inLanguage\":\"en-GB\",\"potentialAction\":[{\"@type\":\"ReadAction\",\"target\":[\"https:\\\/\\\/istoc.eu\\\/shop\\\/visos_prekes\\\/popierinis-dangtelis-indeliui-500ml\\\/\"]}]},{\"@type\":\"ImageObject\",\"inLanguage\":\"en-GB\",\"@id\":\"https:\\\/\\\/istoc.eu\\\/shop\\\/visos_prekes\\\/popierinis-dangtelis-indeliui-500ml\\\/#primaryimage\",\"url\":\"https:\\\/\\\/i0.wp.com\\\/istoc.eu\\\/wp-content\\\/uploads\\\/2023\\\/11\\\/eko-puodelio-dangtelis.webp?fit=600%2C600&ssl=1\",\"contentUrl\":\"https:\\\/\\\/i0.wp.com\\\/istoc.eu\\\/wp-content\\\/uploads\\\/2023\\\/11\\\/eko-puodelio-dangtelis.webp?fit=600%2C600&ssl=1\",\"width\":600,\"height\":600,\"caption\":\"eko puodelio dangtelis\"},{\"@type\":\"BreadcrumbList\",\"@id\":\"https:\\\/\\\/istoc.eu\\\/shop\\\/visos_prekes\\\/popierinis-dangtelis-indeliui-500ml\\\/#breadcrumb\",\"itemListElement\":[{\"@type\":\"ListItem\",\"position\":1,\"name\":\"Home\",\"item\":\"https:\\\/\\\/istoc.eu\\\/\"},{\"@type\":\"ListItem\",\"position\":2,\"name\":\"Shop\",\"item\":\"https:\\\/\\\/istoc.eu\\\/shop\\\/\"},{\"@type\":\"ListItem\",\"position\":3,\"name\":\"Popierinis dangtelis indeliui 500ml\"}]},{\"@type\":\"WebSite\",\"@id\":\"https:\\\/\\\/istoc.eu\\\/#website\",\"url\":\"https:\\\/\\\/istoc.eu\\\/\",\"name\":\"ISTOC | Eko pakuot\u0117\",\"description\":\"\",\"publisher\":{\"@id\":\"https:\\\/\\\/istoc.eu\\\/#organization\"},\"potentialAction\":[{\"@type\":\"SearchAction\",\"target\":{\"@type\":\"EntryPoint\",\"urlTemplate\":\"https:\\\/\\\/istoc.eu\\\/?s={search_term_string}\"},\"query-input\":{\"@type\":\"PropertyValueSpecification\",\"valueRequired\":true,\"valueName\":\"search_term_string\"}}],\"inLanguage\":\"en-GB\"},{\"@type\":\"Organization\",\"@id\":\"https:\\\/\\\/istoc.eu\\\/#organization\",\"name\":\"ISTOC | Eko pakuot\u0117\",\"url\":\"https:\\\/\\\/istoc.eu\\\/\",\"logo\":{\"@type\":\"ImageObject\",\"inLanguage\":\"en-GB\",\"@id\":\"https:\\\/\\\/istoc.eu\\\/#\\\/schema\\\/logo\\\/image\\\/\",\"url\":\"https:\\\/\\\/i0.wp.com\\\/istoc.eu\\\/wp-content\\\/uploads\\\/2025\\\/01\\\/cropped-istoc-logo.png?fit=1078%2C441&ssl=1\",\"contentUrl\":\"https:\\\/\\\/i0.wp.com\\\/istoc.eu\\\/wp-content\\\/uploads\\\/2025\\\/01\\\/cropped-istoc-logo.png?fit=1078%2C441&ssl=1\",\"width\":1078,\"height\":441,\"caption\":\"ISTOC | Eko pakuot\u0117\"},\"image\":{\"@id\":\"https:\\\/\\\/istoc.eu\\\/#\\\/schema\\\/logo\\\/image\\\/\"}}]}<\/script>\n<!-- \/ Yoast SEO Premium plugin. -->","yoast_head_json":{"title":"Popierinis dangtelis indeliui 500ml - ISTOC | Eko pakuot\u0117","robots":{"index":"noindex","follow":"follow"},"og_locale":"en_GB","og_type":"article","og_title":"Popierinis dangtelis indeliui 500ml","og_description":"Atraskite m\u016bs\u0173 apval\u0173 dangtel\u012f indeliui, pagamint\u0105 i\u0161 auk\u0161tos kokyb\u0117s ekologi\u0161ko kraft popieriaus, kuris yra idealus sprendimas u\u017etikrinti 500ml maisto indeli\u0173 sandarum\u0105.  Su 116mm diametru \u0161ie dangteliai indeliams yra pritaikyti tam, kad idealiai tikt\u0173 ir u\u017etikrint\u0173 maisto \u0161vie\u017eum\u0105 bei saugum\u0105 transportuojant. J\u0173 300+18g popieriaus storis ir 20 sluoksni\u0173 strukt\u016bra rei\u0161kia, kad kiekvienas maisto indelio dangtelis yra nepaprastai patvarus ir draugi\u0161kas aplinkai.  Specialiai sukurti tiek kar\u0161tiems, tiek \u0161altiems patiekalams, m\u016bs\u0173 dangteliai yra neatsiejama nam\u0173 virtuv\u0117s ar bet kurios maisto paslaug\u0173 \u012fstaigos dalis. Jie efektyviai apsaugo turin\u012f nuo i\u0161siliejimo, i\u0161laikydami maisto kokyb\u0119 ir skon\u012f. Tai b\u016btinas priedas, garantuojantis higieni\u0161kum\u0105 ir patogum\u0105.","og_url":"https:\/\/istoc.eu\/en\/shop\/visos_prekes\/popierinis-dangtelis-indeliui-500ml\/","og_site_name":"ISTOC | Eko pakuot\u0117","article_modified_time":"2024-02-11T09:38:46+00:00","og_image":[{"width":600,"height":600,"url":"https:\/\/istoc.eu\/wp-content\/uploads\/2023\/11\/eko-puodelio-dangtelis.webp","type":"image\/webp"}],"twitter_card":"summary_large_image","twitter_misc":{"Estimated reading time":"1 minute"},"schema":{"@context":"https:\/\/schema.org","@graph":[{"@type":"WebPage","@id":"https:\/\/istoc.eu\/shop\/visos_prekes\/popierinis-dangtelis-indeliui-500ml\/","url":"https:\/\/istoc.eu\/shop\/visos_prekes\/popierinis-dangtelis-indeliui-500ml\/","name":"Popierinis dangtelis indeliui 500ml - ISTOC | Eko pakuot\u0117","isPartOf":{"@id":"https:\/\/istoc.eu\/#website"},"primaryImageOfPage":{"@id":"https:\/\/istoc.eu\/shop\/visos_prekes\/popierinis-dangtelis-indeliui-500ml\/#primaryimage"},"image":{"@id":"https:\/\/istoc.eu\/shop\/visos_prekes\/popierinis-dangtelis-indeliui-500ml\/#primaryimage"},"thumbnailUrl":"https:\/\/i0.wp.com\/istoc.eu\/wp-content\/uploads\/2023\/11\/eko-puodelio-dangtelis.webp?fit=600%2C600&ssl=1","datePublished":"2023-11-14T17:08:33+00:00","dateModified":"2024-02-11T09:38:46+00:00","breadcrumb":{"@id":"https:\/\/istoc.eu\/shop\/visos_prekes\/popierinis-dangtelis-indeliui-500ml\/#breadcrumb"},"inLanguage":"en-GB","potentialAction":[{"@type":"ReadAction","target":["https:\/\/istoc.eu\/shop\/visos_prekes\/popierinis-dangtelis-indeliui-500ml\/"]}]},{"@type":"ImageObject","inLanguage":"en-GB","@id":"https:\/\/istoc.eu\/shop\/visos_prekes\/popierinis-dangtelis-indeliui-500ml\/#primaryimage","url":"https:\/\/i0.wp.com\/istoc.eu\/wp-content\/uploads\/2023\/11\/eko-puodelio-dangtelis.webp?fit=600%2C600&ssl=1","contentUrl":"https:\/\/i0.wp.com\/istoc.eu\/wp-content\/uploads\/2023\/11\/eko-puodelio-dangtelis.webp?fit=600%2C600&ssl=1","width":600,"height":600,"caption":"eko puodelio dangtelis"},{"@type":"BreadcrumbList","@id":"https:\/\/istoc.eu\/shop\/visos_prekes\/popierinis-dangtelis-indeliui-500ml\/#breadcrumb","itemListElement":[{"@type":"ListItem","position":1,"name":"Home","item":"https:\/\/istoc.eu\/"},{"@type":"ListItem","position":2,"name":"Shop","item":"https:\/\/istoc.eu\/shop\/"},{"@type":"ListItem","position":3,"name":"Popierinis dangtelis indeliui 500ml"}]},{"@type":"WebSite","@id":"https:\/\/istoc.eu\/#website","url":"https:\/\/istoc.eu\/","name":"ISTOC | Eko pakuot\u0117","description":"","publisher":{"@id":"https:\/\/istoc.eu\/#organization"},"potentialAction":[{"@type":"SearchAction","target":{"@type":"EntryPoint","urlTemplate":"https:\/\/istoc.eu\/?s={search_term_string}"},"query-input":{"@type":"PropertyValueSpecification","valueRequired":true,"valueName":"search_term_string"}}],"inLanguage":"en-GB"},{"@type":"Organization","@id":"https:\/\/istoc.eu\/#organization","name":"ISTOC | Eko pakuot\u0117","url":"https:\/\/istoc.eu\/","logo":{"@type":"ImageObject","inLanguage":"en-GB","@id":"https:\/\/istoc.eu\/#\/schema\/logo\/image\/","url":"https:\/\/i0.wp.com\/istoc.eu\/wp-content\/uploads\/2025\/01\/cropped-istoc-logo.png?fit=1078%2C441&ssl=1","contentUrl":"https:\/\/i0.wp.com\/istoc.eu\/wp-content\/uploads\/2025\/01\/cropped-istoc-logo.png?fit=1078%2C441&ssl=1","width":1078,"height":441,"caption":"ISTOC | Eko pakuot\u0117"},"image":{"@id":"https:\/\/istoc.eu\/#\/schema\/logo\/image\/"}}]}},"uagb_featured_image_src":{"full":["https:\/\/i0.wp.com\/istoc.eu\/wp-content\/uploads\/2023\/11\/eko-puodelio-dangtelis.webp?fit=600%2C600&ssl=1",600,600,false],"thumbnail":["https:\/\/i0.wp.com\/istoc.eu\/wp-content\/uploads\/2023\/11\/eko-puodelio-dangtelis.webp?resize=150%2C150&ssl=1",150,150,true],"medium":["https:\/\/i0.wp.com\/istoc.eu\/wp-content\/uploads\/2023\/11\/eko-puodelio-dangtelis.webp?fit=300%2C300&ssl=1",300,300,true],"medium_large":["https:\/\/i0.wp.com\/istoc.eu\/wp-content\/uploads\/2023\/11\/eko-puodelio-dangtelis.webp?fit=600%2C600&ssl=1",600,600,true],"large":["https:\/\/i0.wp.com\/istoc.eu\/wp-content\/uploads\/2023\/11\/eko-puodelio-dangtelis.webp?fit=600%2C600&ssl=1",600,600,true],"1536x1536":["https:\/\/i0.wp.com\/istoc.eu\/wp-content\/uploads\/2023\/11\/eko-puodelio-dangtelis.webp?fit=600%2C600&ssl=1",600,600,true],"2048x2048":["https:\/\/i0.wp.com\/istoc.eu\/wp-content\/uploads\/2023\/11\/eko-puodelio-dangtelis.webp?fit=600%2C600&ssl=1",600,600,true],"trp-custom-language-flag":["https:\/\/i0.wp.com\/istoc.eu\/wp-content\/uploads\/2023\/11\/eko-puodelio-dangtelis.webp?fit=12%2C12&ssl=1",12,12,true],"mailpoet_newsletter_max":["https:\/\/i0.wp.com\/istoc.eu\/wp-content\/uploads\/2023\/11\/eko-puodelio-dangtelis.webp?fit=600%2C600&ssl=1",600,600,true],"woocommerce_thumbnail":["https:\/\/i0.wp.com\/istoc.eu\/wp-content\/uploads\/2023\/11\/eko-puodelio-dangtelis.webp?resize=300%2C300&ssl=1",300,300,true],"woocommerce_single":["https:\/\/i0.wp.com\/istoc.eu\/wp-content\/uploads\/2023\/11\/eko-puodelio-dangtelis.webp?fit=600%2C600&ssl=1",600,600,true],"woocommerce_gallery_thumbnail":["https:\/\/i0.wp.com\/istoc.eu\/wp-content\/uploads\/2023\/11\/eko-puodelio-dangtelis.webp?resize=100%2C100&ssl=1",100,100,true]},"uagb_author_info":{"display_name":"admin","author_link":"https:\/\/istoc.eu\/en\/author\/"},"uagb_comment_info":0,"uagb_excerpt":"Atraskite m\u016bs\u0173 apval\u0173 dangtel\u012f indeliui, pagamint\u0105 i\u0161 auk\u0161tos kokyb\u0117s ekologi\u0161ko kraft popieriaus, kuris yra idealus sprendimas u\u017etikrinti 500ml maisto indeli\u0173 sandarum\u0105. Su 116mm diametru \u0161ie dangteliai indeliams yra pritaikyti tam, kad idealiai tikt\u0173 ir u\u017etikrint\u0173 maisto \u0161vie\u017eum\u0105 bei saugum\u0105 transportuojant. J\u0173 300+18g popieriaus storis ir 20 sluoksni\u0173 strukt\u016bra rei\u0161kia, kad kiekvienas maisto indelio dangtelis yra&hellip;","jetpack-related-posts":[],"jetpack_sharing_enabled":true,"_links":{"self":[{"href":"https:\/\/istoc.eu\/en\/wp-json\/wp\/v2\/product\/6165","targetHints":{"allow":["GET"]}}],"collection":[{"href":"https:\/\/istoc.eu\/en\/wp-json\/wp\/v2\/product"}],"about":[{"href":"https:\/\/istoc.eu\/en\/wp-json\/wp\/v2\/types\/product"}],"version-history":[{"count":5,"href":"https:\/\/istoc.eu\/en\/wp-json\/wp\/v2\/product\/6165\/revisions"}],"predecessor-version":[{"id":6344,"href":"https:\/\/istoc.eu\/en\/wp-json\/wp\/v2\/product\/6165\/revisions\/6344"}],"wp:featuredmedia":[{"embeddable":true,"href":"https:\/\/istoc.eu\/en\/wp-json\/wp\/v2\/media\/6166"}],"wp:attachment":[{"href":"https:\/\/istoc.eu\/en\/wp-json\/wp\/v2\/media?parent=6165"}],"wp:term":[{"taxonomy":"product_brand","embeddable":true,"href":"https:\/\/istoc.eu\/en\/wp-json\/wp\/v2\/product_brand?post=6165"},{"taxonomy":"product_cat","embeddable":true,"href":"https:\/\/istoc.eu\/en\/wp-json\/wp\/v2\/product_cat?post=6165"},{"taxonomy":"product_tag","embeddable":true,"href":"https:\/\/istoc.eu\/en\/wp-json\/wp\/v2\/product_tag?post=6165"}],"curies":[{"name":"wp","href":"https:\/\/api.w.org\/{rel}","templated":true}]}}