{"id":6181,"date":"2023-11-14T18:01:40","date_gmt":"2023-11-14T18:01:40","guid":{"rendered":"https:\/\/istoc.eu\/?post_type=product&#038;p=6181"},"modified":"2024-02-11T09:53:44","modified_gmt":"2024-02-11T09:53:44","slug":"kraft-dangtelis-indeliams-500-1000ml-50vnt","status":"publish","type":"product","link":"https:\/\/istoc.eu\/en\/shop\/visos_prekes\/kraft-dangtelis-indeliams-500-1000ml-50vnt\/","title":{"rendered":"Kraft Dangteliai maisto indeliams 500ml-1000ml"},"content":{"rendered":"<p>U\u017etikrinkite auk\u0161\u010diausi\u0105 maisto \u0161vie\u017eum\u0105 ir stilingum\u0105 su m\u016bs\u0173 kraft popieriaus dangteliais \u2013 tvarus pasirinkimas kiekvienam indeliui.<\/p>\n<div style=\"background: #fff; padding: 10px;\">\n<ul>\n<li>Prek\u0117s kodas: <strong>5945<\/strong><\/li>\n<li>Med\u017eiaga: <strong>Kraft popierius<\/strong><\/li>\n<li>Diametas: <strong>150mm<\/strong><\/li>\n<li>D\u0117\u017e\u0117je: <strong>6<\/strong><\/li>\n<li>Popieriaus storis GSM: <strong>300+18g<\/strong><\/li>\n<li>Sluoksni\u0173: <strong>24<\/strong><\/li>\n<\/ul>\n<p><strong>Palet\u0117s specifikacijos<\/strong>:<\/p>\n<ul>\n<li>Sluoksni\u0173 skai\u010dius palet\u0117je: <strong>4<\/strong><\/li>\n<li>D\u0117\u017ei\u0173 skai\u010dius palet\u0117je: <strong>16<\/strong><\/li>\n<li>Bendras skai\u010dius palet\u0117je: <strong>96<\/strong><\/li>\n<\/ul>\n<p><a href=\"https:\/\/istoc.eu\/shop\/visos_prekes\/kraft-dangtelis-indeliams-1100-1300-ml-50-vnt\/\">Maisto dantgeliai 1100ml-1300ml<\/a><\/p>\n<h2>Apval\u016bs maisto indeliai, kuriems tinka \u0161ie dangteliai<\/h2>\n<ul>\n<li><a href=\"https:\/\/istoc.eu\/shop\/visos_prekes\/apvali-salotine-750ml-50vnt\/\">500ml apvalus indelis<\/a><\/li>\n<li><a href=\"https:\/\/istoc.eu\/shop\/visos_prekes\/apvali-salotine-1000ml-50vnt\/\">1000ml apvalus indelis<\/a><\/li>\n<\/ul>\n<h2>U\u017esakymo forma<\/h2>\n<p>Norint u\u017esisakyti \u0161i\u0105 prek\u0119, pra\u0161ome pildyti u\u017esakymo form\u0105, esan\u010di\u0105 puslapio apa\u010dioje<\/p>\n<div style=\"padding: 5px;\"><div class=\"wpforms-container wpforms-render-modern\" id=\"wpforms-5655\"><form id=\"wpforms-form-5655\" class=\"wpforms-validate wpforms-form wpforms-ajax-form\" data-formid=\"5655\" method=\"post\" enctype=\"multipart\/form-data\" action=\"\/en\/wp-json\/wp\/v2\/product\/6181\" data-token=\"b1a234471b355b9659afe06ee6e03bce\" data-token-time=\"1777557760\"><noscript class=\"wpforms-error-noscript\">Please enable JavaScript in your browser to complete this form.<\/noscript><div id=\"wpforms-error-noscript\" style=\"display: none;\">Please enable JavaScript in your browser to complete this form.<\/div><div class=\"wpforms-field-container\"><div id=\"wpforms-5655-field_0-container\" class=\"wpforms-field wpforms-field-name\" data-field-id=\"0\"><label class=\"wpforms-field-label\" for=\"wpforms-5655-field_0\">Vardas <span class=\"wpforms-required-label\" aria-hidden=\"true\">*<\/span><\/label><input type=\"text\" id=\"wpforms-5655-field_0\" class=\"wpforms-field-large wpforms-field-required\" name=\"wpforms[fields][0]\" aria-errormessage=\"wpforms-5655-field_0-error\" required><\/div><div id=\"wpforms-5655-field_1-container\" class=\"wpforms-field wpforms-field-email\" data-field-id=\"1\"><fieldset><legend class=\"wpforms-field-label\">El. Pa\u0161tas <span class=\"wpforms-required-label\" aria-hidden=\"true\">*<\/span><\/legend><div class=\"wpforms-field-row wpforms-field-large\"><div class=\"wpforms-field-row-block wpforms-one-half wpforms-first\"><input type=\"email\" id=\"wpforms-5655-field_1\" class=\"wpforms-field-required wpforms-field-email-primary\" name=\"wpforms[fields][1][primary]\" spellcheck=\"false\" aria-errormessage=\"wpforms-5655-field_1-error\" required><label for=\"wpforms-5655-field_1\" class=\"wpforms-field-sublabel after\">Email<\/label><\/div><div class=\"wpforms-field-row-block wpforms-one-half\"><input type=\"email\" id=\"wpforms-5655-field_1-secondary\" class=\"wpforms-field-email-secondary wpforms-field-required\" data-rule-confirm=\"#wpforms-5655-field_1\" name=\"wpforms[fields][1][secondary]\" spellcheck=\"false\" aria-errormessage=\"wpforms-5655-field_1-secondary-error\" required><label for=\"wpforms-5655-field_1-secondary\" class=\"wpforms-field-sublabel after\">Confirm Email<\/label><\/div><\/div><\/fieldset><\/div><div id=\"wpforms-5655-field_3-container\" class=\"wpforms-field wpforms-field-number\" data-field-id=\"3\"><label class=\"wpforms-field-label\" for=\"wpforms-5655-field_3\">Prekes kodas <span class=\"wpforms-required-label\" aria-hidden=\"true\">*<\/span><\/label><input type=\"number\" id=\"wpforms-5655-field_3\" class=\"wpforms-field-small wpforms-field-required\" name=\"wpforms[fields][3]\" step=\"any\" aria-errormessage=\"wpforms-5655-field_3-error\" required><\/div><div id=\"wpforms-5655-field_2-container\" class=\"wpforms-field wpforms-field-textarea\" data-field-id=\"2\"><label class=\"wpforms-field-label\" for=\"wpforms-5655-field_2\">Prane\u0161imas<\/label><textarea id=\"wpforms-5655-field_2\" class=\"wpforms-field-medium wpforms-limit-words-enabled\" data-form-id=\"5655\" data-field-id=\"2\" data-text-limit=\"100\" name=\"wpforms[fields][2]\" aria-errormessage=\"wpforms-5655-field_2-error\" ><\/textarea><\/div><\/div><!-- .wpforms-field-container --><div class=\"wpforms-submit-container\" ><input type=\"hidden\" name=\"wpforms[id]\" value=\"5655\"><input type=\"hidden\" name=\"page_title\" value=\"\"><input type=\"hidden\" name=\"page_url\" value=\"https:\/\/istoc.eu\/en\/wp-json\/wp\/v2\/product\/6181\"><input type=\"hidden\" name=\"url_referer\" value=\"\"><button type=\"submit\" name=\"wpforms[submit]\" id=\"wpforms-submit-5655\" class=\"wpforms-submit\" data-alt-text=\"Siun\u010diama...\" data-submit-text=\"Si\u0173sti\" aria-live=\"assertive\" value=\"wpforms-submit\">Si\u0173sti<\/button><img decoding=\"async\" src=\"https:\/\/istoc.eu\/wp-content\/plugins\/wpforms-lite\/assets\/images\/submit-spin.svg\" class=\"wpforms-submit-spinner\" style=\"display: none;\" width=\"26\" height=\"26\" alt=\"Loading\"><\/div><\/form><\/div>  <!-- .wpforms-container --><\/div>\n<\/div>\n","protected":false},"excerpt":{"rendered":"<p>M\u016bs\u0173 kraft dangteliai yra sukurti i\u0161 auk\u0161tos kokyb\u0117s kraft popieriaus, garantuojant ne tik tvirtum\u0105, bet ir aplinkos tausojim\u0105. Su 165mm diametru, \u0161ie dangteliai maistui yra puikiai pritaikomi 500 ml iki 1000 ml maisto indeliams, u\u017etikrinant j\u0173 sandarum\u0105 ir tvirtum\u0105. J\u0173 300+18g popieriaus storis ir 24 sluoksni\u0173 strukt\u016bra suteikia nepriekai\u0161ting\u0105 patvarum\u0105, i\u0161laikant maisto \u0161vie\u017eum\u0105 ir saugum\u0105 transportavimo metu.<\/p>\n<p>\u0160ie indelio dangteliai yra universaliai tinkami \u012fvairiems indeliams, padarydami juos b\u016btina preke tiek namuose, tiek profesionaliose maisto paslaug\u0173 \u012fstaigose. J\u0173 ekologi\u0161kumas ir prakti\u0161kumas teikia puik\u0173 sprendim\u0105 tiek kasdieniniam maisto saugojimui, tiek profesionaliam patiekal\u0173 pristatymui, pabr\u0117\u017eiant kokyb\u0119 ir tvarum\u0105.<\/p>","protected":false},"featured_media":6183,"template":"","meta":{"_uag_custom_page_level_css":"","site-sidebar-layout":"default","site-content-layout":"default","ast-site-content-layout":"default","site-content-style":"default","site-sidebar-style":"default","ast-global-header-display":"","ast-banner-title-visibility":"","ast-main-header-display":"","ast-hfb-above-header-display":"","ast-hfb-below-header-display":"","ast-hfb-mobile-header-display":"","site-post-title":"","ast-breadcrumbs-content":"","ast-featured-img":"","footer-sml-layout":"","ast-disable-related-posts":"","theme-transparent-header-meta":"default","adv-header-id-meta":"","stick-header-meta":"default","header-above-stick-meta":"","header-main-stick-meta":"","header-below-stick-meta":"","astra-migrate-meta-layouts":"set","ast-page-background-enabled":"default","ast-page-background-meta":{"desktop":{"background-color":"","background-image":"","background-repeat":"repeat","background-position":"center center","background-size":"auto","background-attachment":"scroll","background-type":"","background-media":"","overlay-type":"","overlay-color":"","overlay-opacity":"","overlay-gradient":""},"tablet":{"background-color":"","background-image":"","background-repeat":"repeat","background-position":"center center","background-size":"auto","background-attachment":"scroll","background-type":"","background-media":"","overlay-type":"","overlay-color":"","overlay-opacity":"","overlay-gradient":""},"mobile":{"background-color":"","background-image":"","background-repeat":"repeat","background-position":"center center","background-size":"auto","background-attachment":"scroll","background-type":"","background-media":"","overlay-type":"","overlay-color":"","overlay-opacity":"","overlay-gradient":""}},"ast-content-background-meta":{"desktop":{"background-color":"var(--ast-global-color-5)","background-image":"","background-repeat":"repeat","background-position":"center center","background-size":"auto","background-attachment":"scroll","background-type":"","background-media":"","overlay-type":"","overlay-color":"","overlay-opacity":"","overlay-gradient":""},"tablet":{"background-color":"var(--ast-global-color-5)","background-image":"","background-repeat":"repeat","background-position":"center center","background-size":"auto","background-attachment":"scroll","background-type":"","background-media":"","overlay-type":"","overlay-color":"","overlay-opacity":"","overlay-gradient":""},"mobile":{"background-color":"var(--ast-global-color-5)","background-image":"","background-repeat":"repeat","background-position":"center center","background-size":"auto","background-attachment":"scroll","background-type":"","background-media":"","overlay-type":"","overlay-color":"","overlay-opacity":"","overlay-gradient":""}}},"product_brand":[],"product_cat":[24,37,15],"product_tag":[],"class_list":{"0":"post-6181","1":"product","2":"type-product","3":"status-publish","4":"has-post-thumbnail","6":"product_cat-ekologiskos_pakuotes","7":"product_cat-vienkartiniai_indeliai","8":"product_cat-visos_prekes","9":"desktop-align-center","10":"tablet-align-center","11":"mobile-align-center","12":"ast-product-gallery-layout-horizontal","13":"ast-product-gallery-with-no-image","14":"ast-product-tabs-layout-horizontal","15":"ast-qv-on-image","17":"first","18":"instock","19":"shipping-taxable","20":"product-type-simple"},"yoast_head":"<!-- This site is optimized with the Yoast SEO Premium plugin v20.11 (Yoast SEO v27.5) - https:\/\/yoast.com\/product\/yoast-seo-premium-wordpress\/ -->\n<title>Kraft Dangteliai maisto indeliams 500ml-1000ml - ISTOC | Eko pakuot\u0117<\/title>\n<meta name=\"description\" content=\"Auk\u0161tos kokyb\u0117s kraft dangteliai - universalus tinkamus 1100 ml - 1300 ml maisto indeliams. Tvirti, sandar\u016bs ir aplinkai draugi\u0161ki.\" \/>\n<meta name=\"robots\" content=\"noindex, follow\" \/>\n<meta property=\"og:locale\" content=\"en_GB\" \/>\n<meta property=\"og:type\" content=\"article\" \/>\n<meta property=\"og:title\" content=\"Kraft Dangteliai maisto indeliams 500ml-1000ml\" \/>\n<meta property=\"og:description\" content=\"Auk\u0161tos kokyb\u0117s kraft dangteliai - universalus tinkamus 1100 ml - 1300 ml maisto indeliams. Tvirti, sandar\u016bs ir aplinkai draugi\u0161ki.\" \/>\n<meta property=\"og:url\" content=\"https:\/\/istoc.eu\/en\/shop\/visos_prekes\/kraft-dangtelis-indeliams-500-1000ml-50vnt\/\" \/>\n<meta property=\"og:site_name\" content=\"ISTOC | Eko pakuot\u0117\" \/>\n<meta property=\"article:modified_time\" content=\"2024-02-11T09:53:44+00:00\" \/>\n<meta property=\"og:image\" content=\"https:\/\/istoc.eu\/wp-content\/uploads\/2023\/11\/kraft-dangtelis-salotinem.webp\" \/>\n\t<meta property=\"og:image:width\" content=\"1500\" \/>\n\t<meta property=\"og:image:height\" content=\"1500\" \/>\n\t<meta property=\"og:image:type\" content=\"image\/webp\" \/>\n<meta name=\"twitter:card\" content=\"summary_large_image\" \/>\n<meta name=\"twitter:label1\" content=\"Estimated reading time\" \/>\n\t<meta name=\"twitter:data1\" content=\"1 minute\" \/>\n<script type=\"application\/ld+json\" class=\"yoast-schema-graph\">{\"@context\":\"https:\\\/\\\/schema.org\",\"@graph\":[{\"@type\":\"WebPage\",\"@id\":\"https:\\\/\\\/istoc.eu\\\/shop\\\/visos_prekes\\\/kraft-dangtelis-indeliams-500-1000ml-50vnt\\\/\",\"url\":\"https:\\\/\\\/istoc.eu\\\/shop\\\/visos_prekes\\\/kraft-dangtelis-indeliams-500-1000ml-50vnt\\\/\",\"name\":\"Kraft Dangteliai maisto indeliams 500ml-1000ml - ISTOC | Eko pakuot\u0117\",\"isPartOf\":{\"@id\":\"https:\\\/\\\/istoc.eu\\\/#website\"},\"primaryImageOfPage\":{\"@id\":\"https:\\\/\\\/istoc.eu\\\/shop\\\/visos_prekes\\\/kraft-dangtelis-indeliams-500-1000ml-50vnt\\\/#primaryimage\"},\"image\":{\"@id\":\"https:\\\/\\\/istoc.eu\\\/shop\\\/visos_prekes\\\/kraft-dangtelis-indeliams-500-1000ml-50vnt\\\/#primaryimage\"},\"thumbnailUrl\":\"https:\\\/\\\/i0.wp.com\\\/istoc.eu\\\/wp-content\\\/uploads\\\/2023\\\/11\\\/kraft-dangtelis-salotinem.webp?fit=1500%2C1500&ssl=1\",\"datePublished\":\"2023-11-14T18:01:40+00:00\",\"dateModified\":\"2024-02-11T09:53:44+00:00\",\"description\":\"Auk\u0161tos kokyb\u0117s kraft dangteliai - universalus tinkamus 1100 ml - 1300 ml maisto indeliams. Tvirti, sandar\u016bs ir aplinkai draugi\u0161ki.\",\"breadcrumb\":{\"@id\":\"https:\\\/\\\/istoc.eu\\\/shop\\\/visos_prekes\\\/kraft-dangtelis-indeliams-500-1000ml-50vnt\\\/#breadcrumb\"},\"inLanguage\":\"en-GB\",\"potentialAction\":[{\"@type\":\"ReadAction\",\"target\":[\"https:\\\/\\\/istoc.eu\\\/shop\\\/visos_prekes\\\/kraft-dangtelis-indeliams-500-1000ml-50vnt\\\/\"]}]},{\"@type\":\"ImageObject\",\"inLanguage\":\"en-GB\",\"@id\":\"https:\\\/\\\/istoc.eu\\\/shop\\\/visos_prekes\\\/kraft-dangtelis-indeliams-500-1000ml-50vnt\\\/#primaryimage\",\"url\":\"https:\\\/\\\/i0.wp.com\\\/istoc.eu\\\/wp-content\\\/uploads\\\/2023\\\/11\\\/kraft-dangtelis-salotinem.webp?fit=1500%2C1500&ssl=1\",\"contentUrl\":\"https:\\\/\\\/i0.wp.com\\\/istoc.eu\\\/wp-content\\\/uploads\\\/2023\\\/11\\\/kraft-dangtelis-salotinem.webp?fit=1500%2C1500&ssl=1\",\"width\":1500,\"height\":1500,\"caption\":\"kraft dangtelis salotin\u0117m\"},{\"@type\":\"BreadcrumbList\",\"@id\":\"https:\\\/\\\/istoc.eu\\\/shop\\\/visos_prekes\\\/kraft-dangtelis-indeliams-500-1000ml-50vnt\\\/#breadcrumb\",\"itemListElement\":[{\"@type\":\"ListItem\",\"position\":1,\"name\":\"Home\",\"item\":\"https:\\\/\\\/istoc.eu\\\/\"},{\"@type\":\"ListItem\",\"position\":2,\"name\":\"Shop\",\"item\":\"https:\\\/\\\/istoc.eu\\\/shop\\\/\"},{\"@type\":\"ListItem\",\"position\":3,\"name\":\"Kraft Dangteliai maisto indeliams 500ml-1000ml\"}]},{\"@type\":\"WebSite\",\"@id\":\"https:\\\/\\\/istoc.eu\\\/#website\",\"url\":\"https:\\\/\\\/istoc.eu\\\/\",\"name\":\"ISTOC | Eko pakuot\u0117\",\"description\":\"\",\"publisher\":{\"@id\":\"https:\\\/\\\/istoc.eu\\\/#organization\"},\"potentialAction\":[{\"@type\":\"SearchAction\",\"target\":{\"@type\":\"EntryPoint\",\"urlTemplate\":\"https:\\\/\\\/istoc.eu\\\/?s={search_term_string}\"},\"query-input\":{\"@type\":\"PropertyValueSpecification\",\"valueRequired\":true,\"valueName\":\"search_term_string\"}}],\"inLanguage\":\"en-GB\"},{\"@type\":\"Organization\",\"@id\":\"https:\\\/\\\/istoc.eu\\\/#organization\",\"name\":\"ISTOC | Eko pakuot\u0117\",\"url\":\"https:\\\/\\\/istoc.eu\\\/\",\"logo\":{\"@type\":\"ImageObject\",\"inLanguage\":\"en-GB\",\"@id\":\"https:\\\/\\\/istoc.eu\\\/#\\\/schema\\\/logo\\\/image\\\/\",\"url\":\"https:\\\/\\\/i0.wp.com\\\/istoc.eu\\\/wp-content\\\/uploads\\\/2025\\\/01\\\/cropped-istoc-logo.png?fit=1078%2C441&ssl=1\",\"contentUrl\":\"https:\\\/\\\/i0.wp.com\\\/istoc.eu\\\/wp-content\\\/uploads\\\/2025\\\/01\\\/cropped-istoc-logo.png?fit=1078%2C441&ssl=1\",\"width\":1078,\"height\":441,\"caption\":\"ISTOC | Eko pakuot\u0117\"},\"image\":{\"@id\":\"https:\\\/\\\/istoc.eu\\\/#\\\/schema\\\/logo\\\/image\\\/\"}}]}<\/script>\n<!-- \/ Yoast SEO Premium plugin. -->","yoast_head_json":{"title":"Kraft Dangteliai maisto indeliams 500ml-1000ml - ISTOC | Eko pakuot\u0117","description":"Auk\u0161tos kokyb\u0117s kraft dangteliai - universalus tinkamus 1100 ml - 1300 ml maisto indeliams. Tvirti, sandar\u016bs ir aplinkai draugi\u0161ki.","robots":{"index":"noindex","follow":"follow"},"og_locale":"en_GB","og_type":"article","og_title":"Kraft Dangteliai maisto indeliams 500ml-1000ml","og_description":"Auk\u0161tos kokyb\u0117s kraft dangteliai - universalus tinkamus 1100 ml - 1300 ml maisto indeliams. Tvirti, sandar\u016bs ir aplinkai draugi\u0161ki.","og_url":"https:\/\/istoc.eu\/en\/shop\/visos_prekes\/kraft-dangtelis-indeliams-500-1000ml-50vnt\/","og_site_name":"ISTOC | Eko pakuot\u0117","article_modified_time":"2024-02-11T09:53:44+00:00","og_image":[{"width":1500,"height":1500,"url":"https:\/\/istoc.eu\/wp-content\/uploads\/2023\/11\/kraft-dangtelis-salotinem.webp","type":"image\/webp"}],"twitter_card":"summary_large_image","twitter_misc":{"Estimated reading time":"1 minute"},"schema":{"@context":"https:\/\/schema.org","@graph":[{"@type":"WebPage","@id":"https:\/\/istoc.eu\/shop\/visos_prekes\/kraft-dangtelis-indeliams-500-1000ml-50vnt\/","url":"https:\/\/istoc.eu\/shop\/visos_prekes\/kraft-dangtelis-indeliams-500-1000ml-50vnt\/","name":"Kraft Dangteliai maisto indeliams 500ml-1000ml - ISTOC | Eko pakuot\u0117","isPartOf":{"@id":"https:\/\/istoc.eu\/#website"},"primaryImageOfPage":{"@id":"https:\/\/istoc.eu\/shop\/visos_prekes\/kraft-dangtelis-indeliams-500-1000ml-50vnt\/#primaryimage"},"image":{"@id":"https:\/\/istoc.eu\/shop\/visos_prekes\/kraft-dangtelis-indeliams-500-1000ml-50vnt\/#primaryimage"},"thumbnailUrl":"https:\/\/i0.wp.com\/istoc.eu\/wp-content\/uploads\/2023\/11\/kraft-dangtelis-salotinem.webp?fit=1500%2C1500&ssl=1","datePublished":"2023-11-14T18:01:40+00:00","dateModified":"2024-02-11T09:53:44+00:00","description":"Auk\u0161tos kokyb\u0117s kraft dangteliai - universalus tinkamus 1100 ml - 1300 ml maisto indeliams. Tvirti, sandar\u016bs ir aplinkai draugi\u0161ki.","breadcrumb":{"@id":"https:\/\/istoc.eu\/shop\/visos_prekes\/kraft-dangtelis-indeliams-500-1000ml-50vnt\/#breadcrumb"},"inLanguage":"en-GB","potentialAction":[{"@type":"ReadAction","target":["https:\/\/istoc.eu\/shop\/visos_prekes\/kraft-dangtelis-indeliams-500-1000ml-50vnt\/"]}]},{"@type":"ImageObject","inLanguage":"en-GB","@id":"https:\/\/istoc.eu\/shop\/visos_prekes\/kraft-dangtelis-indeliams-500-1000ml-50vnt\/#primaryimage","url":"https:\/\/i0.wp.com\/istoc.eu\/wp-content\/uploads\/2023\/11\/kraft-dangtelis-salotinem.webp?fit=1500%2C1500&ssl=1","contentUrl":"https:\/\/i0.wp.com\/istoc.eu\/wp-content\/uploads\/2023\/11\/kraft-dangtelis-salotinem.webp?fit=1500%2C1500&ssl=1","width":1500,"height":1500,"caption":"kraft dangtelis salotin\u0117m"},{"@type":"BreadcrumbList","@id":"https:\/\/istoc.eu\/shop\/visos_prekes\/kraft-dangtelis-indeliams-500-1000ml-50vnt\/#breadcrumb","itemListElement":[{"@type":"ListItem","position":1,"name":"Home","item":"https:\/\/istoc.eu\/"},{"@type":"ListItem","position":2,"name":"Shop","item":"https:\/\/istoc.eu\/shop\/"},{"@type":"ListItem","position":3,"name":"Kraft Dangteliai maisto indeliams 500ml-1000ml"}]},{"@type":"WebSite","@id":"https:\/\/istoc.eu\/#website","url":"https:\/\/istoc.eu\/","name":"ISTOC | Eko pakuot\u0117","description":"","publisher":{"@id":"https:\/\/istoc.eu\/#organization"},"potentialAction":[{"@type":"SearchAction","target":{"@type":"EntryPoint","urlTemplate":"https:\/\/istoc.eu\/?s={search_term_string}"},"query-input":{"@type":"PropertyValueSpecification","valueRequired":true,"valueName":"search_term_string"}}],"inLanguage":"en-GB"},{"@type":"Organization","@id":"https:\/\/istoc.eu\/#organization","name":"ISTOC | Eko pakuot\u0117","url":"https:\/\/istoc.eu\/","logo":{"@type":"ImageObject","inLanguage":"en-GB","@id":"https:\/\/istoc.eu\/#\/schema\/logo\/image\/","url":"https:\/\/i0.wp.com\/istoc.eu\/wp-content\/uploads\/2025\/01\/cropped-istoc-logo.png?fit=1078%2C441&ssl=1","contentUrl":"https:\/\/i0.wp.com\/istoc.eu\/wp-content\/uploads\/2025\/01\/cropped-istoc-logo.png?fit=1078%2C441&ssl=1","width":1078,"height":441,"caption":"ISTOC | Eko pakuot\u0117"},"image":{"@id":"https:\/\/istoc.eu\/#\/schema\/logo\/image\/"}}]}},"uagb_featured_image_src":{"full":["https:\/\/i0.wp.com\/istoc.eu\/wp-content\/uploads\/2023\/11\/kraft-dangtelis-salotinem.webp?fit=1500%2C1500&ssl=1",1500,1500,false],"thumbnail":["https:\/\/i0.wp.com\/istoc.eu\/wp-content\/uploads\/2023\/11\/kraft-dangtelis-salotinem.webp?resize=150%2C150&ssl=1",150,150,true],"medium":["https:\/\/i0.wp.com\/istoc.eu\/wp-content\/uploads\/2023\/11\/kraft-dangtelis-salotinem.webp?fit=300%2C300&ssl=1",300,300,true],"medium_large":["https:\/\/i0.wp.com\/istoc.eu\/wp-content\/uploads\/2023\/11\/kraft-dangtelis-salotinem.webp?fit=768%2C768&ssl=1",768,768,true],"large":["https:\/\/i0.wp.com\/istoc.eu\/wp-content\/uploads\/2023\/11\/kraft-dangtelis-salotinem.webp?fit=1024%2C1024&ssl=1",1024,1024,true],"1536x1536":["https:\/\/i0.wp.com\/istoc.eu\/wp-content\/uploads\/2023\/11\/kraft-dangtelis-salotinem.webp?fit=1500%2C1500&ssl=1",1500,1500,true],"2048x2048":["https:\/\/i0.wp.com\/istoc.eu\/wp-content\/uploads\/2023\/11\/kraft-dangtelis-salotinem.webp?fit=1500%2C1500&ssl=1",1500,1500,true],"trp-custom-language-flag":["https:\/\/i0.wp.com\/istoc.eu\/wp-content\/uploads\/2023\/11\/kraft-dangtelis-salotinem.webp?fit=12%2C12&ssl=1",12,12,true],"mailpoet_newsletter_max":["https:\/\/i0.wp.com\/istoc.eu\/wp-content\/uploads\/2023\/11\/kraft-dangtelis-salotinem.webp?fit=1320%2C1320&ssl=1",1320,1320,true],"woocommerce_thumbnail":["https:\/\/i0.wp.com\/istoc.eu\/wp-content\/uploads\/2023\/11\/kraft-dangtelis-salotinem.webp?resize=300%2C300&ssl=1",300,300,true],"woocommerce_single":["https:\/\/i0.wp.com\/istoc.eu\/wp-content\/uploads\/2023\/11\/kraft-dangtelis-salotinem.webp?fit=600%2C600&ssl=1",600,600,true],"woocommerce_gallery_thumbnail":["https:\/\/i0.wp.com\/istoc.eu\/wp-content\/uploads\/2023\/11\/kraft-dangtelis-salotinem.webp?resize=100%2C100&ssl=1",100,100,true]},"uagb_author_info":{"display_name":"admin","author_link":"https:\/\/istoc.eu\/en\/author\/"},"uagb_comment_info":0,"uagb_excerpt":"M\u016bs\u0173 kraft dangteliai yra sukurti i\u0161 auk\u0161tos kokyb\u0117s kraft popieriaus, garantuojant ne tik tvirtum\u0105, bet ir aplinkos tausojim\u0105. Su 165mm diametru, \u0161ie dangteliai maistui yra puikiai pritaikomi 500 ml iki 1000 ml maisto indeliams, u\u017etikrinant j\u0173 sandarum\u0105 ir tvirtum\u0105. J\u0173 300+18g popieriaus storis ir 24 sluoksni\u0173 strukt\u016bra suteikia nepriekai\u0161ting\u0105 patvarum\u0105, i\u0161laikant maisto \u0161vie\u017eum\u0105 ir saugum\u0105&hellip;","jetpack-related-posts":[],"jetpack_sharing_enabled":true,"_links":{"self":[{"href":"https:\/\/istoc.eu\/en\/wp-json\/wp\/v2\/product\/6181","targetHints":{"allow":["GET"]}}],"collection":[{"href":"https:\/\/istoc.eu\/en\/wp-json\/wp\/v2\/product"}],"about":[{"href":"https:\/\/istoc.eu\/en\/wp-json\/wp\/v2\/types\/product"}],"version-history":[{"count":4,"href":"https:\/\/istoc.eu\/en\/wp-json\/wp\/v2\/product\/6181\/revisions"}],"predecessor-version":[{"id":6352,"href":"https:\/\/istoc.eu\/en\/wp-json\/wp\/v2\/product\/6181\/revisions\/6352"}],"wp:featuredmedia":[{"embeddable":true,"href":"https:\/\/istoc.eu\/en\/wp-json\/wp\/v2\/media\/6183"}],"wp:attachment":[{"href":"https:\/\/istoc.eu\/en\/wp-json\/wp\/v2\/media?parent=6181"}],"wp:term":[{"taxonomy":"product_brand","embeddable":true,"href":"https:\/\/istoc.eu\/en\/wp-json\/wp\/v2\/product_brand?post=6181"},{"taxonomy":"product_cat","embeddable":true,"href":"https:\/\/istoc.eu\/en\/wp-json\/wp\/v2\/product_cat?post=6181"},{"taxonomy":"product_tag","embeddable":true,"href":"https:\/\/istoc.eu\/en\/wp-json\/wp\/v2\/product_tag?post=6181"}],"curies":[{"name":"wp","href":"https:\/\/api.w.org\/{rel}","templated":true}]}}