{"id":6212,"date":"2023-11-14T18:40:41","date_gmt":"2023-11-14T18:40:41","guid":{"rendered":"https:\/\/istoc.eu\/?post_type=product&#038;p=6212"},"modified":"2024-02-10T23:16:39","modified_gmt":"2024-02-10T23:16:39","slug":"apvalus-indelis-ledams-baltas-250ml-50-vnt","status":"publish","type":"product","link":"https:\/\/istoc.eu\/en\/shop\/visos_prekes\/apvalus-indelis-ledams-baltas-250ml-50-vnt\/","title":{"rendered":"Apvalus baltas indelis ledams 250ml &#8211; 50 vnt pakuot\u0117"},"content":{"rendered":"<p>Norite podelio su spauda? Apsilankykite \u010dia ir su\u017einokite daugiau: <a href=\"https:\/\/istoc.eu\/shop\/visos_prekes\/apvalus-indelis-ledams-250ml-50vnt\/\" target=\"_new\" rel=\"noopener\">Apvalus Indelis Ledams 250ml &#8211; 50 Vnt<\/a><\/p>\n<div style=\"background: #fff; padding: 10px;\">\n<p>Apval\u016bs indeliai: ideal\u016bs kaip indelis ledams ir vienkartiniai indeliai desertams &#8211; prakti\u0161ki maisto indeliai kiekvienam<\/p>\n<ul>\n<li>Prek\u0117s kodas: <strong>5898<\/strong><\/li>\n<li>Dizainas: <b>Baltas<\/b><\/li>\n<li>Diametas: <strong>95mm<\/strong><\/li>\n<li>D\u0117\u017e\u0117je: <strong>20<\/strong><\/li>\n<li>GSM: <strong>265g<\/strong><\/li>\n<li>Sluoksni\u0173: <strong>80<\/strong><\/li>\n<\/ul>\n<p><strong>Palet\u0117s specifikacijos<\/strong>:<\/p>\n<ul>\n<li>Sluoksni\u0173 skai\u010dius palet\u0117je: <strong>3<\/strong><\/li>\n<li>D\u0117\u017ei\u0173 skai\u010dius palet\u0117je: <strong>12<\/strong><\/li>\n<li>Bendras skai\u010dius palet\u0117je: <strong>240<\/strong><\/li>\n<\/ul>\n<p><a href=\"https:\/\/istoc.eu\/shop\/visos_prekes\/apvalus-indelis-ledams-130ml-50-vnt\/\">130ml indelis ledams<\/a><\/p>\n<h2>U\u017esakymo forma<\/h2>\n<p>Norint u\u017esisakyti \u0161i\u0105 prek\u0119, pra\u0161ome pildyti u\u017esakymo form\u0105, esan\u010di\u0105 puslapio apa\u010dioje<\/p>\n<div style=\"padding: 5px;\"><div class=\"wpforms-container wpforms-render-modern\" id=\"wpforms-5655\"><form id=\"wpforms-form-5655\" class=\"wpforms-validate wpforms-form wpforms-ajax-form\" data-formid=\"5655\" method=\"post\" enctype=\"multipart\/form-data\" action=\"\/en\/wp-json\/wp\/v2\/product\/6212\" data-token=\"30e3ff43cec9062708b40e1791c2d603\" data-token-time=\"1777438511\"><noscript class=\"wpforms-error-noscript\">Please enable JavaScript in your browser to complete this form.<\/noscript><div id=\"wpforms-error-noscript\" style=\"display: none;\">Please enable JavaScript in your browser to complete this form.<\/div><div class=\"wpforms-field-container\"><div id=\"wpforms-5655-field_0-container\" class=\"wpforms-field wpforms-field-name\" data-field-id=\"0\"><label class=\"wpforms-field-label\" for=\"wpforms-5655-field_0\">Vardas <span class=\"wpforms-required-label\" aria-hidden=\"true\">*<\/span><\/label><input type=\"text\" id=\"wpforms-5655-field_0\" class=\"wpforms-field-large wpforms-field-required\" name=\"wpforms[fields][0]\" aria-errormessage=\"wpforms-5655-field_0-error\" required><\/div><div id=\"wpforms-5655-field_1-container\" class=\"wpforms-field wpforms-field-email\" data-field-id=\"1\"><fieldset><legend class=\"wpforms-field-label\">El. Pa\u0161tas <span class=\"wpforms-required-label\" aria-hidden=\"true\">*<\/span><\/legend><div class=\"wpforms-field-row wpforms-field-large\"><div class=\"wpforms-field-row-block wpforms-one-half wpforms-first\"><input type=\"email\" id=\"wpforms-5655-field_1\" class=\"wpforms-field-required wpforms-field-email-primary\" name=\"wpforms[fields][1][primary]\" spellcheck=\"false\" aria-errormessage=\"wpforms-5655-field_1-error\" required><label for=\"wpforms-5655-field_1\" class=\"wpforms-field-sublabel after\">Email<\/label><\/div><div class=\"wpforms-field-row-block wpforms-one-half\"><input type=\"email\" id=\"wpforms-5655-field_1-secondary\" class=\"wpforms-field-email-secondary wpforms-field-required\" data-rule-confirm=\"#wpforms-5655-field_1\" name=\"wpforms[fields][1][secondary]\" spellcheck=\"false\" aria-errormessage=\"wpforms-5655-field_1-secondary-error\" required><label for=\"wpforms-5655-field_1-secondary\" class=\"wpforms-field-sublabel after\">Confirm Email<\/label><\/div><\/div><\/fieldset><\/div><div id=\"wpforms-5655-field_3-container\" class=\"wpforms-field wpforms-field-number\" data-field-id=\"3\"><label class=\"wpforms-field-label\" for=\"wpforms-5655-field_3\">Prekes kodas <span class=\"wpforms-required-label\" aria-hidden=\"true\">*<\/span><\/label><input type=\"number\" id=\"wpforms-5655-field_3\" class=\"wpforms-field-small wpforms-field-required\" name=\"wpforms[fields][3]\" step=\"any\" aria-errormessage=\"wpforms-5655-field_3-error\" required><\/div><div id=\"wpforms-5655-field_2-container\" class=\"wpforms-field wpforms-field-textarea\" data-field-id=\"2\"><label class=\"wpforms-field-label\" for=\"wpforms-5655-field_2\">Prane\u0161imas<\/label><textarea id=\"wpforms-5655-field_2\" class=\"wpforms-field-medium wpforms-limit-words-enabled\" data-form-id=\"5655\" data-field-id=\"2\" data-text-limit=\"100\" name=\"wpforms[fields][2]\" aria-errormessage=\"wpforms-5655-field_2-error\" ><\/textarea><\/div><\/div><!-- .wpforms-field-container --><div class=\"wpforms-submit-container\" ><input type=\"hidden\" name=\"wpforms[id]\" value=\"5655\"><input type=\"hidden\" name=\"page_title\" value=\"\"><input type=\"hidden\" name=\"page_url\" value=\"https:\/\/istoc.eu\/en\/wp-json\/wp\/v2\/product\/6212\"><input type=\"hidden\" name=\"url_referer\" value=\"\"><button type=\"submit\" name=\"wpforms[submit]\" id=\"wpforms-submit-5655\" class=\"wpforms-submit\" data-alt-text=\"Siun\u010diama...\" data-submit-text=\"Si\u0173sti\" aria-live=\"assertive\" value=\"wpforms-submit\">Si\u0173sti<\/button><img decoding=\"async\" src=\"https:\/\/istoc.eu\/wp-content\/plugins\/wpforms-lite\/assets\/images\/submit-spin.svg\" class=\"wpforms-submit-spinner\" style=\"display: none;\" width=\"26\" height=\"26\" alt=\"Loading\"><\/div><\/form><\/div>  <!-- .wpforms-container --><\/div>\n<\/div>\n","protected":false},"excerpt":{"rendered":"<p>\u0160ie eleganti\u0161ki balti apval\u016bs indeliai, turintys 250 ml talp\u0105, yra idealiai pritaikyti led\u0173 pateikimui, tod\u0117l puikiai tinka kaip indelis ledams. J\u0173 95 mm skersmuo suteikia pakankamai erdv\u0117s didesn\u0117ms led\u0173 porcijoms ar net k\u016brybi\u0161koms desert\u0173 kompozicijoms, tod\u0117l \u0161ie indeliai desertams yra nepakei\u010diami. Pagaminti i\u0161 265g storio popieriaus, \u0161ie maisto indeliai i\u0161laiko savo form\u0105 ir tvirtum\u0105, netgi pripildyti \u0161aldyto turinio. Baltas pavir\u0161ius suteikia \u0161var\u0173 ir profesional\u0173 \u012fvaizd\u012f, be to, puikiai tinka tiek paprastam, tiek dekoruotam naudojimui, darant juos idealiais vienkartiniai indeliai desertams.<\/p>\n<p>Jie yra ypa\u010d tinkami led\u0173 salonams, kavin\u0117ms ar \u012fvairioms rengini\u0173 vietoms, kur svarbus estetinis led\u0173 pateikimas, suteikdami puiki\u0105 galimyb\u0119 naudoti <strong>indeliai desertams<\/strong> kaip efektyv\u0173 b\u016bd\u0105 prek\u0117s \u017eenklo skatinimui. Be to, balti indeliai gali b\u016bti naudojami kaip puikus fonas individualiems dizainams ar logotipams, leid\u017eiantiems i\u0161skirti prek\u0117s \u017eenkl\u0105. Pakuot\u0117je yra 50 vnt., o indeliai yra efektyviai supakuojami \u012f paletes (240 vnt. palete), u\u017etikrinantys patog\u0173 sand\u0117liavim\u0105 ir transportavim\u0105, tod\u0117l jie yra prakti\u0161kas pasirinkimas norintiems u\u017etikrinti kokybi\u0161k\u0105 ir patog\u0173 produkt\u0173 pateikim\u0105.<\/p>","protected":false},"featured_media":6208,"template":"","meta":{"_uag_custom_page_level_css":"","site-sidebar-layout":"default","site-content-layout":"default","ast-site-content-layout":"default","site-content-style":"default","site-sidebar-style":"default","ast-global-header-display":"","ast-banner-title-visibility":"","ast-main-header-display":"","ast-hfb-above-header-display":"","ast-hfb-below-header-display":"","ast-hfb-mobile-header-display":"","site-post-title":"","ast-breadcrumbs-content":"","ast-featured-img":"","footer-sml-layout":"","ast-disable-related-posts":"","theme-transparent-header-meta":"default","adv-header-id-meta":"","stick-header-meta":"default","header-above-stick-meta":"","header-main-stick-meta":"","header-below-stick-meta":"","astra-migrate-meta-layouts":"set","ast-page-background-enabled":"default","ast-page-background-meta":{"desktop":{"background-color":"","background-image":"","background-repeat":"repeat","background-position":"center center","background-size":"auto","background-attachment":"scroll","background-type":"","background-media":"","overlay-type":"","overlay-color":"","overlay-opacity":"","overlay-gradient":""},"tablet":{"background-color":"","background-image":"","background-repeat":"repeat","background-position":"center center","background-size":"auto","background-attachment":"scroll","background-type":"","background-media":"","overlay-type":"","overlay-color":"","overlay-opacity":"","overlay-gradient":""},"mobile":{"background-color":"","background-image":"","background-repeat":"repeat","background-position":"center center","background-size":"auto","background-attachment":"scroll","background-type":"","background-media":"","overlay-type":"","overlay-color":"","overlay-opacity":"","overlay-gradient":""}},"ast-content-background-meta":{"desktop":{"background-color":"var(--ast-global-color-5)","background-image":"","background-repeat":"repeat","background-position":"center center","background-size":"auto","background-attachment":"scroll","background-type":"","background-media":"","overlay-type":"","overlay-color":"","overlay-opacity":"","overlay-gradient":""},"tablet":{"background-color":"var(--ast-global-color-5)","background-image":"","background-repeat":"repeat","background-position":"center center","background-size":"auto","background-attachment":"scroll","background-type":"","background-media":"","overlay-type":"","overlay-color":"","overlay-opacity":"","overlay-gradient":""},"mobile":{"background-color":"var(--ast-global-color-5)","background-image":"","background-repeat":"repeat","background-position":"center center","background-size":"auto","background-attachment":"scroll","background-type":"","background-media":"","overlay-type":"","overlay-color":"","overlay-opacity":"","overlay-gradient":""}}},"product_brand":[],"product_cat":[37,15],"product_tag":[],"class_list":{"0":"post-6212","1":"product","2":"type-product","3":"status-publish","4":"has-post-thumbnail","6":"product_cat-vienkartiniai_indeliai","7":"product_cat-visos_prekes","8":"desktop-align-center","9":"tablet-align-center","10":"mobile-align-center","11":"ast-product-gallery-layout-horizontal","12":"ast-product-gallery-with-no-image","13":"ast-product-tabs-layout-horizontal","14":"ast-qv-on-image","16":"first","17":"instock","18":"shipping-taxable","19":"product-type-simple"},"yoast_head":"<!-- This site is optimized with the Yoast SEO Premium plugin v20.11 (Yoast SEO v27.5) - https:\/\/yoast.com\/product\/yoast-seo-premium-wordpress\/ -->\n<title>Apvalus baltas indelis ledams 250ml - 50 vnt pakuot\u0117 - ISTOC | Eko pakuot\u0117<\/title>\n<meta name=\"description\" content=\"250ml talpos eleganti\u0161ki balti apval\u016bs indeliai - puikus pasirinkimas. Vienkartiniai indeliai ledams ir desertams, patog\u016bs ir stilingi.\" \/>\n<meta name=\"robots\" content=\"index, follow, max-snippet:-1, max-image-preview:large, max-video-preview:-1\" \/>\n<link rel=\"canonical\" href=\"https:\/\/istoc.eu\/en\/shop\/visos_prekes\/apvalus-indelis-ledams-baltas-250ml-50-vnt\/\" \/>\n<meta property=\"og:locale\" content=\"en_GB\" \/>\n<meta property=\"og:type\" content=\"article\" \/>\n<meta property=\"og:title\" content=\"Apvalus baltas indelis ledams 250ml - 50 vnt pakuot\u0117\" \/>\n<meta property=\"og:description\" content=\"250ml talpos eleganti\u0161ki balti apval\u016bs indeliai - puikus pasirinkimas. Vienkartiniai indeliai ledams ir desertams, patog\u016bs ir stilingi.\" \/>\n<meta property=\"og:url\" content=\"https:\/\/istoc.eu\/en\/shop\/visos_prekes\/apvalus-indelis-ledams-baltas-250ml-50-vnt\/\" \/>\n<meta property=\"og:site_name\" content=\"ISTOC | Eko pakuot\u0117\" \/>\n<meta property=\"article:modified_time\" content=\"2024-02-10T23:16:39+00:00\" \/>\n<meta property=\"og:image\" content=\"https:\/\/istoc.eu\/wp-content\/uploads\/2023\/11\/ledu-indelis-baltas.jpg\" \/>\n\t<meta property=\"og:image:width\" content=\"200\" \/>\n\t<meta property=\"og:image:height\" content=\"200\" \/>\n\t<meta property=\"og:image:type\" content=\"image\/jpeg\" \/>\n<meta name=\"twitter:card\" content=\"summary_large_image\" \/>\n<meta name=\"twitter:label1\" content=\"Estimated reading time\" \/>\n\t<meta name=\"twitter:data1\" content=\"1 minute\" \/>\n<script type=\"application\/ld+json\" class=\"yoast-schema-graph\">{\"@context\":\"https:\\\/\\\/schema.org\",\"@graph\":[{\"@type\":\"WebPage\",\"@id\":\"https:\\\/\\\/istoc.eu\\\/shop\\\/visos_prekes\\\/apvalus-indelis-ledams-baltas-250ml-50-vnt\\\/\",\"url\":\"https:\\\/\\\/istoc.eu\\\/shop\\\/visos_prekes\\\/apvalus-indelis-ledams-baltas-250ml-50-vnt\\\/\",\"name\":\"Apvalus baltas indelis ledams 250ml - 50 vnt pakuot\u0117 - ISTOC | Eko pakuot\u0117\",\"isPartOf\":{\"@id\":\"https:\\\/\\\/istoc.eu\\\/#website\"},\"primaryImageOfPage\":{\"@id\":\"https:\\\/\\\/istoc.eu\\\/shop\\\/visos_prekes\\\/apvalus-indelis-ledams-baltas-250ml-50-vnt\\\/#primaryimage\"},\"image\":{\"@id\":\"https:\\\/\\\/istoc.eu\\\/shop\\\/visos_prekes\\\/apvalus-indelis-ledams-baltas-250ml-50-vnt\\\/#primaryimage\"},\"thumbnailUrl\":\"https:\\\/\\\/i0.wp.com\\\/istoc.eu\\\/wp-content\\\/uploads\\\/2023\\\/11\\\/ledu-indelis-baltas.jpg?fit=200%2C200&ssl=1\",\"datePublished\":\"2023-11-14T18:40:41+00:00\",\"dateModified\":\"2024-02-10T23:16:39+00:00\",\"description\":\"250ml talpos eleganti\u0161ki balti apval\u016bs indeliai - puikus pasirinkimas. Vienkartiniai indeliai ledams ir desertams, patog\u016bs ir stilingi.\",\"breadcrumb\":{\"@id\":\"https:\\\/\\\/istoc.eu\\\/shop\\\/visos_prekes\\\/apvalus-indelis-ledams-baltas-250ml-50-vnt\\\/#breadcrumb\"},\"inLanguage\":\"en-GB\",\"potentialAction\":[{\"@type\":\"ReadAction\",\"target\":[\"https:\\\/\\\/istoc.eu\\\/shop\\\/visos_prekes\\\/apvalus-indelis-ledams-baltas-250ml-50-vnt\\\/\"]}]},{\"@type\":\"ImageObject\",\"inLanguage\":\"en-GB\",\"@id\":\"https:\\\/\\\/istoc.eu\\\/shop\\\/visos_prekes\\\/apvalus-indelis-ledams-baltas-250ml-50-vnt\\\/#primaryimage\",\"url\":\"https:\\\/\\\/i0.wp.com\\\/istoc.eu\\\/wp-content\\\/uploads\\\/2023\\\/11\\\/ledu-indelis-baltas.jpg?fit=200%2C200&ssl=1\",\"contentUrl\":\"https:\\\/\\\/i0.wp.com\\\/istoc.eu\\\/wp-content\\\/uploads\\\/2023\\\/11\\\/ledu-indelis-baltas.jpg?fit=200%2C200&ssl=1\",\"width\":200,\"height\":200,\"caption\":\"ledu indelis baltas\"},{\"@type\":\"BreadcrumbList\",\"@id\":\"https:\\\/\\\/istoc.eu\\\/shop\\\/visos_prekes\\\/apvalus-indelis-ledams-baltas-250ml-50-vnt\\\/#breadcrumb\",\"itemListElement\":[{\"@type\":\"ListItem\",\"position\":1,\"name\":\"Home\",\"item\":\"https:\\\/\\\/istoc.eu\\\/\"},{\"@type\":\"ListItem\",\"position\":2,\"name\":\"Shop\",\"item\":\"https:\\\/\\\/istoc.eu\\\/shop\\\/\"},{\"@type\":\"ListItem\",\"position\":3,\"name\":\"Apvalus baltas indelis ledams 250ml &#8211; 50 vnt pakuot\u0117\"}]},{\"@type\":\"WebSite\",\"@id\":\"https:\\\/\\\/istoc.eu\\\/#website\",\"url\":\"https:\\\/\\\/istoc.eu\\\/\",\"name\":\"ISTOC | Eko pakuot\u0117\",\"description\":\"\",\"publisher\":{\"@id\":\"https:\\\/\\\/istoc.eu\\\/#organization\"},\"potentialAction\":[{\"@type\":\"SearchAction\",\"target\":{\"@type\":\"EntryPoint\",\"urlTemplate\":\"https:\\\/\\\/istoc.eu\\\/?s={search_term_string}\"},\"query-input\":{\"@type\":\"PropertyValueSpecification\",\"valueRequired\":true,\"valueName\":\"search_term_string\"}}],\"inLanguage\":\"en-GB\"},{\"@type\":\"Organization\",\"@id\":\"https:\\\/\\\/istoc.eu\\\/#organization\",\"name\":\"ISTOC | Eko pakuot\u0117\",\"url\":\"https:\\\/\\\/istoc.eu\\\/\",\"logo\":{\"@type\":\"ImageObject\",\"inLanguage\":\"en-GB\",\"@id\":\"https:\\\/\\\/istoc.eu\\\/#\\\/schema\\\/logo\\\/image\\\/\",\"url\":\"https:\\\/\\\/i0.wp.com\\\/istoc.eu\\\/wp-content\\\/uploads\\\/2025\\\/01\\\/cropped-istoc-logo.png?fit=1078%2C441&ssl=1\",\"contentUrl\":\"https:\\\/\\\/i0.wp.com\\\/istoc.eu\\\/wp-content\\\/uploads\\\/2025\\\/01\\\/cropped-istoc-logo.png?fit=1078%2C441&ssl=1\",\"width\":1078,\"height\":441,\"caption\":\"ISTOC | Eko pakuot\u0117\"},\"image\":{\"@id\":\"https:\\\/\\\/istoc.eu\\\/#\\\/schema\\\/logo\\\/image\\\/\"}}]}<\/script>\n<!-- \/ Yoast SEO Premium plugin. -->","yoast_head_json":{"title":"Apvalus baltas indelis ledams 250ml - 50 vnt pakuot\u0117 - ISTOC | Eko pakuot\u0117","description":"250ml talpos eleganti\u0161ki balti apval\u016bs indeliai - puikus pasirinkimas. Vienkartiniai indeliai ledams ir desertams, patog\u016bs ir stilingi.","robots":{"index":"index","follow":"follow","max-snippet":"max-snippet:-1","max-image-preview":"max-image-preview:large","max-video-preview":"max-video-preview:-1"},"canonical":"https:\/\/istoc.eu\/en\/shop\/visos_prekes\/apvalus-indelis-ledams-baltas-250ml-50-vnt\/","og_locale":"en_GB","og_type":"article","og_title":"Apvalus baltas indelis ledams 250ml - 50 vnt pakuot\u0117","og_description":"250ml talpos eleganti\u0161ki balti apval\u016bs indeliai - puikus pasirinkimas. Vienkartiniai indeliai ledams ir desertams, patog\u016bs ir stilingi.","og_url":"https:\/\/istoc.eu\/en\/shop\/visos_prekes\/apvalus-indelis-ledams-baltas-250ml-50-vnt\/","og_site_name":"ISTOC | Eko pakuot\u0117","article_modified_time":"2024-02-10T23:16:39+00:00","og_image":[{"width":200,"height":200,"url":"https:\/\/istoc.eu\/wp-content\/uploads\/2023\/11\/ledu-indelis-baltas.jpg","type":"image\/jpeg"}],"twitter_card":"summary_large_image","twitter_misc":{"Estimated reading time":"1 minute"},"schema":{"@context":"https:\/\/schema.org","@graph":[{"@type":"WebPage","@id":"https:\/\/istoc.eu\/shop\/visos_prekes\/apvalus-indelis-ledams-baltas-250ml-50-vnt\/","url":"https:\/\/istoc.eu\/shop\/visos_prekes\/apvalus-indelis-ledams-baltas-250ml-50-vnt\/","name":"Apvalus baltas indelis ledams 250ml - 50 vnt pakuot\u0117 - ISTOC | Eko pakuot\u0117","isPartOf":{"@id":"https:\/\/istoc.eu\/#website"},"primaryImageOfPage":{"@id":"https:\/\/istoc.eu\/shop\/visos_prekes\/apvalus-indelis-ledams-baltas-250ml-50-vnt\/#primaryimage"},"image":{"@id":"https:\/\/istoc.eu\/shop\/visos_prekes\/apvalus-indelis-ledams-baltas-250ml-50-vnt\/#primaryimage"},"thumbnailUrl":"https:\/\/i0.wp.com\/istoc.eu\/wp-content\/uploads\/2023\/11\/ledu-indelis-baltas.jpg?fit=200%2C200&ssl=1","datePublished":"2023-11-14T18:40:41+00:00","dateModified":"2024-02-10T23:16:39+00:00","description":"250ml talpos eleganti\u0161ki balti apval\u016bs indeliai - puikus pasirinkimas. Vienkartiniai indeliai ledams ir desertams, patog\u016bs ir stilingi.","breadcrumb":{"@id":"https:\/\/istoc.eu\/shop\/visos_prekes\/apvalus-indelis-ledams-baltas-250ml-50-vnt\/#breadcrumb"},"inLanguage":"en-GB","potentialAction":[{"@type":"ReadAction","target":["https:\/\/istoc.eu\/shop\/visos_prekes\/apvalus-indelis-ledams-baltas-250ml-50-vnt\/"]}]},{"@type":"ImageObject","inLanguage":"en-GB","@id":"https:\/\/istoc.eu\/shop\/visos_prekes\/apvalus-indelis-ledams-baltas-250ml-50-vnt\/#primaryimage","url":"https:\/\/i0.wp.com\/istoc.eu\/wp-content\/uploads\/2023\/11\/ledu-indelis-baltas.jpg?fit=200%2C200&ssl=1","contentUrl":"https:\/\/i0.wp.com\/istoc.eu\/wp-content\/uploads\/2023\/11\/ledu-indelis-baltas.jpg?fit=200%2C200&ssl=1","width":200,"height":200,"caption":"ledu indelis baltas"},{"@type":"BreadcrumbList","@id":"https:\/\/istoc.eu\/shop\/visos_prekes\/apvalus-indelis-ledams-baltas-250ml-50-vnt\/#breadcrumb","itemListElement":[{"@type":"ListItem","position":1,"name":"Home","item":"https:\/\/istoc.eu\/"},{"@type":"ListItem","position":2,"name":"Shop","item":"https:\/\/istoc.eu\/shop\/"},{"@type":"ListItem","position":3,"name":"Apvalus baltas indelis ledams 250ml &#8211; 50 vnt pakuot\u0117"}]},{"@type":"WebSite","@id":"https:\/\/istoc.eu\/#website","url":"https:\/\/istoc.eu\/","name":"ISTOC | Eko pakuot\u0117","description":"","publisher":{"@id":"https:\/\/istoc.eu\/#organization"},"potentialAction":[{"@type":"SearchAction","target":{"@type":"EntryPoint","urlTemplate":"https:\/\/istoc.eu\/?s={search_term_string}"},"query-input":{"@type":"PropertyValueSpecification","valueRequired":true,"valueName":"search_term_string"}}],"inLanguage":"en-GB"},{"@type":"Organization","@id":"https:\/\/istoc.eu\/#organization","name":"ISTOC | Eko pakuot\u0117","url":"https:\/\/istoc.eu\/","logo":{"@type":"ImageObject","inLanguage":"en-GB","@id":"https:\/\/istoc.eu\/#\/schema\/logo\/image\/","url":"https:\/\/i0.wp.com\/istoc.eu\/wp-content\/uploads\/2025\/01\/cropped-istoc-logo.png?fit=1078%2C441&ssl=1","contentUrl":"https:\/\/i0.wp.com\/istoc.eu\/wp-content\/uploads\/2025\/01\/cropped-istoc-logo.png?fit=1078%2C441&ssl=1","width":1078,"height":441,"caption":"ISTOC | Eko pakuot\u0117"},"image":{"@id":"https:\/\/istoc.eu\/#\/schema\/logo\/image\/"}}]}},"uagb_featured_image_src":{"full":["https:\/\/i0.wp.com\/istoc.eu\/wp-content\/uploads\/2023\/11\/ledu-indelis-baltas.jpg?fit=200%2C200&ssl=1",200,200,false],"thumbnail":["https:\/\/i0.wp.com\/istoc.eu\/wp-content\/uploads\/2023\/11\/ledu-indelis-baltas.jpg?resize=150%2C150&ssl=1",150,150,true],"medium":["https:\/\/i0.wp.com\/istoc.eu\/wp-content\/uploads\/2023\/11\/ledu-indelis-baltas.jpg?fit=200%2C200&ssl=1",200,200,true],"medium_large":["https:\/\/i0.wp.com\/istoc.eu\/wp-content\/uploads\/2023\/11\/ledu-indelis-baltas.jpg?fit=200%2C200&ssl=1",200,200,true],"large":["https:\/\/i0.wp.com\/istoc.eu\/wp-content\/uploads\/2023\/11\/ledu-indelis-baltas.jpg?fit=200%2C200&ssl=1",200,200,true],"1536x1536":["https:\/\/i0.wp.com\/istoc.eu\/wp-content\/uploads\/2023\/11\/ledu-indelis-baltas.jpg?fit=200%2C200&ssl=1",200,200,true],"2048x2048":["https:\/\/i0.wp.com\/istoc.eu\/wp-content\/uploads\/2023\/11\/ledu-indelis-baltas.jpg?fit=200%2C200&ssl=1",200,200,true],"trp-custom-language-flag":["https:\/\/i0.wp.com\/istoc.eu\/wp-content\/uploads\/2023\/11\/ledu-indelis-baltas.jpg?fit=12%2C12&ssl=1",12,12,true],"mailpoet_newsletter_max":["https:\/\/i0.wp.com\/istoc.eu\/wp-content\/uploads\/2023\/11\/ledu-indelis-baltas.jpg?fit=200%2C200&ssl=1",200,200,true],"woocommerce_thumbnail":["https:\/\/i0.wp.com\/istoc.eu\/wp-content\/uploads\/2023\/11\/ledu-indelis-baltas.jpg?resize=200%2C200&ssl=1",200,200,true],"woocommerce_single":["https:\/\/i0.wp.com\/istoc.eu\/wp-content\/uploads\/2023\/11\/ledu-indelis-baltas.jpg?fit=200%2C200&ssl=1",200,200,true],"woocommerce_gallery_thumbnail":["https:\/\/i0.wp.com\/istoc.eu\/wp-content\/uploads\/2023\/11\/ledu-indelis-baltas.jpg?resize=100%2C100&ssl=1",100,100,true]},"uagb_author_info":{"display_name":"admin","author_link":"https:\/\/istoc.eu\/en\/author\/"},"uagb_comment_info":0,"uagb_excerpt":"\u0160ie eleganti\u0161ki balti apval\u016bs indeliai, turintys 250 ml talp\u0105, yra idealiai pritaikyti led\u0173 pateikimui, tod\u0117l puikiai tinka kaip indelis ledams. J\u0173 95 mm skersmuo suteikia pakankamai erdv\u0117s didesn\u0117ms led\u0173 porcijoms ar net k\u016brybi\u0161koms desert\u0173 kompozicijoms, tod\u0117l \u0161ie indeliai desertams yra nepakei\u010diami. Pagaminti i\u0161 265g storio popieriaus, \u0161ie maisto indeliai i\u0161laiko savo form\u0105 ir tvirtum\u0105, netgi&hellip;","jetpack-related-posts":[],"jetpack_sharing_enabled":true,"_links":{"self":[{"href":"https:\/\/istoc.eu\/en\/wp-json\/wp\/v2\/product\/6212","targetHints":{"allow":["GET"]}}],"collection":[{"href":"https:\/\/istoc.eu\/en\/wp-json\/wp\/v2\/product"}],"about":[{"href":"https:\/\/istoc.eu\/en\/wp-json\/wp\/v2\/types\/product"}],"version-history":[{"count":5,"href":"https:\/\/istoc.eu\/en\/wp-json\/wp\/v2\/product\/6212\/revisions"}],"predecessor-version":[{"id":6324,"href":"https:\/\/istoc.eu\/en\/wp-json\/wp\/v2\/product\/6212\/revisions\/6324"}],"wp:featuredmedia":[{"embeddable":true,"href":"https:\/\/istoc.eu\/en\/wp-json\/wp\/v2\/media\/6208"}],"wp:attachment":[{"href":"https:\/\/istoc.eu\/en\/wp-json\/wp\/v2\/media?parent=6212"}],"wp:term":[{"taxonomy":"product_brand","embeddable":true,"href":"https:\/\/istoc.eu\/en\/wp-json\/wp\/v2\/product_brand?post=6212"},{"taxonomy":"product_cat","embeddable":true,"href":"https:\/\/istoc.eu\/en\/wp-json\/wp\/v2\/product_cat?post=6212"},{"taxonomy":"product_tag","embeddable":true,"href":"https:\/\/istoc.eu\/en\/wp-json\/wp\/v2\/product_tag?post=6212"}],"curies":[{"name":"wp","href":"https:\/\/api.w.org\/{rel}","templated":true}]}}