{"id":6380,"date":"2024-06-22T09:51:49","date_gmt":"2024-06-22T09:51:49","guid":{"rendered":"https:\/\/istoc.eu\/?post_type=product&#038;p=6380"},"modified":"2024-06-22T09:55:04","modified_gmt":"2024-06-22T09:55:04","slug":"vyniojamas-popierius-80gsm-40x60cm","status":"publish","type":"product","link":"https:\/\/istoc.eu\/en\/shop\/pakavimo_popierius\/vyniojamas-popierius-80gsm-40x60cm\/","title":{"rendered":"Vyniojamas popierius 80gsm 40x60cm"},"content":{"rendered":"<p>Optimalus vyniojamo popieriaus sprendimas \u012fvairi\u0173 produkt\u0173 pakavimui, u\u017etikrinantis tvirt\u0105 ir patikim\u0105 apsaug\u0105.<\/p>\n<div style=\"background: #fff; padding: 10px;\">\n<table style=\"height: 5px; max-width: fit-content; border: solid 1px; margin: 5px; border-collapse: collapse;\" width=\"1258\">\n<tbody>\n<tr>\n<th style=\"text-align: left; border: solid 1px;\">Prek\u0117s kodas<\/th>\n<td style=\"border: solid 1px;\">41022<\/td>\n<\/tr>\n<tr>\n<th style=\"text-align: left; border: solid 1px;\">Prek\u0117s kilm\u0117s \u0161alis<\/th>\n<td style=\"border: solid 1px;\">EU<\/td>\n<\/tr>\n<tr>\n<th style=\"text-align: left; border: solid 1px;\">Prek\u0117s platintojas<\/th>\n<td style=\"border: solid 1px;\">UAB ISTOC<\/td>\n<\/tr>\n<tr>\n<th style=\"text-align: left; border: solid 1px;\">Prek\u0117<\/th>\n<td style=\"border: solid 1px;\">Vyniojamas popierius 80gsm<\/td>\n<\/tr>\n<tr>\n<th style=\"text-align: left; border: solid 1px;\">Pardavimo vnt<\/th>\n<td style=\"border: solid 1px;\">kg<\/td>\n<\/tr>\n<\/tbody>\n<\/table>\n<p>&nbsp;<\/p>\n<h2>Vyniojamo popieriaus dyd\u017eiai:<\/h2>\n<ul>\n<li style=\"list-style-type: none;\">\n<ul>\n<li><a href=\"https:\/\/istoc.eu\/shop\/pakavimo_popierius\/vyniojamas-popierius-80gsm-40cm-300m\/\">Vyniojamas popierius 80gsm 40x60cm 300m<\/a><\/li>\n<\/ul>\n<\/li>\n<\/ul>\n<h2>U\u017esakymo forma<\/h2>\n<div style=\"padding: 5px;\"><div class=\"wpforms-container wpforms-render-modern\" id=\"wpforms-5655\"><form id=\"wpforms-form-5655\" class=\"wpforms-validate wpforms-form wpforms-ajax-form\" data-formid=\"5655\" method=\"post\" enctype=\"multipart\/form-data\" action=\"\/en\/wp-json\/wp\/v2\/product\/6380\" data-token=\"fee9034d6f2d22f7fbb85986d2e7b32e\" data-token-time=\"1777675328\"><noscript class=\"wpforms-error-noscript\">Please enable JavaScript in your browser to complete this form.<\/noscript><div id=\"wpforms-error-noscript\" style=\"display: none;\">Please enable JavaScript in your browser to complete this form.<\/div><div class=\"wpforms-field-container\"><div id=\"wpforms-5655-field_0-container\" class=\"wpforms-field wpforms-field-name\" data-field-id=\"0\"><label class=\"wpforms-field-label\" for=\"wpforms-5655-field_0\">Vardas <span class=\"wpforms-required-label\" aria-hidden=\"true\">*<\/span><\/label><input type=\"text\" id=\"wpforms-5655-field_0\" class=\"wpforms-field-large wpforms-field-required\" name=\"wpforms[fields][0]\" aria-errormessage=\"wpforms-5655-field_0-error\" required><\/div><div id=\"wpforms-5655-field_1-container\" class=\"wpforms-field wpforms-field-email\" data-field-id=\"1\"><fieldset><legend class=\"wpforms-field-label\">El. Pa\u0161tas <span class=\"wpforms-required-label\" aria-hidden=\"true\">*<\/span><\/legend><div class=\"wpforms-field-row wpforms-field-large\"><div class=\"wpforms-field-row-block wpforms-one-half wpforms-first\"><input type=\"email\" id=\"wpforms-5655-field_1\" class=\"wpforms-field-required wpforms-field-email-primary\" name=\"wpforms[fields][1][primary]\" spellcheck=\"false\" aria-errormessage=\"wpforms-5655-field_1-error\" required><label for=\"wpforms-5655-field_1\" class=\"wpforms-field-sublabel after\">Email<\/label><\/div><div class=\"wpforms-field-row-block wpforms-one-half\"><input type=\"email\" id=\"wpforms-5655-field_1-secondary\" class=\"wpforms-field-email-secondary wpforms-field-required\" data-rule-confirm=\"#wpforms-5655-field_1\" name=\"wpforms[fields][1][secondary]\" spellcheck=\"false\" aria-errormessage=\"wpforms-5655-field_1-secondary-error\" required><label for=\"wpforms-5655-field_1-secondary\" class=\"wpforms-field-sublabel after\">Confirm Email<\/label><\/div><\/div><\/fieldset><\/div><div id=\"wpforms-5655-field_3-container\" class=\"wpforms-field wpforms-field-number\" data-field-id=\"3\"><label class=\"wpforms-field-label\" for=\"wpforms-5655-field_3\">Prekes kodas <span class=\"wpforms-required-label\" aria-hidden=\"true\">*<\/span><\/label><input type=\"number\" id=\"wpforms-5655-field_3\" class=\"wpforms-field-small wpforms-field-required\" name=\"wpforms[fields][3]\" step=\"any\" aria-errormessage=\"wpforms-5655-field_3-error\" required><\/div><div id=\"wpforms-5655-field_2-container\" class=\"wpforms-field wpforms-field-textarea\" data-field-id=\"2\"><label class=\"wpforms-field-label\" for=\"wpforms-5655-field_2\">Prane\u0161imas<\/label><textarea id=\"wpforms-5655-field_2\" class=\"wpforms-field-medium wpforms-limit-words-enabled\" data-form-id=\"5655\" data-field-id=\"2\" data-text-limit=\"100\" name=\"wpforms[fields][2]\" aria-errormessage=\"wpforms-5655-field_2-error\" ><\/textarea><\/div><\/div><!-- .wpforms-field-container --><div class=\"wpforms-submit-container\" ><input type=\"hidden\" name=\"wpforms[id]\" value=\"5655\"><input type=\"hidden\" name=\"page_title\" value=\"\"><input type=\"hidden\" name=\"page_url\" value=\"https:\/\/istoc.eu\/en\/wp-json\/wp\/v2\/product\/6380\"><input type=\"hidden\" name=\"url_referer\" value=\"\"><button type=\"submit\" name=\"wpforms[submit]\" id=\"wpforms-submit-5655\" class=\"wpforms-submit\" data-alt-text=\"Siun\u010diama...\" data-submit-text=\"Si\u0173sti\" aria-live=\"assertive\" value=\"wpforms-submit\">Si\u0173sti<\/button><img decoding=\"async\" src=\"https:\/\/istoc.eu\/wp-content\/plugins\/wpforms-lite\/assets\/images\/submit-spin.svg\" class=\"wpforms-submit-spinner\" style=\"display: none;\" width=\"26\" height=\"26\" alt=\"Loading\"><\/div><\/form><\/div>  <!-- .wpforms-container --><\/div>\n<\/div>\n","protected":false},"excerpt":{"rendered":"<p>Vyniojamas popierius 80gsm, skirtas naudoti \u012fvairiose pramon\u0117s \u0161akose trumpalaikiam produkt\u0173 pakavimui bei apsaugai, yra esminis \u012frankis u\u017etikrinant produkt\u0173 kokyb\u0119.<\/p>\n<p>\u0160is tvirtas ir lankstus 80gsm popierius lengvai priglunda prie \u012fvairi\u0173 produkt\u0173, puikiai tinka apsaugoti juos nuo i\u0161orini\u0173 dirgikli\u0173. Jis gali b\u016bti naudojamas kaip pakavimo popierius proceso metu, \u012fskaitant \u017euvies, dar\u017eovi\u0173, m\u0117sos, greito maisto, konditerijos ar u\u017ekand\u017ei\u0173 fasavimo popierius, taip u\u017etikrinant apsaug\u0105 nuo d\u017eiuvimo iki 2 dien\u0173.<\/p>\n<p>Tinkamai naudojamas \u0161is popierius padeda i\u0161laikyti produkt\u0173 kokyb\u0119 ir prailgina j\u0173 galiojimo laik\u0105, suteikiant gamintojams ir vartotojams papildom\u0105 vert\u0119.<\/p>","protected":false},"featured_media":6378,"template":"","meta":{"_uag_custom_page_level_css":"","site-sidebar-layout":"default","site-content-layout":"","ast-site-content-layout":"default","site-content-style":"default","site-sidebar-style":"default","ast-global-header-display":"","ast-banner-title-visibility":"","ast-main-header-display":"","ast-hfb-above-header-display":"","ast-hfb-below-header-display":"","ast-hfb-mobile-header-display":"","site-post-title":"","ast-breadcrumbs-content":"","ast-featured-img":"","footer-sml-layout":"","ast-disable-related-posts":"","theme-transparent-header-meta":"default","adv-header-id-meta":"","stick-header-meta":"default","header-above-stick-meta":"","header-main-stick-meta":"","header-below-stick-meta":"","astra-migrate-meta-layouts":"set","ast-page-background-enabled":"default","ast-page-background-meta":{"desktop":{"background-color":"","background-image":"","background-repeat":"repeat","background-position":"center center","background-size":"auto","background-attachment":"scroll","background-type":"","background-media":"","overlay-type":"","overlay-color":"","overlay-opacity":"","overlay-gradient":""},"tablet":{"background-color":"","background-image":"","background-repeat":"repeat","background-position":"center center","background-size":"auto","background-attachment":"scroll","background-type":"","background-media":"","overlay-type":"","overlay-color":"","overlay-opacity":"","overlay-gradient":""},"mobile":{"background-color":"","background-image":"","background-repeat":"repeat","background-position":"center center","background-size":"auto","background-attachment":"scroll","background-type":"","background-media":"","overlay-type":"","overlay-color":"","overlay-opacity":"","overlay-gradient":""}},"ast-content-background-meta":{"desktop":{"background-color":"var(--ast-global-color-5)","background-image":"","background-repeat":"repeat","background-position":"center center","background-size":"auto","background-attachment":"scroll","background-type":"","background-media":"","overlay-type":"","overlay-color":"","overlay-opacity":"","overlay-gradient":""},"tablet":{"background-color":"var(--ast-global-color-5)","background-image":"","background-repeat":"repeat","background-position":"center center","background-size":"auto","background-attachment":"scroll","background-type":"","background-media":"","overlay-type":"","overlay-color":"","overlay-opacity":"","overlay-gradient":""},"mobile":{"background-color":"var(--ast-global-color-5)","background-image":"","background-repeat":"repeat","background-position":"center center","background-size":"auto","background-attachment":"scroll","background-type":"","background-media":"","overlay-type":"","overlay-color":"","overlay-opacity":"","overlay-gradient":""}}},"product_brand":[],"product_cat":[36],"product_tag":[],"class_list":{"0":"post-6380","1":"product","2":"type-product","3":"status-publish","4":"has-post-thumbnail","6":"product_cat-pakavimo_popierius","7":"desktop-align-center","8":"tablet-align-center","9":"mobile-align-center","10":"ast-product-gallery-layout-horizontal","11":"ast-product-gallery-with-no-image","12":"ast-product-tabs-layout-horizontal","13":"ast-qv-on-image","15":"first","16":"instock","17":"shipping-taxable","18":"product-type-simple"},"yoast_head":"<!-- This site is optimized with the Yoast SEO Premium plugin v20.11 (Yoast SEO v27.5) - https:\/\/yoast.com\/product\/yoast-seo-premium-wordpress\/ -->\n<title>Vyniojamas popierius 80gsm 40x60cm - ISTOC | Eko pakuot\u0117<\/title>\n<meta name=\"description\" content=\"Vyniojamas popierius 80gsm 40cm x 300m \u2013 tvirtas ir patikimas sprendimas \u012fvairi\u0173 produkt\u0173 pakavimui ir apsaugai, u\u017etikrinantis ilgesn\u012f \u0161vie\u017eum\u0105 ir kokyb\u0119.\" \/>\n<meta name=\"robots\" content=\"index, follow, max-snippet:-1, max-image-preview:large, max-video-preview:-1\" \/>\n<link rel=\"canonical\" href=\"https:\/\/istoc.eu\/en\/shop\/pakavimo_popierius\/vyniojamas-popierius-80gsm-40x60cm\/\" \/>\n<meta property=\"og:locale\" content=\"en_GB\" \/>\n<meta property=\"og:type\" content=\"article\" \/>\n<meta property=\"og:title\" content=\"Vyniojamas popierius 80gsm 40x60cm\" \/>\n<meta property=\"og:description\" content=\"Vyniojamas popierius 80gsm 40cm x 300m \u2013 tvirtas ir patikimas sprendimas \u012fvairi\u0173 produkt\u0173 pakavimui ir apsaugai, u\u017etikrinantis ilgesn\u012f \u0161vie\u017eum\u0105 ir kokyb\u0119.\" \/>\n<meta property=\"og:url\" content=\"https:\/\/istoc.eu\/en\/shop\/pakavimo_popierius\/vyniojamas-popierius-80gsm-40x60cm\/\" \/>\n<meta property=\"og:site_name\" content=\"ISTOC | Eko pakuot\u0117\" \/>\n<meta property=\"article:modified_time\" content=\"2024-06-22T09:55:04+00:00\" \/>\n<meta property=\"og:image\" content=\"https:\/\/istoc.eu\/wp-content\/uploads\/2024\/06\/Vyniojamas-popierius.jpeg\" \/>\n\t<meta property=\"og:image:width\" content=\"1537\" \/>\n\t<meta property=\"og:image:height\" content=\"2048\" \/>\n\t<meta property=\"og:image:type\" content=\"image\/jpeg\" \/>\n<meta name=\"twitter:card\" content=\"summary_large_image\" \/>\n<meta name=\"twitter:label1\" content=\"Estimated reading time\" \/>\n\t<meta name=\"twitter:data1\" content=\"1 minute\" \/>\n<script type=\"application\/ld+json\" class=\"yoast-schema-graph\">{\"@context\":\"https:\\\/\\\/schema.org\",\"@graph\":[{\"@type\":\"WebPage\",\"@id\":\"https:\\\/\\\/istoc.eu\\\/shop\\\/pakavimo_popierius\\\/vyniojamas-popierius-80gsm-40x60cm\\\/\",\"url\":\"https:\\\/\\\/istoc.eu\\\/shop\\\/pakavimo_popierius\\\/vyniojamas-popierius-80gsm-40x60cm\\\/\",\"name\":\"Vyniojamas popierius 80gsm 40x60cm - ISTOC | Eko pakuot\u0117\",\"isPartOf\":{\"@id\":\"https:\\\/\\\/istoc.eu\\\/#website\"},\"primaryImageOfPage\":{\"@id\":\"https:\\\/\\\/istoc.eu\\\/shop\\\/pakavimo_popierius\\\/vyniojamas-popierius-80gsm-40x60cm\\\/#primaryimage\"},\"image\":{\"@id\":\"https:\\\/\\\/istoc.eu\\\/shop\\\/pakavimo_popierius\\\/vyniojamas-popierius-80gsm-40x60cm\\\/#primaryimage\"},\"thumbnailUrl\":\"https:\\\/\\\/i0.wp.com\\\/istoc.eu\\\/wp-content\\\/uploads\\\/2024\\\/06\\\/Vyniojamas-popierius.jpeg?fit=1537%2C2048&ssl=1\",\"datePublished\":\"2024-06-22T09:51:49+00:00\",\"dateModified\":\"2024-06-22T09:55:04+00:00\",\"description\":\"Vyniojamas popierius 80gsm 40cm x 300m \u2013 tvirtas ir patikimas sprendimas \u012fvairi\u0173 produkt\u0173 pakavimui ir apsaugai, u\u017etikrinantis ilgesn\u012f \u0161vie\u017eum\u0105 ir kokyb\u0119.\",\"breadcrumb\":{\"@id\":\"https:\\\/\\\/istoc.eu\\\/shop\\\/pakavimo_popierius\\\/vyniojamas-popierius-80gsm-40x60cm\\\/#breadcrumb\"},\"inLanguage\":\"en-GB\",\"potentialAction\":[{\"@type\":\"ReadAction\",\"target\":[\"https:\\\/\\\/istoc.eu\\\/shop\\\/pakavimo_popierius\\\/vyniojamas-popierius-80gsm-40x60cm\\\/\"]}]},{\"@type\":\"ImageObject\",\"inLanguage\":\"en-GB\",\"@id\":\"https:\\\/\\\/istoc.eu\\\/shop\\\/pakavimo_popierius\\\/vyniojamas-popierius-80gsm-40x60cm\\\/#primaryimage\",\"url\":\"https:\\\/\\\/i0.wp.com\\\/istoc.eu\\\/wp-content\\\/uploads\\\/2024\\\/06\\\/Vyniojamas-popierius.jpeg?fit=1537%2C2048&ssl=1\",\"contentUrl\":\"https:\\\/\\\/i0.wp.com\\\/istoc.eu\\\/wp-content\\\/uploads\\\/2024\\\/06\\\/Vyniojamas-popierius.jpeg?fit=1537%2C2048&ssl=1\",\"width\":1537,\"height\":2048,\"caption\":\"Vyniojamas popierius\"},{\"@type\":\"BreadcrumbList\",\"@id\":\"https:\\\/\\\/istoc.eu\\\/shop\\\/pakavimo_popierius\\\/vyniojamas-popierius-80gsm-40x60cm\\\/#breadcrumb\",\"itemListElement\":[{\"@type\":\"ListItem\",\"position\":1,\"name\":\"Home\",\"item\":\"https:\\\/\\\/istoc.eu\\\/\"},{\"@type\":\"ListItem\",\"position\":2,\"name\":\"Shop\",\"item\":\"https:\\\/\\\/istoc.eu\\\/shop\\\/\"},{\"@type\":\"ListItem\",\"position\":3,\"name\":\"Vyniojamas popierius 80gsm 40x60cm\"}]},{\"@type\":\"WebSite\",\"@id\":\"https:\\\/\\\/istoc.eu\\\/#website\",\"url\":\"https:\\\/\\\/istoc.eu\\\/\",\"name\":\"ISTOC | Eko pakuot\u0117\",\"description\":\"\",\"publisher\":{\"@id\":\"https:\\\/\\\/istoc.eu\\\/#organization\"},\"potentialAction\":[{\"@type\":\"SearchAction\",\"target\":{\"@type\":\"EntryPoint\",\"urlTemplate\":\"https:\\\/\\\/istoc.eu\\\/?s={search_term_string}\"},\"query-input\":{\"@type\":\"PropertyValueSpecification\",\"valueRequired\":true,\"valueName\":\"search_term_string\"}}],\"inLanguage\":\"en-GB\"},{\"@type\":\"Organization\",\"@id\":\"https:\\\/\\\/istoc.eu\\\/#organization\",\"name\":\"ISTOC | Eko pakuot\u0117\",\"url\":\"https:\\\/\\\/istoc.eu\\\/\",\"logo\":{\"@type\":\"ImageObject\",\"inLanguage\":\"en-GB\",\"@id\":\"https:\\\/\\\/istoc.eu\\\/#\\\/schema\\\/logo\\\/image\\\/\",\"url\":\"https:\\\/\\\/i0.wp.com\\\/istoc.eu\\\/wp-content\\\/uploads\\\/2025\\\/01\\\/cropped-istoc-logo.png?fit=1078%2C441&ssl=1\",\"contentUrl\":\"https:\\\/\\\/i0.wp.com\\\/istoc.eu\\\/wp-content\\\/uploads\\\/2025\\\/01\\\/cropped-istoc-logo.png?fit=1078%2C441&ssl=1\",\"width\":1078,\"height\":441,\"caption\":\"ISTOC | Eko pakuot\u0117\"},\"image\":{\"@id\":\"https:\\\/\\\/istoc.eu\\\/#\\\/schema\\\/logo\\\/image\\\/\"}}]}<\/script>\n<!-- \/ Yoast SEO Premium plugin. -->","yoast_head_json":{"title":"Vyniojamas popierius 80gsm 40x60cm - ISTOC | Eko pakuot\u0117","description":"Vyniojamas popierius 80gsm 40cm x 300m \u2013 tvirtas ir patikimas sprendimas \u012fvairi\u0173 produkt\u0173 pakavimui ir apsaugai, u\u017etikrinantis ilgesn\u012f \u0161vie\u017eum\u0105 ir kokyb\u0119.","robots":{"index":"index","follow":"follow","max-snippet":"max-snippet:-1","max-image-preview":"max-image-preview:large","max-video-preview":"max-video-preview:-1"},"canonical":"https:\/\/istoc.eu\/en\/shop\/pakavimo_popierius\/vyniojamas-popierius-80gsm-40x60cm\/","og_locale":"en_GB","og_type":"article","og_title":"Vyniojamas popierius 80gsm 40x60cm","og_description":"Vyniojamas popierius 80gsm 40cm x 300m \u2013 tvirtas ir patikimas sprendimas \u012fvairi\u0173 produkt\u0173 pakavimui ir apsaugai, u\u017etikrinantis ilgesn\u012f \u0161vie\u017eum\u0105 ir kokyb\u0119.","og_url":"https:\/\/istoc.eu\/en\/shop\/pakavimo_popierius\/vyniojamas-popierius-80gsm-40x60cm\/","og_site_name":"ISTOC | Eko pakuot\u0117","article_modified_time":"2024-06-22T09:55:04+00:00","og_image":[{"width":1537,"height":2048,"url":"https:\/\/istoc.eu\/wp-content\/uploads\/2024\/06\/Vyniojamas-popierius.jpeg","type":"image\/jpeg"}],"twitter_card":"summary_large_image","twitter_misc":{"Estimated reading time":"1 minute"},"schema":{"@context":"https:\/\/schema.org","@graph":[{"@type":"WebPage","@id":"https:\/\/istoc.eu\/shop\/pakavimo_popierius\/vyniojamas-popierius-80gsm-40x60cm\/","url":"https:\/\/istoc.eu\/shop\/pakavimo_popierius\/vyniojamas-popierius-80gsm-40x60cm\/","name":"Vyniojamas popierius 80gsm 40x60cm - ISTOC | Eko pakuot\u0117","isPartOf":{"@id":"https:\/\/istoc.eu\/#website"},"primaryImageOfPage":{"@id":"https:\/\/istoc.eu\/shop\/pakavimo_popierius\/vyniojamas-popierius-80gsm-40x60cm\/#primaryimage"},"image":{"@id":"https:\/\/istoc.eu\/shop\/pakavimo_popierius\/vyniojamas-popierius-80gsm-40x60cm\/#primaryimage"},"thumbnailUrl":"https:\/\/i0.wp.com\/istoc.eu\/wp-content\/uploads\/2024\/06\/Vyniojamas-popierius.jpeg?fit=1537%2C2048&ssl=1","datePublished":"2024-06-22T09:51:49+00:00","dateModified":"2024-06-22T09:55:04+00:00","description":"Vyniojamas popierius 80gsm 40cm x 300m \u2013 tvirtas ir patikimas sprendimas \u012fvairi\u0173 produkt\u0173 pakavimui ir apsaugai, u\u017etikrinantis ilgesn\u012f \u0161vie\u017eum\u0105 ir kokyb\u0119.","breadcrumb":{"@id":"https:\/\/istoc.eu\/shop\/pakavimo_popierius\/vyniojamas-popierius-80gsm-40x60cm\/#breadcrumb"},"inLanguage":"en-GB","potentialAction":[{"@type":"ReadAction","target":["https:\/\/istoc.eu\/shop\/pakavimo_popierius\/vyniojamas-popierius-80gsm-40x60cm\/"]}]},{"@type":"ImageObject","inLanguage":"en-GB","@id":"https:\/\/istoc.eu\/shop\/pakavimo_popierius\/vyniojamas-popierius-80gsm-40x60cm\/#primaryimage","url":"https:\/\/i0.wp.com\/istoc.eu\/wp-content\/uploads\/2024\/06\/Vyniojamas-popierius.jpeg?fit=1537%2C2048&ssl=1","contentUrl":"https:\/\/i0.wp.com\/istoc.eu\/wp-content\/uploads\/2024\/06\/Vyniojamas-popierius.jpeg?fit=1537%2C2048&ssl=1","width":1537,"height":2048,"caption":"Vyniojamas popierius"},{"@type":"BreadcrumbList","@id":"https:\/\/istoc.eu\/shop\/pakavimo_popierius\/vyniojamas-popierius-80gsm-40x60cm\/#breadcrumb","itemListElement":[{"@type":"ListItem","position":1,"name":"Home","item":"https:\/\/istoc.eu\/"},{"@type":"ListItem","position":2,"name":"Shop","item":"https:\/\/istoc.eu\/shop\/"},{"@type":"ListItem","position":3,"name":"Vyniojamas popierius 80gsm 40x60cm"}]},{"@type":"WebSite","@id":"https:\/\/istoc.eu\/#website","url":"https:\/\/istoc.eu\/","name":"ISTOC | Eko pakuot\u0117","description":"","publisher":{"@id":"https:\/\/istoc.eu\/#organization"},"potentialAction":[{"@type":"SearchAction","target":{"@type":"EntryPoint","urlTemplate":"https:\/\/istoc.eu\/?s={search_term_string}"},"query-input":{"@type":"PropertyValueSpecification","valueRequired":true,"valueName":"search_term_string"}}],"inLanguage":"en-GB"},{"@type":"Organization","@id":"https:\/\/istoc.eu\/#organization","name":"ISTOC | Eko pakuot\u0117","url":"https:\/\/istoc.eu\/","logo":{"@type":"ImageObject","inLanguage":"en-GB","@id":"https:\/\/istoc.eu\/#\/schema\/logo\/image\/","url":"https:\/\/i0.wp.com\/istoc.eu\/wp-content\/uploads\/2025\/01\/cropped-istoc-logo.png?fit=1078%2C441&ssl=1","contentUrl":"https:\/\/i0.wp.com\/istoc.eu\/wp-content\/uploads\/2025\/01\/cropped-istoc-logo.png?fit=1078%2C441&ssl=1","width":1078,"height":441,"caption":"ISTOC | Eko pakuot\u0117"},"image":{"@id":"https:\/\/istoc.eu\/#\/schema\/logo\/image\/"}}]}},"uagb_featured_image_src":{"full":["https:\/\/i0.wp.com\/istoc.eu\/wp-content\/uploads\/2024\/06\/Vyniojamas-popierius.jpeg?fit=1537%2C2048&ssl=1",1537,2048,false],"thumbnail":["https:\/\/i0.wp.com\/istoc.eu\/wp-content\/uploads\/2024\/06\/Vyniojamas-popierius.jpeg?resize=150%2C150&ssl=1",150,150,true],"medium":["https:\/\/i0.wp.com\/istoc.eu\/wp-content\/uploads\/2024\/06\/Vyniojamas-popierius.jpeg?fit=225%2C300&ssl=1",225,300,true],"medium_large":["https:\/\/i0.wp.com\/istoc.eu\/wp-content\/uploads\/2024\/06\/Vyniojamas-popierius.jpeg?fit=768%2C1023&ssl=1",768,1023,true],"large":["https:\/\/i0.wp.com\/istoc.eu\/wp-content\/uploads\/2024\/06\/Vyniojamas-popierius.jpeg?fit=769%2C1024&ssl=1",769,1024,true],"1536x1536":["https:\/\/i0.wp.com\/istoc.eu\/wp-content\/uploads\/2024\/06\/Vyniojamas-popierius.jpeg?fit=1153%2C1536&ssl=1",1153,1536,true],"2048x2048":["https:\/\/i0.wp.com\/istoc.eu\/wp-content\/uploads\/2024\/06\/Vyniojamas-popierius.jpeg?fit=1537%2C2048&ssl=1",1537,2048,true],"trp-custom-language-flag":["https:\/\/i0.wp.com\/istoc.eu\/wp-content\/uploads\/2024\/06\/Vyniojamas-popierius.jpeg?fit=9%2C12&ssl=1",9,12,true],"mailpoet_newsletter_max":["https:\/\/i0.wp.com\/istoc.eu\/wp-content\/uploads\/2024\/06\/Vyniojamas-popierius.jpeg?fit=1320%2C1759&ssl=1",1320,1759,true],"woocommerce_thumbnail":["https:\/\/i0.wp.com\/istoc.eu\/wp-content\/uploads\/2024\/06\/Vyniojamas-popierius.jpeg?resize=300%2C300&ssl=1",300,300,true],"woocommerce_single":["https:\/\/i0.wp.com\/istoc.eu\/wp-content\/uploads\/2024\/06\/Vyniojamas-popierius.jpeg?fit=600%2C799&ssl=1",600,799,true],"woocommerce_gallery_thumbnail":["https:\/\/i0.wp.com\/istoc.eu\/wp-content\/uploads\/2024\/06\/Vyniojamas-popierius.jpeg?resize=100%2C100&ssl=1",100,100,true]},"uagb_author_info":{"display_name":"admin","author_link":"https:\/\/istoc.eu\/en\/author\/"},"uagb_comment_info":0,"uagb_excerpt":"Vyniojamas popierius 80gsm, skirtas naudoti \u012fvairiose pramon\u0117s \u0161akose trumpalaikiam produkt\u0173 pakavimui bei apsaugai, yra esminis \u012frankis u\u017etikrinant produkt\u0173 kokyb\u0119. \u0160is tvirtas ir lankstus 80gsm popierius lengvai priglunda prie \u012fvairi\u0173 produkt\u0173, puikiai tinka apsaugoti juos nuo i\u0161orini\u0173 dirgikli\u0173. Jis gali b\u016bti naudojamas kaip pakavimo popierius proceso metu, \u012fskaitant \u017euvies, dar\u017eovi\u0173, m\u0117sos, greito maisto, konditerijos ar u\u017ekand\u017ei\u0173&hellip;","jetpack-related-posts":[],"jetpack_sharing_enabled":true,"_links":{"self":[{"href":"https:\/\/istoc.eu\/en\/wp-json\/wp\/v2\/product\/6380","targetHints":{"allow":["GET"]}}],"collection":[{"href":"https:\/\/istoc.eu\/en\/wp-json\/wp\/v2\/product"}],"about":[{"href":"https:\/\/istoc.eu\/en\/wp-json\/wp\/v2\/types\/product"}],"version-history":[{"count":2,"href":"https:\/\/istoc.eu\/en\/wp-json\/wp\/v2\/product\/6380\/revisions"}],"predecessor-version":[{"id":6383,"href":"https:\/\/istoc.eu\/en\/wp-json\/wp\/v2\/product\/6380\/revisions\/6383"}],"wp:featuredmedia":[{"embeddable":true,"href":"https:\/\/istoc.eu\/en\/wp-json\/wp\/v2\/media\/6378"}],"wp:attachment":[{"href":"https:\/\/istoc.eu\/en\/wp-json\/wp\/v2\/media?parent=6380"}],"wp:term":[{"taxonomy":"product_brand","embeddable":true,"href":"https:\/\/istoc.eu\/en\/wp-json\/wp\/v2\/product_brand?post=6380"},{"taxonomy":"product_cat","embeddable":true,"href":"https:\/\/istoc.eu\/en\/wp-json\/wp\/v2\/product_cat?post=6380"},{"taxonomy":"product_tag","embeddable":true,"href":"https:\/\/istoc.eu\/en\/wp-json\/wp\/v2\/product_tag?post=6380"}],"curies":[{"name":"wp","href":"https:\/\/api.w.org\/{rel}","templated":true}]}}