{"id":6445,"date":"2025-06-03T07:11:16","date_gmt":"2025-06-03T07:11:16","guid":{"rendered":"https:\/\/istoc.eu\/?post_type=product&#038;p=6445"},"modified":"2025-06-19T08:50:54","modified_gmt":"2025-06-19T08:50:54","slug":"riebalams-atsparus-popierius-dark-45gsm-40x60-cm-10kg","status":"publish","type":"product","link":"https:\/\/istoc.eu\/en\/shop\/visos_prekes\/riebalams-atsparus-popierius-dark-45gsm-40x60-cm-10kg\/","title":{"rendered":"Riebalams atsparus popierius DARK 45gsm 40&#215;60 cm (10Kg)"},"content":{"rendered":"<p>Maisto pakavimo popierius atsparus riebalams:<\/p>\n<div style=\"background: #fff; padding: 10px;\">\n<ul>\n<li>Prek\u0117s kodas: <strong>30015<\/strong><\/li>\n<li>Ekologi\u0161kas rudas riebalams atsparus popierius<\/li>\n<li>Lapo matmenys: <strong>40&#215;60 cm<\/strong><\/li>\n<li>Pakuot\u0117s dydis: <strong>10kg<\/strong><\/li>\n<li>Popieriaus storis: <strong>45gsm<\/strong><\/li>\n<li>Draugi\u0161kas aplinkai<\/li>\n<li>\u0160is popierius yra atsparus riebalams ir aliejui<\/li>\n<\/ul>\n<h2>U\u017esakymo forma<\/h2>\n<div style=\"padding: 5px;\"><div class=\"wpforms-container wpforms-render-modern\" id=\"wpforms-5655\"><form id=\"wpforms-form-5655\" class=\"wpforms-validate wpforms-form wpforms-ajax-form\" data-formid=\"5655\" method=\"post\" enctype=\"multipart\/form-data\" action=\"\/en\/wp-json\/wp\/v2\/product\/6445\" data-token=\"30e3ff43cec9062708b40e1791c2d603\" data-token-time=\"1777441691\"><noscript class=\"wpforms-error-noscript\">Please enable JavaScript in your browser to complete this form.<\/noscript><div id=\"wpforms-error-noscript\" style=\"display: none;\">Please enable JavaScript in your browser to complete this form.<\/div><div class=\"wpforms-field-container\"><div id=\"wpforms-5655-field_0-container\" class=\"wpforms-field wpforms-field-name\" data-field-id=\"0\"><label class=\"wpforms-field-label\" for=\"wpforms-5655-field_0\">Vardas <span class=\"wpforms-required-label\" aria-hidden=\"true\">*<\/span><\/label><input type=\"text\" id=\"wpforms-5655-field_0\" class=\"wpforms-field-large wpforms-field-required\" name=\"wpforms[fields][0]\" aria-errormessage=\"wpforms-5655-field_0-error\" required><\/div><div id=\"wpforms-5655-field_1-container\" class=\"wpforms-field wpforms-field-email\" data-field-id=\"1\"><fieldset><legend class=\"wpforms-field-label\">El. Pa\u0161tas <span class=\"wpforms-required-label\" aria-hidden=\"true\">*<\/span><\/legend><div class=\"wpforms-field-row wpforms-field-large\"><div class=\"wpforms-field-row-block wpforms-one-half wpforms-first\"><input type=\"email\" id=\"wpforms-5655-field_1\" class=\"wpforms-field-required wpforms-field-email-primary\" name=\"wpforms[fields][1][primary]\" spellcheck=\"false\" aria-errormessage=\"wpforms-5655-field_1-error\" required><label for=\"wpforms-5655-field_1\" class=\"wpforms-field-sublabel after\">Email<\/label><\/div><div class=\"wpforms-field-row-block wpforms-one-half\"><input type=\"email\" id=\"wpforms-5655-field_1-secondary\" class=\"wpforms-field-email-secondary wpforms-field-required\" data-rule-confirm=\"#wpforms-5655-field_1\" name=\"wpforms[fields][1][secondary]\" spellcheck=\"false\" aria-errormessage=\"wpforms-5655-field_1-secondary-error\" required><label for=\"wpforms-5655-field_1-secondary\" class=\"wpforms-field-sublabel after\">Confirm Email<\/label><\/div><\/div><\/fieldset><\/div><div id=\"wpforms-5655-field_3-container\" class=\"wpforms-field wpforms-field-number\" data-field-id=\"3\"><label class=\"wpforms-field-label\" for=\"wpforms-5655-field_3\">Prekes kodas <span class=\"wpforms-required-label\" aria-hidden=\"true\">*<\/span><\/label><input type=\"number\" id=\"wpforms-5655-field_3\" class=\"wpforms-field-small wpforms-field-required\" name=\"wpforms[fields][3]\" step=\"any\" aria-errormessage=\"wpforms-5655-field_3-error\" required><\/div><div id=\"wpforms-5655-field_2-container\" class=\"wpforms-field wpforms-field-textarea\" data-field-id=\"2\"><label class=\"wpforms-field-label\" for=\"wpforms-5655-field_2\">Prane\u0161imas<\/label><textarea id=\"wpforms-5655-field_2\" class=\"wpforms-field-medium wpforms-limit-words-enabled\" data-form-id=\"5655\" data-field-id=\"2\" data-text-limit=\"100\" name=\"wpforms[fields][2]\" aria-errormessage=\"wpforms-5655-field_2-error\" ><\/textarea><\/div><\/div><!-- .wpforms-field-container --><div class=\"wpforms-submit-container\" ><input type=\"hidden\" name=\"wpforms[id]\" value=\"5655\"><input type=\"hidden\" name=\"page_title\" value=\"\"><input type=\"hidden\" name=\"page_url\" value=\"https:\/\/istoc.eu\/en\/wp-json\/wp\/v2\/product\/6445\"><input type=\"hidden\" name=\"url_referer\" value=\"\"><button type=\"submit\" name=\"wpforms[submit]\" id=\"wpforms-submit-5655\" class=\"wpforms-submit\" data-alt-text=\"Siun\u010diama...\" data-submit-text=\"Si\u0173sti\" aria-live=\"assertive\" value=\"wpforms-submit\">Si\u0173sti<\/button><img decoding=\"async\" src=\"https:\/\/istoc.eu\/wp-content\/plugins\/wpforms-lite\/assets\/images\/submit-spin.svg\" class=\"wpforms-submit-spinner\" style=\"display: none;\" width=\"26\" height=\"26\" alt=\"Loading\"><\/div><\/form><\/div>  <!-- .wpforms-container --><\/div>\n<\/div>\n","protected":false},"excerpt":{"rendered":"<p>\u0160is riebalams atsparus popierius yra puikus pasirinkimas tiek nam\u0173 \u016bkio reikm\u0117ms, tiek komerciniam naudojimui. Popierius yra ekologi\u0161kas ir pagamintas i\u0161 baltos med\u017eiagos, kuri yra ypa\u010d atspari riebalams ir aliejui. Tai rei\u0161kia, kad j\u016bs\u0173 produkt\u0173 \u012fpakavimas liks tvarkingas ir nepa\u017eeistas net tada, kai naudojate riebius produktus.<\/p>\n<p>\u0160is maisto pakavimo popierius yra tinkamas naudoti \u012fvairiems maisto produktams, \u012fskaitant sumu\u0161tinius, kebabus, m\u0117sainius, r\u016bkyt\u0105 \u017euv\u012f ir m\u0117sos pakavim\u0105. Jis puikiai sugeria ir sulaiko riebalus, tod\u0117l j\u016bs\u0173 maistas i\u0161liks \u0161vie\u017eias ir skanus ilgiau. Be to, \u0161is popierius yra\u00a0 idealus pasirinkimas konditerijos gamini\u0173 pakavimui, kur reikia i\u0161laikyti produkt\u0173 kokyb\u0119 ir skon\u012f.<\/p>","protected":false},"featured_media":6446,"template":"","meta":{"_uag_custom_page_level_css":"","site-sidebar-layout":"default","site-content-layout":"default","ast-site-content-layout":"default","site-content-style":"default","site-sidebar-style":"default","ast-global-header-display":"","ast-banner-title-visibility":"","ast-main-header-display":"","ast-hfb-above-header-display":"","ast-hfb-below-header-display":"","ast-hfb-mobile-header-display":"","site-post-title":"","ast-breadcrumbs-content":"","ast-featured-img":"","footer-sml-layout":"","ast-disable-related-posts":"","theme-transparent-header-meta":"default","adv-header-id-meta":"","stick-header-meta":"default","header-above-stick-meta":"","header-main-stick-meta":"","header-below-stick-meta":"","astra-migrate-meta-layouts":"set","ast-page-background-enabled":"default","ast-page-background-meta":{"desktop":{"background-color":"","background-image":"","background-repeat":"repeat","background-position":"center center","background-size":"auto","background-attachment":"scroll","background-type":"","background-media":"","overlay-type":"","overlay-color":"","overlay-opacity":"","overlay-gradient":""},"tablet":{"background-color":"","background-image":"","background-repeat":"repeat","background-position":"center center","background-size":"auto","background-attachment":"scroll","background-type":"","background-media":"","overlay-type":"","overlay-color":"","overlay-opacity":"","overlay-gradient":""},"mobile":{"background-color":"","background-image":"","background-repeat":"repeat","background-position":"center center","background-size":"auto","background-attachment":"scroll","background-type":"","background-media":"","overlay-type":"","overlay-color":"","overlay-opacity":"","overlay-gradient":""}},"ast-content-background-meta":{"desktop":{"background-color":"var(--ast-global-color-5)","background-image":"","background-repeat":"repeat","background-position":"center center","background-size":"auto","background-attachment":"scroll","background-type":"","background-media":"","overlay-type":"","overlay-color":"","overlay-opacity":"","overlay-gradient":""},"tablet":{"background-color":"var(--ast-global-color-5)","background-image":"","background-repeat":"repeat","background-position":"center center","background-size":"auto","background-attachment":"scroll","background-type":"","background-media":"","overlay-type":"","overlay-color":"","overlay-opacity":"","overlay-gradient":""},"mobile":{"background-color":"var(--ast-global-color-5)","background-image":"","background-repeat":"repeat","background-position":"center center","background-size":"auto","background-attachment":"scroll","background-type":"","background-media":"","overlay-type":"","overlay-color":"","overlay-opacity":"","overlay-gradient":""}}},"product_brand":[],"product_cat":[36,15],"product_tag":[],"class_list":{"0":"post-6445","1":"product","2":"type-product","3":"status-publish","4":"has-post-thumbnail","6":"product_cat-pakavimo_popierius","7":"product_cat-visos_prekes","8":"desktop-align-center","9":"tablet-align-center","10":"mobile-align-center","11":"ast-product-gallery-layout-horizontal","12":"ast-product-gallery-with-no-image","13":"ast-product-tabs-layout-horizontal","14":"ast-qv-on-image","16":"first","17":"instock","18":"shipping-taxable","19":"product-type-simple"},"yoast_head":"<!-- This site is optimized with the Yoast SEO Premium plugin v20.11 (Yoast SEO v27.5) - https:\/\/yoast.com\/product\/yoast-seo-premium-wordpress\/ -->\n<title>Riebalams atsparus popierius DARK 45gsm 40x60 cm (10Kg) - ISTOC | Eko pakuot\u0117<\/title>\n<meta name=\"description\" content=\"Nat\u016bralus ir riebalams atsparus maisto pakavimo popierius - puikus pasirinkimas produkt\u0173 \u0161vie\u017eumui ilgiau i\u0161laikyti. Riebi\u0173 maisto produkt\u0173 pakavimui.\" \/>\n<meta name=\"robots\" content=\"index, follow, max-snippet:-1, max-image-preview:large, max-video-preview:-1\" \/>\n<link rel=\"canonical\" href=\"https:\/\/istoc.eu\/en\/shop\/visos_prekes\/riebalams-atsparus-popierius-dark-45gsm-40x60-cm-10kg\/\" \/>\n<meta property=\"og:locale\" content=\"en_GB\" \/>\n<meta property=\"og:type\" content=\"article\" \/>\n<meta property=\"og:title\" content=\"Riebalams atsparus popierius DARK 45gsm 40x60 cm (10Kg)\" \/>\n<meta property=\"og:description\" content=\"Nat\u016bralus ir riebalams atsparus maisto pakavimo popierius - puikus pasirinkimas produkt\u0173 \u0161vie\u017eumui ilgiau i\u0161laikyti. Riebi\u0173 maisto produkt\u0173 pakavimui.\" \/>\n<meta property=\"og:url\" content=\"https:\/\/istoc.eu\/en\/shop\/visos_prekes\/riebalams-atsparus-popierius-dark-45gsm-40x60-cm-10kg\/\" \/>\n<meta property=\"og:site_name\" content=\"ISTOC | Eko pakuot\u0117\" \/>\n<meta property=\"article:modified_time\" content=\"2025-06-19T08:50:54+00:00\" \/>\n<meta property=\"og:image\" content=\"https:\/\/istoc.eu\/wp-content\/uploads\/2025\/06\/DARK-paper.jpg\" \/>\n\t<meta property=\"og:image:width\" content=\"1200\" \/>\n\t<meta property=\"og:image:height\" content=\"1600\" \/>\n\t<meta property=\"og:image:type\" content=\"image\/jpeg\" \/>\n<meta name=\"twitter:card\" content=\"summary_large_image\" \/>\n<meta name=\"twitter:label1\" content=\"Estimated reading time\" \/>\n\t<meta name=\"twitter:data1\" content=\"1 minute\" \/>\n<script type=\"application\/ld+json\" class=\"yoast-schema-graph\">{\"@context\":\"https:\\\/\\\/schema.org\",\"@graph\":[{\"@type\":\"WebPage\",\"@id\":\"https:\\\/\\\/istoc.eu\\\/shop\\\/visos_prekes\\\/riebalams-atsparus-popierius-dark-45gsm-40x60-cm-10kg\\\/\",\"url\":\"https:\\\/\\\/istoc.eu\\\/shop\\\/visos_prekes\\\/riebalams-atsparus-popierius-dark-45gsm-40x60-cm-10kg\\\/\",\"name\":\"Riebalams atsparus popierius DARK 45gsm 40x60 cm (10Kg) - ISTOC | Eko pakuot\u0117\",\"isPartOf\":{\"@id\":\"https:\\\/\\\/istoc.eu\\\/#website\"},\"primaryImageOfPage\":{\"@id\":\"https:\\\/\\\/istoc.eu\\\/shop\\\/visos_prekes\\\/riebalams-atsparus-popierius-dark-45gsm-40x60-cm-10kg\\\/#primaryimage\"},\"image\":{\"@id\":\"https:\\\/\\\/istoc.eu\\\/shop\\\/visos_prekes\\\/riebalams-atsparus-popierius-dark-45gsm-40x60-cm-10kg\\\/#primaryimage\"},\"thumbnailUrl\":\"https:\\\/\\\/i0.wp.com\\\/istoc.eu\\\/wp-content\\\/uploads\\\/2025\\\/06\\\/DARK-paper.jpg?fit=1200%2C1600&ssl=1\",\"datePublished\":\"2025-06-03T07:11:16+00:00\",\"dateModified\":\"2025-06-19T08:50:54+00:00\",\"description\":\"Nat\u016bralus ir riebalams atsparus maisto pakavimo popierius - puikus pasirinkimas produkt\u0173 \u0161vie\u017eumui ilgiau i\u0161laikyti. Riebi\u0173 maisto produkt\u0173 pakavimui.\",\"breadcrumb\":{\"@id\":\"https:\\\/\\\/istoc.eu\\\/shop\\\/visos_prekes\\\/riebalams-atsparus-popierius-dark-45gsm-40x60-cm-10kg\\\/#breadcrumb\"},\"inLanguage\":\"en-GB\",\"potentialAction\":[{\"@type\":\"ReadAction\",\"target\":[\"https:\\\/\\\/istoc.eu\\\/shop\\\/visos_prekes\\\/riebalams-atsparus-popierius-dark-45gsm-40x60-cm-10kg\\\/\"]}]},{\"@type\":\"ImageObject\",\"inLanguage\":\"en-GB\",\"@id\":\"https:\\\/\\\/istoc.eu\\\/shop\\\/visos_prekes\\\/riebalams-atsparus-popierius-dark-45gsm-40x60-cm-10kg\\\/#primaryimage\",\"url\":\"https:\\\/\\\/i0.wp.com\\\/istoc.eu\\\/wp-content\\\/uploads\\\/2025\\\/06\\\/DARK-paper.jpg?fit=1200%2C1600&ssl=1\",\"contentUrl\":\"https:\\\/\\\/i0.wp.com\\\/istoc.eu\\\/wp-content\\\/uploads\\\/2025\\\/06\\\/DARK-paper.jpg?fit=1200%2C1600&ssl=1\",\"width\":1200,\"height\":1600},{\"@type\":\"BreadcrumbList\",\"@id\":\"https:\\\/\\\/istoc.eu\\\/shop\\\/visos_prekes\\\/riebalams-atsparus-popierius-dark-45gsm-40x60-cm-10kg\\\/#breadcrumb\",\"itemListElement\":[{\"@type\":\"ListItem\",\"position\":1,\"name\":\"Home\",\"item\":\"https:\\\/\\\/istoc.eu\\\/\"},{\"@type\":\"ListItem\",\"position\":2,\"name\":\"Shop\",\"item\":\"https:\\\/\\\/istoc.eu\\\/shop\\\/\"},{\"@type\":\"ListItem\",\"position\":3,\"name\":\"Riebalams atsparus popierius DARK 45gsm 40&#215;60 cm (10Kg)\"}]},{\"@type\":\"WebSite\",\"@id\":\"https:\\\/\\\/istoc.eu\\\/#website\",\"url\":\"https:\\\/\\\/istoc.eu\\\/\",\"name\":\"ISTOC | Eko pakuot\u0117\",\"description\":\"\",\"publisher\":{\"@id\":\"https:\\\/\\\/istoc.eu\\\/#organization\"},\"potentialAction\":[{\"@type\":\"SearchAction\",\"target\":{\"@type\":\"EntryPoint\",\"urlTemplate\":\"https:\\\/\\\/istoc.eu\\\/?s={search_term_string}\"},\"query-input\":{\"@type\":\"PropertyValueSpecification\",\"valueRequired\":true,\"valueName\":\"search_term_string\"}}],\"inLanguage\":\"en-GB\"},{\"@type\":\"Organization\",\"@id\":\"https:\\\/\\\/istoc.eu\\\/#organization\",\"name\":\"ISTOC | Eko pakuot\u0117\",\"url\":\"https:\\\/\\\/istoc.eu\\\/\",\"logo\":{\"@type\":\"ImageObject\",\"inLanguage\":\"en-GB\",\"@id\":\"https:\\\/\\\/istoc.eu\\\/#\\\/schema\\\/logo\\\/image\\\/\",\"url\":\"https:\\\/\\\/i0.wp.com\\\/istoc.eu\\\/wp-content\\\/uploads\\\/2025\\\/01\\\/cropped-istoc-logo.png?fit=1078%2C441&ssl=1\",\"contentUrl\":\"https:\\\/\\\/i0.wp.com\\\/istoc.eu\\\/wp-content\\\/uploads\\\/2025\\\/01\\\/cropped-istoc-logo.png?fit=1078%2C441&ssl=1\",\"width\":1078,\"height\":441,\"caption\":\"ISTOC | Eko pakuot\u0117\"},\"image\":{\"@id\":\"https:\\\/\\\/istoc.eu\\\/#\\\/schema\\\/logo\\\/image\\\/\"}}]}<\/script>\n<!-- \/ Yoast SEO Premium plugin. -->","yoast_head_json":{"title":"Riebalams atsparus popierius DARK 45gsm 40x60 cm (10Kg) - ISTOC | Eko pakuot\u0117","description":"Nat\u016bralus ir riebalams atsparus maisto pakavimo popierius - puikus pasirinkimas produkt\u0173 \u0161vie\u017eumui ilgiau i\u0161laikyti. Riebi\u0173 maisto produkt\u0173 pakavimui.","robots":{"index":"index","follow":"follow","max-snippet":"max-snippet:-1","max-image-preview":"max-image-preview:large","max-video-preview":"max-video-preview:-1"},"canonical":"https:\/\/istoc.eu\/en\/shop\/visos_prekes\/riebalams-atsparus-popierius-dark-45gsm-40x60-cm-10kg\/","og_locale":"en_GB","og_type":"article","og_title":"Riebalams atsparus popierius DARK 45gsm 40x60 cm (10Kg)","og_description":"Nat\u016bralus ir riebalams atsparus maisto pakavimo popierius - puikus pasirinkimas produkt\u0173 \u0161vie\u017eumui ilgiau i\u0161laikyti. Riebi\u0173 maisto produkt\u0173 pakavimui.","og_url":"https:\/\/istoc.eu\/en\/shop\/visos_prekes\/riebalams-atsparus-popierius-dark-45gsm-40x60-cm-10kg\/","og_site_name":"ISTOC | Eko pakuot\u0117","article_modified_time":"2025-06-19T08:50:54+00:00","og_image":[{"width":1200,"height":1600,"url":"https:\/\/istoc.eu\/wp-content\/uploads\/2025\/06\/DARK-paper.jpg","type":"image\/jpeg"}],"twitter_card":"summary_large_image","twitter_misc":{"Estimated reading time":"1 minute"},"schema":{"@context":"https:\/\/schema.org","@graph":[{"@type":"WebPage","@id":"https:\/\/istoc.eu\/shop\/visos_prekes\/riebalams-atsparus-popierius-dark-45gsm-40x60-cm-10kg\/","url":"https:\/\/istoc.eu\/shop\/visos_prekes\/riebalams-atsparus-popierius-dark-45gsm-40x60-cm-10kg\/","name":"Riebalams atsparus popierius DARK 45gsm 40x60 cm (10Kg) - ISTOC | Eko pakuot\u0117","isPartOf":{"@id":"https:\/\/istoc.eu\/#website"},"primaryImageOfPage":{"@id":"https:\/\/istoc.eu\/shop\/visos_prekes\/riebalams-atsparus-popierius-dark-45gsm-40x60-cm-10kg\/#primaryimage"},"image":{"@id":"https:\/\/istoc.eu\/shop\/visos_prekes\/riebalams-atsparus-popierius-dark-45gsm-40x60-cm-10kg\/#primaryimage"},"thumbnailUrl":"https:\/\/i0.wp.com\/istoc.eu\/wp-content\/uploads\/2025\/06\/DARK-paper.jpg?fit=1200%2C1600&ssl=1","datePublished":"2025-06-03T07:11:16+00:00","dateModified":"2025-06-19T08:50:54+00:00","description":"Nat\u016bralus ir riebalams atsparus maisto pakavimo popierius - puikus pasirinkimas produkt\u0173 \u0161vie\u017eumui ilgiau i\u0161laikyti. Riebi\u0173 maisto produkt\u0173 pakavimui.","breadcrumb":{"@id":"https:\/\/istoc.eu\/shop\/visos_prekes\/riebalams-atsparus-popierius-dark-45gsm-40x60-cm-10kg\/#breadcrumb"},"inLanguage":"en-GB","potentialAction":[{"@type":"ReadAction","target":["https:\/\/istoc.eu\/shop\/visos_prekes\/riebalams-atsparus-popierius-dark-45gsm-40x60-cm-10kg\/"]}]},{"@type":"ImageObject","inLanguage":"en-GB","@id":"https:\/\/istoc.eu\/shop\/visos_prekes\/riebalams-atsparus-popierius-dark-45gsm-40x60-cm-10kg\/#primaryimage","url":"https:\/\/i0.wp.com\/istoc.eu\/wp-content\/uploads\/2025\/06\/DARK-paper.jpg?fit=1200%2C1600&ssl=1","contentUrl":"https:\/\/i0.wp.com\/istoc.eu\/wp-content\/uploads\/2025\/06\/DARK-paper.jpg?fit=1200%2C1600&ssl=1","width":1200,"height":1600},{"@type":"BreadcrumbList","@id":"https:\/\/istoc.eu\/shop\/visos_prekes\/riebalams-atsparus-popierius-dark-45gsm-40x60-cm-10kg\/#breadcrumb","itemListElement":[{"@type":"ListItem","position":1,"name":"Home","item":"https:\/\/istoc.eu\/"},{"@type":"ListItem","position":2,"name":"Shop","item":"https:\/\/istoc.eu\/shop\/"},{"@type":"ListItem","position":3,"name":"Riebalams atsparus popierius DARK 45gsm 40&#215;60 cm (10Kg)"}]},{"@type":"WebSite","@id":"https:\/\/istoc.eu\/#website","url":"https:\/\/istoc.eu\/","name":"ISTOC | Eko pakuot\u0117","description":"","publisher":{"@id":"https:\/\/istoc.eu\/#organization"},"potentialAction":[{"@type":"SearchAction","target":{"@type":"EntryPoint","urlTemplate":"https:\/\/istoc.eu\/?s={search_term_string}"},"query-input":{"@type":"PropertyValueSpecification","valueRequired":true,"valueName":"search_term_string"}}],"inLanguage":"en-GB"},{"@type":"Organization","@id":"https:\/\/istoc.eu\/#organization","name":"ISTOC | Eko pakuot\u0117","url":"https:\/\/istoc.eu\/","logo":{"@type":"ImageObject","inLanguage":"en-GB","@id":"https:\/\/istoc.eu\/#\/schema\/logo\/image\/","url":"https:\/\/i0.wp.com\/istoc.eu\/wp-content\/uploads\/2025\/01\/cropped-istoc-logo.png?fit=1078%2C441&ssl=1","contentUrl":"https:\/\/i0.wp.com\/istoc.eu\/wp-content\/uploads\/2025\/01\/cropped-istoc-logo.png?fit=1078%2C441&ssl=1","width":1078,"height":441,"caption":"ISTOC | Eko pakuot\u0117"},"image":{"@id":"https:\/\/istoc.eu\/#\/schema\/logo\/image\/"}}]}},"uagb_featured_image_src":{"full":["https:\/\/i0.wp.com\/istoc.eu\/wp-content\/uploads\/2025\/06\/DARK-paper.jpg?fit=1200%2C1600&ssl=1",1200,1600,false],"thumbnail":["https:\/\/i0.wp.com\/istoc.eu\/wp-content\/uploads\/2025\/06\/DARK-paper.jpg?resize=150%2C150&ssl=1",150,150,true],"medium":["https:\/\/i0.wp.com\/istoc.eu\/wp-content\/uploads\/2025\/06\/DARK-paper.jpg?fit=225%2C300&ssl=1",225,300,true],"medium_large":["https:\/\/i0.wp.com\/istoc.eu\/wp-content\/uploads\/2025\/06\/DARK-paper.jpg?fit=768%2C1024&ssl=1",768,1024,true],"large":["https:\/\/i0.wp.com\/istoc.eu\/wp-content\/uploads\/2025\/06\/DARK-paper.jpg?fit=768%2C1024&ssl=1",768,1024,true],"1536x1536":["https:\/\/i0.wp.com\/istoc.eu\/wp-content\/uploads\/2025\/06\/DARK-paper.jpg?fit=1152%2C1536&ssl=1",1152,1536,true],"2048x2048":["https:\/\/i0.wp.com\/istoc.eu\/wp-content\/uploads\/2025\/06\/DARK-paper.jpg?fit=1200%2C1600&ssl=1",1200,1600,true],"trp-custom-language-flag":["https:\/\/i0.wp.com\/istoc.eu\/wp-content\/uploads\/2025\/06\/DARK-paper.jpg?fit=9%2C12&ssl=1",9,12,true],"mailpoet_newsletter_max":["https:\/\/i0.wp.com\/istoc.eu\/wp-content\/uploads\/2025\/06\/DARK-paper.jpg?fit=1200%2C1600&ssl=1",1200,1600,true],"woocommerce_thumbnail":["https:\/\/i0.wp.com\/istoc.eu\/wp-content\/uploads\/2025\/06\/DARK-paper.jpg?resize=300%2C300&ssl=1",300,300,true],"woocommerce_single":["https:\/\/i0.wp.com\/istoc.eu\/wp-content\/uploads\/2025\/06\/DARK-paper.jpg?fit=600%2C800&ssl=1",600,800,true],"woocommerce_gallery_thumbnail":["https:\/\/i0.wp.com\/istoc.eu\/wp-content\/uploads\/2025\/06\/DARK-paper.jpg?resize=100%2C100&ssl=1",100,100,true]},"uagb_author_info":{"display_name":"admin","author_link":"https:\/\/istoc.eu\/en\/author\/"},"uagb_comment_info":0,"uagb_excerpt":"\u0160is riebalams atsparus popierius yra puikus pasirinkimas tiek nam\u0173 \u016bkio reikm\u0117ms, tiek komerciniam naudojimui. Popierius yra ekologi\u0161kas ir pagamintas i\u0161 baltos med\u017eiagos, kuri yra ypa\u010d atspari riebalams ir aliejui. Tai rei\u0161kia, kad j\u016bs\u0173 produkt\u0173 \u012fpakavimas liks tvarkingas ir nepa\u017eeistas net tada, kai naudojate riebius produktus. \u0160is maisto pakavimo popierius yra tinkamas naudoti \u012fvairiems maisto produktams,&hellip;","jetpack-related-posts":[],"jetpack_sharing_enabled":true,"_links":{"self":[{"href":"https:\/\/istoc.eu\/en\/wp-json\/wp\/v2\/product\/6445","targetHints":{"allow":["GET"]}}],"collection":[{"href":"https:\/\/istoc.eu\/en\/wp-json\/wp\/v2\/product"}],"about":[{"href":"https:\/\/istoc.eu\/en\/wp-json\/wp\/v2\/types\/product"}],"version-history":[{"count":1,"href":"https:\/\/istoc.eu\/en\/wp-json\/wp\/v2\/product\/6445\/revisions"}],"predecessor-version":[{"id":6447,"href":"https:\/\/istoc.eu\/en\/wp-json\/wp\/v2\/product\/6445\/revisions\/6447"}],"wp:featuredmedia":[{"embeddable":true,"href":"https:\/\/istoc.eu\/en\/wp-json\/wp\/v2\/media\/6446"}],"wp:attachment":[{"href":"https:\/\/istoc.eu\/en\/wp-json\/wp\/v2\/media?parent=6445"}],"wp:term":[{"taxonomy":"product_brand","embeddable":true,"href":"https:\/\/istoc.eu\/en\/wp-json\/wp\/v2\/product_brand?post=6445"},{"taxonomy":"product_cat","embeddable":true,"href":"https:\/\/istoc.eu\/en\/wp-json\/wp\/v2\/product_cat?post=6445"},{"taxonomy":"product_tag","embeddable":true,"href":"https:\/\/istoc.eu\/en\/wp-json\/wp\/v2\/product_tag?post=6445"}],"curies":[{"name":"wp","href":"https:\/\/api.w.org\/{rel}","templated":true}]}}