{"id":6483,"date":"2025-06-19T13:49:19","date_gmt":"2025-06-19T13:49:19","guid":{"rendered":"https:\/\/istoc.eu\/?post_type=product&#038;p=6483"},"modified":"2025-06-19T13:58:48","modified_gmt":"2025-06-19T13:58:48","slug":"pakavimo-streach-plevele-45cm-x-300m-17mkr","status":"publish","type":"product","link":"https:\/\/istoc.eu\/en\/shop\/visos_prekes\/pakavimo-streach-plevele-45cm-x-300m-17mkr\/","title":{"rendered":"Pale\u010di\u0173 pakavimo STREACH pl\u0117vel\u0117 45cm x 300m\/17mkr"},"content":{"rendered":"<p>STREACH\u00a0 pl\u0117vel\u0117 skirta pale\u010di\u0173 ir produkt\u0173 pakavimui.<\/p>\n<div style=\"background: #fff; padding: 10px;\">\n<table style=\"height: 5px; max-width: fit-content; border: solid 1px; margin: 5px; border-collapse: collapse;\" width=\"1258\">\n<tbody>\n<tr>\n<th style=\"text-align: left; border: solid 1px;\">Prek\u0117s kodas<\/th>\n<td style=\"border: solid 1px;\">34017<\/td>\n<\/tr>\n<tr>\n<th style=\"text-align: left; border: solid 1px;\">Prek\u0117s kilm\u0117s \u0161alis<\/th>\n<td style=\"border: solid 1px;\">EU<\/td>\n<\/tr>\n<tr>\n<th style=\"text-align: left; border: solid 1px;\">Prek\u0117s platintojas<\/th>\n<td style=\"border: solid 1px;\">UAB ISTOC<\/td>\n<\/tr>\n<tr>\n<th style=\"text-align: left; border: solid 1px;\">Prek\u0117<\/th>\n<td style=\"border: solid 1px;\">Pakavimo pl\u0117vel\u0117<\/td>\n<\/tr>\n<tr>\n<th style=\"text-align: left; border: solid 1px;\">Pakuot\u0117je<\/th>\n<td style=\"border: solid 1px;\">6vnt<\/td>\n<\/tr>\n<\/tbody>\n<\/table>\n<p>&nbsp;<\/p>\n<h2>Maistin\u0117s PE pl\u0117vel\u0117s dyd\u017eiai:<\/h2>\n<ul>\n<li><a href=\"https:\/\/istoc.eu\/shop\/visos_prekes\/maistine-pe-plevele-44cm-x-300m-8mkr\/\">Maistin\u0117 PE pl\u0117vel\u0117 44cm x 300m (8mkr)<\/a><\/li>\n<li><a href=\"https:\/\/istoc.eu\/shop\/visos_prekes\/maistine-pe-plevele-29cm-x-150m-8mkr\/\">Maistin\u0117 PE pl\u0117vel\u0117 29cm x 150m (8mkr)<\/a><\/li>\n<li><a href=\"https:\/\/istoc.eu\/shop\/visos_prekes\/maistine-pe-plevele-29cm-x-300m-8mkr\/\">Maistin\u0117 PE pl\u0117vel\u0117 29cm x 300m (8mkr)<\/a><\/li>\n<\/ul>\n<h2>U\u017esakymo forma<\/h2>\n<div style=\"padding: 5px;\"><div class=\"wpforms-container wpforms-render-modern\" id=\"wpforms-5655\"><form id=\"wpforms-form-5655\" class=\"wpforms-validate wpforms-form wpforms-ajax-form\" data-formid=\"5655\" method=\"post\" enctype=\"multipart\/form-data\" action=\"\/en\/wp-json\/wp\/v2\/product\/6483\" data-token=\"30e3ff43cec9062708b40e1791c2d603\" data-token-time=\"1777441532\"><noscript class=\"wpforms-error-noscript\">Please enable JavaScript in your browser to complete this form.<\/noscript><div id=\"wpforms-error-noscript\" style=\"display: none;\">Please enable JavaScript in your browser to complete this form.<\/div><div class=\"wpforms-field-container\"><div id=\"wpforms-5655-field_0-container\" class=\"wpforms-field wpforms-field-name\" data-field-id=\"0\"><label class=\"wpforms-field-label\" for=\"wpforms-5655-field_0\">Vardas <span class=\"wpforms-required-label\" aria-hidden=\"true\">*<\/span><\/label><input type=\"text\" id=\"wpforms-5655-field_0\" class=\"wpforms-field-large wpforms-field-required\" name=\"wpforms[fields][0]\" aria-errormessage=\"wpforms-5655-field_0-error\" required><\/div><div id=\"wpforms-5655-field_1-container\" class=\"wpforms-field wpforms-field-email\" data-field-id=\"1\"><fieldset><legend class=\"wpforms-field-label\">El. Pa\u0161tas <span class=\"wpforms-required-label\" aria-hidden=\"true\">*<\/span><\/legend><div class=\"wpforms-field-row wpforms-field-large\"><div class=\"wpforms-field-row-block wpforms-one-half wpforms-first\"><input type=\"email\" id=\"wpforms-5655-field_1\" class=\"wpforms-field-required wpforms-field-email-primary\" name=\"wpforms[fields][1][primary]\" spellcheck=\"false\" aria-errormessage=\"wpforms-5655-field_1-error\" required><label for=\"wpforms-5655-field_1\" class=\"wpforms-field-sublabel after\">Email<\/label><\/div><div class=\"wpforms-field-row-block wpforms-one-half\"><input type=\"email\" id=\"wpforms-5655-field_1-secondary\" class=\"wpforms-field-email-secondary wpforms-field-required\" data-rule-confirm=\"#wpforms-5655-field_1\" name=\"wpforms[fields][1][secondary]\" spellcheck=\"false\" aria-errormessage=\"wpforms-5655-field_1-secondary-error\" required><label for=\"wpforms-5655-field_1-secondary\" class=\"wpforms-field-sublabel after\">Confirm Email<\/label><\/div><\/div><\/fieldset><\/div><div id=\"wpforms-5655-field_3-container\" class=\"wpforms-field wpforms-field-number\" data-field-id=\"3\"><label class=\"wpforms-field-label\" for=\"wpforms-5655-field_3\">Prekes kodas <span class=\"wpforms-required-label\" aria-hidden=\"true\">*<\/span><\/label><input type=\"number\" id=\"wpforms-5655-field_3\" class=\"wpforms-field-small wpforms-field-required\" name=\"wpforms[fields][3]\" step=\"any\" aria-errormessage=\"wpforms-5655-field_3-error\" required><\/div><div id=\"wpforms-5655-field_2-container\" class=\"wpforms-field wpforms-field-textarea\" data-field-id=\"2\"><label class=\"wpforms-field-label\" for=\"wpforms-5655-field_2\">Prane\u0161imas<\/label><textarea id=\"wpforms-5655-field_2\" class=\"wpforms-field-medium wpforms-limit-words-enabled\" data-form-id=\"5655\" data-field-id=\"2\" data-text-limit=\"100\" name=\"wpforms[fields][2]\" aria-errormessage=\"wpforms-5655-field_2-error\" ><\/textarea><\/div><\/div><!-- .wpforms-field-container --><div class=\"wpforms-submit-container\" ><input type=\"hidden\" name=\"wpforms[id]\" value=\"5655\"><input type=\"hidden\" name=\"page_title\" value=\"\"><input type=\"hidden\" name=\"page_url\" value=\"https:\/\/istoc.eu\/en\/wp-json\/wp\/v2\/product\/6483\"><input type=\"hidden\" name=\"url_referer\" value=\"\"><button type=\"submit\" name=\"wpforms[submit]\" id=\"wpforms-submit-5655\" class=\"wpforms-submit\" data-alt-text=\"Siun\u010diama...\" data-submit-text=\"Si\u0173sti\" aria-live=\"assertive\" value=\"wpforms-submit\">Si\u0173sti<\/button><img decoding=\"async\" src=\"https:\/\/istoc.eu\/wp-content\/plugins\/wpforms-lite\/assets\/images\/submit-spin.svg\" class=\"wpforms-submit-spinner\" style=\"display: none;\" width=\"26\" height=\"26\" alt=\"Loading\"><\/div><\/form><\/div>  <!-- .wpforms-container --><\/div>\n<\/div>\n","protected":false},"excerpt":{"rendered":"<p>\u0160i skaidri ir elastinga STREACH\u00a0 pl\u0117vel\u0117 skirta pale\u010di\u0173 ir produkt\u0173 pakavimui. Tai papildoma apsauga transportuojant paletes, \u012fvaires prekes. Tinkamai naudojant \u0161i\u0105 pakavimo pl\u0117vel\u0119 galim i\u0161vengti papildom\u0173 nuostoli\u0173 transportuojant, sandeliuojant \u012fvairius produktus.<\/p>","protected":false},"featured_media":6484,"template":"","meta":{"_uag_custom_page_level_css":"","site-sidebar-layout":"default","site-content-layout":"default","ast-site-content-layout":"default","site-content-style":"default","site-sidebar-style":"default","ast-global-header-display":"","ast-banner-title-visibility":"","ast-main-header-display":"","ast-hfb-above-header-display":"","ast-hfb-below-header-display":"","ast-hfb-mobile-header-display":"","site-post-title":"","ast-breadcrumbs-content":"","ast-featured-img":"","footer-sml-layout":"","ast-disable-related-posts":"","theme-transparent-header-meta":"default","adv-header-id-meta":"","stick-header-meta":"default","header-above-stick-meta":"","header-main-stick-meta":"","header-below-stick-meta":"","astra-migrate-meta-layouts":"set","ast-page-background-enabled":"default","ast-page-background-meta":{"desktop":{"background-color":"","background-image":"","background-repeat":"repeat","background-position":"center center","background-size":"auto","background-attachment":"scroll","background-type":"","background-media":"","overlay-type":"","overlay-color":"","overlay-opacity":"","overlay-gradient":""},"tablet":{"background-color":"","background-image":"","background-repeat":"repeat","background-position":"center center","background-size":"auto","background-attachment":"scroll","background-type":"","background-media":"","overlay-type":"","overlay-color":"","overlay-opacity":"","overlay-gradient":""},"mobile":{"background-color":"","background-image":"","background-repeat":"repeat","background-position":"center center","background-size":"auto","background-attachment":"scroll","background-type":"","background-media":"","overlay-type":"","overlay-color":"","overlay-opacity":"","overlay-gradient":""}},"ast-content-background-meta":{"desktop":{"background-color":"var(--ast-global-color-5)","background-image":"","background-repeat":"repeat","background-position":"center center","background-size":"auto","background-attachment":"scroll","background-type":"","background-media":"","overlay-type":"","overlay-color":"","overlay-opacity":"","overlay-gradient":""},"tablet":{"background-color":"var(--ast-global-color-5)","background-image":"","background-repeat":"repeat","background-position":"center center","background-size":"auto","background-attachment":"scroll","background-type":"","background-media":"","overlay-type":"","overlay-color":"","overlay-opacity":"","overlay-gradient":""},"mobile":{"background-color":"var(--ast-global-color-5)","background-image":"","background-repeat":"repeat","background-position":"center center","background-size":"auto","background-attachment":"scroll","background-type":"","background-media":"","overlay-type":"","overlay-color":"","overlay-opacity":"","overlay-gradient":""}}},"product_brand":[],"product_cat":[25,15],"product_tag":[],"class_list":{"0":"post-6483","1":"product","2":"type-product","3":"status-publish","4":"has-post-thumbnail","6":"product_cat-folija_plevele","7":"product_cat-visos_prekes","8":"desktop-align-center","9":"tablet-align-center","10":"mobile-align-center","11":"ast-product-gallery-layout-horizontal","12":"ast-product-gallery-with-no-image","13":"ast-product-tabs-layout-horizontal","14":"ast-qv-on-image","16":"first","17":"instock","18":"shipping-taxable","19":"product-type-simple"},"yoast_head":"<!-- This site is optimized with the Yoast SEO Premium plugin v20.11 (Yoast SEO v27.5) - https:\/\/yoast.com\/product\/yoast-seo-premium-wordpress\/ -->\n<title>Pale\u010di\u0173 pakavimo STREACH pl\u0117vel\u0117 45cm x 300m\/17mkr - ISTOC | Eko pakuot\u0117<\/title>\n<meta name=\"robots\" content=\"noindex, follow\" \/>\n<meta property=\"og:locale\" content=\"en_GB\" \/>\n<meta property=\"og:type\" content=\"article\" \/>\n<meta property=\"og:title\" content=\"Pale\u010di\u0173 pakavimo STREACH pl\u0117vel\u0117 45cm x 300m\/17mkr\" \/>\n<meta property=\"og:description\" content=\"\u0160i skaidri ir elastinga STREACH\u00a0 pl\u0117vel\u0117 skirta pale\u010di\u0173 ir produkt\u0173 pakavimui. Tai papildoma apsauga transportuojant paletes, \u012fvaires prekes. Tinkamai naudojant \u0161i\u0105 pakavimo pl\u0117vel\u0119 galim i\u0161vengti papildom\u0173 nuostoli\u0173 transportuojant, sandeliuojant \u012fvairius produktus.\" \/>\n<meta property=\"og:url\" content=\"https:\/\/istoc.eu\/en\/shop\/visos_prekes\/pakavimo-streach-plevele-45cm-x-300m-17mkr\/\" \/>\n<meta property=\"og:site_name\" content=\"ISTOC | Eko pakuot\u0117\" \/>\n<meta property=\"article:modified_time\" content=\"2025-06-19T13:58:48+00:00\" \/>\n<meta property=\"og:image\" content=\"https:\/\/istoc.eu\/wp-content\/uploads\/2025\/06\/straech-plevele-45cm-x-300m-17mkr.jpg\" \/>\n\t<meta property=\"og:image:width\" content=\"1567\" \/>\n\t<meta property=\"og:image:height\" content=\"1716\" \/>\n\t<meta property=\"og:image:type\" content=\"image\/jpeg\" \/>\n<meta name=\"twitter:card\" content=\"summary_large_image\" \/>\n<meta name=\"twitter:label1\" content=\"Estimated reading time\" \/>\n\t<meta name=\"twitter:data1\" content=\"1 minute\" \/>\n<script type=\"application\/ld+json\" class=\"yoast-schema-graph\">{\"@context\":\"https:\\\/\\\/schema.org\",\"@graph\":[{\"@type\":\"WebPage\",\"@id\":\"https:\\\/\\\/istoc.eu\\\/shop\\\/visos_prekes\\\/pakavimo-streach-plevele-45cm-x-300m-17mkr\\\/\",\"url\":\"https:\\\/\\\/istoc.eu\\\/shop\\\/visos_prekes\\\/pakavimo-streach-plevele-45cm-x-300m-17mkr\\\/\",\"name\":\"Pale\u010di\u0173 pakavimo STREACH pl\u0117vel\u0117 45cm x 300m\\\/17mkr - ISTOC | Eko pakuot\u0117\",\"isPartOf\":{\"@id\":\"https:\\\/\\\/istoc.eu\\\/#website\"},\"primaryImageOfPage\":{\"@id\":\"https:\\\/\\\/istoc.eu\\\/shop\\\/visos_prekes\\\/pakavimo-streach-plevele-45cm-x-300m-17mkr\\\/#primaryimage\"},\"image\":{\"@id\":\"https:\\\/\\\/istoc.eu\\\/shop\\\/visos_prekes\\\/pakavimo-streach-plevele-45cm-x-300m-17mkr\\\/#primaryimage\"},\"thumbnailUrl\":\"https:\\\/\\\/i0.wp.com\\\/istoc.eu\\\/wp-content\\\/uploads\\\/2025\\\/06\\\/straech-plevele-45cm-x-300m-17mkr.jpg?fit=1567%2C1716&ssl=1\",\"datePublished\":\"2025-06-19T13:49:19+00:00\",\"dateModified\":\"2025-06-19T13:58:48+00:00\",\"breadcrumb\":{\"@id\":\"https:\\\/\\\/istoc.eu\\\/shop\\\/visos_prekes\\\/pakavimo-streach-plevele-45cm-x-300m-17mkr\\\/#breadcrumb\"},\"inLanguage\":\"en-GB\",\"potentialAction\":[{\"@type\":\"ReadAction\",\"target\":[\"https:\\\/\\\/istoc.eu\\\/shop\\\/visos_prekes\\\/pakavimo-streach-plevele-45cm-x-300m-17mkr\\\/\"]}]},{\"@type\":\"ImageObject\",\"inLanguage\":\"en-GB\",\"@id\":\"https:\\\/\\\/istoc.eu\\\/shop\\\/visos_prekes\\\/pakavimo-streach-plevele-45cm-x-300m-17mkr\\\/#primaryimage\",\"url\":\"https:\\\/\\\/i0.wp.com\\\/istoc.eu\\\/wp-content\\\/uploads\\\/2025\\\/06\\\/straech-plevele-45cm-x-300m-17mkr.jpg?fit=1567%2C1716&ssl=1\",\"contentUrl\":\"https:\\\/\\\/i0.wp.com\\\/istoc.eu\\\/wp-content\\\/uploads\\\/2025\\\/06\\\/straech-plevele-45cm-x-300m-17mkr.jpg?fit=1567%2C1716&ssl=1\",\"width\":1567,\"height\":1716},{\"@type\":\"BreadcrumbList\",\"@id\":\"https:\\\/\\\/istoc.eu\\\/shop\\\/visos_prekes\\\/pakavimo-streach-plevele-45cm-x-300m-17mkr\\\/#breadcrumb\",\"itemListElement\":[{\"@type\":\"ListItem\",\"position\":1,\"name\":\"Home\",\"item\":\"https:\\\/\\\/istoc.eu\\\/\"},{\"@type\":\"ListItem\",\"position\":2,\"name\":\"Shop\",\"item\":\"https:\\\/\\\/istoc.eu\\\/shop\\\/\"},{\"@type\":\"ListItem\",\"position\":3,\"name\":\"Pale\u010di\u0173 pakavimo STREACH pl\u0117vel\u0117 45cm x 300m\\\/17mkr\"}]},{\"@type\":\"WebSite\",\"@id\":\"https:\\\/\\\/istoc.eu\\\/#website\",\"url\":\"https:\\\/\\\/istoc.eu\\\/\",\"name\":\"ISTOC | Eko pakuot\u0117\",\"description\":\"\",\"publisher\":{\"@id\":\"https:\\\/\\\/istoc.eu\\\/#organization\"},\"potentialAction\":[{\"@type\":\"SearchAction\",\"target\":{\"@type\":\"EntryPoint\",\"urlTemplate\":\"https:\\\/\\\/istoc.eu\\\/?s={search_term_string}\"},\"query-input\":{\"@type\":\"PropertyValueSpecification\",\"valueRequired\":true,\"valueName\":\"search_term_string\"}}],\"inLanguage\":\"en-GB\"},{\"@type\":\"Organization\",\"@id\":\"https:\\\/\\\/istoc.eu\\\/#organization\",\"name\":\"ISTOC | Eko pakuot\u0117\",\"url\":\"https:\\\/\\\/istoc.eu\\\/\",\"logo\":{\"@type\":\"ImageObject\",\"inLanguage\":\"en-GB\",\"@id\":\"https:\\\/\\\/istoc.eu\\\/#\\\/schema\\\/logo\\\/image\\\/\",\"url\":\"https:\\\/\\\/i0.wp.com\\\/istoc.eu\\\/wp-content\\\/uploads\\\/2025\\\/01\\\/cropped-istoc-logo.png?fit=1078%2C441&ssl=1\",\"contentUrl\":\"https:\\\/\\\/i0.wp.com\\\/istoc.eu\\\/wp-content\\\/uploads\\\/2025\\\/01\\\/cropped-istoc-logo.png?fit=1078%2C441&ssl=1\",\"width\":1078,\"height\":441,\"caption\":\"ISTOC | Eko pakuot\u0117\"},\"image\":{\"@id\":\"https:\\\/\\\/istoc.eu\\\/#\\\/schema\\\/logo\\\/image\\\/\"}}]}<\/script>\n<!-- \/ Yoast SEO Premium plugin. -->","yoast_head_json":{"title":"Pale\u010di\u0173 pakavimo STREACH pl\u0117vel\u0117 45cm x 300m\/17mkr - ISTOC | Eko pakuot\u0117","robots":{"index":"noindex","follow":"follow"},"og_locale":"en_GB","og_type":"article","og_title":"Pale\u010di\u0173 pakavimo STREACH pl\u0117vel\u0117 45cm x 300m\/17mkr","og_description":"\u0160i skaidri ir elastinga STREACH\u00a0 pl\u0117vel\u0117 skirta pale\u010di\u0173 ir produkt\u0173 pakavimui. Tai papildoma apsauga transportuojant paletes, \u012fvaires prekes. Tinkamai naudojant \u0161i\u0105 pakavimo pl\u0117vel\u0119 galim i\u0161vengti papildom\u0173 nuostoli\u0173 transportuojant, sandeliuojant \u012fvairius produktus.","og_url":"https:\/\/istoc.eu\/en\/shop\/visos_prekes\/pakavimo-streach-plevele-45cm-x-300m-17mkr\/","og_site_name":"ISTOC | Eko pakuot\u0117","article_modified_time":"2025-06-19T13:58:48+00:00","og_image":[{"width":1567,"height":1716,"url":"https:\/\/istoc.eu\/wp-content\/uploads\/2025\/06\/straech-plevele-45cm-x-300m-17mkr.jpg","type":"image\/jpeg"}],"twitter_card":"summary_large_image","twitter_misc":{"Estimated reading time":"1 minute"},"schema":{"@context":"https:\/\/schema.org","@graph":[{"@type":"WebPage","@id":"https:\/\/istoc.eu\/shop\/visos_prekes\/pakavimo-streach-plevele-45cm-x-300m-17mkr\/","url":"https:\/\/istoc.eu\/shop\/visos_prekes\/pakavimo-streach-plevele-45cm-x-300m-17mkr\/","name":"Pale\u010di\u0173 pakavimo STREACH pl\u0117vel\u0117 45cm x 300m\/17mkr - ISTOC | Eko pakuot\u0117","isPartOf":{"@id":"https:\/\/istoc.eu\/#website"},"primaryImageOfPage":{"@id":"https:\/\/istoc.eu\/shop\/visos_prekes\/pakavimo-streach-plevele-45cm-x-300m-17mkr\/#primaryimage"},"image":{"@id":"https:\/\/istoc.eu\/shop\/visos_prekes\/pakavimo-streach-plevele-45cm-x-300m-17mkr\/#primaryimage"},"thumbnailUrl":"https:\/\/i0.wp.com\/istoc.eu\/wp-content\/uploads\/2025\/06\/straech-plevele-45cm-x-300m-17mkr.jpg?fit=1567%2C1716&ssl=1","datePublished":"2025-06-19T13:49:19+00:00","dateModified":"2025-06-19T13:58:48+00:00","breadcrumb":{"@id":"https:\/\/istoc.eu\/shop\/visos_prekes\/pakavimo-streach-plevele-45cm-x-300m-17mkr\/#breadcrumb"},"inLanguage":"en-GB","potentialAction":[{"@type":"ReadAction","target":["https:\/\/istoc.eu\/shop\/visos_prekes\/pakavimo-streach-plevele-45cm-x-300m-17mkr\/"]}]},{"@type":"ImageObject","inLanguage":"en-GB","@id":"https:\/\/istoc.eu\/shop\/visos_prekes\/pakavimo-streach-plevele-45cm-x-300m-17mkr\/#primaryimage","url":"https:\/\/i0.wp.com\/istoc.eu\/wp-content\/uploads\/2025\/06\/straech-plevele-45cm-x-300m-17mkr.jpg?fit=1567%2C1716&ssl=1","contentUrl":"https:\/\/i0.wp.com\/istoc.eu\/wp-content\/uploads\/2025\/06\/straech-plevele-45cm-x-300m-17mkr.jpg?fit=1567%2C1716&ssl=1","width":1567,"height":1716},{"@type":"BreadcrumbList","@id":"https:\/\/istoc.eu\/shop\/visos_prekes\/pakavimo-streach-plevele-45cm-x-300m-17mkr\/#breadcrumb","itemListElement":[{"@type":"ListItem","position":1,"name":"Home","item":"https:\/\/istoc.eu\/"},{"@type":"ListItem","position":2,"name":"Shop","item":"https:\/\/istoc.eu\/shop\/"},{"@type":"ListItem","position":3,"name":"Pale\u010di\u0173 pakavimo STREACH pl\u0117vel\u0117 45cm x 300m\/17mkr"}]},{"@type":"WebSite","@id":"https:\/\/istoc.eu\/#website","url":"https:\/\/istoc.eu\/","name":"ISTOC | Eko pakuot\u0117","description":"","publisher":{"@id":"https:\/\/istoc.eu\/#organization"},"potentialAction":[{"@type":"SearchAction","target":{"@type":"EntryPoint","urlTemplate":"https:\/\/istoc.eu\/?s={search_term_string}"},"query-input":{"@type":"PropertyValueSpecification","valueRequired":true,"valueName":"search_term_string"}}],"inLanguage":"en-GB"},{"@type":"Organization","@id":"https:\/\/istoc.eu\/#organization","name":"ISTOC | Eko pakuot\u0117","url":"https:\/\/istoc.eu\/","logo":{"@type":"ImageObject","inLanguage":"en-GB","@id":"https:\/\/istoc.eu\/#\/schema\/logo\/image\/","url":"https:\/\/i0.wp.com\/istoc.eu\/wp-content\/uploads\/2025\/01\/cropped-istoc-logo.png?fit=1078%2C441&ssl=1","contentUrl":"https:\/\/i0.wp.com\/istoc.eu\/wp-content\/uploads\/2025\/01\/cropped-istoc-logo.png?fit=1078%2C441&ssl=1","width":1078,"height":441,"caption":"ISTOC | Eko pakuot\u0117"},"image":{"@id":"https:\/\/istoc.eu\/#\/schema\/logo\/image\/"}}]}},"uagb_featured_image_src":{"full":["https:\/\/i0.wp.com\/istoc.eu\/wp-content\/uploads\/2025\/06\/straech-plevele-45cm-x-300m-17mkr.jpg?fit=1567%2C1716&ssl=1",1567,1716,false],"thumbnail":["https:\/\/i0.wp.com\/istoc.eu\/wp-content\/uploads\/2025\/06\/straech-plevele-45cm-x-300m-17mkr.jpg?resize=150%2C150&ssl=1",150,150,true],"medium":["https:\/\/i0.wp.com\/istoc.eu\/wp-content\/uploads\/2025\/06\/straech-plevele-45cm-x-300m-17mkr.jpg?fit=274%2C300&ssl=1",274,300,true],"medium_large":["https:\/\/i0.wp.com\/istoc.eu\/wp-content\/uploads\/2025\/06\/straech-plevele-45cm-x-300m-17mkr.jpg?fit=768%2C841&ssl=1",768,841,true],"large":["https:\/\/i0.wp.com\/istoc.eu\/wp-content\/uploads\/2025\/06\/straech-plevele-45cm-x-300m-17mkr.jpg?fit=935%2C1024&ssl=1",935,1024,true],"1536x1536":["https:\/\/i0.wp.com\/istoc.eu\/wp-content\/uploads\/2025\/06\/straech-plevele-45cm-x-300m-17mkr.jpg?fit=1403%2C1536&ssl=1",1403,1536,true],"2048x2048":["https:\/\/i0.wp.com\/istoc.eu\/wp-content\/uploads\/2025\/06\/straech-plevele-45cm-x-300m-17mkr.jpg?fit=1567%2C1716&ssl=1",1567,1716,true],"trp-custom-language-flag":["https:\/\/i0.wp.com\/istoc.eu\/wp-content\/uploads\/2025\/06\/straech-plevele-45cm-x-300m-17mkr.jpg?fit=11%2C12&ssl=1",11,12,true],"mailpoet_newsletter_max":["https:\/\/i0.wp.com\/istoc.eu\/wp-content\/uploads\/2025\/06\/straech-plevele-45cm-x-300m-17mkr.jpg?fit=1320%2C1446&ssl=1",1320,1446,true],"woocommerce_thumbnail":["https:\/\/i0.wp.com\/istoc.eu\/wp-content\/uploads\/2025\/06\/straech-plevele-45cm-x-300m-17mkr.jpg?resize=300%2C300&ssl=1",300,300,true],"woocommerce_single":["https:\/\/i0.wp.com\/istoc.eu\/wp-content\/uploads\/2025\/06\/straech-plevele-45cm-x-300m-17mkr.jpg?fit=600%2C657&ssl=1",600,657,true],"woocommerce_gallery_thumbnail":["https:\/\/i0.wp.com\/istoc.eu\/wp-content\/uploads\/2025\/06\/straech-plevele-45cm-x-300m-17mkr.jpg?resize=100%2C100&ssl=1",100,100,true]},"uagb_author_info":{"display_name":"admin","author_link":"https:\/\/istoc.eu\/en\/author\/"},"uagb_comment_info":0,"uagb_excerpt":"\u0160i skaidri ir elastinga STREACH\u00a0 pl\u0117vel\u0117 skirta pale\u010di\u0173 ir produkt\u0173 pakavimui. Tai papildoma apsauga transportuojant paletes, \u012fvaires prekes. Tinkamai naudojant \u0161i\u0105 pakavimo pl\u0117vel\u0119 galim i\u0161vengti papildom\u0173 nuostoli\u0173 transportuojant, sandeliuojant \u012fvairius produktus.","jetpack-related-posts":[],"jetpack_sharing_enabled":true,"_links":{"self":[{"href":"https:\/\/istoc.eu\/en\/wp-json\/wp\/v2\/product\/6483","targetHints":{"allow":["GET"]}}],"collection":[{"href":"https:\/\/istoc.eu\/en\/wp-json\/wp\/v2\/product"}],"about":[{"href":"https:\/\/istoc.eu\/en\/wp-json\/wp\/v2\/types\/product"}],"version-history":[{"count":2,"href":"https:\/\/istoc.eu\/en\/wp-json\/wp\/v2\/product\/6483\/revisions"}],"predecessor-version":[{"id":6486,"href":"https:\/\/istoc.eu\/en\/wp-json\/wp\/v2\/product\/6483\/revisions\/6486"}],"wp:featuredmedia":[{"embeddable":true,"href":"https:\/\/istoc.eu\/en\/wp-json\/wp\/v2\/media\/6484"}],"wp:attachment":[{"href":"https:\/\/istoc.eu\/en\/wp-json\/wp\/v2\/media?parent=6483"}],"wp:term":[{"taxonomy":"product_brand","embeddable":true,"href":"https:\/\/istoc.eu\/en\/wp-json\/wp\/v2\/product_brand?post=6483"},{"taxonomy":"product_cat","embeddable":true,"href":"https:\/\/istoc.eu\/en\/wp-json\/wp\/v2\/product_cat?post=6483"},{"taxonomy":"product_tag","embeddable":true,"href":"https:\/\/istoc.eu\/en\/wp-json\/wp\/v2\/product_tag?post=6483"}],"curies":[{"name":"wp","href":"https:\/\/api.w.org\/{rel}","templated":true}]}}